{"id":52765,"date":"2022-03-15T15:54:21","date_gmt":"2022-03-15T15:54:21","guid":{"rendered":"https:\/\/www.remap101.co.uk\/product\/modulo-de-capacitacion-en-linea-de-gasolina-evc-winols-4-de-6d\/"},"modified":"2026-01-16T12:24:58","modified_gmt":"2026-01-16T12:24:58","slug":"evc-winols-gasoline-tuning-training-online-module-4-of-6d","status":"publish","type":"product","link":"https:\/\/www.remap101.co.uk\/es\/producto\/evc-winols-gasoline-tuning-training-online-module-4-of-6d\/","title":{"rendered":"VTA1037: M\u00f3dulo de ajuste de gasolina WinOLS de EVC 4 de 6d"},"content":{"rendered":"<h2>Formaci\u00f3n online EVC WinOLS en Ajuste de Motores de Gasolina<\/h2>\n<h3>Formaci\u00f3n en l\u00ednea EVC WinOLS Gasoline Tuning: M\u00f3dulo 4 de 6d<\/h3>\n<p>Este m\u00f3dulo de formaci\u00f3n online de WinOLS de EVC para el tuning de motores de gasolina forma parte de la 4\u00aa secci\u00f3n del curso WinOLS de gasolina. El curso abarca el reglaje de motores de gasolina y la reprogramaci\u00f3n de la ECU.<\/p>\n<p>Cada m\u00f3dulo se basa en la sesi\u00f3n de formaci\u00f3n anterior. Hay un viaje de aprendizaje y habilidades a trav\u00e9s de las lecciones y los m\u00f3dulos. Adquirir\u00e1s conocimientos sobre el software de sintonizaci\u00f3n WinOls y el formato de los archivos y mapas de sintonizaci\u00f3n utilizados para sintonizar y actualizar el software de la ECU del motor de gasolina.<\/p>\n<p>En esta sesi\u00f3n de formaci\u00f3n sobre la gasolina de WinOLS, profundizamos en los paquetes de mapas, as\u00ed como en la identificaci\u00f3n y etiquetado de datos, la comprensi\u00f3n del tama\u00f1o de los datos y mucho m\u00e1s.<\/p>\n<p>WinOLS es un software potente, pero complejo y desafiante, por lo que el curso Viezu Remap101 WinOLS incluye m\u00e1s m\u00f3dulos que nuestros cursos para otro software. Hemos separado esta 4\u00aa secci\u00f3n del curso en 4 m\u00f3dulos: a, b, c, d. Los m\u00f3dulos se exponen a continuaci\u00f3n. Para obtener los beneficios y el valor total del curso, intenta hacer los m\u00f3dulos en la secuencia correcta:<\/p>\n<ol>\n<li><a href=\"https:\/\/www.remap101.co.uk\/es\/producto\/evc-winols-gasoline-tuning-training-online-module-4-of-6a\/?preview_id=9492&amp;preview_nonce=dd2e67b2f7&amp;_thumbnail_id=9185&amp;preview=true\">EVC WinOLS Gasolina Entrenamiento Online: M\u00f3dulo 4 de 6a &#8211; haga clic para comprar esta lecci\u00f3n<\/a><\/li>\n<li><a href=\"https:\/\/www.remap101.co.uk\/es\/producto\/evc-winols-gasoline-tuning-training-online-module-4-of-6b\/\">EVC WinOLS Gasolina Training Online: M\u00f3dulo 4 de 6b \u2013 haga clic para comprar esta lecci\u00f3n<\/a><\/li>\n<li><a href=\"https:\/\/www.remap101.co.uk\/es\/?post_type=sfwd-courses&amp;p=24518\">Capacitaci\u00f3n en gasolina WinOLS en l\u00ednea: M\u00f3dulo 4 de 6c &#8211; haga clic para comprar esta lecci\u00f3n<\/a><\/li>\n<li><strong>Formaci\u00f3n en l\u00ednea sobre WinOLS Gasolina: M\u00f3dulo 4 de 6d &#8211; este m\u00f3dulo<\/strong><\/li>\n<\/ol>\n<h3>Los beneficios de la capacitaci\u00f3n en l\u00ednea con Viezu<\/h3>\n<p>Una vez adquiridas, cada una de estas sesiones de formaci\u00f3n puede verse varias veces sin l\u00edmite. Puedes ver y repasar los v\u00eddeos una y otra vez seg\u00fan te convenga, en funci\u00f3n de tus compromisos laborales y dom\u00e9sticos, en cualquier momento y lugar.<\/p>\n<p>Una de las ventajas del aprendizaje en l\u00ednea es que, si no entiendes bien algo la primera vez, puedes repasar y volver sobre los temas cuando quieras. Aprende a tu propio ritmo. Puedes hacer una pausa en cualquier momento y reanudar la formaci\u00f3n en v\u00eddeo m\u00e1s tarde.<\/p>\n<p>Tambi\u00e9n te proporcionamos el Archivo Original utilizado en la formaci\u00f3n.<\/p>\n<p>Remodelaci\u00f3n de la ECU y formaci\u00f3n en remapping de la Academia de Formaci\u00f3n Viezu.<\/p>\n<h3>Software de ajuste EVC WinOLs<\/h3>\n<p>Aunque no es necesario disponer del software WinOLS de EVC para participar en este curso de formaci\u00f3n en gasolina WinOLS de EVC, te lo recomendamos encarecidamente. Tener el software WinOLS en tu propio ordenador mejora tu experiencia de aprendizaje y te da m\u00e1s confianza. Puedes practicar lo que est\u00e1s aprendiendo en un contexto real.<\/p>\n<p>Si necesitas adquirir software <a href=\"https:\/\/www.remap101.co.uk\/product\/winols-5-tuning-software-evc\/\">WinOls original de EVC, puedes verlo y comprarlo en nuestra tienda &#8211; Software WinOls<\/a>.<\/p>\n","protected":false},"excerpt":{"rendered":"<p>Capacitaci\u00f3n en ajuste de gasolina EVC WinOLS: M\u00f3dulo 4 de 6d; Esta lecci\u00f3n cubre<span style=\"font-family: var(--global-body-font-family);\">c\u00f3mo importar un &#8216;paquete de mapas&#8217;, <\/span>crear un perfil para el tipo de ECU y m\u00e1s.<\/p>\n","protected":false},"featured_media":57590,"comment_status":"open","ping_status":"closed","template":"","meta":{"_acf_changed":false},"product_brand":[21146,19675],"product_cat":[24422,24687,24620,24610,24424,24419,24695],"product_tag":[15320,15288,15289,15227],"class_list":{"0":"post-52765","1":"product","2":"type-product","3":"status-publish","4":"has-post-thumbnail","6":"product_brand-evc","7":"product_brand-winols","8":"product_cat-capacitacion-en-evc-winols-es","9":"product_cat-cursos-de-formacion-online-sobre-puesta-a-punto","10":"product_cat-formacion-en-afinacion-de-gasolina","11":"product_cat-formacion-en-brand-tuning","12":"product_cat-formacion-en-sintonizacion-electronica-evc","13":"product_cat-formacion-en-tuning-de-todos-los-vehiculos","14":"product_cat-capacitacion-en-optimizacion-de-software","15":"product_tag-evc-es","16":"product_tag-gasolina-es","17":"product_tag-gasolina-es-2","18":"product_tag-software-de-ajuste-winols-5-evc-es","20":"first","21":"instock","22":"taxable","23":"shipping-taxable","24":"purchasable","25":"product-type-simple"},"acf":[],"_links":{"self":[{"href":"https:\/\/www.remap101.co.uk\/es\/wp-json\/wp\/v2\/product\/52765","targetHints":{"allow":["GET"]}}],"collection":[{"href":"https:\/\/www.remap101.co.uk\/es\/wp-json\/wp\/v2\/product"}],"about":[{"href":"https:\/\/www.remap101.co.uk\/es\/wp-json\/wp\/v2\/types\/product"}],"replies":[{"embeddable":true,"href":"https:\/\/www.remap101.co.uk\/es\/wp-json\/wp\/v2\/comments?post=52765"}],"wp:featuredmedia":[{"embeddable":true,"href":"https:\/\/www.remap101.co.uk\/es\/wp-json\/wp\/v2\/media\/57590"}],"wp:attachment":[{"href":"https:\/\/www.remap101.co.uk\/es\/wp-json\/wp\/v2\/media?parent=52765"}],"wp:term":[{"taxonomy":"product_brand","embeddable":true,"href":"https:\/\/www.remap101.co.uk\/es\/wp-json\/wp\/v2\/product_brand?post=52765"},{"taxonomy":"product_cat","embeddable":true,"href":"https:\/\/www.remap101.co.uk\/es\/wp-json\/wp\/v2\/product_cat?post=52765"},{"taxonomy":"product_tag","embeddable":true,"href":"https:\/\/www.remap101.co.uk\/es\/wp-json\/wp\/v2\/product_tag?post=52765"}],"curies":[{"name":"wp","href":"https:\/\/api.w.org\/{rel}","templated":true}]}}