{"id":81742,"date":"2025-08-04T13:24:07","date_gmt":"2025-08-04T12:24:07","guid":{"rendered":"https:\/\/www.remap101.co.uk\/product\/vta1080-curso-online-de-puesta-a-punto-del-motor-diesel-alientech-ecm-titanium-3-0-modulo-2-de-4\/"},"modified":"2026-03-17T12:06:03","modified_gmt":"2026-03-17T12:06:03","slug":"vta1080-curso-online-de-puesta-a-punto-del-motor-diesel-alientech-ecm-titanium-3-0-modulo-2-de-4","status":"publish","type":"product","link":"https:\/\/www.remap101.co.uk\/es\/producto\/vta1080-curso-online-de-puesta-a-punto-del-motor-diesel-alientech-ecm-titanium-3-0-modulo-2-de-4\/","title":{"rendered":"VTA1080: Alientech ECM Titanium 3.0: Curso Online de Tuning Diesel &#8211; M\u00f3dulo 2 de 4"},"content":{"rendered":"<h2><strong>Aprende a remapear ECUs di\u00e9sel con confianza &#8211; con este curso de tuning di\u00e9sel Alientech ECM Titanium 3.0 &#8211; 100% online y a tu ritmo<\/strong><\/h2>\n<p>Este curso de tuning di\u00e9sel ECM <strong>Titanium 3.<\/strong> 0 de <strong>Alientech<\/strong> se basa en <strong>el software ECM Titanium 3.0 de Alientech<\/strong> y es ideal tanto para principiantes como para t\u00e9cnicos en activo. Seguir\u00e1s un itinerario de aprendizaje progresivo que empieza por lo b\u00e1sico y va aumentando hasta llegar a las habilidades de tuning del mundo real.<\/p>\n<h2><strong>\u2705 Lo que aprender\u00e1s &#8211; M\u00f3dulo 2 de 4<\/strong><\/h2>\n<ul>\n<li>El papel de los mapas de correcci\u00f3n del par en la estrategia de la ECU<\/li>\n<li>Evaluaci\u00f3n de los limitadores de par basados en la temperatura del combustible<\/li>\n<li>Identificar el limitador de par activo en condiciones reales de conducci\u00f3n<\/li>\n<li>Comprender los limitadores de par espec\u00edficos del engranaje y sus implicaciones<\/li>\n<li>Aplicar la coherencia con los mapas de par calculados del motor<\/li>\n<li>Comprender la relaci\u00f3n entre el torque y las cantidades de combustible<\/li>\n<li>Qu\u00e9 hacen los mapas de cantidad de combustible inyectado y por qu\u00e9 son importantes para el ajuste<\/li>\n<li>Desbloqueo del potencial de ajuste del rendimiento de la etapa 1 dentro del sistema de inyecci\u00f3n<\/li>\n<li>C\u00f3mo cruzar datos de limitadores de combustible con mapas de combustible inyectado<\/li>\n<li>Finalidad de los principales mapas de sincronizaci\u00f3n de la inyecci\u00f3n<\/li>\n<li>C\u00f3mo identificar la capacidad dentro del sistema de combustible<\/li>\n<li>Reconocer los l\u00edmites seguros para aumentar el consumo de combustible para el ajuste del rendimiento de la etapa 1<\/li>\n<li>C\u00f3mo se gestionan los inyectores en la calibraci\u00f3n<\/li>\n<li>El prop\u00f3sito de las tablas del mapa de limitaci\u00f3n de humo<\/li>\n<\/ul>\n<h2><strong>\ud83d\udcd8 Caracter\u00edsticas del curso<\/strong><\/h2>\n<ul>\n<li>Tutoriales en v\u00eddeo, notas descargables y gu\u00edas paso a paso en archivos<\/li>\n<li><strong>Estructura de aprendizaje progresivo: <\/strong>desarrolle la confianza paso a paso<\/li>\n<li><strong>Cuestionario pr\u00e1ctico<\/strong> para poner a prueba tus conocimientos<\/li>\n<li><strong>Certificado de finalizaci\u00f3n<\/strong> incluido<\/li>\n<li>Acceso de por vida: aprende cu\u00e1ndo y d\u00f3nde te convenga<\/li>\n<\/ul>\n<h2><strong>\ud83d\udc68\u200d\ud83d\udd27 Perfecto para<\/strong><\/h2>\n<ul>\n<li>Preparadores de ECU di\u00e9sel nuevos o aspirantes<\/li>\n<li>Profesionales de talleres y remappers m\u00f3viles<\/li>\n<li>Usuarios existentes de ECM Titanium que buscan capacitaci\u00f3n estructurada<\/li>\n<li>\u00bfAlguien que quiera expandirse al ajuste del rendimiento del di\u00e9sel?<\/li>\n<\/ul>\n<h2>\ud83c\udf93<strong>Aprende a sintonizar la ECU di\u00e9sel de la forma correcta: clara, profesional y lista para el mundo real.<\/strong><\/h2>\n","protected":false},"excerpt":{"rendered":"<p>En este curso de ajuste de Alientech ECM Titanium 3.0 Diesel, aprende a reprogramar ECUs di\u00e9sel con este curso en l\u00ednea paso a paso. Desarrolla tus habilidades con lecciones guiadas, un cuestionario pr\u00e1ctico y obt\u00e9n un certificado de finalizaci\u00f3n, todo a tu propio ritmo.<\/p>\n","protected":false},"featured_media":77357,"comment_status":"closed","ping_status":"closed","template":"","meta":{"_acf_changed":false},"product_brand":[19674,19679],"product_cat":[24687,24428,24610,24419,24619,24695,14860],"product_tag":[22135,22134,22140,22141,22142,15287,22136,22139,22137,22138],"class_list":{"0":"post-81742","1":"product","2":"type-product","3":"status-publish","4":"has-post-thumbnail","6":"product_brand-alientech","7":"product_brand-ecm-titanium","8":"product_cat-cursos-de-formacion-online-sobre-puesta-a-punto","9":"product_cat-formacion-ecm-titanium","10":"product_cat-formacion-en-brand-tuning","11":"product_cat-formacion-en-tuning-de-todos-los-vehiculos","12":"product_cat-formacion-en-tuning-diesel","13":"product_cat-capacitacion-en-optimizacion-de-software","14":"product_cat-alientech-es","15":"product_tag-ajuste-del-motor-diesel-ecm","16":"product_tag-capacitacion-en-ecm","17":"product_tag-curso-de-formacion-sobre-diesel-ecm","18":"product_tag-curso-en-linea-de-ecm","19":"product_tag-curso-online-de-ajuste-de-motor-diesel-con-ecm-de-alientech","20":"product_tag-ecm-titanio","21":"product_tag-entrenamiento-en-tecnologia-alienigena","22":"product_tag-formacion-en-diesel-ecm-de-alientech","23":"product_tag-formacion-en-gestion-de-contenido-empresarial-de-alientech","24":"product_tag-formacion-en-linea-de-alientech","26":"first","27":"instock","28":"taxable","29":"shipping-taxable","30":"purchasable","31":"product-type-simple"},"acf":[],"_links":{"self":[{"href":"https:\/\/www.remap101.co.uk\/es\/wp-json\/wp\/v2\/product\/81742","targetHints":{"allow":["GET"]}}],"collection":[{"href":"https:\/\/www.remap101.co.uk\/es\/wp-json\/wp\/v2\/product"}],"about":[{"href":"https:\/\/www.remap101.co.uk\/es\/wp-json\/wp\/v2\/types\/product"}],"replies":[{"embeddable":true,"href":"https:\/\/www.remap101.co.uk\/es\/wp-json\/wp\/v2\/comments?post=81742"}],"wp:featuredmedia":[{"embeddable":true,"href":"https:\/\/www.remap101.co.uk\/es\/wp-json\/wp\/v2\/media\/77357"}],"wp:attachment":[{"href":"https:\/\/www.remap101.co.uk\/es\/wp-json\/wp\/v2\/media?parent=81742"}],"wp:term":[{"taxonomy":"product_brand","embeddable":true,"href":"https:\/\/www.remap101.co.uk\/es\/wp-json\/wp\/v2\/product_brand?post=81742"},{"taxonomy":"product_cat","embeddable":true,"href":"https:\/\/www.remap101.co.uk\/es\/wp-json\/wp\/v2\/product_cat?post=81742"},{"taxonomy":"product_tag","embeddable":true,"href":"https:\/\/www.remap101.co.uk\/es\/wp-json\/wp\/v2\/product_tag?post=81742"}],"curies":[{"name":"wp","href":"https:\/\/api.w.org\/{rel}","templated":true}]}}