{"id":85609,"date":"2025-10-17T12:12:14","date_gmt":"2025-10-17T11:12:14","guid":{"rendered":"https:\/\/www.remap101.co.uk\/product\/vta1085-ecm-titanium-3-0-de-alientech-curso-online-de-tuning-de-gasolina-modulo-3-de-4\/"},"modified":"2026-03-17T10:58:15","modified_gmt":"2026-03-17T10:58:15","slug":"vta1085-ecm-titanium-3-0-de-alientech-curso-online-de-tuning-de-gasolina-modulo-3-de-4","status":"publish","type":"product","link":"https:\/\/www.remap101.co.uk\/es\/producto\/vta1085-ecm-titanium-3-0-de-alientech-curso-online-de-tuning-de-gasolina-modulo-3-de-4\/","title":{"rendered":"VTA1085: ECM Titanium 3.0 de Alientech: Curso online de tuning de gasolina &#8211; M\u00f3dulo 3 de 4"},"content":{"rendered":"<h3 data-start=\"876\" data-end=\"969\"><strong data-start=\"880\" data-end=\"967\">VTA1085 &#8211; Curso online de ajuste de ECM Titanium 3.0 de gasolina de Alientech &#8211; M\u00f3dulo 3 de 4 <\/strong><\/h3>\n<p data-start=\"971\" data-end=\"1141\">Da el siguiente paso en tu <strong data-start=\"998\" data-end=\"1032\">viaje de reprogramaci\u00f3n de la ECU de gasolina<\/strong> con este m\u00f3dulo avanzado de formaci\u00f3n online, dise\u00f1ado por instructores profesionales de reprogramaci\u00f3n de <strong data-start=\"1126\" data-end=\"1138\">Remap101<\/strong>.<\/p>\n<p data-start=\"1143\" data-end=\"1541\">Este curso se centra en la <strong data-start=\"1170\" data-end=\"1192\">estrategia basada en el aire<\/strong> del ECM Titanium 3.0 de Alientech y ense\u00f1a a realizar <strong data-start=\"1254\" data-end=\"1299\">de forma segura y fiable el ajuste de rendimiento de la Fase 1<\/strong> para motores turboalimentados de gasolina. Cada lecci\u00f3n est\u00e1 estructurada para ayudarte a comprender la l\u00f3gica que subyace en el control de la sobrealimentaci\u00f3n, la alimentaci\u00f3n y la presi\u00f3n del ra\u00edl, lo que te permitir\u00e1 realizar reajustes eficientes y de potencia optimizada sin comprometer la seguridad del motor.<\/p>\n<h3 data-start=\"1548\" data-end=\"1576\"><\/h3>\n<h3 data-start=\"1548\" data-end=\"1576\">\ud83d\ude80 <strong data-start=\"1555\" data-end=\"1576\">Lo que aprender\u00e1s<\/strong><\/h3>\n<ul data-start=\"1577\" data-end=\"2123\">\n<li data-start=\"1577\" data-end=\"1632\">\n<p data-start=\"1579\" data-end=\"1632\">Por d\u00f3nde empezar a sintonizar una <strong data-start=\"1604\" data-end=\"1630\">ECU de estrategia basada en aire<\/strong><\/p>\n<\/li>\n<li data-start=\"1633\" data-end=\"1724\">\n<p data-start=\"1635\" data-end=\"1724\">C\u00f3mo <strong data-start=\"1642\" data-end=\"1698\">convertir los porcentajes de aire de llenado del cilindro a milibares<\/strong> para realizar ajustes precisos<\/p>\n<\/li>\n<li data-start=\"1725\" data-end=\"1813\">\n<p data-start=\"1727\" data-end=\"1813\">La diferencia entre <strong data-start=\"1750\" data-end=\"1777\">cambios porcentuales planos<\/strong> y <strong data-start=\"1782\" data-end=\"1811\">ediciones interpoladas suaves<\/strong><\/p>\n<\/li>\n<li data-start=\"1814\" data-end=\"1871\">\n<p data-start=\"1816\" data-end=\"1871\"><strong data-start=\"1816\" data-end=\"1845\">Ajuste seguro del limitador de sobrealimentaci\u00f3n<\/strong> para el rendimiento de la Fase 1<\/p>\n<\/li>\n<li data-start=\"1872\" data-end=\"1954\">\n<p data-start=\"1874\" data-end=\"1954\">C\u00f3mo modificar con seguridad <strong data-start=\"1895\" data-end=\"1917\">los mapas de control del turbo<\/strong> para obtener un rendimiento constante y fiable<\/p>\n<\/li>\n<li data-start=\"1955\" data-end=\"2033\">\n<p data-start=\"1957\" data-end=\"2033\">Ajustar correctamente <strong data-start=\"1981\" data-end=\"2000\">el sistema de alimentaci\u00f3n<\/strong> para adaptarlo a los cambios de aire e impulso<\/p>\n<\/li>\n<li data-start=\"2034\" data-end=\"2123\">\n<p data-start=\"2036\" data-end=\"2123\"><strong data-start=\"2036\" data-end=\"2069\">Optimizaci\u00f3n de los mapas de presi\u00f3n de los ra\u00edles<\/strong> para una entrega de potencia suave y una fiabilidad a largo plazo<\/p>\n<\/li>\n<\/ul>\n<h3 data-start=\"2130\" data-end=\"2156\"><\/h3>\n<h3 data-start=\"2130\" data-end=\"2156\">\ud83c\udf93 <strong data-start=\"2137\" data-end=\"2156\">Caracter\u00edsticas del curso<\/strong><\/h3>\n<ul data-start=\"2157\" data-end=\"2516\">\n<li data-start=\"2157\" data-end=\"2211\">\n<p data-start=\"2159\" data-end=\"2211\"><strong data-start=\"2164\" data-end=\"2183\">Aprendizaje<\/strong> 100% <strong data-start=\"2164\" data-end=\"2183\">en l\u00ednea<\/strong>: estudia en cualquier momento y desde cualquier lugar<\/p>\n<\/li>\n<li data-start=\"2212\" data-end=\"2281\">\n<p data-start=\"2214\" data-end=\"2281\"><strong data-start=\"2214\" data-end=\"2246\">Videotutoriales paso a paso<\/strong> con Alientech ECM Titanium 3.0<\/p>\n<\/li>\n<li data-start=\"2282\" data-end=\"2340\">\n<p data-start=\"2284\" data-end=\"2340\"><strong data-start=\"2284\" data-end=\"2320\">Materiales de referencia<\/strong> y ejemplos de datos <strong data-start=\"2284\" data-end=\"2320\">descargables<\/strong><\/p>\n<\/li>\n<li data-start=\"2341\" data-end=\"2395\">\n<p data-start=\"2343\" data-end=\"2395\"><strong data-start=\"2343\" data-end=\"2366\">Cuestionarios interactivos<\/strong> para poner a prueba tu comprensi\u00f3n<\/p>\n<\/li>\n<li data-start=\"2396\" data-end=\"2462\">\n<p data-start=\"2398\" data-end=\"2462\"><strong data-start=\"2398\" data-end=\"2427\">Certificado de aprovechamiento<\/strong> expedido al finalizar el m\u00f3dulo<\/p>\n<\/li>\n<li data-start=\"2463\" data-end=\"2516\">\n<p data-start=\"2465\" data-end=\"2516\"><strong data-start=\"2465\" data-end=\"2484\">Acceso de por vida<\/strong>: revisa el contenido cuando quieras<\/p>\n<\/li>\n<\/ul>\n<h3 data-start=\"2523\" data-end=\"2559\"><\/h3>\n<h3 data-start=\"2523\" data-end=\"2559\">\ud83d\udc68\u200d\ud83d\udd27 <strong data-start=\"2533\" data-end=\"2559\">\u00bfA qui\u00e9n va dirigido este curso<\/strong>?<\/h3>\n<ul data-start=\"2560\" data-end=\"2836\">\n<li data-start=\"2560\" data-end=\"2604\">\n<p data-start=\"2562\" data-end=\"2604\"><strong data-start=\"2562\" data-end=\"2602\">Nuevos y aspirantes a sintonizadores de ECU de gasolina<\/strong><\/p>\n<\/li>\n<li data-start=\"2605\" data-end=\"2667\">\n<p data-start=\"2607\" data-end=\"2667\"><strong data-start=\"2607\" data-end=\"2644\">Profesionales de talleres de automoci\u00f3n<\/strong> y talleres m\u00f3viles<\/p>\n<\/li>\n<li data-start=\"2668\" data-end=\"2758\">\n<p data-start=\"2670\" data-end=\"2758\"><strong data-start=\"2670\" data-end=\"2711\">Usuarios existentes de Alientech ECM Titanium<\/strong> que buscan conocimientos estructurados sobre el ajuste de la gasolina<\/p>\n<\/li>\n<li data-start=\"2759\" data-end=\"2836\">\n<p data-start=\"2761\" data-end=\"2836\">Cualquiera que desee <strong data-start=\"2779\" data-end=\"2834\">ampliar sus conocimientos en el ajuste del rendimiento de la gasolina<\/strong><\/p>\n<\/li>\n<\/ul>\n<p data-start=\"3210\" data-end=\"3368\">Afina tu precisi\u00f3n de sintonizaci\u00f3n y domina el mapeado de rendimiento seguro de la Fase 1 con el M\u00f3dulo 3 del <strong data-start=\"3304\" data-end=\"3365\">ECM Titanium 3.0 de Alientech: Curso Online de Ajuste de Gasolina<\/strong>.<\/p>\n<p data-start=\"3370\" data-end=\"3526\">\u2705 Aprende t\u00e9cnicas pr\u00e1cticas y profesionales<br data-start=\"3412\" data-end=\"3415\" \/>\u2705 Adquiere confianza en las aplicaciones de ajuste del mundo real<br data-start=\"3467\" data-end=\"3470\" \/>\u2705 Obt\u00e9n un certificado de finalizaci\u00f3n y acceso de por vida<\/p>\n<p data-start=\"3528\" data-end=\"3602\"><strong data-start=\"3528\" data-end=\"3602\">\u00danete hoy y lleva tus habilidades de ajuste de la ECU de gasolina al siguiente nivel.<\/strong><\/p>\n","protected":false},"excerpt":{"rendered":"<p data-start=\"258\" data-end=\"639\">Avanza en tus conocimientos de tuning con <strong data-start=\"290\" data-end=\"360\">el M\u00f3dulo 3 del ECM Titanium 3.0 de Alientech: Curso de Tuning<\/strong> de <strong data-start=\"290\" data-end=\"360\">Gasolina<\/strong>. Aprende a realizar de forma segura y eficaz <strong data-start=\"402\" data-end=\"432\">la puesta a punto del rendimiento de la Fase 1<\/strong> en motores de gasolina turboalimentados. Domina los ajustes del limitador de sobrealimentaci\u00f3n, la optimizaci\u00f3n del control del turbo, las correcciones de la alimentaci\u00f3n y el refinamiento de la presi\u00f3n del ra\u00edl, todo ello mediante una formaci\u00f3n estructurada y pr\u00e1ctica de ECM Titanium.<\/p>\n<p data-start=\"641\" data-end=\"796\">Perfecto para <strong data-start=\"653\" data-end=\"739\">principiantes en el tuning de la ECU, profesionales del autom\u00f3vil y usuarios experimentados de ECM Titanium<\/strong> que quieran reforzar sus conocimientos sobre el tuning de la gasolina.<\/p>\n","protected":false},"featured_media":77357,"comment_status":"closed","ping_status":"closed","template":"","meta":{"_acf_changed":false},"product_brand":[19674,19679],"product_cat":[24687,24428,24620,24610,24419,24695,14860],"product_tag":[],"class_list":{"0":"post-85609","1":"product","2":"type-product","3":"status-publish","4":"has-post-thumbnail","6":"product_brand-alientech","7":"product_brand-ecm-titanium","8":"product_cat-cursos-de-formacion-online-sobre-puesta-a-punto","9":"product_cat-formacion-ecm-titanium","10":"product_cat-formacion-en-afinacion-de-gasolina","11":"product_cat-formacion-en-brand-tuning","12":"product_cat-formacion-en-tuning-de-todos-los-vehiculos","13":"product_cat-capacitacion-en-optimizacion-de-software","14":"product_cat-alientech-es","16":"first","17":"instock","18":"taxable","19":"shipping-taxable","20":"purchasable","21":"product-type-simple"},"acf":[],"_links":{"self":[{"href":"https:\/\/www.remap101.co.uk\/es\/wp-json\/wp\/v2\/product\/85609","targetHints":{"allow":["GET"]}}],"collection":[{"href":"https:\/\/www.remap101.co.uk\/es\/wp-json\/wp\/v2\/product"}],"about":[{"href":"https:\/\/www.remap101.co.uk\/es\/wp-json\/wp\/v2\/types\/product"}],"replies":[{"embeddable":true,"href":"https:\/\/www.remap101.co.uk\/es\/wp-json\/wp\/v2\/comments?post=85609"}],"wp:featuredmedia":[{"embeddable":true,"href":"https:\/\/www.remap101.co.uk\/es\/wp-json\/wp\/v2\/media\/77357"}],"wp:attachment":[{"href":"https:\/\/www.remap101.co.uk\/es\/wp-json\/wp\/v2\/media?parent=85609"}],"wp:term":[{"taxonomy":"product_brand","embeddable":true,"href":"https:\/\/www.remap101.co.uk\/es\/wp-json\/wp\/v2\/product_brand?post=85609"},{"taxonomy":"product_cat","embeddable":true,"href":"https:\/\/www.remap101.co.uk\/es\/wp-json\/wp\/v2\/product_cat?post=85609"},{"taxonomy":"product_tag","embeddable":true,"href":"https:\/\/www.remap101.co.uk\/es\/wp-json\/wp\/v2\/product_tag?post=85609"}],"curies":[{"name":"wp","href":"https:\/\/api.w.org\/{rel}","templated":true}]}}