{"id":85632,"date":"2025-10-17T17:26:58","date_gmt":"2025-10-17T16:26:58","guid":{"rendered":"https:\/\/www.remap101.co.uk\/product\/vta1086-alientech-ecm-titanium-3-0-curso-online-de-tuning-de-gasolina-modulo-4-de-4\/"},"modified":"2026-03-17T11:06:17","modified_gmt":"2026-03-17T11:06:17","slug":"vta1086-alientech-ecm-titanium-3-0-curso-online-de-tuning-de-gasolina-modulo-4-de-4","status":"publish","type":"product","link":"https:\/\/www.remap101.co.uk\/es\/producto\/vta1086-alientech-ecm-titanium-3-0-curso-online-de-tuning-de-gasolina-modulo-4-de-4\/","title":{"rendered":"VTA1086: Alientech ECM Titanium 3.0: Curso online de tuning de gasolina &#8211; M\u00f3dulo 4 de 4"},"content":{"rendered":"<h3 data-start=\"269\" data-end=\"360\"><strong data-start=\"273\" data-end=\"360\">VTA1086 &#8211; Alientech ECM Titanium 3.0 Curso Online de Ajuste de Gasolina &#8211; M\u00f3dulo 4 de 4<\/strong><\/h3>\n<p data-start=\"362\" data-end=\"530\">Completa tu viaje de formaci\u00f3n y desbloquea todo el potencial <strong data-start=\"426\" data-end=\"449\">del tuning de la ECU de gasolina<\/strong> con <strong data-start=\"455\" data-end=\"472\">el M\u00f3dulo 4 de 4<\/strong> de la serie de cursos online Alientech ECM Titanium 3.0.<\/p>\n<p data-start=\"532\" data-end=\"866\">Este m\u00f3dulo final se centra en las t\u00e9cnicas avanzadas de calibraci\u00f3n y verificaci\u00f3n para realizar con seguridad un <strong data-start=\"630\" data-end=\"658\">ajuste de rendimiento de Fase 1<\/strong> utilizando el software ECM Titanium 3.0 de Alientech. Aprender\u00e1s a modificar los mapas de par y de chispa, a perfeccionar los ajustes del limitador y a exportar con confianza el archivo de ajuste completo, listo para escribirlo en la ECU del veh\u00edculo.<\/p>\n<p data-start=\"868\" data-end=\"1152\">Dise\u00f1ado para <strong data-start=\"881\" data-end=\"908\">sintonizadores nuevos y aspirantes<\/strong>, <strong data-start=\"910\" data-end=\"947\">profesionales de talleres de automoci\u00f3n<\/strong> y <strong data-start=\"953\" data-end=\"987\">usuarios experimentados de ECM Titanium<\/strong>, este curso tiende un puente entre la teor\u00eda y la pr\u00e1ctica, gui\u00e1ndote paso a paso por el proceso de finalizaci\u00f3n de una sintonizaci\u00f3n de rendimiento profesional y fiable para motores de gasolina.<\/p>\n<hr data-start=\"1154\" data-end=\"1157\" \/>\n<h3 data-start=\"1159\" data-end=\"1187\">\ud83d\udd27 <strong data-start=\"1166\" data-end=\"1187\">Lo que aprender\u00e1s<\/strong><\/h3>\n<p data-start=\"1189\" data-end=\"1264\">Al matricularte en este curso, adquirir\u00e1s conocimientos esenciales de tuning, entre los que se incluyen:<\/p>\n<ul data-start=\"1266\" data-end=\"1916\">\n<li data-start=\"1266\" data-end=\"1362\">\n<p data-start=\"1268\" data-end=\"1362\">C\u00f3mo <strong data-start=\"1275\" data-end=\"1327\">ajustar con seguridad los mapas de petici\u00f3n y limitaci\u00f3n de par<\/strong> para un rendimiento equilibrado de la Fase 1<\/p>\n<\/li>\n<li data-start=\"1363\" data-end=\"1430\">\n<p data-start=\"1365\" data-end=\"1430\">Revisar los <strong data-start=\"1379\" data-end=\"1428\">mapas de avance de chispa base, \u00f3ptimo y m\u00ednimo<\/strong><\/p>\n<\/li>\n<li data-start=\"1431\" data-end=\"1534\">\n<p data-start=\"1433\" data-end=\"1534\">Comprender <strong data-start=\"1447\" data-end=\"1479\">las diferencias de control del encendido<\/strong> entre los motores turboalimentados y los atmosf\u00e9ricos<\/p>\n<\/li>\n<li data-start=\"1535\" data-end=\"1616\">\n<p data-start=\"1537\" data-end=\"1616\">Realizaci\u00f3n de <strong data-start=\"1548\" data-end=\"1581\">ajustes seguros del mapa de encendido<\/strong> para una potencia y eficacia \u00f3ptimas<\/p>\n<\/li>\n<li data-start=\"1617\" data-end=\"1697\">\n<p data-start=\"1619\" data-end=\"1697\">Aprender la finalidad y la configuraci\u00f3n de <strong data-start=\"1661\" data-end=\"1695\">los limitadores de RPM y de velocidad del veh\u00edculo<\/strong><\/p>\n<\/li>\n<li data-start=\"1698\" data-end=\"1771\">\n<p data-start=\"1700\" data-end=\"1771\"><strong data-start=\"1707\" data-end=\"1739\">Aumentar<\/strong> con seguridad <strong data-start=\"1707\" data-end=\"1739\">los l\u00edmites de velocidad de los veh\u00edculos<\/strong> sin afectar a la fiabilidad<\/p>\n<\/li>\n<li data-start=\"1772\" data-end=\"1833\">\n<p data-start=\"1774\" data-end=\"1833\"><strong data-start=\"1774\" data-end=\"1802\">Verificar y validar<\/strong> las ediciones de mapas antes de exportar los archivos<\/p>\n<\/li>\n<li data-start=\"1834\" data-end=\"1916\">\n<p data-start=\"1836\" data-end=\"1916\"><strong data-start=\"1836\" data-end=\"1860\">Guardar y exportar<\/strong> tu archivo de calibraci\u00f3n final listo para la programaci\u00f3n de la ECU<\/p>\n<\/li>\n<\/ul>\n<hr data-start=\"1918\" data-end=\"1921\" \/>\n<h3 data-start=\"1923\" data-end=\"1949\">\ud83e\uddf0 <strong data-start=\"1930\" data-end=\"1949\">Caracter\u00edsticas del curso<\/strong><\/h3>\n<ul data-start=\"1951\" data-end=\"2299\">\n<li data-start=\"1951\" data-end=\"1996\">\n<p data-start=\"1953\" data-end=\"1996\"><strong data-start=\"1953\" data-end=\"1968\">100% online<\/strong>: estudia en cualquier momento y desde cualquier lugar<\/p>\n<\/li>\n<li data-start=\"1997\" data-end=\"2074\">\n<p data-start=\"1999\" data-end=\"2074\"><strong data-start=\"1999\" data-end=\"2029\">Lecciones en v\u00eddeo paso a paso<\/strong> con explicaciones y demostraciones claras<\/p>\n<\/li>\n<li data-start=\"2075\" data-end=\"2145\">\n<p data-start=\"2077\" data-end=\"2145\"><strong data-start=\"2077\" data-end=\"2113\">Material de referencia descargable<\/strong> y ejemplos pr\u00e1cticos de ajuste<\/p>\n<\/li>\n<li data-start=\"2146\" data-end=\"2210\">\n<p data-start=\"2148\" data-end=\"2210\"><strong data-start=\"2148\" data-end=\"2171\">Cuestionarios interactivos<\/strong> para poner a prueba y reforzar tus conocimientos<\/p>\n<\/li>\n<li data-start=\"2211\" data-end=\"2253\">\n<p data-start=\"2213\" data-end=\"2253\">Se proporciona <strong data-start=\"2213\" data-end=\"2242\">certificado de finalizaci\u00f3n<\/strong><\/p>\n<\/li>\n<li data-start=\"2254\" data-end=\"2299\">\n<p data-start=\"2256\" data-end=\"2299\"><strong data-start=\"2256\" data-end=\"2275\">Acceso de por vida<\/strong> a todo el contenido del curso<\/p>\n<\/li>\n<\/ul>\n<hr data-start=\"2301\" data-end=\"2304\" \/>\n<h3 data-start=\"2306\" data-end=\"2333\">\ud83c\udf93 <strong data-start=\"2313\" data-end=\"2333\">\u00bfQui\u00e9n debe inscribirse<\/strong>?<\/h3>\n<p data-start=\"2335\" data-end=\"2364\">Este curso es perfecto para<\/p>\n<ul data-start=\"2365\" data-end=\"2672\">\n<li data-start=\"2365\" data-end=\"2408\">\n<p data-start=\"2367\" data-end=\"2408\"><strong data-start=\"2383\" data-end=\"2406\">Sintonizadores de ECU de gasolina<\/strong> nuevos o aspirantes<\/p>\n<\/li>\n<li data-start=\"2409\" data-end=\"2475\">\n<p data-start=\"2411\" data-end=\"2475\"><strong data-start=\"2411\" data-end=\"2448\">Profesionales de talleres de automoci\u00f3n<\/strong> y <strong data-start=\"2453\" data-end=\"2473\">talleres m\u00f3viles<\/strong><\/p>\n<\/li>\n<li data-start=\"2476\" data-end=\"2570\">\n<p data-start=\"2478\" data-end=\"2570\"><strong data-start=\"2486\" data-end=\"2518\">Usuarios<\/strong> actuales <strong data-start=\"2486\" data-end=\"2518\">de Alientech ECM Titanium<\/strong> que buscan ampliar sus conocimientos sobre el ajuste de la gasolina<\/p>\n<\/li>\n<li data-start=\"2571\" data-end=\"2672\">\n<p data-start=\"2573\" data-end=\"2672\">Cualquier persona interesada en aprender a realizar una <strong data-start=\"2633\" data-end=\"2651\">puesta a punto<\/strong> segura y fiable <strong data-start=\"2633\" data-end=\"2651\">de la Fase 1<\/strong> para motores de gasolina<\/p>\n<\/li>\n<\/ul>\n<hr data-start=\"2674\" data-end=\"2677\" \/>\n<h3 data-start=\"2679\" data-end=\"2712\">\ud83d\ude80 <strong data-start=\"2686\" data-end=\"2712\">Por qu\u00e9 elegir este Alientech ECM Titanium 3.0: Curso Online de Tuning de Gasolina<\/strong><\/h3>\n<ul data-start=\"2714\" data-end=\"3061\">\n<li data-start=\"2714\" data-end=\"2783\">\n<p data-start=\"2716\" data-end=\"2783\">Aprende de profesionales del sector utilizando m\u00e9todos de ajuste del mundo real<\/p>\n<\/li>\n<li data-start=\"2784\" data-end=\"2883\">\n<p data-start=\"2786\" data-end=\"2883\">Consigue una <strong data-start=\"2793\" data-end=\"2821\">ruta de aprendizaje estructurada<\/strong> a trav\u00e9s de todo el proceso de ajuste de la gasolina ECM Titanium 3.0<\/p>\n<\/li>\n<li data-start=\"2884\" data-end=\"2967\">\n<p data-start=\"2886\" data-end=\"2967\">Genera confianza para crear, validar y exportar archivos de calibraci\u00f3n de alta calidad<\/p>\n<\/li>\n<li data-start=\"2968\" data-end=\"3061\">\n<p data-start=\"2970\" data-end=\"3061\">Completa tu viaje a trav\u00e9s de <strong data-start=\"3004\" data-end=\"3059\">la serie completa de 4 m\u00f3dulos de formaci\u00f3n ECM Titanium Gasolina<\/strong><\/p>\n<\/li>\n<\/ul>\n<hr data-start=\"3063\" data-end=\"3066\" \/>\n<p data-start=\"3068\" data-end=\"3178\"><strong data-start=\"3068\" data-end=\"3176\">Termina con fuerza tu formaci\u00f3n en tuning y domina los pasos finales de la calibraci\u00f3n profesional de la ECU de gasolina.<\/strong><\/p>\n<p data-start=\"3180\" data-end=\"3285\"><strong data-start=\"3180\" data-end=\"3285\">\u27a1\ufe0f Inscr\u00edbete hoy y finaliza tu Alientech ECM Titanium 3.0: Curso Online de Sintonizaci\u00f3n de Gasolina con el M\u00f3dulo 4 &#8211; Sintonizaci\u00f3n de Gasolina.<\/strong><\/p>\n","protected":false},"excerpt":{"rendered":"<p data-start=\"3343\" data-end=\"3609\">Completa tu viaje de tuning de gasolina Alientech ECM Titanium 3.0 con el <strong data-start=\"3413\" data-end=\"3430\">M\u00f3dulo 4 de 4<\/strong>.<br data-start=\"3431\" data-end=\"3434\" \/>Aprende a modificar con seguridad los mapas de par y avance de la chispa, ajusta los limitadores de RPM y velocidad, y exporta una <strong data-start=\"3549\" data-end=\"3577\">sintonizaci\u00f3n<\/strong> profesional <strong data-start=\"3549\" data-end=\"3577\">de rendimiento de Fase 1<\/strong> lista para escribir en la ECU.<\/p>\n<p data-start=\"3611\" data-end=\"3784\">Perfecto para los <strong data-start=\"3623\" data-end=\"3637\">nuevos afinadores<\/strong>, los <strong data-start=\"3639\" data-end=\"3665\">profesionales de taller<\/strong> y los <strong data-start=\"3671\" data-end=\"3696\">usuarios experimentados de ECM<\/strong> que quieran perfeccionar sus conocimientos de afinado de gasolina y conseguir resultados de nivel profesional.<\/p>\n","protected":false},"featured_media":77357,"comment_status":"closed","ping_status":"closed","template":"","meta":{"_acf_changed":false},"product_brand":[19674,19679],"product_cat":[24695,24687,24428,24620,24610,14860,24419],"product_tag":[],"class_list":{"0":"post-85632","1":"product","2":"type-product","3":"status-publish","4":"has-post-thumbnail","6":"product_brand-alientech","7":"product_brand-ecm-titanium","8":"product_cat-capacitacion-en-optimizacion-de-software","9":"product_cat-cursos-de-formacion-online-sobre-puesta-a-punto","10":"product_cat-formacion-ecm-titanium","11":"product_cat-formacion-en-afinacion-de-gasolina","12":"product_cat-formacion-en-brand-tuning","13":"product_cat-alientech-es","14":"product_cat-formacion-en-tuning-de-todos-los-vehiculos","16":"first","17":"instock","18":"taxable","19":"shipping-taxable","20":"purchasable","21":"product-type-simple"},"acf":[],"_links":{"self":[{"href":"https:\/\/www.remap101.co.uk\/es\/wp-json\/wp\/v2\/product\/85632","targetHints":{"allow":["GET"]}}],"collection":[{"href":"https:\/\/www.remap101.co.uk\/es\/wp-json\/wp\/v2\/product"}],"about":[{"href":"https:\/\/www.remap101.co.uk\/es\/wp-json\/wp\/v2\/types\/product"}],"replies":[{"embeddable":true,"href":"https:\/\/www.remap101.co.uk\/es\/wp-json\/wp\/v2\/comments?post=85632"}],"wp:featuredmedia":[{"embeddable":true,"href":"https:\/\/www.remap101.co.uk\/es\/wp-json\/wp\/v2\/media\/77357"}],"wp:attachment":[{"href":"https:\/\/www.remap101.co.uk\/es\/wp-json\/wp\/v2\/media?parent=85632"}],"wp:term":[{"taxonomy":"product_brand","embeddable":true,"href":"https:\/\/www.remap101.co.uk\/es\/wp-json\/wp\/v2\/product_brand?post=85632"},{"taxonomy":"product_cat","embeddable":true,"href":"https:\/\/www.remap101.co.uk\/es\/wp-json\/wp\/v2\/product_cat?post=85632"},{"taxonomy":"product_tag","embeddable":true,"href":"https:\/\/www.remap101.co.uk\/es\/wp-json\/wp\/v2\/product_tag?post=85632"}],"curies":[{"name":"wp","href":"https:\/\/api.w.org\/{rel}","templated":true}]}}