{"id":85697,"date":"2025-09-16T13:41:00","date_gmt":"2025-09-16T12:41:00","guid":{"rendered":"https:\/\/www.remap101.co.uk\/product\/vta1083-ecm-titanium-3-0-de-alientech-curso-online-de-tuning-de-gasolina-modulo-1-de-4\/"},"modified":"2026-03-17T10:40:24","modified_gmt":"2026-03-17T10:40:24","slug":"vta1083-ecm-titanium-3-0-de-alientech-curso-online-de-tuning-de-gasolina-modulo-1-de-4","status":"publish","type":"product","link":"https:\/\/www.remap101.co.uk\/es\/producto\/vta1083-ecm-titanium-3-0-de-alientech-curso-online-de-tuning-de-gasolina-modulo-1-de-4\/","title":{"rendered":"VTA1083: ECM Titanium 3.0 de Alientech: Curso online de tuning de gasolina &#8211; M\u00f3dulo 1 de 4"},"content":{"rendered":"<h2 data-start=\"332\" data-end=\"394\">Alientech ECM Titanium 3.0: Curso online de tuning de gasolina &#8211; M\u00f3dulo 1 de 4<\/h2>\n<p data-start=\"396\" data-end=\"767\">Domina el arte del remapeado de la ECU de gasolina &#8211; 100% online y dise\u00f1ado para adaptarse a tu horario.<br data-start=\"485\" data-end=\"488\" \/>Esta formaci\u00f3n se centra en el software ECM Titanium 3.0 de Alientech y proporciona un camino claro tanto para principiantes como para profesionales experimentados. Partiendo de conceptos b\u00e1sicos, progresar\u00e1s hacia habilidades avanzadas que pueden aplicarse directamente a proyectos de tuning del mundo real.<\/p>\n<p data-start=\"774\" data-end=\"799\">\u2705 <strong data-start=\"776\" data-end=\"797\">Lo que aprender\u00e1s<\/strong><\/p>\n<ul data-start=\"879\" data-end=\"1195\">\n<li data-start=\"879\" data-end=\"949\">Comprender las caracter\u00edsticas y funciones clave del software ECM Titanium<\/li>\n<li data-start=\"879\" data-end=\"949\">Una visi\u00f3n general del software<\/li>\n<li data-start=\"879\" data-end=\"949\">D\u00f3nde localizar accesos directos, ajustes y confirmar el estado de ECM Titanium<\/li>\n<li data-start=\"879\" data-end=\"949\">C\u00f3mo abrir e iniciar un nuevo proyecto en ECM Titanium<\/li>\n<li data-start=\"879\" data-end=\"949\">Comprender la finalidad de los controladores en ECM<\/li>\n<li data-start=\"879\" data-end=\"949\">C\u00f3mo buscar, aplicar y gestionar controladores en el software<\/li>\n<li data-start=\"879\" data-end=\"949\">C\u00f3mo solicitar controladores nuevos o actualizados a Alientech<\/li>\n<li data-start=\"879\" data-end=\"949\">Configurar y almacenar tu proyecto de tuning para futuras consultas<\/li>\n<li data-start=\"879\" data-end=\"949\">Comprender la supervisi\u00f3n del par motor<\/li>\n<li data-start=\"879\" data-end=\"949\">\u00bfC\u00f3mo ayuda el sistema de inyecci\u00f3n a ajustar el rendimiento?<\/li>\n<li data-start=\"879\" data-end=\"949\">Comprender la supervisi\u00f3n del par motor<\/li>\n<li data-start=\"879\" data-end=\"949\">\u00bfC\u00f3mo ayuda el sistema de inyecci\u00f3n a ajustar el rendimiento?<\/li>\n<\/ul>\n<p data-start=\"854\" data-end=\"878\">\ud83d\udcd8 <strong data-start=\"857\" data-end=\"876\">Caracter\u00edsticas del curso<\/strong><\/p>\n<ul data-start=\"879\" data-end=\"1195\">\n<li data-start=\"879\" data-end=\"949\">\n<p data-start=\"881\" data-end=\"949\">Videotutoriales paso a paso con material de referencia descargable<\/p>\n<\/li>\n<li data-start=\"950\" data-end=\"1018\">\n<p data-start=\"952\" data-end=\"1018\">Progresi\u00f3n estructurada para aumentar la confianza y la capacidad pr\u00e1ctica<\/p>\n<\/li>\n<li data-start=\"1019\" data-end=\"1076\">\n<p data-start=\"1021\" data-end=\"1076\">Cuestionario interactivo para poner a prueba y reforzar tus conocimientos<\/p>\n<\/li>\n<li data-start=\"1077\" data-end=\"1131\">\n<p data-start=\"1079\" data-end=\"1131\">Certificado de aprovechamiento incluido en el curso<\/p>\n<\/li>\n<li data-start=\"1132\" data-end=\"1195\">\n<p data-start=\"1134\" data-end=\"1195\">Acceso de por vida: estudia cuando quieras, donde quieras y a tu ritmo<\/p>\n<\/li>\n<\/ul>\n<p data-start=\"1202\" data-end=\"1225\">\ud83d\udc68\u200d\ud83d\udd27 <strong data-start=\"1208\" data-end=\"1223\">Perfecto para<\/strong><\/p>\n<ul data-start=\"1226\" data-end=\"1465\">\n<li data-start=\"1226\" data-end=\"1265\">\n<p data-start=\"1228\" data-end=\"1265\">Sintonizadores de ECU de gasolina nuevos o aspirantes<\/p>\n<\/li>\n<li data-start=\"1266\" data-end=\"1324\">\n<p data-start=\"1268\" data-end=\"1324\">Profesionales de talleres de automoci\u00f3n y talleres m\u00f3viles<\/p>\n<\/li>\n<li data-start=\"1325\" data-end=\"1393\">\n<p data-start=\"1327\" data-end=\"1393\">Usuarios existentes de ECM Titanium que desean una formaci\u00f3n estructurada sobre la gasolina<\/p>\n<\/li>\n<li data-start=\"1394\" data-end=\"1465\">\n<p data-start=\"1396\" data-end=\"1465\">Cualquiera que desee aumentar su experiencia en el ajuste del rendimiento de la gasolina<\/p>\n<\/li>\n<\/ul>\n<p data-start=\"1472\" data-end=\"1563\"><strong data-start=\"1475\" data-end=\"1561\">\ud83c\udf93 Empieza hoy mismo y adquiere los conocimientos necesarios para afinar ECUs de gasolina con claridad y confianza.<\/strong><\/p>\n<p data-start=\"1565\" data-end=\"1811\">Aprende a remapear motores de gasolina utilizando Alientech ECM Titanium 3.0 en este detallado curso online. Con lecciones guiadas, un cuestionario pr\u00e1ctico y un certificado de finalizaci\u00f3n, desarrollar\u00e1s conocimientos paso a paso, listos para aplicarlos en el mundo real.<\/p>\n","protected":false},"excerpt":{"rendered":"<p>Aprende a remapear la ECU de gasolina con ECM Titanium 3.0. Formaci\u00f3n online con lecciones paso a paso, acceso de por vida y certificado de finalizaci\u00f3n.<\/p>\n","protected":false},"featured_media":77357,"comment_status":"closed","ping_status":"closed","template":"","meta":{"_acf_changed":false},"product_brand":[19674,19679],"product_cat":[24687,24428,24620,24610,24419,24695,14860],"product_tag":[22832,22836,22837,22838,22833,22835,22834],"class_list":{"0":"post-85697","1":"product","2":"type-product","3":"status-publish","4":"has-post-thumbnail","6":"product_brand-alientech","7":"product_brand-ecm-titanium","8":"product_cat-cursos-de-formacion-online-sobre-puesta-a-punto","9":"product_cat-formacion-ecm-titanium","10":"product_cat-formacion-en-afinacion-de-gasolina","11":"product_cat-formacion-en-brand-tuning","12":"product_cat-formacion-en-tuning-de-todos-los-vehiculos","13":"product_cat-capacitacion-en-optimizacion-de-software","14":"product_cat-alientech-es","15":"product_tag-ajuste-online-del-ecm-de-gasolina","16":"product_tag-curso-de-formacion-ecm-online-gasolina","17":"product_tag-curso-ecm-gas","18":"product_tag-curso-ecm-online-de-gasolina","19":"product_tag-ecm-formacion-online-gasolina","20":"product_tag-formacion-ecm-gasolina","21":"product_tag-formacion-online-sobre-gasolina-ecm","23":"first","24":"instock","25":"taxable","26":"shipping-taxable","27":"purchasable","28":"product-type-simple"},"acf":[],"_links":{"self":[{"href":"https:\/\/www.remap101.co.uk\/es\/wp-json\/wp\/v2\/product\/85697","targetHints":{"allow":["GET"]}}],"collection":[{"href":"https:\/\/www.remap101.co.uk\/es\/wp-json\/wp\/v2\/product"}],"about":[{"href":"https:\/\/www.remap101.co.uk\/es\/wp-json\/wp\/v2\/types\/product"}],"replies":[{"embeddable":true,"href":"https:\/\/www.remap101.co.uk\/es\/wp-json\/wp\/v2\/comments?post=85697"}],"wp:featuredmedia":[{"embeddable":true,"href":"https:\/\/www.remap101.co.uk\/es\/wp-json\/wp\/v2\/media\/77357"}],"wp:attachment":[{"href":"https:\/\/www.remap101.co.uk\/es\/wp-json\/wp\/v2\/media?parent=85697"}],"wp:term":[{"taxonomy":"product_brand","embeddable":true,"href":"https:\/\/www.remap101.co.uk\/es\/wp-json\/wp\/v2\/product_brand?post=85697"},{"taxonomy":"product_cat","embeddable":true,"href":"https:\/\/www.remap101.co.uk\/es\/wp-json\/wp\/v2\/product_cat?post=85697"},{"taxonomy":"product_tag","embeddable":true,"href":"https:\/\/www.remap101.co.uk\/es\/wp-json\/wp\/v2\/product_tag?post=85697"}],"curies":[{"name":"wp","href":"https:\/\/api.w.org\/{rel}","templated":true}]}}