{"id":85702,"date":"2025-09-22T12:09:37","date_gmt":"2025-09-22T11:09:37","guid":{"rendered":"https:\/\/www.remap101.co.uk\/product\/vta1084-alientech-ecm-titanium-3-0-curso-online-de-tuning-de-gasolina-modulo-2-de-4\/"},"modified":"2026-03-17T10:51:22","modified_gmt":"2026-03-17T10:51:22","slug":"vta1084-alientech-ecm-titanium-3-0-curso-online-de-tuning-de-gasolina-modulo-2-de-4","status":"publish","type":"product","link":"https:\/\/www.remap101.co.uk\/es\/producto\/vta1084-alientech-ecm-titanium-3-0-curso-online-de-tuning-de-gasolina-modulo-2-de-4\/","title":{"rendered":"VTA1084: Alientech ECM Titanium 3.0: Curso online de tuning de gasolina &#8211; M\u00f3dulo 2 de 4"},"content":{"rendered":"<h2 data-start=\"332\" data-end=\"394\">Alientech ECM Titanium 3.0: Curso online de tuning de gasolina &#8211; M\u00f3dulo 2 de 4<\/h2>\n<p data-start=\"396\" data-end=\"767\">Domina el arte del remapeado de la ECU de gasolina &#8211; 100% online y dise\u00f1ado para adaptarse a tu horario.<br data-start=\"485\" data-end=\"488\" \/>Esta formaci\u00f3n se centra en el software ECM Titanium 3.0 de Alientech y proporciona un camino claro tanto para principiantes como para profesionales experimentados. Partiendo de conceptos b\u00e1sicos, progresar\u00e1s hacia habilidades avanzadas que pueden aplicarse directamente a proyectos de tuning del mundo real.<\/p>\n<p data-start=\"774\" data-end=\"799\">\u2705 <strong data-start=\"776\" data-end=\"797\">Lo que aprender\u00e1s<\/strong><\/p>\n<ul data-start=\"879\" data-end=\"1195\">\n<li>Comprender la estrategia basada en el aire<\/li>\n<li>Identificar los valores de apoyo para el ajuste del rendimiento de la fase 1<\/li>\n<li>C\u00f3mo la estrategia del aire limita la presi\u00f3n del turbo<\/li>\n<li>Utilizar el par m\u00e1ximo como punto de referencia<\/li>\n<li>Introducir mediciones adicionales de la presi\u00f3n atmosf\u00e9rica<\/li>\n<li>\u00bfPara qu\u00e9 sirven los mapas de avance de chispa M\u00ednimo, Base y \u00d3ptimo?<\/li>\n<li>\u00bfC\u00f3mo ayudan los mapas de avance de chispa a un ajuste de rendimiento de fase 1?<\/li>\n<li>Comprender la l\u00f3gica del eje de presi\u00f3n Rail<\/li>\n<li>La finalidad del corte de combustible de los mapas<\/li>\n<li>C\u00f3mo ayuda el mapa VVT al ajuste de rendimiento de la fase 1<\/li>\n<\/ul>\n<p data-start=\"854\" data-end=\"878\">\ud83d\udcd8 <strong data-start=\"857\" data-end=\"876\">Caracter\u00edsticas del curso<\/strong><\/p>\n<ul data-start=\"879\" data-end=\"1195\">\n<li data-start=\"879\" data-end=\"949\">\n<p data-start=\"881\" data-end=\"949\">Videotutoriales paso a paso con material de referencia descargable<\/p>\n<\/li>\n<li data-start=\"950\" data-end=\"1018\">\n<p data-start=\"952\" data-end=\"1018\">Progresi\u00f3n estructurada para aumentar la confianza y la capacidad pr\u00e1ctica<\/p>\n<\/li>\n<li data-start=\"1019\" data-end=\"1076\">\n<p data-start=\"1021\" data-end=\"1076\">Cuestionario interactivo para poner a prueba y reforzar tus conocimientos<\/p>\n<\/li>\n<li data-start=\"1077\" data-end=\"1131\">\n<p data-start=\"1079\" data-end=\"1131\">Certificado de aprovechamiento incluido en el curso<\/p>\n<\/li>\n<li data-start=\"1132\" data-end=\"1195\">\n<p data-start=\"1134\" data-end=\"1195\">Acceso de por vida: estudia cuando quieras, donde quieras y a tu ritmo<\/p>\n<\/li>\n<\/ul>\n<p data-start=\"1202\" data-end=\"1225\">\ud83d\udc68\u200d\ud83d\udd27 <strong data-start=\"1208\" data-end=\"1223\">Perfecto para<\/strong><\/p>\n<ul data-start=\"1226\" data-end=\"1465\">\n<li data-start=\"1226\" data-end=\"1265\">\n<p data-start=\"1228\" data-end=\"1265\">Sintonizadores de ECU de gasolina nuevos o aspirantes<\/p>\n<\/li>\n<li data-start=\"1266\" data-end=\"1324\">\n<p data-start=\"1268\" data-end=\"1324\">Profesionales de talleres de automoci\u00f3n y talleres m\u00f3viles<\/p>\n<\/li>\n<li data-start=\"1325\" data-end=\"1393\">\n<p data-start=\"1327\" data-end=\"1393\">Usuarios existentes de ECM Titanium que desean una formaci\u00f3n estructurada sobre la gasolina<\/p>\n<\/li>\n<li data-start=\"1394\" data-end=\"1465\">\n<p data-start=\"1396\" data-end=\"1465\">Cualquiera que desee aumentar su experiencia en el ajuste del rendimiento de la gasolina<\/p>\n<\/li>\n<\/ul>\n<p data-start=\"1472\" data-end=\"1563\"><strong data-start=\"1475\" data-end=\"1561\">\ud83c\udf93 Empieza hoy mismo y adquiere los conocimientos necesarios para afinar ECUs de gasolina con claridad y confianza.<\/strong><\/p>\n<p data-start=\"1565\" data-end=\"1811\">Aprende a remapear motores de gasolina utilizando Alientech ECM Titanium 3.0 en este detallado curso online. Con lecciones guiadas, un cuestionario pr\u00e1ctico y un certificado de finalizaci\u00f3n, desarrollar\u00e1s conocimientos paso a paso, listos para aplicarlos en el mundo real.<\/p>\n","protected":false},"excerpt":{"rendered":"<p>Aprende a remapear la ECU de gasolina con ECM Titanium 3.0. Formaci\u00f3n online con lecciones paso a paso, acceso de por vida y certificado de finalizaci\u00f3n.<\/p>\n","protected":false},"featured_media":77357,"comment_status":"closed","ping_status":"closed","template":"","meta":{"_acf_changed":false},"product_brand":[19674,19679],"product_cat":[24687,24428,24620,24610,24419,24695,14860],"product_tag":[22874,22875,22868,22866,22873,22876,22872,22870,22864,22871],"class_list":{"0":"post-85702","1":"product","2":"type-product","3":"status-publish","4":"has-post-thumbnail","6":"product_brand-alientech","7":"product_brand-ecm-titanium","8":"product_cat-cursos-de-formacion-online-sobre-puesta-a-punto","9":"product_cat-formacion-ecm-titanium","10":"product_cat-formacion-en-afinacion-de-gasolina","11":"product_cat-formacion-en-brand-tuning","12":"product_cat-formacion-en-tuning-de-todos-los-vehiculos","13":"product_cat-capacitacion-en-optimizacion-de-software","14":"product_cat-alientech-es","15":"product_tag-aprende-el-ajuste-de-la-gasolina-con-ecm","16":"product_tag-como-afinar-la-gasolina-con-ecm","17":"product_tag-curso-de-formacion-ecm-gas","18":"product_tag-curso-de-formacion-ecm-titanio-gasolina","19":"product_tag-curso-de-gasolinera-ecm-online","20":"product_tag-cursos-de-gasolina-alientech","21":"product_tag-ecm-ajuste-gasolina","22":"product_tag-ecm-gasolina-tuning","23":"product_tag-ecm-titanio-gasolina-tuning","24":"product_tag-ecm-tuning-gasolina","26":"first","27":"instock","28":"taxable","29":"shipping-taxable","30":"purchasable","31":"product-type-simple"},"acf":[],"_links":{"self":[{"href":"https:\/\/www.remap101.co.uk\/es\/wp-json\/wp\/v2\/product\/85702","targetHints":{"allow":["GET"]}}],"collection":[{"href":"https:\/\/www.remap101.co.uk\/es\/wp-json\/wp\/v2\/product"}],"about":[{"href":"https:\/\/www.remap101.co.uk\/es\/wp-json\/wp\/v2\/types\/product"}],"replies":[{"embeddable":true,"href":"https:\/\/www.remap101.co.uk\/es\/wp-json\/wp\/v2\/comments?post=85702"}],"wp:featuredmedia":[{"embeddable":true,"href":"https:\/\/www.remap101.co.uk\/es\/wp-json\/wp\/v2\/media\/77357"}],"wp:attachment":[{"href":"https:\/\/www.remap101.co.uk\/es\/wp-json\/wp\/v2\/media?parent=85702"}],"wp:term":[{"taxonomy":"product_brand","embeddable":true,"href":"https:\/\/www.remap101.co.uk\/es\/wp-json\/wp\/v2\/product_brand?post=85702"},{"taxonomy":"product_cat","embeddable":true,"href":"https:\/\/www.remap101.co.uk\/es\/wp-json\/wp\/v2\/product_cat?post=85702"},{"taxonomy":"product_tag","embeddable":true,"href":"https:\/\/www.remap101.co.uk\/es\/wp-json\/wp\/v2\/product_tag?post=85702"}],"curies":[{"name":"wp","href":"https:\/\/api.w.org\/{rel}","templated":true}]}}