{"id":109881,"date":"2026-02-12T10:42:28","date_gmt":"2026-02-12T10:42:28","guid":{"rendered":"https:\/\/www.remap101.co.uk\/?post_type=product&#038;p=109881"},"modified":"2026-02-19T16:09:06","modified_gmt":"2026-02-19T16:09:06","slug":"cours-de-formation-en-salle-de-classe-dimsport-race-evo-copy","status":"publish","type":"product","link":"https:\/\/www.remap101.co.uk\/fr\/produit\/cours-de-formation-en-salle-de-classe-dimsport-race-evo-copy\/","title":{"rendered":"Cours de formation en salle de classe Dimsport Race Evo (Copy)"},"content":{"rendered":"<h2>Cours de formation en salle de classe Dimsport Race Evo &#8211; Diesel, essence et combin\u00e9<\/h2>\n<p>Ma\u00eetrisez l&rsquo;\u00e9dition de fichiers professionnels et la recalibration de l&rsquo;ECU \u00e0 l&rsquo;aide d&rsquo;un logiciel de r\u00e9glage &#8211; Cours de formation Race Evo Classroom de Dimsport.<\/p>\n<p>Race Evo de Dimsport (parfois encore appel\u00e9 Race2000 dans les anciens contenus) reste l&rsquo;une des plateformes logicielles de r\u00e9glage les plus fiables et les plus structur\u00e9es du march\u00e9. Construit autour d&rsquo;interfaces graphiques claires et d&rsquo;une biblioth\u00e8que de calculateurs pris en charge, Race Evo permet aux pr\u00e9parateurs d&rsquo;identifier, d&rsquo;\u00e9diter et de personnaliser rapidement les principales cartes d&rsquo;\u00e9talonnage, avec une base technique solide et une pr\u00e9cision visuelle. <\/p>\n<p>Mais comme tout outil s\u00e9rieux, la mani\u00e8re dont vous l&rsquo;utilisez fait toute la diff\u00e9rence.<\/p>\n<p>Nos cours de formation Dimsport&rsquo;s Race Evo sont dispens\u00e9s en anglais et con\u00e7us pour aider les pr\u00e9parateurs travaillant sur le diesel, l&rsquo;essence ou les deux types de carburant &#8211; que vous d\u00e9butiez ou que vous utilisiez d\u00e9j\u00e0 Race Evo et que vous souhaitiez aller plus loin. Il s&rsquo;agit d&rsquo;une formation pratique, dirig\u00e9e par un tuteur, con\u00e7ue pour vous aider \u00e0 effectuer des r\u00e9glages avec clart\u00e9, confiance et une conscience commerciale totale. <\/p>\n<h2>Niveaux de cours disponibles<\/h2>\n<p>Chaque niveau de la formation en classe Dimsport Race Evo s&rsquo;appuie sur le pr\u00e9c\u00e9dent, ce qui vous permet de d\u00e9velopper \u00e0 la fois vos comp\u00e9tences techniques et vos capacit\u00e9s commerciales :<\/p>\n<h3>Cours de formation Dimsport Race Evo pour d\u00e9butants<\/h3>\n<p>Id\u00e9al si vous \u00eates novice en mati\u00e8re de r\u00e9glage ou de Race Evo. Vous apprendrez : <\/p>\n<ul>\n<li>Comment utiliser l&rsquo;interface logicielle Race Evo en toute confiance ?<\/li>\n<li>Structure des fichiers, reconnaissance de l&rsquo;ECU et ajustement de la cartographie en toute s\u00e9curit\u00e9<\/li>\n<li>Logique de mise au point de l&rsquo;\u00e9tape 1 pour les v\u00e9hicules diesel ou \u00e0 essence<\/li>\n<li>Comment travailler avec la structure de carte guid\u00e9e de Race Evo et utiliser les fichiers d&rsquo;aide int\u00e9gr\u00e9s ?<\/li>\n<\/ul>\n<h3>Cours de formation en salle de classe Dimsport Race Evo interm\u00e9diaire<\/h3>\n<p>Parfait si vous avez d\u00e9j\u00e0 effectu\u00e9 des r\u00e9glages \u00e0 l&rsquo;aide de Race Evo et que vous souhaitez am\u00e9liorer le contr\u00f4le des fichiers. Vous apprendrez : <\/p>\n<ul>\n<li>Mise \u00e0 l&rsquo;\u00e9chelle de la carte, alignement des axes et \u00e9dition manuelle<\/li>\n<li>R\u00e9glage des fonctions comme les pops et les bangs ou les limiteurs de popcorn<\/li>\n<li>Soutien aux v\u00e9hicules l\u00e9g\u00e8rement modifi\u00e9s<\/li>\n<li>D\u00e9pannage en situation r\u00e9elle et affinement de la logique sur plusieurs calculateurs<\/li>\n<\/ul>\n<h3>Cours de formation avanc\u00e9e Dimsport Race Evo en salle de classe<\/h3>\n<p>Con\u00e7u pour les utilisateurs exp\u00e9riment\u00e9s qui prennent en charge des v\u00e9hicules modifi\u00e9s ou des strat\u00e9gies personnalis\u00e9es. Vous apprendrez : <\/p>\n<ul>\n<li>Edition avanc\u00e9e des mod\u00e8les de couple et de flux d&rsquo;air<\/li>\n<li>Mise \u00e0 l&rsquo;\u00e9chelle des injecteurs, logique du turbo et soutien au syst\u00e8me d&rsquo;alimentation en carburant<\/li>\n<li>Restructuration de la logique pour les calculateurs non pris en charge ou complexes<\/li>\n<li>Strat\u00e9gies de mise au point commerciale et traitement des \u00e9missions hors route\/motosport<\/li>\n<\/ul>\n<h2>Pourquoi s&rsquo;entra\u00eener avec Remap 101 sur le Dimsport Race Evo ?<\/h2>\n<ul>\n<li>De vrais tuteurs. De vrais r\u00e9glages. Apprenez avec des professionnels qui cr\u00e9ent des fichiers tous les jours  <\/li>\n<li>Apprentissage en classe, en petits groupes, pour un engagement et un retour d&rsquo;information r\u00e9els<\/li>\n<li>Orientation pratique : construire et tester des fichiers pendant la formation, et pas seulement la th\u00e9orie<\/li>\n<li>Cours sur le diesel, l&rsquo;essence et cours combin\u00e9s disponibles<\/li>\n<li>Certificat d\u00e9livr\u00e9 pour chaque niveau compl\u00e9t\u00e9<\/li>\n<li>Soutenu par VIEZU Technologies &#8211; une autorit\u00e9 mondiale en mati\u00e8re de remappage de l&rsquo;ECU et de formation au tuning<\/li>\n<\/ul>\n<h2>Comment s&rsquo;inscrire \u00e0 notre cours de formation Dimsport Race Evo :<\/h2>\n<h3>Choisissez votre type de carburant :<\/h3>\n<ul>\n<li>Diesel<\/li>\n<li>Essence<\/li>\n<li>Combin\u00e9 diesel et essence<\/li>\n<\/ul>\n<h3>Choisissez votre niveau :<\/h3>\n<ul>\n<li>D\u00e9butant<\/li>\n<li>Interm\u00e9diaire<\/li>\n<li>Avanc\u00e9<\/li>\n<\/ul>\n<h3>Choisissez votre date :<\/h3>\n<p>Trouver les prochaines  <a href=\"https:\/\/www.remap101.co.uk\/fr\/event-software\/race-evo-fr\/\">Cours Dimsport Race Evo<\/a><\/p>\n<p>R\u00e9servez en ligne notre cours de formation Dimsport Race Evo, ou contactez-nous pour discuter du cours qui vous convient le mieux.<\/p>\n<h2>Vous ne savez pas quel cours de formation Tuning est fait pour vous ?<\/h2>\n<p>Ne vous inqui\u00e9tez pas : nous avons aid\u00e9 des milliers de bricoleurs \u00e0 d\u00e9marrer et nous savons \u00e0 quel point il est facile de surestimer ou de sous-estimer son niveau. Prenez contact avec nous et nous vous aiderons \u00e0 d\u00e9terminer le meilleur point de d\u00e9part en fonction de vos objectifs et de votre niveau d&rsquo;exp\u00e9rience. <\/p>\n<p><strong>T\u00e9l\u00e9phone : +44 (0) 1789 774444<\/strong> <a href=\"tel:+44%20(0)1789%20774444\">+44 (0)1789 774444<\/a><\/p>\n<p><strong>Courriel :<\/strong> <a href=\"mailto:info@viezu.com\">info@viezu.com<\/a><\/p>\n","protected":false},"excerpt":{"rendered":"<p>Construisez des fichiers essence haute performance en utilisant Dimsport Race Evo. Commencez d\u00e8s aujourd&rsquo;hui votre formation Dimsport Race Evo ! <\/p>\n","protected":false},"featured_media":109950,"comment_status":"closed","ping_status":"closed","template":"","meta":{"_acf_changed":false},"product_brand":[21155],"product_cat":[24507,24408,24514,24518,24513,24512,24515,24510,24406],"product_tag":[22785,22784],"class_list":{"0":"post-109881","1":"product","2":"type-product","3":"status-publish","4":"has-post-thumbnail","6":"product_brand-dimsport","7":"product_cat-royaume-uni","8":"product_cat-cours-de-formation-tuning-en-personne","9":"product_cat-formation-au-reglage-des-bateaux","10":"product_cat-formation-a-la-mise-au-point-des-moteurs-a-essence","11":"product_cat-formation-au-reglage-des-tracteurs","12":"product_cat-formation-au-tuning-automobile","13":"product_cat-formation-au-tuning-moto","14":"product_cat-formation-daccordeur-debutant","15":"product_cat-formation-a-la-mise-au-point-de-tous-les-vehicules","16":"product_tag-classe-dimsport-race-evo","17":"product_tag-dimsport-race-evo-fr","18":"product_shipping_class-aucune-expedition-requise","20":"first","21":"outofstock","22":"purchasable","23":"product-type-variable","24":"has-default-attributes"},"acf":[],"_links":{"self":[{"href":"https:\/\/www.remap101.co.uk\/fr\/wp-json\/wp\/v2\/product\/109881","targetHints":{"allow":["GET"]}}],"collection":[{"href":"https:\/\/www.remap101.co.uk\/fr\/wp-json\/wp\/v2\/product"}],"about":[{"href":"https:\/\/www.remap101.co.uk\/fr\/wp-json\/wp\/v2\/types\/product"}],"replies":[{"embeddable":true,"href":"https:\/\/www.remap101.co.uk\/fr\/wp-json\/wp\/v2\/comments?post=109881"}],"wp:featuredmedia":[{"embeddable":true,"href":"https:\/\/www.remap101.co.uk\/fr\/wp-json\/wp\/v2\/media\/109950"}],"wp:attachment":[{"href":"https:\/\/www.remap101.co.uk\/fr\/wp-json\/wp\/v2\/media?parent=109881"}],"wp:term":[{"taxonomy":"product_brand","embeddable":true,"href":"https:\/\/www.remap101.co.uk\/fr\/wp-json\/wp\/v2\/product_brand?post=109881"},{"taxonomy":"product_cat","embeddable":true,"href":"https:\/\/www.remap101.co.uk\/fr\/wp-json\/wp\/v2\/product_cat?post=109881"},{"taxonomy":"product_tag","embeddable":true,"href":"https:\/\/www.remap101.co.uk\/fr\/wp-json\/wp\/v2\/product_tag?post=109881"}],"curies":[{"name":"wp","href":"https:\/\/api.w.org\/{rel}","templated":true}]}}