{"id":110183,"date":"2026-03-06T15:53:38","date_gmt":"2026-03-06T15:53:38","guid":{"rendered":"https:\/\/www.remap101.co.uk\/?post_type=product&#038;p=110183"},"modified":"2026-03-31T10:32:30","modified_gmt":"2026-03-31T09:32:30","slug":"vta1041-solutions-dpf-edc17-de-bosch-avec-evc-winols-copy","status":"publish","type":"product","link":"https:\/\/www.remap101.co.uk\/fr\/produit\/vta1041-solutions-dpf-edc17-de-bosch-avec-evc-winols-copy\/","title":{"rendered":"VTA1089 : Pops et Bangs avec EVC WinOLS"},"content":{"rendered":"<h2>R\u00e9glage avanc\u00e9 pour obtenir des pops, des bangs, des burbles et d&rsquo;autres effets, \u00e0 l&rsquo;aide de EVC WinOLS5<\/h2>\n<p>Solutions avanc\u00e9es pour les pops et bangs avec le logiciel EVC WinOLS5. Il s&rsquo;agit d&rsquo;une formation en ligne unique, et votre formateur expert est le directeur technique et directeur g\u00e9n\u00e9ral de VIEZU, Simon White. <\/p>\n<p><strong>** Lorsque vous achetez cette formation au prix de 199\u20ac+VAT, vous avez acc\u00e8s aux Super Mappacks d&rsquo;une valeur de 400\u20ac ! **<\/strong><\/p>\n<p>Il s&rsquo;agit d&rsquo;une offre group\u00e9e d&rsquo;un excellent rapport qualit\u00e9-prix &#8211; une formation sp\u00e9cialis\u00e9e avanc\u00e9e, avec un ensemble complet de Super Map Packs t\u00e9l\u00e9chargeables, pour une offre compl\u00e8te de travail \u00e0 seulement \u00a3199 + TVA.<\/p>\n<h2 data-start=\"1018\" data-end=\"1040\"><\/h2>\n<h2 data-start=\"1018\" data-end=\"1040\">Aper\u00e7u du cours<\/h2>\n<p data-start=\"1042\" data-end=\"1744\">Ce cours intensif en ligne d\u00e9mystifie le r\u00e9glage des pops et bangs en se concentrant sur deux moteurs \u00e0 essence populaires : le MED 9.1.2 de l&rsquo;Audi TTRS et le MG1CS024 de la BMW X3M. En travaillant dans WinOLS, vous apprendrez \u00e0 localiser et \u00e0 analyser les cartes principales qui r\u00e9gissent la coupure de carburant, la logique du mode de conduite et le calage de l&rsquo;allumage. Vous verrez comment adapter le d\u00e9lai de d\u00e9passement afin de maintenir le flux de carburant pour un cr\u00e9pitement contr\u00f4l\u00e9, et comment ajuster les cartographies d&rsquo;allumage de base, optimale et minimale afin que la combustion se d\u00e9place en toute s\u00e9curit\u00e9 dans les gaz d&rsquo;\u00e9chappement. Le cours pr\u00e9sente \u00e9galement les limiteurs de dur\u00e9e du son et de temp\u00e9rature du catalyseur sp\u00e9cifiques \u00e0 la MG1, ce qui vous donne les outils n\u00e9cessaires pour cr\u00e9er une acoustique de surr\u00e9gime sportive sans compromettre la fiabilit\u00e9 ou la conformit\u00e9 aux normes d&rsquo;\u00e9missions.   <\/p>\n<h4 data-start=\"1746\" data-end=\"1770\">Ce que vous apprendrez<\/h4>\n<ul data-start=\"1772\" data-end=\"3169\">\n<li data-section-id=\"7012dd\" data-start=\"1772\" data-end=\"1997\">\n<p data-start=\"1774\" data-end=\"1997\"><strong data-start=\"1774\" data-end=\"1809\">Identification et analyse des cartes<\/strong> &#8211; Utilisez les mappacks et les fonctions de recherche de WinOLS pour trouver les tables de d\u00e9lai de coupure de carburant, les cartes d&rsquo;avance \u00e0 l&rsquo;allumage (base, optimale et minimale) et les cartes de r\u00e9glage du son de la MG1CS024.<\/p>\n<\/li>\n<li data-section-id=\"1ovx0k6\" data-start=\"1998\" data-end=\"2242\">\n<p data-start=\"2000\" data-end=\"2242\"><strong data-start=\"2000\" data-end=\"2037\">Allongement du d\u00e9lai de coupure de carburant en cas de d\u00e9passement<\/strong> &#8211; Modifier les d\u00e9lais sur la carte MED 9.1.2 pour maintenir les injecteurs actifs pendant la d\u00e9c\u00e9l\u00e9ration et g\u00e9n\u00e9rer des craquements, et appliquer des ajustements similaires aux cartes de d\u00e9lai en mode conduite MG1CS024 pour n&rsquo;activer les pops qu&rsquo;en mode sport.<\/p>\n<\/li>\n<li data-section-id=\"1h433cs\" data-start=\"2243\" data-end=\"2442\">\n<p data-start=\"2245\" data-end=\"2442\"><strong data-start=\"2245\" data-end=\"2281\">Zones d&rsquo;activation et modes de conduite<\/strong> &#8211; D\u00e9finissez des fen\u00eatres de r\u00e9gime\/charge sp\u00e9cifiques pour les bruits de fond et utilisez les cartes de commutation des modes de conduite pour activer ou d\u00e9sactiver le r\u00e9glage du son en fonction de la s\u00e9lection du conducteur.<\/p>\n<\/li>\n<li data-section-id=\"1sapvx7\" data-start=\"2443\" data-end=\"2642\">\n<p data-start=\"2445\" data-end=\"2642\"><strong data-start=\"2445\" data-end=\"2475\">Strat\u00e9gies d&rsquo;avance \u00e0 l&rsquo;allumage<\/strong> &#8211; Retardez l&rsquo;avance \u00e0 l&rsquo;<strong data-start=\"2445\" data-end=\"2475\">allumage<\/strong> de 10 \u00e0 30 degr\u00e9s sur les cartes de base, optimales et minimales pour d\u00e9placer la combustion vers l&rsquo;\u00e9chappement et contr\u00f4ler le volume et la fr\u00e9quence des pops.<\/p>\n<\/li>\n<li data-section-id=\"1jzaiqb\" data-start=\"2643\" data-end=\"2959\">\n<p data-start=\"2645\" data-end=\"2959\"><strong data-start=\"2645\" data-end=\"2691\">S\u00e9curit\u00e9 et protection de la temp\u00e9rature du catalyseur<\/strong> &#8211; Comprenez la fonction des limiteurs de temp\u00e9rature du catalyseur sur le MG1CS024 et apprenez pourquoi ces limites doivent rester inchang\u00e9es. Vous d\u00e9couvrirez \u00e9galement comment limiter l&rsquo;effet \u00e0 des plages de r\u00e9gime s\u00fbres afin d&rsquo;\u00e9viter de soumettre le turbocompresseur, les soupapes d&rsquo;\u00e9chappement et les catalyseurs \u00e0 des contraintes excessives. <\/p>\n<\/li>\n<li data-section-id=\"1t3364o\" data-start=\"2960\" data-end=\"3169\">\n<p data-start=\"2962\" data-end=\"3169\"><strong data-start=\"2962\" data-end=\"2994\">Flux de travail pratique dans WinOLS<\/strong> &#8211; Suivez les d\u00e9monstrations enregistr\u00e9es \u00e0 l&rsquo;\u00e9cran pour chaque \u00e9tape, depuis le chargement des fichiers originaux et la comparaison des donn\u00e9es de base jusqu&rsquo;\u00e0 l&rsquo;enregistrement des projets modifi\u00e9s et la v\u00e9rification de vos changements.<\/p>\n<\/li>\n<\/ul>\n<h4 data-start=\"3171\" data-end=\"3193\">Caract\u00e9ristiques du cours<\/h4>\n<ul data-start=\"3195\" data-end=\"3778\">\n<li data-section-id=\"14n9ezt\" data-start=\"3195\" data-end=\"3305\">\n<p data-start=\"3197\" data-end=\"3305\"><strong data-start=\"3197\" data-end=\"3229\">Des didacticiels vid\u00e9o \u00e9tape par \u00e9tape<\/strong>, avec une narration claire et des mises en \u00e9vidence \u00e0 l&rsquo;\u00e9cran, montrent comment \u00e9diter chaque carte.<\/p>\n<\/li>\n<li data-section-id=\"v9bvqv\" data-start=\"3306\" data-end=\"3451\">\n<p data-start=\"3308\" data-end=\"3451\"><strong data-start=\"3308\" data-end=\"3334\">Progression structur\u00e9e<\/strong> sur quatre le\u00e7ons, commen\u00e7ant par la d\u00e9couverte de cartes sur MED 9.1.2 et aboutissant \u00e0 un travail d&rsquo;allumage avanc\u00e9 sur MG1CS024.<\/p>\n<\/li>\n<li>Les <strong>Super Mappacks <\/strong>sont inclus dans les supports de cours pour les deux calculateurs couverts par cette formation. Vous disposez ainsi de deux super cartes compl\u00e8tes pour suivre cette formation, mais aussi pour explorer et comprendre les strat\u00e9gies et les structures de cartes les plus profondes de ces calculateurs. <\/li>\n<li data-section-id=\"gg8bnx\" data-start=\"3452\" data-end=\"3554\">\n<p data-start=\"3454\" data-end=\"3554\"><strong data-start=\"3454\" data-end=\"3474\">Quiz interactif<\/strong> \u00e0 la fin du cours pour renforcer les concepts cl\u00e9s et tester votre compr\u00e9hension.<\/p>\n<\/li>\n<li data-section-id=\"1roafd0\" data-start=\"3555\" data-end=\"3648\">\n<p data-start=\"3557\" data-end=\"3648\"><strong data-start=\"3557\" data-end=\"3586\">Certificat de fin d&rsquo;\u00e9tudes<\/strong> pour valider vos comp\u00e9tences nouvellement acquises en mati\u00e8re de r\u00e9glage de l&rsquo;appareil.<\/p>\n<\/li>\n<li data-section-id=\"72jxye\" data-start=\"3649\" data-end=\"3778\">\n<p data-start=\"3651\" data-end=\"3778\"><strong data-start=\"3651\" data-end=\"3670\">Acc\u00e8s \u00e0 vie<\/strong> &#8211; \u00e9tudiez \u00e0 votre rythme, revoyez les d\u00e9monstrations chaque fois que vous en avez besoin et conservez votre cours pour vous y r\u00e9f\u00e9rer ult\u00e9rieurement.<\/p>\n<\/li>\n<\/ul>\n<h4 data-start=\"3780\" data-end=\"3798\">Parfait pour<\/h4>\n<ul data-start=\"3800\" data-end=\"4248\">\n<li data-section-id=\"14rd4a5\" data-start=\"3800\" data-end=\"3882\">\n<p data-start=\"3802\" data-end=\"3882\">Les utilisateurs exp\u00e9riment\u00e9s de WinOLS qui souhaitent ajouter \u00e0 leur bo\u00eete \u00e0 outils le r\u00e9glage des pops et des bangs.<\/p>\n<\/li>\n<li data-section-id=\"zbw7ex\" data-start=\"3883\" data-end=\"3991\">\n<p data-start=\"3885\" data-end=\"3991\">Les professionnels du remappage de calculateurs et les ing\u00e9nieurs en \u00e9talonnage qui cherchent \u00e0 cr\u00e9er des strat\u00e9gies sonores de surr\u00e9gime sur mesure.<\/p>\n<\/li>\n<li data-section-id=\"s7aabw\" data-start=\"3992\" data-end=\"4124\">\n<p data-start=\"3994\" data-end=\"4124\">Les r\u00e9dacteurs de fichiers travaillant avec des unit\u00e9s de contr\u00f4le de moteurs \u00e0 essence modernes qui ont besoin d&rsquo;une m\u00e9thodologie fiable pour obtenir des cr\u00e9pitements, des bruits, des pops et des bangs s\u00fbrs.<\/p>\n<\/li>\n<li data-section-id=\"1005i0t\" data-start=\"4125\" data-end=\"4248\">\n<p data-start=\"4127\" data-end=\"4248\">Toute personne souhaitant am\u00e9liorer sa compr\u00e9hension du r\u00e9glage de l&rsquo;allumage et de la logique de r\u00e9glage du son au-del\u00e0 du niveau d\u00e9butant.<\/p>\n<\/li>\n<\/ul>\n<p data-start=\"4250\" data-end=\"4393\" data-is-last-node=\"\" data-is-only-node=\"\">Commencez d\u00e8s aujourd&rsquo;hui et gagnez en confiance pour produire des pops et des bangs contr\u00f4l\u00e9s qui impressionnent les clients tout en pr\u00e9servant l&rsquo;int\u00e9grit\u00e9 du moteur et du catalyseur.<\/p>\n<h2><\/h2>\n<h2><strong>Croissance personnelle et opportunit\u00e9s d\u2019affaires <\/strong><span style=\"font-size: 26px;\"><b><\/b><\/span><\/h2>\n<p>C&rsquo;est avec plaisir que nous vous accompagnons dans votre d\u00e9marche de d\u00e9veloppement des connaissances et de perfectionnement. Nos formateurs se consacrent \u00e0 l&rsquo;am\u00e9lioration des normes dans l&rsquo;industrie du tuning et \u00e0 la cr\u00e9ation d&rsquo;un espace pour vous permettre d&rsquo;apprendre et de vous d\u00e9velopper. Nous voulons que vous tiriez le meilleur parti de cette session de formation en ligne EVC WinOLS Tuning. C&rsquo;est pourquoi nous vous sugg\u00e9rons de suivre nos autres cours et modules de r\u00e9glage en ligne.   <\/p>\n<p><strong>Mais attendez, \u00e7a s\u2019am\u00e9liore&#8230;.<\/strong><\/p>\n<p>Chaque session de formation peut \u00eatre visionn\u00e9e plusieurs fois et l&rsquo;avantage de la formation en ligne est que si vous n&rsquo;avez pas bien compris quelque chose, vous pouvez la regarder encore et encore jusqu&rsquo;\u00e0 ce que vous la ma\u00eetrisiez. Vous pouvez \u00e9galement faire une pause et recommencer. Vous avez ainsi le temps de prendre des notes, voire de mettre en pratique ce que vous venez de voir.  <\/p>\n<h3><\/h3>\n<h3><strong>EVC WinOLS Tuning Software<\/strong><\/h3>\n<p>Il n&rsquo;est pas n\u00e9cessaire de poss\u00e9der le <a href=\"https:\/\/www.remap101.co.uk\/fr\/?post_type=product&#038;p=85688\">logiciel EVC WinOLS<\/a> pour suivre ces cours, mais ce n&rsquo;est pas l&rsquo;id\u00e9al.<\/p>\n<p>Nous voulons que vous obteniez la meilleure exp\u00e9rience de formation ; vous devriez envisager d&rsquo;obtenir le logiciel pour participer activement \u00e0 la formation et \u00eatre en mesure de mettre en pratique ce que vous avez appris avant de passer \u00e0 d&rsquo;autres sessions. Si vous n&rsquo;avez pas encore la version compl\u00e8te du logiciel de r\u00e9glage EVC WinOLs, vous pouvez la voir ici dans la boutique de r\u00e9glage Remap 101 <a href=\"https:\/\/www.remap101.co.uk\/fr\/categorie-produit\/boutique\/outils-et-logiciels-de-reglage-professionnels\/\">Logiciel de r\u00e9glage <\/a>  <\/p>\n<p>&nbsp;<\/p>\n<h3><strong>Fichiers de r\u00e9glage  <\/strong><\/h3>\n<p>Pendant que vous apprenez et d\u00e9veloppez vos techniques de pops et bangs avec EVC WinOLS, vous aimeriez peut-\u00eatre savoir que VIEZU propose \u00e9galement des fichiers et des logiciels de remappage pr\u00eats \u00e0 l&#8217;emploi et \u00e0 charger pour la plupart des v\u00e9hicules. Si vous avez besoin d&rsquo;un service de fichiers de r\u00e9glage, qui est rapide et ouvert 7 jours sur 7, envoyez un e-mail \u00e0 l&rsquo;\u00e9quipe d&rsquo;assistance \u00e0 <a href=\"mailto:info@viezu.com\">info@viezu.com<\/a>. <\/p>\n<p>&nbsp;<\/p>\n","protected":false},"excerpt":{"rendered":"<h2>R\u00e9glage avanc\u00e9 pour obtenir des pops, des bangs, des burbles et d&rsquo;autres effets, \u00e0 l&rsquo;aide de EVC WinOLS5<\/h2>\n<p>Affinez votre expertise en mati\u00e8re de r\u00e9glage gr\u00e2ce \u00e0 ce cours sp\u00e9cialis\u00e9 sur le pops-and-bangs pour EVC WinOLS. En quatre le\u00e7ons avanc\u00e9es, vous apprendrez \u00e0 identifier, modifier et synchroniser les cartes cl\u00e9s qui contr\u00f4lent le d\u00e9lai de coupure du carburant et l&rsquo;avance \u00e0 l&rsquo;allumage sur deux plates-formes : Bosch MED 9.1.2 (Audi TTRS) et Bosch MG1CS024 (BMW X3M). Gr\u00e2ce \u00e0 des tutoriels vid\u00e9o pas \u00e0 pas, vous d\u00e9couvrirez comment activer les craquements \u00e0 la demande \u00e0 l&rsquo;aide des commandes du mode conduite, comment allonger le d\u00e9lai de coupure du carburant sans modifier les rapports AFR et comment appliquer un retard d&rsquo;allumage coh\u00e9rent tout en respectant les limites de temp\u00e9rature du catalyseur. Un quiz et un certificat d&rsquo;ach\u00e8vement sont inclus, et vous pouvez \u00e9tudier \u00e0 tout moment gr\u00e2ce \u00e0 un acc\u00e8s \u00e0 vie.   <\/p>\n<p><strong>** Lorsque vous achetez cette formation au prix de 199\u20ac+TVA, vous recevez des Super Mappacks t\u00e9l\u00e9chargeables d&rsquo;une valeur de 400\u20ac ! **  <\/strong><\/p>\n<p>Ce cours comprend des quiz pour tester vos connaissances, et vous obtenez un certificat VIEZU si vous r\u00e9ussissez les quiz.<\/p>\n<p>Le formateur qui pr\u00e9sente ce cours utilise le logiciel EVC WinOLS depuis plus de 15 ans et a dispens\u00e9 des cours de r\u00e9daction de cartes Master Tuning et des sessions de formation dans le monde entier, notamment au Royaume-Uni, aux \u00c9tats-Unis, en Chine, ainsi qu&rsquo;au Moyen-Orient, en Afrique du Sud et dans d&rsquo;autres pays, avec beaucoup de succ\u00e8s. Ainsi qu&rsquo;au Moyen-Orient, en Afrique du Sud et dans d&rsquo;autres pays, avec un grand succ\u00e8s. Aujourd&rsquo;hui, vous pouvez participer \u00e0 ces cours de formation au tuning et au remapping \u00e0 votre convenance. \u00c0 votre rythme et depuis votre domicile ou votre atelier. Apprenez directement des experts et d\u00e9veloppez et renforcez vos comp\u00e9tences en mati\u00e8re de r\u00e9glage, de d\u00e9veloppement personnel et de connaissances en mati\u00e8re de remappage.    <\/p>\n<h2><\/h2>\n","protected":false},"featured_media":110191,"comment_status":"open","ping_status":"closed","template":"","meta":{"_acf_changed":false},"product_brand":[21146,19675],"product_cat":[24509,24518,24512,24511,24407,24508,24409,24406,24643,24659,24660,24637],"product_tag":[24779,24781,15315,15316,24776,24775,24773,24784,22425],"class_list":{"0":"post-110183","1":"product","2":"type-product","3":"status-publish","4":"has-post-thumbnail","6":"product_brand-evc","7":"product_brand-winols","8":"product_cat-formation-au-tuning-par-niveau","9":"product_cat-formation-a-la-mise-au-point-des-moteurs-a-essence","10":"product_cat-formation-au-tuning-automobile","11":"product_cat-formation-au-tuning-par-type-de-vehicule","12":"product_cat-formation-evc-winols","13":"product_cat-formation-sur-le-reglage-de-la-marque","14":"product_cat-evc-electronique","15":"product_cat-formation-a-la-mise-au-point-de-tous-les-vehicules","16":"product_cat-en-ligne","17":"product_cat-avancee","18":"product_cat-intermediaire","19":"product_cat-formation-sur-les-logiciels-de-reglage","20":"product_tag-bavardages","21":"product_tag-crepitements","22":"product_tag-evc-fr","23":"product_tag-evc-winols-fr","24":"product_tag-franges","25":"product_tag-pops-fr","26":"product_tag-pops-et-franges","27":"product_tag-reglage-du-son","28":"product_tag-winols5-fr","30":"first","31":"instock","32":"taxable","33":"shipping-taxable","34":"purchasable","35":"product-type-simple"},"acf":[],"_links":{"self":[{"href":"https:\/\/www.remap101.co.uk\/fr\/wp-json\/wp\/v2\/product\/110183","targetHints":{"allow":["GET"]}}],"collection":[{"href":"https:\/\/www.remap101.co.uk\/fr\/wp-json\/wp\/v2\/product"}],"about":[{"href":"https:\/\/www.remap101.co.uk\/fr\/wp-json\/wp\/v2\/types\/product"}],"replies":[{"embeddable":true,"href":"https:\/\/www.remap101.co.uk\/fr\/wp-json\/wp\/v2\/comments?post=110183"}],"wp:featuredmedia":[{"embeddable":true,"href":"https:\/\/www.remap101.co.uk\/fr\/wp-json\/wp\/v2\/media\/110191"}],"wp:attachment":[{"href":"https:\/\/www.remap101.co.uk\/fr\/wp-json\/wp\/v2\/media?parent=110183"}],"wp:term":[{"taxonomy":"product_brand","embeddable":true,"href":"https:\/\/www.remap101.co.uk\/fr\/wp-json\/wp\/v2\/product_brand?post=110183"},{"taxonomy":"product_cat","embeddable":true,"href":"https:\/\/www.remap101.co.uk\/fr\/wp-json\/wp\/v2\/product_cat?post=110183"},{"taxonomy":"product_tag","embeddable":true,"href":"https:\/\/www.remap101.co.uk\/fr\/wp-json\/wp\/v2\/product_tag?post=110183"}],"curies":[{"name":"wp","href":"https:\/\/api.w.org\/{rel}","templated":true}]}}