{"id":110562,"date":"2025-08-19T17:04:41","date_gmt":"2025-08-19T16:04:41","guid":{"rendered":"https:\/\/www.remap101.co.uk\/product\/vta1082-alientech-ecm-titanium-3-0-diesel-tuning-online-course-module-4-of-4\/"},"modified":"2026-03-17T16:33:47","modified_gmt":"2026-03-17T16:33:47","slug":"vta1082-alientech-ecm-titanium-3-0-diesel-tuning-online-course-module-4-of-4","status":"publish","type":"product","link":"https:\/\/www.remap101.co.uk\/fr\/produit\/vta1082-alientech-ecm-titanium-3-0-diesel-tuning-online-course-module-4-of-4\/","title":{"rendered":"VTA1082 : Alientech ECM Titanium 3.0 : Cours en ligne sur le r\u00e9glage des moteurs diesel &#8211; Module 4 de 4"},"content":{"rendered":"<h3><strong>Apprenez \u00e0 remapper les calculateurs diesel en toute confiance &#8211; avec ce cours Alientech ECM Titanium 3.0 Diesel Tuning &#8211; 100 % en ligne et \u00e0 votre propre rythme.<\/strong><\/h3>\n<p>Ce cours de r\u00e9glage Alientech ECM Titanium 3.0 diesel est construit autour du <strong>logiciel Alientech ECM Titanium 3.0<\/strong> et est id\u00e9al pour les d\u00e9butants comme pour les techniciens en activit\u00e9. Vous suivez un parcours d&rsquo;apprentissage progressif qui commence par les bases et se d\u00e9veloppe jusqu&rsquo;\u00e0 l&rsquo;acquisition de comp\u00e9tences de r\u00e9glage r\u00e9elles.<\/p>\n<h3><strong>\u2705 Ce que vous apprendrez &#8211; Module 4 de 4<\/strong><\/h3>\n<ul>\n<li>Comment modifier les limiteurs de couple sp\u00e9cifiques au rapport de vitesse tout en conservant la strat\u00e9gie de l&rsquo;ECU ?<\/li>\n<li>Gestion des limiteurs de couple bas\u00e9s sur la temp\u00e9rature<\/li>\n<li>Pourquoi les cartes de couple calcul\u00e9es sont-elles importantes pour la surveillance et la validation du couple ?<\/li>\n<li>Comment relever le limiteur de quantit\u00e9 de carburant pour l&rsquo;adapter \u00e0 votre nouvel objectif de couple ?<\/li>\n<li>Comment modifier progressivement les cartes d&rsquo;injection<\/li>\n<li>Adaptation des limiteurs de temps aux changements de temps d&rsquo;injection principale<\/li>\n<li>Comment identifier et utiliser les principales cartes de pression du turbo ?<\/li>\n<li>Application d&rsquo;ajustements progressifs, bas\u00e9s sur des pourcentages<\/li>\n<li>Comment adapter les limiteurs de pression turbo \u00e0 vos nouveaux objectifs ?<\/li>\n<li>Comment r\u00e9aliser des augmentations contr\u00f4l\u00e9es de la pression ferroviaire<\/li>\n<li>Relever en toute s\u00e9curit\u00e9 les limiteurs de vitesse reconnus par l&rsquo;ECU dans les limites du conducteur<\/li>\n<\/ul>\n<h3><strong>\ud83d\udcd8 Caract\u00e9ristiques du cours<\/strong><\/h3>\n<ul>\n<li>Tutoriels vid\u00e9o, notes t\u00e9l\u00e9chargeables et proc\u00e9dures pas \u00e0 pas guid\u00e9es des fichiers<\/li>\n<li><strong>Structure d&rsquo;apprentissage progressive<\/strong> &#8211; d\u00e9veloppez la confiance \u00e9tape par \u00e9tape<\/li>\n<li><strong>Quiz pratique <\/strong>pour tester vos connaissances<\/li>\n<li><strong>Certificat d&rsquo;ach\u00e8vement <\/strong>inclus<\/li>\n<li>Acc\u00e8s \u00e0 vie &#8211; apprenez quand et o\u00f9 cela vous convient<\/li>\n<\/ul>\n<h3><strong>\ud83d\udc68\u200d\ud83d\udd27 Parfait pour<\/strong><\/h3>\n<ul>\n<li>Tuners ECU diesel nouveaux ou en devenir<\/li>\n<li>Professionnels de l&rsquo;atelier et remappeurs mobiles<\/li>\n<li>Utilisateurs existants d&rsquo;ECM Titanium \u00e0 la recherche d&rsquo;une formation structur\u00e9e<\/li>\n<li>Toute personne souhaitant se d\u00e9velopper dans le r\u00e9glage des performances diesel<\/li>\n<\/ul>\n<h3>\ud83c\udf93<strong>Apprenez le r\u00e9glage du calculateur diesel de la bonne fa\u00e7on &#8211; claire, professionnelle et pr\u00eate pour le monde r\u00e9el.<\/strong><\/h3>\n","protected":false},"excerpt":{"rendered":"<p>Dans cette formation de r\u00e9glage Alientech ECM Titanium 3.0 Diesel, apprenez \u00e0 reprogrammer les calculateurs diesel gr\u00e2ce \u00e0 cette formation en ligne \u00e9tape par \u00e9tape. D\u00e9veloppez vos comp\u00e9tences gr\u00e2ce \u00e0 des le\u00e7ons guid\u00e9es, un quiz pratique et obtenez un certificat de r\u00e9ussite, le tout \u00e0 votre rythme.<\/p>\n","protected":false},"featured_media":77352,"comment_status":"closed","ping_status":"closed","template":"","meta":{"_acf_changed":false},"product_brand":[19674,19679],"product_cat":[24427,24508,20398,24406,24643,24637,24658],"product_tag":[22085,22086,22087,15279,22081,22082,22084,22079,22083,22080],"class_list":{"0":"post-110562","1":"product","2":"type-product","3":"status-publish","4":"has-post-thumbnail","6":"product_brand-alientech","7":"product_brand-ecm-titanium","8":"product_cat-formation-ecm-titanium","9":"product_cat-formation-sur-le-reglage-de-la-marque","10":"product_cat-modules-de-reglage-des-moteurs-diesel","11":"product_cat-formation-a-la-mise-au-point-de-tous-les-vehicules","12":"product_cat-en-ligne","13":"product_cat-formation-sur-les-logiciels-de-reglage","14":"product_cat-alientech-fr","15":"product_tag-cours-de-formation-diesel-ecm","16":"product_tag-cours-en-ligne-ecm","17":"product_tag-cours-en-ligne-sur-le-reglage-du-moteur-diesel-alientech-ecm","18":"product_tag-ecm-titanium-fr","19":"product_tag-formation-alientech","20":"product_tag-formation-alientech-ecm","21":"product_tag-formation-alientech-ecm-diesel","22":"product_tag-formation-ecm","23":"product_tag-formation-en-ligne-alientech","24":"product_tag-reglage-du-moteur-diesel-ecm","26":"first","27":"instock","28":"taxable","29":"shipping-taxable","30":"purchasable","31":"product-type-simple"},"acf":[],"_links":{"self":[{"href":"https:\/\/www.remap101.co.uk\/fr\/wp-json\/wp\/v2\/product\/110562","targetHints":{"allow":["GET"]}}],"collection":[{"href":"https:\/\/www.remap101.co.uk\/fr\/wp-json\/wp\/v2\/product"}],"about":[{"href":"https:\/\/www.remap101.co.uk\/fr\/wp-json\/wp\/v2\/types\/product"}],"replies":[{"embeddable":true,"href":"https:\/\/www.remap101.co.uk\/fr\/wp-json\/wp\/v2\/comments?post=110562"}],"wp:featuredmedia":[{"embeddable":true,"href":"https:\/\/www.remap101.co.uk\/fr\/wp-json\/wp\/v2\/media\/77352"}],"wp:attachment":[{"href":"https:\/\/www.remap101.co.uk\/fr\/wp-json\/wp\/v2\/media?parent=110562"}],"wp:term":[{"taxonomy":"product_brand","embeddable":true,"href":"https:\/\/www.remap101.co.uk\/fr\/wp-json\/wp\/v2\/product_brand?post=110562"},{"taxonomy":"product_cat","embeddable":true,"href":"https:\/\/www.remap101.co.uk\/fr\/wp-json\/wp\/v2\/product_cat?post=110562"},{"taxonomy":"product_tag","embeddable":true,"href":"https:\/\/www.remap101.co.uk\/fr\/wp-json\/wp\/v2\/product_tag?post=110562"}],"curies":[{"name":"wp","href":"https:\/\/api.w.org\/{rel}","templated":true}]}}