{"id":51034,"date":"2021-09-30T14:46:38","date_gmt":"2021-09-30T13:46:38","guid":{"rendered":"https:\/\/www.remap101.co.uk\/product\/version-de-credit-du-logiciel-alientech-ecm-titanium-3-0\/"},"modified":"2026-01-28T09:17:59","modified_gmt":"2026-01-28T09:17:59","slug":"alientech-ecm-titanium-software-credit-version","status":"publish","type":"product","link":"https:\/\/www.remap101.co.uk\/fr\/produit\/alientech-ecm-titanium-software-credit-version\/","title":{"rendered":"Version de cr\u00e9dit du logiciel Alientech ECM Titanium 3.0"},"content":{"rendered":"<p>Alientech ECM Titanium Software Credit Version. Une version authentique du logiciel Alientech ECM Titanium 3.0 ECU remapping. ECM Credit est souvent le premier logiciel sur lequel les tuners commencent. Il est agr\u00e9able et facile \u00e0 utiliser, et comme il s&rsquo;agit d&rsquo;une version de cr\u00e9dit, il est aussi beaucoup moins cher. C&rsquo;est donc un tr\u00e8s bon logiciel de d\u00e9marrage.    <\/p>\n<h2>Logiciel Alientech ECM Titanium 3.0 &#8211; Cr\u00e9dit<\/h2>\n<h3>Quelle est la diff\u00e9rence entre le logiciel ECM complet et la version de cr\u00e9dit du logiciel Alientech ECM Titanium 3.0 ?<\/h3>\n<p data-start=\"395\" data-end=\"685\">La principale diff\u00e9rence r\u00e9side dans la fa\u00e7on dont vous acc\u00e9dez aux ressources de r\u00e9glage. L&rsquo;ECM Titanium Credit Version est un logiciel de r\u00e9glage du calculateur \u00e0 la carte, id\u00e9al pour les d\u00e9butants ou les pr\u00e9parateurs qui n&rsquo;effectuent pas de r\u00e9glages fr\u00e9quents. Le co\u00fbt initial est moins \u00e9lev\u00e9, mais vous devrez acheter des pilotes et des packs de cartes au fur et \u00e0 mesure.  <\/p>\n<p data-start=\"687\" data-end=\"882\">En revanche, la version compl\u00e8te de l&rsquo;ECM Titanium est livr\u00e9e avec tous les pilotes et packs de cartes inclus, ce qui vous permet de r\u00e9gler un nombre illimit\u00e9 de v\u00e9hicules sans frais suppl\u00e9mentaires une fois activ\u00e9e.<\/p>\n<p data-start=\"884\" data-end=\"1082\">\ud83d\udc49 <strong data-start=\"887\" data-end=\"932\">Vous d\u00e9butez ou vous vous accordez occasionnellement ?<\/strong> La version Cr\u00e9dit pourrait \u00eatre le point d&rsquo;entr\u00e9e parfait.<br data-start=\"985\" data-end=\"988\">\ud83d\udc49 <strong data-start=\"991\" data-end=\"1030\">Vous faites du tuning r\u00e9guli\u00e8rement ou professionnellement ?<\/strong> Optez pour la version compl\u00e8te ou la version Promo pour une valeur maximale.<\/p>\n<div id=\"attachment_15880\" style=\"width: 310px\" class=\"wp-caption aligncenter\"><img decoding=\"async\" aria-describedby=\"caption-attachment-15880\" class=\"wp-image-6027 size-medium\" src=\"https:\/\/www.remap101.co.uk\/wp-content\/uploads\/2021\/09\/alientech-ecm-software.jpg\" alt=\"Logiciel Alientech ECM Titanium - Cr\u00e9dit\" width=\"300\" height=\"225\"><p id=\"caption-attachment-15880\" class=\"wp-caption-text\">Dongle logiciel ECM Alientech<\/p><\/div>\n<h2>Soutien \u00e0 la formation<\/h2>\n<p>L&rsquo;acad\u00e9mie de formation tient en stock toutes les versions du logiciel ECM. Des sessions de formation et de d\u00e9monstration sont disponibles. Si vous avez besoin d&rsquo;aide pour choisir le bon logiciel, n&rsquo;h\u00e9sitez pas \u00e0 nous en faire part. L&rsquo;\u00e9quipe d&rsquo;assistance technique se fera un plaisir de r\u00e9pondre \u00e0 vos questions.   <\/p>\n<p>Le logiciel ECM Titanium Tuning est tr\u00e8s facile \u00e0 utiliser et \u00e0 apprendre. L&rsquo;acad\u00e9mie de formation propose une gamme compl\u00e8te de cours de formation Alientech ECM. Ils couvrent \u00e0 la fois le r\u00e9glage des moteurs \u00e0 essence et des moteurs diesel. Et tous les aspects de l&rsquo;utilisation du logiciel pour le r\u00e9glage et le remappage de l&rsquo;ECU. Y compris le r\u00e9glage de la bo\u00eete de vitesses, le clonage et les services de r\u00e9glage des performances et de l&rsquo;\u00e9conomie de carburant.    <\/p>\n<h2>Pourquoi choisir l&rsquo;Acad\u00e9mie technique VIEZU ?<\/h2>\n<p><span style=\"font-size: 16px;\">L&rsquo;Acad\u00e9mie technique VIEZU est \u00e0 votre disposition pour vous aider dans votre formation en mati\u00e8re de tuning automobile et de remappage de l&rsquo;ECU, d&rsquo;outils de tuning et de logiciels.<\/span><\/p>\n<p>Consultez nos <a href=\"https:\/\/www.remap101.co.uk\/pt-br\/?post_type=sfwd-courses&#038;p=41835\">sessions de formation ECM<\/a> gratuites, nos visites guid\u00e9es en ligne et nos vid\u00e9os de pr\u00e9sentation &#8211; nous sommes l\u00e0 pour vous aider.<\/p>\n<p>Et consultez la liste compl\u00e8te des formations Alientech, en classe et en ligne, ici : <a href=\"https:\/\/www.remap101.co.uk\/alientech-training\/learn-ecm-titanum\/\">VIEZU ECM Training<\/a><\/p>\n<div>\n<div>\n<h2>Rejoignez notre communaut\u00e9 | <a href=\"https:\/\/www.facebook.com\/groups\/guildoftuners\" target=\"_blank\" rel=\"noopener\">Guild of Tuners<\/a><\/h2>\n<\/div>\n<ul>\n<li>Des webinaires gratuits g\u00e9niaux !<\/li>\n<li>Le buzz des technologies de pointe en mati\u00e8re de tuning<\/li>\n<li>Nouvelles fra\u00eeches de Tool &amp; Software Wizards<\/li>\n<\/ul>\n<\/div>\n<p>&nbsp;<\/p>\n","protected":false},"excerpt":{"rendered":"<p>Alientech ECM Titanium Software Credit Version. Une version de cr\u00e9dit authentique du logiciel Alientech ECM Titanium 3.0 ecu remapping. ECM Credit est souvent le premier logiciel sur lequel les tuners commencent. Il est agr\u00e9able et facile \u00e0 utiliser, et comme il s&rsquo;agit d&rsquo;une version de cr\u00e9dit, il est aussi beaucoup moins cher. C&rsquo;est donc un tr\u00e8s bon logiciel de d\u00e9marrage.     <span style=\"font-family: var(--global-body-font-family); font-size: 16px;\">Vous trouverez plus d&rsquo;informations ci-dessous.<\/span><\/p>\n","protected":false},"featured_media":54603,"comment_status":"open","ping_status":"closed","template":"","meta":{"_acf_changed":false},"product_brand":[],"product_cat":[24627,22078,15037,15042,24646],"product_tag":[15253,23175,23177,23176],"class_list":{"0":"post-51034","1":"product","2":"type-product","3":"status-publish","4":"has-post-thumbnail","6":"product_cat-boutique","7":"product_cat-ecm-titanium-logiciel","8":"product_cat-outils-et-logiciels-de-reglage-professionnels","9":"product_cat-outils-logiciels-alientech","10":"product_cat-logiciel-de-reglage-professionnel","11":"product_tag-logiciel-alientech-ecm-titanium","12":"product_tag-version-de-credit","13":"product_tag-version-de-credit-du-logiciel-alientech-ecm-titanium-3-0","14":"product_tag-version-du-credit-ecm","16":"first","17":"instock","18":"taxable","19":"shipping-taxable","20":"purchasable","21":"product-type-simple"},"acf":[],"_links":{"self":[{"href":"https:\/\/www.remap101.co.uk\/fr\/wp-json\/wp\/v2\/product\/51034","targetHints":{"allow":["GET"]}}],"collection":[{"href":"https:\/\/www.remap101.co.uk\/fr\/wp-json\/wp\/v2\/product"}],"about":[{"href":"https:\/\/www.remap101.co.uk\/fr\/wp-json\/wp\/v2\/types\/product"}],"replies":[{"embeddable":true,"href":"https:\/\/www.remap101.co.uk\/fr\/wp-json\/wp\/v2\/comments?post=51034"}],"wp:featuredmedia":[{"embeddable":true,"href":"https:\/\/www.remap101.co.uk\/fr\/wp-json\/wp\/v2\/media\/54603"}],"wp:attachment":[{"href":"https:\/\/www.remap101.co.uk\/fr\/wp-json\/wp\/v2\/media?parent=51034"}],"wp:term":[{"taxonomy":"product_brand","embeddable":true,"href":"https:\/\/www.remap101.co.uk\/fr\/wp-json\/wp\/v2\/product_brand?post=51034"},{"taxonomy":"product_cat","embeddable":true,"href":"https:\/\/www.remap101.co.uk\/fr\/wp-json\/wp\/v2\/product_cat?post=51034"},{"taxonomy":"product_tag","embeddable":true,"href":"https:\/\/www.remap101.co.uk\/fr\/wp-json\/wp\/v2\/product_tag?post=51034"}],"curies":[{"name":"wp","href":"https:\/\/api.w.org\/{rel}","templated":true}]}}