{"id":51061,"date":"2022-01-06T15:07:08","date_gmt":"2022-01-06T15:07:08","guid":{"rendered":"https:\/\/www.remap101.co.uk\/product\/module-de-reglage-de-lessence-en-titane-ecm-4-sur-6\/"},"modified":"2026-02-19T15:23:04","modified_gmt":"2026-02-19T15:23:04","slug":"ecm-titanium-gasoline-tuning-module-4-of-6","status":"publish","type":"product","link":"https:\/\/www.remap101.co.uk\/fr\/produit\/ecm-titanium-gasoline-tuning-module-4-of-6\/","title":{"rendered":"VTA1026 : Module de formation ECM Titanium Gasoline 4 de 6"},"content":{"rendered":"<h2>ECM Titane Essence | Formation en ligne sur l\u2019essence Module 4 de 6<\/h2>\n<p>ECM Titane Essence | Formation sur l\u2019essence Cours de formation en ligne ce qui est couvert :<\/p>\n<ul>\n<li>En savoir plus sur Lambda dans le contexte du remappage de l\u2019ECU et comment apporter des modifications\n<ul>\n<li>Qu\u2019est-ce que le Wastegate et comment y apporter des modifications\n<ul>\n<li>D\u00e9couvrez pourquoi et comment la soupape de d\u00e9charge doit \u00eatre modifi\u00e9e<\/li>\n<\/ul>\n<\/li>\n<li>Comment ajuster les cartes d\u2019\u00e9tincelles dans un moteur turbo \u00e0 essence\n<ul>\n<li>Et ainsi explorer les cartes Spark, d\u00e9couvrez comment les modifier correctement<\/li>\n<\/ul>\n<\/li>\n<li>Ce qui nous am\u00e8ne \u00e0 sous-estimer les cartes disponibles pour la modification sur les v\u00e9hicules \u00e0 essence\/essence. Apprendre la logique et la strat\u00e9gie pour lesquelles nous les modifierions <\/li>\n<\/ul>\n<\/li>\n<\/ul>\n<p>Ce module de formation en ligne ECM Titanium Petrol | Gasoline est la 4\u00e8me session d&rsquo;une s\u00e9rie de 6 sessions de formation en ligne Alientech ECM Titanium Gasoline Tuning. Il est donc recommand\u00e9 de suivre ces cours l&rsquo;un apr\u00e8s l&rsquo;autre afin de profiter au mieux du transfert de connaissances approfondi. <\/p>\n<p>Le formateur, de par sa conception, s&rsquo;appuie sur vos connaissances d&rsquo;un module \u00e0 l&rsquo;autre. Pour cette raison, les exercices pratiques que vous ferez dans le cours pr\u00e9c\u00e9dent vous conduiront \u00e0 travers les \u00e9tapes cl\u00e9s pour devenir un accordeur comp\u00e9tent. Par cons\u00e9quent, m\u00eame si vous utilisez d\u00e9j\u00e0 le logiciel Alientech ECM Titanium, commencez par la le\u00e7on d&rsquo;introduction. Cela vous permettra de suivre confortablement la logique et la structure des le\u00e7ons \u00e9tape par \u00e9tape.   <\/p>\n<h3><strong>Logiciel de r\u00e9glage ECM Alientech  <\/strong><\/h3>\n<p>En th\u00e9orie, vous n&rsquo;avez pas besoin d&rsquo;avoir d\u00e9j\u00e0 achet\u00e9 le logiciel de r\u00e9glage Alientech ECM pour suivre ces cours de formation. Cependant, pour une exp\u00e9rience d&rsquo;apprentissage optimale et pour vous assurer de tirer le meilleur parti des cours de formation Remap 101, nous vous conseillons de suivre la formation avec le logiciel en main. Nous vous conseillons vraiment de suivre la formation avec le logiciel en main.  <\/p>\n<p>Si vous disposez du logiciel ECM, vous pourrez suivre activement la formation. Vous pourrez ainsi participer aux exercices pendant et apr\u00e8s la formation. Nous savons que vous obtiendrez beaucoup plus de la formation si vous suivez le cours avec le logiciel. C&rsquo;est pourquoi vous aimerez peut-\u00eatre savoir que Remap 101 stocke, fournit et forme \u00e0 peu pr\u00e8s tous les outils et logiciels de r\u00e9glage. Vous pouvez voir la boutique d&rsquo;outils de r\u00e9glage et de logiciels ici : <a href=\"https:\/\/www.remap101.co.uk\/fr\/categorie-produit\/outils-et-logiciels-de-reglage-professionnels\/\">Boutique<\/a>    <\/p>\n","protected":false},"excerpt":{"rendered":"<h2>Module de formation en ligne ECM Titanium Gasoline\/Petrol Tuning Module 4 sur 6<\/h2>\n","protected":false},"featured_media":56735,"comment_status":"open","ping_status":"closed","template":"","meta":{"_acf_changed":false},"product_brand":[19674,19679],"product_cat":[24518,24427,24508,24406,24643,24637,24658],"product_tag":[15278,15279,15280,15281],"class_list":{"0":"post-51061","1":"product","2":"type-product","3":"status-publish","4":"has-post-thumbnail","6":"product_brand-alientech","7":"product_brand-ecm-titanium","8":"product_cat-formation-a-la-mise-au-point-des-moteurs-a-essence","9":"product_cat-formation-ecm-titanium","10":"product_cat-formation-sur-le-reglage-de-la-marque","11":"product_cat-formation-a-la-mise-au-point-de-tous-les-vehicules","12":"product_cat-en-ligne","13":"product_cat-formation-sur-les-logiciels-de-reglage","14":"product_cat-alientech-fr","15":"product_tag-ecm-fr","16":"product_tag-ecm-titanium-fr","17":"product_tag-essence","18":"product_tag-essence-fr","20":"first","21":"instock","22":"taxable","23":"shipping-taxable","24":"purchasable","25":"product-type-simple"},"acf":[],"_links":{"self":[{"href":"https:\/\/www.remap101.co.uk\/fr\/wp-json\/wp\/v2\/product\/51061","targetHints":{"allow":["GET"]}}],"collection":[{"href":"https:\/\/www.remap101.co.uk\/fr\/wp-json\/wp\/v2\/product"}],"about":[{"href":"https:\/\/www.remap101.co.uk\/fr\/wp-json\/wp\/v2\/types\/product"}],"replies":[{"embeddable":true,"href":"https:\/\/www.remap101.co.uk\/fr\/wp-json\/wp\/v2\/comments?post=51061"}],"wp:featuredmedia":[{"embeddable":true,"href":"https:\/\/www.remap101.co.uk\/fr\/wp-json\/wp\/v2\/media\/56735"}],"wp:attachment":[{"href":"https:\/\/www.remap101.co.uk\/fr\/wp-json\/wp\/v2\/media?parent=51061"}],"wp:term":[{"taxonomy":"product_brand","embeddable":true,"href":"https:\/\/www.remap101.co.uk\/fr\/wp-json\/wp\/v2\/product_brand?post=51061"},{"taxonomy":"product_cat","embeddable":true,"href":"https:\/\/www.remap101.co.uk\/fr\/wp-json\/wp\/v2\/product_cat?post=51061"},{"taxonomy":"product_tag","embeddable":true,"href":"https:\/\/www.remap101.co.uk\/fr\/wp-json\/wp\/v2\/product_tag?post=51061"}],"curies":[{"name":"wp","href":"https:\/\/api.w.org\/{rel}","templated":true}]}}