{"id":51072,"date":"2022-01-10T18:38:55","date_gmt":"2022-01-10T18:38:55","guid":{"rendered":"https:\/\/www.remap101.co.uk\/product\/evc-winols-diesel-tuning-module-6-de-6a\/"},"modified":"2026-02-19T15:23:03","modified_gmt":"2026-02-19T15:23:03","slug":"evc-winols-diesel-tuning-module-6-of-6a","status":"publish","type":"product","link":"https:\/\/www.remap101.co.uk\/fr\/produit\/evc-winols-diesel-tuning-module-6-of-6a\/","title":{"rendered":"VTA1027 :  Module de r\u00e9glage diesel EVC WinOLS 6 sur 6a"},"content":{"rendered":"<h2>VTA1027 : Formation en ligne EVC WinOLS sur le r\u00e9glage des moteurs diesel Module 6 de 6a<\/h2>\n<p>Ceci est la 6\u00e8me section de la formation en ligne Viezu Remap101 sur le r\u00e9glage et l&rsquo;\u00e9talonnage des moteurs diesel \u00e0 l&rsquo;aide d&rsquo;EVC WinOLS.<\/p>\n<p>La 6e section est divis\u00e9e en deux modules &#8211; \u00e9num\u00e9r\u00e9s ci-dessous :<\/p>\n<ul>\n<li><strong>EVC WinOLS Diesel Tuning Training Module 6 de 6a (ce module)<\/strong><\/li>\n<li>EVC WinOLS Diesel Tuning Training Module 6 of 6b (le dernier module de ce cours en ligne)<\/li>\n<\/ul>\n<p>WinOLS est un logiciel complexe qui peut \u00eatre difficile \u00e0 apprendre pour le nouvel utilisateur. C&rsquo;est pourquoi les cours en ligne de Viezu Remap101 sur WinOLS comprennent plus de modules que nos cours sur d&rsquo;autres plateformes logicielles.<\/p>\n<p>Au total, ce cours en ligne sur le r\u00e9glage des moteurs diesel \u00e0 l&rsquo;aide de WinOLS comporte 8 modules.<\/p>\n<p>Pour tirer pleinement parti de ce cours en ligne, vous devez suivre les modules dans l&rsquo;ordre correct. Cela vous permettra de d\u00e9velopper vos connaissances et vos comp\u00e9tences de mani\u00e8re structur\u00e9e.<\/p>\n<p>Par cons\u00e9quent, il vous sera utile de suivre les modules pr\u00e9c\u00e9dents de ce cours avant d&rsquo;aborder ce module.<\/p>\n<h3><strong>Contenu du module 6 sur 6a de r\u00e9glage diesel EVC WinOLS\u00a0:<\/strong><\/h3>\n<ol>\n<li>Comment commencer \u00e0 apporter des modifications au fichier d&rsquo;origine<\/li>\n<li>Comment annuler ou r\u00e9tablir les modifications \u00e0 l&rsquo;\u00e9tat d&rsquo;origine du fichier<\/li>\n<li>La m\u00e9thode <strong>ABC<\/strong> pour apporter des changements<\/li>\n<li>Couple maximal et couple optimal<\/li>\n<li>Modification des limiteurs de couple<\/li>\n<li>Enregistrer une version avec des notes<\/li>\n<\/ol>\n<p>Le formateur de ce module de formation s&rsquo;occupe de r\u00e9glage et de remappage avec WinOL depuis plus de 15 ans et a donn\u00e9 des cours de r\u00e9daction de cartes de r\u00e9glage et des sessions de formation aux \u00c9tats-Unis, en Chine, au Moyen-Orient, en Afrique du Sud et dans d&rsquo;autres pays du monde. D\u00e9sormais, depuis votre domicile ou votre entreprise, vous pouvez \u00e9galement apprendre de premi\u00e8re main les connaissances des initi\u00e9s en mati\u00e8re de tuning.<\/p>\n<h3><strong>Acc\u00e8s \u00e0 vie \u00e0 chaque module<\/strong><\/h3>\n<p>Lorsque vous achetez un module, vous y avez acc\u00e8s \u00e0 vie. Vous pouvez le regarder et le parcourir aussi souvent que vous le souhaitez.<\/p>\n<p>Vous pouvez mettre en pause et red\u00e9marrer les vid\u00e9os de formation. Si vous avez besoin de faire une pause ou si vous \u00eates interrompu, pas de probl\u00e8me : mettez la vid\u00e9o en pause et reprenez-la lorsque vous \u00eates pr\u00eat. Cela vous permet \u00e9galement de prendre des notes et de vous entra\u00eener seul, afin de mettre en pratique ce que vous venez de voir.<\/p>\n<h3><strong>Le logiciel WinOLS<\/strong><\/h3>\n<p>Il n&rsquo;est pas n\u00e9cessaire de poss\u00e9der le logiciel EVC WinOLS pour suivre ces formations WinOLS en ligne, mais il est pr\u00e9f\u00e9rable d&rsquo;avoir le logiciel sur votre propre ordinateur. Vous pourrez ainsi suivre le formateur dans la vid\u00e9o et mettre en pratique les techniques et les proc\u00e9dures qui vous sont pr\u00e9sent\u00e9es.<\/p>\n<p>Si vous n&rsquo;avez pas encore la version compl\u00e8te du logiciel de r\u00e9glage EVC WinOLS, vous pouvez la voir et l&rsquo;acheter ici dans la boutique de r\u00e9glage Remap 101 &#8211; <a href=\"https:\/\/www.remap101.co.uk\/fr\/categorie-produit\/outils-et-logiciels-de-reglage-professionnels\/\">Logiciel de r\u00e9glage<\/a>.<\/p>\n","protected":false},"excerpt":{"rendered":"<p>VTA1027 : Formation en ligne EVC WinOLS sur le r\u00e9glage des moteurs diesel Module 6 de 6a Ceci est la 6\u00e8me section de la formation en ligne Viezu Remap101 sur le r\u00e9glage et l&rsquo;\u00e9talonnage des moteurs diesel \u00e0 l&rsquo;aide d&rsquo;EVC WinOLS. La 6e section est divis\u00e9e en deux modules &#8211; \u00e9num\u00e9r\u00e9s ci-dessous : EVC WinOLS [&hellip;]<\/p>\n","protected":false},"featured_media":56805,"comment_status":"open","ping_status":"closed","template":"","meta":{"_acf_changed":false},"product_brand":[21146,19675],"product_cat":[24509,24511,24407,24409,20398,24406,24643,24637],"product_tag":[15315,15316,15317],"class_list":{"0":"post-51072","1":"product","2":"type-product","3":"status-publish","4":"has-post-thumbnail","6":"product_brand-evc","7":"product_brand-winols","8":"product_cat-formation-au-tuning-par-niveau","9":"product_cat-formation-au-tuning-par-type-de-vehicule","10":"product_cat-formation-evc-winols","11":"product_cat-evc-electronique","12":"product_cat-modules-de-reglage-des-moteurs-diesel","13":"product_cat-formation-a-la-mise-au-point-de-tous-les-vehicules","14":"product_cat-en-ligne","15":"product_cat-formation-sur-les-logiciels-de-reglage","16":"product_tag-evc-fr","17":"product_tag-evc-winols-fr","18":"product_tag-moteur-diesel-evc-winols","20":"first","21":"instock","22":"taxable","23":"shipping-taxable","24":"purchasable","25":"product-type-simple"},"acf":[],"_links":{"self":[{"href":"https:\/\/www.remap101.co.uk\/fr\/wp-json\/wp\/v2\/product\/51072","targetHints":{"allow":["GET"]}}],"collection":[{"href":"https:\/\/www.remap101.co.uk\/fr\/wp-json\/wp\/v2\/product"}],"about":[{"href":"https:\/\/www.remap101.co.uk\/fr\/wp-json\/wp\/v2\/types\/product"}],"replies":[{"embeddable":true,"href":"https:\/\/www.remap101.co.uk\/fr\/wp-json\/wp\/v2\/comments?post=51072"}],"wp:featuredmedia":[{"embeddable":true,"href":"https:\/\/www.remap101.co.uk\/fr\/wp-json\/wp\/v2\/media\/56805"}],"wp:attachment":[{"href":"https:\/\/www.remap101.co.uk\/fr\/wp-json\/wp\/v2\/media?parent=51072"}],"wp:term":[{"taxonomy":"product_brand","embeddable":true,"href":"https:\/\/www.remap101.co.uk\/fr\/wp-json\/wp\/v2\/product_brand?post=51072"},{"taxonomy":"product_cat","embeddable":true,"href":"https:\/\/www.remap101.co.uk\/fr\/wp-json\/wp\/v2\/product_cat?post=51072"},{"taxonomy":"product_tag","embeddable":true,"href":"https:\/\/www.remap101.co.uk\/fr\/wp-json\/wp\/v2\/product_tag?post=51072"}],"curies":[{"name":"wp","href":"https:\/\/api.w.org\/{rel}","templated":true}]}}