{"id":51078,"date":"2022-01-05T13:49:41","date_gmt":"2022-01-05T13:49:41","guid":{"rendered":"https:\/\/www.remap101.co.uk\/product\/module-de-formation-sur-le-reglage-de-lessence-en-titane-ecm-3-sur-6\/"},"modified":"2026-02-19T15:23:04","modified_gmt":"2026-02-19T15:23:04","slug":"ecm-titanium-gasoline-tuning-training-module-3-of-6","status":"publish","type":"product","link":"https:\/\/www.remap101.co.uk\/fr\/produit\/ecm-titanium-gasoline-tuning-training-module-3-of-6\/","title":{"rendered":"VTA1025 : Alientech ECM Titanium Gasoline &#8211; Module 3 de 6"},"content":{"rendered":"<h2>Alientech ECM Titanium Gasoline &#8211; Module 3 de 6<\/h2>\n<p>Formation sur le r\u00e9glage de l\u2019essence en titane ECM ce qui est couvert :<\/p>\n<ul>\n<li><span style=\"font-family: var(--global-body-font-family);\">Comment aborder le r\u00e9glage de l&rsquo;essence sur diff\u00e9rents types de v\u00e9hicules et comment transf\u00e9rer la logique des le\u00e7ons pr\u00e9c\u00e9dentes et les appliquer \u00e0 cette le\u00e7on.<\/span><\/li>\n<li style=\"list-style-type: none;\">\n<ul>\n<li>\n<ul>\n<li>Quelle configuration le constructeur automobile applique-t-il pour le v\u00e9hicule \u00e0 essence<\/li>\n<\/ul>\n<\/li>\n<li>Enqu\u00eate sur le dossier\n<ul>\n<li>Quelles cartes de touches v\u00e9rifier<\/li>\n<li>\u00c0 quoi servent ces cartes cl\u00e9s et quel effet ont-elles sur le v\u00e9hicule<\/li>\n<li>Les avantages de la compr\u00e9hension de ces cartes cl\u00e9s et,<\/li>\n<li>Les am\u00e9liorations potentielles disponibles<\/li>\n<li>Comment identifier une augmentation s\u00fbre et fiable de la consommation d&rsquo;essence des v\u00e9hicules turbo<\/li>\n<\/ul>\n<\/li>\n<li>Et donc, suite \u00e0 l\u2019enqu\u00eate, apporter les modifications aux limiteurs de demande et de turbo pour d\u00e9bloquer le boost suppl\u00e9mentaire que le v\u00e9hicule peut faire en toute s\u00e9curit\u00e9.<\/li>\n<\/ul>\n<\/li>\n<\/ul>\n<p>Ce module est la 3\u00e8me session d\u2019une s\u00e9rie de 6 sessions de formation en ligne sur le r\u00e9glage de l\u2019essence Alientech ECM Titanium. Pour cette raison, les 6 modules doivent \u00eatre suivis dans l\u2019ordre pour que vous obteniez le maximum d\u2019avantages et de connaissances. Par cons\u00e9quent, chaque session de formation s\u2019appuiera sur vos connaissances du cours pr\u00e9c\u00e9dent. En tant que tel, m\u00eame si vous utilisez d\u00e9j\u00e0 le logiciel Alientech ECM Titanium. Nous vous sugg\u00e9rons de commencer par une le\u00e7on d\u2019introduction pour vous assurer que vous pouvez suivre confortablement la logique et la structure des le\u00e7ons.    <\/p>\n<h3><strong>Logiciel de r\u00e9glage ECM Alientech  <\/strong><\/h3>\n<p>En th\u00e9orie, vous n&rsquo;avez pas besoin d&rsquo;avoir d\u00e9j\u00e0 achet\u00e9 le logiciel de r\u00e9glage Alientech ECM pour suivre ces cours de formation. Cependant, pour une exp\u00e9rience d&rsquo;apprentissage optimale et pour vous assurer de tirer le meilleur parti des cours de formation Remap 101, nous vous conseillons de suivre la formation avec le logiciel en main. Nous vous conseillons vraiment de suivre la formation avec le logiciel en main.  <\/p>\n<p>Si vous disposez du logiciel ECM, vous pourrez suivre activement la formation. Et donc de participer aux exercices pendant et apr\u00e8s la formation. D&rsquo;apr\u00e8s notre exp\u00e9rience, la formation renforce et cr\u00e9e une bien meilleure base de connaissances avec le logiciel utilis\u00e9 en conjonction avec le cours. <\/p>\n<p>Remap 101 stocke, fournit et forme \u00e0 la plupart des outils et logiciels de r\u00e9glage. Vous pouvez voir l&rsquo;outil de r\u00e9glage et la boutique de logiciels ici : <a href=\"https:\/\/www.remap101.co.uk\/fr\/categorie-produit\/outils-et-logiciels-de-reglage-professionnels\/\">Boutique<\/a><\/p>\n","protected":false},"excerpt":{"rendered":"<h2>Alientech ECM Titanium Gasoline &#8211; Module 3 de 6<\/h2>\n","protected":false},"featured_media":56665,"comment_status":"open","ping_status":"closed","template":"","meta":{"_acf_changed":false},"product_brand":[19674,19679],"product_cat":[24518,24427,24508,24406,24643,24637,24658],"product_tag":[15278,15279,15280,15281],"class_list":{"0":"post-51078","1":"product","2":"type-product","3":"status-publish","4":"has-post-thumbnail","6":"product_brand-alientech","7":"product_brand-ecm-titanium","8":"product_cat-formation-a-la-mise-au-point-des-moteurs-a-essence","9":"product_cat-formation-ecm-titanium","10":"product_cat-formation-sur-le-reglage-de-la-marque","11":"product_cat-formation-a-la-mise-au-point-de-tous-les-vehicules","12":"product_cat-en-ligne","13":"product_cat-formation-sur-les-logiciels-de-reglage","14":"product_cat-alientech-fr","15":"product_tag-ecm-fr","16":"product_tag-ecm-titanium-fr","17":"product_tag-essence","18":"product_tag-essence-fr","20":"first","21":"instock","22":"taxable","23":"shipping-taxable","24":"product-type-simple"},"acf":[],"_links":{"self":[{"href":"https:\/\/www.remap101.co.uk\/fr\/wp-json\/wp\/v2\/product\/51078","targetHints":{"allow":["GET"]}}],"collection":[{"href":"https:\/\/www.remap101.co.uk\/fr\/wp-json\/wp\/v2\/product"}],"about":[{"href":"https:\/\/www.remap101.co.uk\/fr\/wp-json\/wp\/v2\/types\/product"}],"replies":[{"embeddable":true,"href":"https:\/\/www.remap101.co.uk\/fr\/wp-json\/wp\/v2\/comments?post=51078"}],"wp:featuredmedia":[{"embeddable":true,"href":"https:\/\/www.remap101.co.uk\/fr\/wp-json\/wp\/v2\/media\/56665"}],"wp:attachment":[{"href":"https:\/\/www.remap101.co.uk\/fr\/wp-json\/wp\/v2\/media?parent=51078"}],"wp:term":[{"taxonomy":"product_brand","embeddable":true,"href":"https:\/\/www.remap101.co.uk\/fr\/wp-json\/wp\/v2\/product_brand?post=51078"},{"taxonomy":"product_cat","embeddable":true,"href":"https:\/\/www.remap101.co.uk\/fr\/wp-json\/wp\/v2\/product_cat?post=51078"},{"taxonomy":"product_tag","embeddable":true,"href":"https:\/\/www.remap101.co.uk\/fr\/wp-json\/wp\/v2\/product_tag?post=51078"}],"curies":[{"name":"wp","href":"https:\/\/api.w.org\/{rel}","templated":true}]}}