{"id":51096,"date":"2021-12-24T11:44:37","date_gmt":"2021-12-24T11:44:37","guid":{"rendered":"https:\/\/www.remap101.co.uk\/product\/module-de-formation-sur-le-reglage-de-lessence-en-titane-ecm-2-sur-6\/"},"modified":"2026-02-19T15:23:05","modified_gmt":"2026-02-19T15:23:05","slug":"ecm-titanium-gasoline-tuning-module-2-of-6","status":"publish","type":"product","link":"https:\/\/www.remap101.co.uk\/fr\/produit\/ecm-titanium-gasoline-tuning-module-2-of-6\/","title":{"rendered":"VTA1024 : ECM Titanium Gasoline Tuning Module 2 de 6"},"content":{"rendered":"<h2>Module de formation en ligne sur le r\u00e9glage de l\u2019essence en titane ECM 2 sur 6<\/h2>\n<p>Formation en ligne sur le r\u00e9glage de l\u2019essence ECM Titanium ce qui est couvert :<\/p>\n<ul>\n<li>Suite \u00e0 l\u2019enqu\u00eate, apporter les modifications \u00e0 la demande et aux turbolimiteurs pour d\u00e9bloquer la pression de suralimentation suppl\u00e9mentaire<\/li>\n<li>Qu&rsquo;est-ce que Lambda et comment apporter des modifications et convertir la valeur Lambda en AFR<\/li>\n<li>Qu&rsquo;est-ce que Wastegate et comment y apporter des modifications<\/li>\n<li>R\u00e9glage des cartes d&rsquo;allumage dans un turbo \u00e0 essence<\/li>\n<\/ul>\n<p>Ce module en est \u00e0 la 2\u00e8me session d\u2019une s\u00e9rie de 6 sessions de formation en ligne Alientech ECM Titanium Gasoline Tuning. Cet ensemble de 6 formations d\u2019introduction doit vraiment \u00eatre suivi dans l\u2019ordre pr\u00e9vu par le formateur, c\u2019est-\u00e0-dire de 1 \u00e0 6. Comme chaque session de formation s\u2019appuiera sur la formation et les sujets du cours pr\u00e9c\u00e9dent ; en tant que tel, m\u00eame si vous utilisez d\u00e9j\u00e0 le logiciel ECM Alientech. Nous vous sugg\u00e9rons de commencer par une le\u00e7on d\u2019introduction. De cette fa\u00e7on, il n\u2019y a pas de lacunes dans vos connaissances et les cours suivants s\u2019encha\u00eenent et ont du sens.    <\/p>\n<h3><strong>Logiciel de r\u00e9glage ECM Alientech  <\/strong><\/h3>\n<p>Vous n&rsquo;avez pas besoin d&rsquo;avoir le logiciel de r\u00e9glage Alientech ECM pour suivre les cours de formation. Cependant, pour une exp\u00e9rience d&rsquo;apprentissage optimale et pour vous assurer de tirer le meilleur parti des cours de formation Remap 101, nous vous conseillons de suivre la formation avec le logiciel ECM Alientech. Nous vous conseillons vivement de suivre la formation avec le logiciel ECM.  <\/p>\n<p>Si vous disposez du logiciel ECM, vous pourrez suivre activement la formation et participer aux exercices pendant et apr\u00e8s la formation. D&rsquo;apr\u00e8s notre exp\u00e9rience, la formation est renforc\u00e9e et cr\u00e9e une bien meilleure base de connaissances si le logiciel est utilis\u00e9 en conjonction avec le cours de formation. <\/p>\n<p>Remap 101 stocke, fournit et forme sur pratiquement tous les outils et logiciels de r\u00e9glage &#8211; vous pouvez voir la boutique d&rsquo;outils et de logiciels de r\u00e9glage ici : <a href=\"https:\/\/www.remap101.co.uk\/fr\/categorie-produit\/outils-et-logiciels-de-reglage-professionnels\/\">Boutique <\/a> <\/p>\n<p>Et si vous n&rsquo;\u00eates pas s\u00fbr des outils ou des logiciels dont vous avez besoin, l&rsquo;\u00e9quipe d&rsquo;assistance technique se fera un plaisir de vous conseiller.<\/p>\n","protected":false},"excerpt":{"rendered":"<h2>Module de formation en ligne ECM Titanium Gasoline\/Petrol Tuning Module 2 sur 6<\/h2>\n<p>Formation sur le r\u00e9glage de l\u2019essence en titane ECM ce qui est couvert :<\/p>\n<ul>\n<li>Suite \u00e0 l&rsquo;enqu\u00eate, apporter les modifications \u00e0 la demande et aux limiteurs de turbo pour d\u00e9bloquer le boost suppl\u00e9mentaire que le v\u00e9hicule peut faire en toute s\u00e9curit\u00e9<\/li>\n<li>Qu&rsquo;est-ce que Lambda et comment apporter des modifications et convertir la valeur Lambda en AFR<\/li>\n<li>Qu&rsquo;est-ce que Wastegate et comment y apporter des modifications<\/li>\n<li>R\u00e9glage des cartes d&rsquo;allumage dans un turbo \u00e0 essence<\/li>\n<\/ul>\n","protected":false},"featured_media":16330,"comment_status":"open","ping_status":"closed","template":"","meta":{"_acf_changed":false},"product_brand":[19674,19679],"product_cat":[24518,24427,24508,24406,24643,24637,24658],"product_tag":[15278,15279,15280,15281],"class_list":{"0":"post-51096","1":"product","2":"type-product","3":"status-publish","4":"has-post-thumbnail","6":"product_brand-alientech","7":"product_brand-ecm-titanium","8":"product_cat-formation-a-la-mise-au-point-des-moteurs-a-essence","9":"product_cat-formation-ecm-titanium","10":"product_cat-formation-sur-le-reglage-de-la-marque","11":"product_cat-formation-a-la-mise-au-point-de-tous-les-vehicules","12":"product_cat-en-ligne","13":"product_cat-formation-sur-les-logiciels-de-reglage","14":"product_cat-alientech-fr","15":"product_tag-ecm-fr","16":"product_tag-ecm-titanium-fr","17":"product_tag-essence","18":"product_tag-essence-fr","20":"first","21":"instock","22":"taxable","23":"shipping-taxable","24":"purchasable","25":"product-type-simple"},"acf":[],"_links":{"self":[{"href":"https:\/\/www.remap101.co.uk\/fr\/wp-json\/wp\/v2\/product\/51096","targetHints":{"allow":["GET"]}}],"collection":[{"href":"https:\/\/www.remap101.co.uk\/fr\/wp-json\/wp\/v2\/product"}],"about":[{"href":"https:\/\/www.remap101.co.uk\/fr\/wp-json\/wp\/v2\/types\/product"}],"replies":[{"embeddable":true,"href":"https:\/\/www.remap101.co.uk\/fr\/wp-json\/wp\/v2\/comments?post=51096"}],"wp:featuredmedia":[{"embeddable":true,"href":"https:\/\/www.remap101.co.uk\/fr\/wp-json\/wp\/v2\/media\/16330"}],"wp:attachment":[{"href":"https:\/\/www.remap101.co.uk\/fr\/wp-json\/wp\/v2\/media?parent=51096"}],"wp:term":[{"taxonomy":"product_brand","embeddable":true,"href":"https:\/\/www.remap101.co.uk\/fr\/wp-json\/wp\/v2\/product_brand?post=51096"},{"taxonomy":"product_cat","embeddable":true,"href":"https:\/\/www.remap101.co.uk\/fr\/wp-json\/wp\/v2\/product_cat?post=51096"},{"taxonomy":"product_tag","embeddable":true,"href":"https:\/\/www.remap101.co.uk\/fr\/wp-json\/wp\/v2\/product_tag?post=51096"}],"curies":[{"name":"wp","href":"https:\/\/api.w.org\/{rel}","templated":true}]}}