{"id":51104,"date":"2021-12-22T13:30:09","date_gmt":"2021-12-22T13:30:09","guid":{"rendered":"https:\/\/www.remap101.co.uk\/product\/module-de-formation-sur-le-reglage-de-lessence-en-titane-ecm-1-sur-6\/"},"modified":"2026-02-19T15:23:06","modified_gmt":"2026-02-19T15:23:06","slug":"ecm-titanium-gasoline-tuning-training-module-1-of-6","status":"publish","type":"product","link":"https:\/\/www.remap101.co.uk\/fr\/produit\/ecm-titanium-gasoline-tuning-training-module-1-of-6\/","title":{"rendered":"VTA1023 : Alientech ECM Titanium Gasoline &#8211; Module 1 de 6"},"content":{"rendered":"<h3><strong>Alientech ECM Titanium Gasoline Tuning en ligne Module 1 de 6<\/strong><\/h3>\n<p>ECM Titanium Gasoline Tuning Training, c&rsquo;est le premier des six cours de formation en ligne Alientech ECM. Dans cette session, nous vous pr\u00e9senterons le logiciel ECM pour le r\u00e9glage de l&rsquo;essence. <\/p>\n<p>Les tuteurs pr\u00e9sent\u00e9s dans ce cours en ligne Alientech ECM Titanium Gasoline Tuning Training ont fait du tuning pendant de tr\u00e8s nombreuses ann\u00e9es. Ils offrent leur soutien aux pr\u00e9parateurs dans le monde entier gr\u00e2ce \u00e0 de vastes r\u00e9seaux de concessionnaires et d&rsquo;installateurs. Ils organisent \u00e9galement des s\u00e9minaires de formation en face \u00e0 face dans le monde entier. Apprenez de ces pr\u00e9parateurs tr\u00e8s exp\u00e9riment\u00e9s, qui vous donneront les astuces du m\u00e9tier que seuls les experts connaissent et que peu d&rsquo;entre eux partagent.   <\/p>\n<p>Il s&rsquo;agit d&rsquo;un module de formation complet. Veuillez pr\u00e9voir une heure pour suivre ce cours et passer le test qui y est associ\u00e9.<\/p>\n<p>Gr\u00e2ce \u00e0 la s\u00e9rie de 6 cours de r\u00e9glage en ligne, vous apprendrez \u00e0 charger les fichiers logiciels originaux, \u00e0 identifier les cartes. Et \u00e0 apporter des modifications au fichier logiciel pour obtenir des r\u00e9sultats exceptionnels en mati\u00e8re de r\u00e9glage. Fournir de la puissance, de la performance et des fichiers de r\u00e9glage personnalis\u00e9s.  <\/p>\n<p>Les sessions de formation en ligne Alientech ECM Titanium Gasoline Tuning sont \u00e0 suivre dans l&rsquo;ordre, de 1 \u00e0 6. Chaque module de formation s&rsquo;appuie sur les connaissances acquises lors du cours pr\u00e9c\u00e9dent. Ainsi, m\u00eame si vous avez d\u00e9j\u00e0 utilis\u00e9 le logiciel de r\u00e9glage ECM dans le pass\u00e9, il est conseill\u00e9 de commencer par la premi\u00e8re session. Il est conseill\u00e9 de commencer par la premi\u00e8re session, afin de ne pas avoir de lacunes dans votre formation. Chaque cours prend tout son sens lorsqu&rsquo;il fait r\u00e9f\u00e9rence aux informations contenues dans les sessions de formation pr\u00e9c\u00e9dentes.    <\/p>\n<h3><strong>Mais attendez, \u00e7a s\u2019am\u00e9liore&#8230;.<\/strong><\/h3>\n<p>Chaque s\u00e9ance d\u2019entra\u00eenement peut \u00eatre regard\u00e9e plusieurs fois. En tant que tel, l\u2019un des grands avantages de la formation en ligne est si vous n\u2019avez pas tout \u00e0 fait compris quelque chose. Vous pouvez le regarder encore et encore jusqu\u2019\u00e0 ce que vous le ma\u00eetrisiez. Et vous pouvez \u00e9galement mettre en pause et red\u00e9marrer. Cela vous donne ainsi le temps de prendre des notes, ou m\u00eame de pratiquer ce que vous venez de voir    <\/p>\n<h3><strong>Logiciel de r\u00e9glage ECM Alientech  <\/strong><\/h3>\n<p>Il n&rsquo;est pas n\u00e9cessaire d&rsquo;utiliser ou de poss\u00e9der le logiciel de r\u00e9glage Alientech ECM pour participer \u00e0 ces cours de formation ECM en ligne. Cependant, nous voulons que vous ayez la meilleure exp\u00e9rience d&rsquo;apprentissage possible. Et que vous tiriez le meilleur parti de la formation. Pour ce faire, vous devez avoir le logiciel ouvert et install\u00e9 sur vous. Cela vous permettra non seulement de suivre la formation, mais aussi, et c&rsquo;est tr\u00e8s important, de mettre en pratique ce que vous avez vu et appris. Vous renforcerez ainsi votre apprentissage pendant qu&rsquo;il est encore frais.     <\/p>\n<p>Remap 101 stocke, fournit et forme sur pratiquement tous les outils et logiciels de r\u00e9glage &#8211; vous pouvez voir la boutique d&rsquo;outils et de logiciels ici : <a href=\"https:\/\/www.remap101.co.uk\/fr\/categorie-produit\/outils-et-logiciels-de-reglage-professionnels\/\">Shop<\/a><\/p>\n","protected":false},"excerpt":{"rendered":"<h3><strong>Alientech ECM Titanium Gasoline Tuning en ligne Module 1 de 6<\/strong><\/h3>\n<p>ECM Titanium Gasoline Tuning Training, c&rsquo;est le premier des six cours de formation en ligne Alientech ECM. Dans cette session, nous vous pr\u00e9senterons le logiciel ECM pour le r\u00e9glage de l&rsquo;essence. <\/p>\n<p>Gr\u00e2ce \u00e0 la s\u00e9rie de 6 cours de r\u00e9glage en ligne, vous apprendrez \u00e0 charger les fichiers logiciels originaux, \u00e0 identifier les cartes. Et \u00e0 apporter des modifications au fichier logiciel pour obtenir des r\u00e9sultats exceptionnels en mati\u00e8re de r\u00e9glage. Fournir de la puissance, de la performance et des fichiers de r\u00e9glage personnalis\u00e9s.  <\/p>\n","protected":false},"featured_media":56605,"comment_status":"open","ping_status":"closed","template":"","meta":{"_acf_changed":false},"product_brand":[19674,19679],"product_cat":[24518,24427,24508,24406,24643,24637,24658],"product_tag":[15346,15278,15279,15345,15253],"class_list":{"0":"post-51104","1":"product","2":"type-product","3":"status-publish","4":"has-post-thumbnail","6":"product_brand-alientech","7":"product_brand-ecm-titanium","8":"product_cat-formation-a-la-mise-au-point-des-moteurs-a-essence","9":"product_cat-formation-ecm-titanium","10":"product_cat-formation-sur-le-reglage-de-la-marque","11":"product_cat-formation-a-la-mise-au-point-de-tous-les-vehicules","12":"product_cat-en-ligne","13":"product_cat-formation-sur-les-logiciels-de-reglage","14":"product_cat-alientech-fr","15":"product_tag-alient-fr","16":"product_tag-ecm-fr","17":"product_tag-ecm-titanium-fr","18":"product_tag-formation-alientech-ecm-titanium","19":"product_tag-logiciel-alientech-ecm-titanium","21":"first","22":"instock","23":"taxable","24":"shipping-taxable","25":"purchasable","26":"product-type-simple"},"acf":[],"_links":{"self":[{"href":"https:\/\/www.remap101.co.uk\/fr\/wp-json\/wp\/v2\/product\/51104","targetHints":{"allow":["GET"]}}],"collection":[{"href":"https:\/\/www.remap101.co.uk\/fr\/wp-json\/wp\/v2\/product"}],"about":[{"href":"https:\/\/www.remap101.co.uk\/fr\/wp-json\/wp\/v2\/types\/product"}],"replies":[{"embeddable":true,"href":"https:\/\/www.remap101.co.uk\/fr\/wp-json\/wp\/v2\/comments?post=51104"}],"wp:featuredmedia":[{"embeddable":true,"href":"https:\/\/www.remap101.co.uk\/fr\/wp-json\/wp\/v2\/media\/56605"}],"wp:attachment":[{"href":"https:\/\/www.remap101.co.uk\/fr\/wp-json\/wp\/v2\/media?parent=51104"}],"wp:term":[{"taxonomy":"product_brand","embeddable":true,"href":"https:\/\/www.remap101.co.uk\/fr\/wp-json\/wp\/v2\/product_brand?post=51104"},{"taxonomy":"product_cat","embeddable":true,"href":"https:\/\/www.remap101.co.uk\/fr\/wp-json\/wp\/v2\/product_cat?post=51104"},{"taxonomy":"product_tag","embeddable":true,"href":"https:\/\/www.remap101.co.uk\/fr\/wp-json\/wp\/v2\/product_tag?post=51104"}],"curies":[{"name":"wp","href":"https:\/\/api.w.org\/{rel}","templated":true}]}}