{"id":51144,"date":"2021-12-13T14:39:42","date_gmt":"2021-12-13T14:39:42","guid":{"rendered":"https:\/\/www.remap101.co.uk\/product\/formation-alientech-ecm-titanium-diesel-module-1-sur-4\/"},"modified":"2026-02-19T15:23:10","modified_gmt":"2026-02-19T15:23:10","slug":"alientech-ecm-titanium-diesel-training-module-1-of-4","status":"publish","type":"product","link":"https:\/\/www.remap101.co.uk\/fr\/produit\/alientech-ecm-titanium-diesel-training-module-1-of-4\/","title":{"rendered":"VTA1018 : Alientech E CM Titanium Diesel &#8211; Module 1 de 4"},"content":{"rendered":"<h3><strong>Module de formation Alientech ECM Titanium Diesel 1 sur 4<\/strong><\/h3>\n<p>Alientech ECM Titanium Diesel Training part 1 of 4 ECM Titanium Software Courses focused on Diesel Engine tuning. Il s&rsquo;agit de la premi\u00e8re des 4 formations sur le r\u00e9glage des moteurs diesel. Il vous guide pas \u00e0 pas dans l&rsquo;utilisation du logiciel ECM pour cr\u00e9er des fichiers de remappage personnalis\u00e9s et sur mesure. Apprenez \u00e0 trouver et \u00e0 identifier les cartes de r\u00e9glage, \u00e0 utiliser et \u00e0 r\u00e9utiliser les fichiers de r\u00e9glage que vous avez cr\u00e9\u00e9s. Ce qu&rsquo;il faut changer et dans quelle mesure dans le logiciel pour d\u00e9velopper des fichiers de r\u00e9glage et des logiciels qui fournissent des fichiers de r\u00e9glage solides et fiables.    <\/p>\n<p>Il s&rsquo;agit d&rsquo;un module de formation complet. Veuillez pr\u00e9voir une heure pour suivre ce cours et passer le test qui y est associ\u00e9.<\/p>\n<p>Les principaux sujets abord\u00e9s sont la fa\u00e7on d&rsquo;aborder la mise au point d&rsquo;un moteur diesel, l&rsquo;identification des cartographies de couple et des limiteurs. Vous apprendrez \u00e9galement l&rsquo;importance de ces derniers et comment aborder votre projet de r\u00e9glage. <\/p>\n<p>Ce cours contient 4 le\u00e7ons, du mat\u00e9riel de cours suppl\u00e9mentaire et un test de connaissances \u00e0 la fin de chaque le\u00e7on. Si vous avez obtenu la note de passage appropri\u00e9e, vous pouvez t\u00e9l\u00e9charger votre certificat de r\u00e9ussite. <\/p>\n<p>Apprenez directement d&rsquo;un professionnel du tuning qui a pass\u00e9 15 ans \u00e0 travailler avec le logiciel ECM. Il a \u00e9galement mis au point des voitures et a assist\u00e9 des centaines de clients professionnels dans le monde entier. Viezu organise des s\u00e9minaires internationaux de formation et de r\u00e9glage dans des lieux cl\u00e9s du monde entier. Et maintenant, vous pouvez, pour la premi\u00e8re fois, acc\u00e9der \u00e0 ces connaissances de l&rsquo;int\u00e9rieur depuis le confort de votre maison.   <\/p>\n<p>D\u00e9couvrez les versions d&rsquo;ECM Titanium et acqu\u00e9rez les connaissances n\u00e9cessaires pour d\u00e9terminer quelle est la meilleure version pour vous et les besoins de votre entreprise. Vous pourrez ainsi entrer dans les d\u00e9tails de l&rsquo;installation et de l&rsquo;enregistrement de votre logiciel Alientech ECM Titanium. Et d\u00e9couvrez les identifiants Alientech et comment acc\u00e9der \u00e0 la banque de donn\u00e9es Alientech avec votre logiciel ECM Titanium authentique.  <\/p>\n<h3><strong>Mais attendez, \u00e7a s\u2019am\u00e9liore&#8230;.<\/strong><\/h3>\n<p>Chaque s\u00e9ance d\u2019entra\u00eenement peut \u00eatre regard\u00e9e plusieurs fois. En tant que tel, l\u2019un des grands avantages de la formation en ligne est si vous n\u2019avez pas tout \u00e0 fait compris quelque chose. Vous pouvez le regarder encore et encore jusqu\u2019\u00e0 ce que vous le ma\u00eetrisiez. Et vous pouvez \u00e9galement mettre en pause et red\u00e9marrer. Cela vous donne ainsi le temps de prendre des notes, ou m\u00eame de pratiquer ce que vous venez de voir    <\/p>\n<h3><strong>Logiciel Alientech ECM Titanium<\/strong><\/h3>\n<p>Il est pr\u00e9f\u00e9rable de suivre cette formation avec le logiciel ECM Alientech ouvert et install\u00e9 sur votre PC. Si vous avez d\u00e9j\u00e0 le logiciel, vous pourrez non seulement suivre la formation. Mais participez aussi activement et mettez en pratique ce que vous avez appris pendant et apr\u00e8s la s\u00e9ance d\u2019entra\u00eenement. Pour cette raison, si vous n\u2019avez pas encore votre logiciel ECM Alientech, vous pouvez trouver les 3 versions et options diff\u00e9rentes ici dans notre boutique : <a href=\"https:\/\/www.remap101.co.uk\/fr\/categorie-produit\/outils-et-logiciels-de-reglage-professionnels\/\">ECM Alientech<\/a>   <\/p>\n","protected":false},"excerpt":{"rendered":"<p>Il s\u2019agit de la premi\u00e8re de 4 formations au tuning Diesel. Vous guide \u00e9tape par \u00e9tape \u00e0 travers l\u2019utilisation du logiciel ECM pour cr\u00e9er des fichiers de r\u00e9glage de remappage personnalis\u00e9s et sur mesure. D\u00e9couvrez comment trouver et identifier les cartes de r\u00e9glage, utiliser et r\u00e9utiliser les fichiers de r\u00e9glage que vous avez cr\u00e9\u00e9s. Ce qu\u2019il faut changer et dans quelle mesure dans le logiciel pour d\u00e9velopper des fichiers de r\u00e9glage et des logiciels qui fournissent des fichiers de r\u00e9glage solides et fiables.   <\/p>\n","protected":false},"featured_media":56415,"comment_status":"open","ping_status":"closed","template":"","meta":{"_acf_changed":false},"product_brand":[19674],"product_cat":[24427,24508,20398,24406,24643,24637,24658],"product_tag":[15362,15355,15345],"class_list":{"0":"post-51144","1":"product","2":"type-product","3":"status-publish","4":"has-post-thumbnail","6":"product_brand-alientech","7":"product_cat-formation-ecm-titanium","8":"product_cat-formation-sur-le-reglage-de-la-marque","9":"product_cat-modules-de-reglage-des-moteurs-diesel","10":"product_cat-formation-a-la-mise-au-point-de-tous-les-vehicules","11":"product_cat-en-ligne","12":"product_cat-formation-sur-les-logiciels-de-reglage","13":"product_cat-alientech-fr","14":"product_tag-diesel-fr","15":"product_tag-ecm-diesel-fr","16":"product_tag-formation-alientech-ecm-titanium","18":"first","19":"instock","20":"taxable","21":"shipping-taxable","22":"purchasable","23":"product-type-course"},"acf":[],"_links":{"self":[{"href":"https:\/\/www.remap101.co.uk\/fr\/wp-json\/wp\/v2\/product\/51144","targetHints":{"allow":["GET"]}}],"collection":[{"href":"https:\/\/www.remap101.co.uk\/fr\/wp-json\/wp\/v2\/product"}],"about":[{"href":"https:\/\/www.remap101.co.uk\/fr\/wp-json\/wp\/v2\/types\/product"}],"replies":[{"embeddable":true,"href":"https:\/\/www.remap101.co.uk\/fr\/wp-json\/wp\/v2\/comments?post=51144"}],"wp:featuredmedia":[{"embeddable":true,"href":"https:\/\/www.remap101.co.uk\/fr\/wp-json\/wp\/v2\/media\/56415"}],"wp:attachment":[{"href":"https:\/\/www.remap101.co.uk\/fr\/wp-json\/wp\/v2\/media?parent=51144"}],"wp:term":[{"taxonomy":"product_brand","embeddable":true,"href":"https:\/\/www.remap101.co.uk\/fr\/wp-json\/wp\/v2\/product_brand?post=51144"},{"taxonomy":"product_cat","embeddable":true,"href":"https:\/\/www.remap101.co.uk\/fr\/wp-json\/wp\/v2\/product_cat?post=51144"},{"taxonomy":"product_tag","embeddable":true,"href":"https:\/\/www.remap101.co.uk\/fr\/wp-json\/wp\/v2\/product_tag?post=51144"}],"curies":[{"name":"wp","href":"https:\/\/api.w.org\/{rel}","templated":true}]}}