{"id":51163,"date":"2022-03-10T15:52:25","date_gmt":"2022-03-10T15:52:25","guid":{"rendered":"https:\/\/www.remap101.co.uk\/product\/formation-en-ligne-sur-le-reglage-de-lessence-evc-winols-module-4-de-6b\/"},"modified":"2026-02-19T15:22:56","modified_gmt":"2026-02-19T15:22:56","slug":"evc-winols-gasoline-tuning-training-online-module-4-of-6b","status":"publish","type":"product","link":"https:\/\/www.remap101.co.uk\/fr\/produit\/evc-winols-gasoline-tuning-training-online-module-4-of-6b\/","title":{"rendered":"VTA1035 : Module de r\u00e9glage essence EVC WinOLS 4 sur 6b"},"content":{"rendered":"<h2><strong>Formation en ligne EVC WinOLS sur le r\u00e9glage des v\u00e9hicules \u00e0 essence<\/strong><\/h2>\n<h3>EVC WinOLS Formation en ligne Moteurs \u00e0 essence : Module 4 de 6b<\/h3>\n<p>Ce module de formation en ligne WinOLS Gasoline Tuning fait partie de la 4\u00e8me section du cours en ligne Viezu Remap101 sur la mise au point des moteurs \u00e0 essence et le remappage du calculateur \u00e0 l&rsquo;aide de WinOLS.<\/p>\n<p>Chaque module s&rsquo;appuie sur le pr\u00e9c\u00e9dent. D\u00e9veloppez vos connaissances et comp\u00e9tences WinOLS module par module, de mani\u00e8re structur\u00e9e. Vous apprendrez le format des fichiers de r\u00e9glage et les cartes utilis\u00e9es pour r\u00e9gler et calibrer le calculateur du moteur \u00e0 essence.<\/p>\n<p>Dans ce module, nous abordons les packs de cartes, l&rsquo;identification et l&rsquo;\u00e9tiquetage des donn\u00e9es, la compr\u00e9hension de la taille des donn\u00e9es, etc.<\/p>\n<p>WinOLS est un logiciel puissant mais qui peut \u00eatre difficile \u00e0 apprendre. WinOLS ne donne pas beaucoup d&rsquo;indications \u00e0 l&rsquo;utilisateur. L&rsquo;utilisateur doit \u00eatre capable de travailler avec des donn\u00e9es sous forme brute. C&rsquo;est pourquoi les formations en ligne de Viezu Remap101 pour WinOLS comportent plus de modules que nos autres formations en ligne pour d&rsquo;autres logiciels.<\/p>\n<p>Cette 4\u00e8me section de notre cours WinOLS gasoline comprend 4 modules &#8211; a, b, c, d. Les modules sont list\u00e9s ci-dessous.<\/p>\n<p>L&rsquo;ensemble de ces 4 modules repr\u00e9sente environ 5 heures d&rsquo;apprentissage. Chaque module repr\u00e9sente environ une heure d&rsquo;apprentissage.<\/p>\n<p>Chaque module comporte des quiz qui vous permettent de tester votre apprentissage.<\/p>\n<ol>\n<li><a href=\"https:\/\/www.remap101.co.uk\/fr\/produit\/evc-winols-gasoline-tuning-training-online-module-4-of-6a\/?preview_id=9492&amp;preview_nonce=dd2e67b2f7&amp;_thumbnail_id=9185&amp;preview=true\">Formation en ligne sur l\u2019essence EVC WinOLS : Module 4 sur 6a &#8211; cliquez pour acheter cette le\u00e7on<\/a><\/li>\n<li><strong>EVC WinOLS Formation en ligne sur l&rsquo;essence : Module 4 de 6b &#8211; cette le\u00e7on<\/strong><\/li>\n<li><a href=\"https:\/\/www.remap101.co.uk\/pt-br\/?post_type=sfwd-courses&amp;p=64436\">Formation en ligne sur l\u2019essence EVC WinOLS : Module 4 sur 6c \u2013 cliquez pour acheter cette le\u00e7on<\/a><\/li>\n<li><a href=\"https:\/\/www.remap101.co.uk\/fr\/produit\/evc-winols-gasoline-tuning-training-online-module-4-of-6d\/?preview_id=9496&amp;preview_nonce=86e4c91d22&amp;_thumbnail_id=9185&amp;preview=true\">Formation en ligne sur l\u2019essence EVC WinOLS : Module 4 sur 6d \u2013 cliquez pour acheter cette le\u00e7on<\/a><\/li>\n<\/ol>\n<h3>Les avantages de la formation en ligne avec Viezu<\/h3>\n<p>Une fois achet\u00e9e, chacune de ces sessions de formation peut \u00eatre visionn\u00e9e plusieurs fois &#8211; vous y avez acc\u00e8s \u00e0 vie. Regardez et revoyez les vid\u00e9os autant de fois que vous le souhaitez. Revoyez des sujets particuliers et renforcez votre apprentissage.<\/p>\n<p>L&rsquo;un des principaux avantages de l&rsquo;apprentissage en ligne de Viezu Remap101 EVC WinOLS est que vous pouvez apprendre \u00e0 votre propre rythme.<\/p>\n<p>Vous avez la possibilit\u00e9 de mettre en pause et de red\u00e9marrer les vid\u00e9os. Cela signifie que si vous \u00eates interrompu, ce n&rsquo;est pas grave : mettez en pause et red\u00e9marrez plus tard lorsque vous \u00eates pr\u00eat.<\/p>\n<p>Nous fournissons un fichier original que vous pouvez utiliser pour vous entra\u00eener. Vous pouvez suivre pr\u00e9cis\u00e9ment ce que fait le formateur, en temps r\u00e9el.<\/p>\n<h3>Logiciel de r\u00e9glage EVC WinOLs<\/h3>\n<p>Il n&rsquo;est pas indispensable d&rsquo;avoir le logiciel EVC WinOLS pour utiliser cette formation WinOLS, mais nous vous le recommandons vivement. Le fait d&rsquo;avoir le logiciel WinOLS ouvert et fonctionnel am\u00e9liorera votre exp\u00e9rience d&rsquo;apprentissage. Vous pouvez mettre en pratique ce que vous apprenez au fur et \u00e0 mesure.<\/p>\n<p>Si vous avez besoin d&rsquo;acheter un logiciel EVC WinOls authentique, vous pouvez le voir et l&rsquo;acheter dans notre boutique : <a href=\"https:\/\/www.remap101.co.uk\/product\/winols-5-tuning-software-evc\/\">Logiciel WinOls<\/a>.<\/p>\n","protected":false},"excerpt":{"rendered":"<p>Formation en ligne EVC WinOLS Essence : Module 4 sur 6b.<\/p>\n","protected":false},"featured_media":57465,"comment_status":"open","ping_status":"closed","template":"","meta":{"_acf_changed":false},"product_brand":[21146,19675],"product_cat":[24518,24407,24508,24409,24406,24643,24637],"product_tag":[15280,15281,15315,15223],"class_list":{"0":"post-51163","1":"product","2":"type-product","3":"status-publish","4":"has-post-thumbnail","6":"product_brand-evc","7":"product_brand-winols","8":"product_cat-formation-a-la-mise-au-point-des-moteurs-a-essence","9":"product_cat-formation-evc-winols","10":"product_cat-formation-sur-le-reglage-de-la-marque","11":"product_cat-evc-electronique","12":"product_cat-formation-a-la-mise-au-point-de-tous-les-vehicules","13":"product_cat-en-ligne","14":"product_cat-formation-sur-les-logiciels-de-reglage","15":"product_tag-essence","16":"product_tag-essence-fr","17":"product_tag-evc-fr","18":"product_tag-logiciel-de-reglage-winols-5-evc","20":"first","21":"instock","22":"taxable","23":"shipping-taxable","24":"purchasable","25":"product-type-simple"},"acf":[],"_links":{"self":[{"href":"https:\/\/www.remap101.co.uk\/fr\/wp-json\/wp\/v2\/product\/51163","targetHints":{"allow":["GET"]}}],"collection":[{"href":"https:\/\/www.remap101.co.uk\/fr\/wp-json\/wp\/v2\/product"}],"about":[{"href":"https:\/\/www.remap101.co.uk\/fr\/wp-json\/wp\/v2\/types\/product"}],"replies":[{"embeddable":true,"href":"https:\/\/www.remap101.co.uk\/fr\/wp-json\/wp\/v2\/comments?post=51163"}],"wp:featuredmedia":[{"embeddable":true,"href":"https:\/\/www.remap101.co.uk\/fr\/wp-json\/wp\/v2\/media\/57465"}],"wp:attachment":[{"href":"https:\/\/www.remap101.co.uk\/fr\/wp-json\/wp\/v2\/media?parent=51163"}],"wp:term":[{"taxonomy":"product_brand","embeddable":true,"href":"https:\/\/www.remap101.co.uk\/fr\/wp-json\/wp\/v2\/product_brand?post=51163"},{"taxonomy":"product_cat","embeddable":true,"href":"https:\/\/www.remap101.co.uk\/fr\/wp-json\/wp\/v2\/product_cat?post=51163"},{"taxonomy":"product_tag","embeddable":true,"href":"https:\/\/www.remap101.co.uk\/fr\/wp-json\/wp\/v2\/product_tag?post=51163"}],"curies":[{"name":"wp","href":"https:\/\/api.w.org\/{rel}","templated":true}]}}