{"id":51178,"date":"2022-02-23T16:48:18","date_gmt":"2022-02-23T16:48:18","guid":{"rendered":"https:\/\/www.remap101.co.uk\/product\/formation-en-ligne-sur-le-reglage-de-lessence-evc-winols-module-3-sur-6\/"},"modified":"2026-02-19T15:22:58","modified_gmt":"2026-02-19T15:22:58","slug":"evc-winols-gasoline-tuning-training-online-module-3-of-6","status":"publish","type":"product","link":"https:\/\/www.remap101.co.uk\/fr\/produit\/evc-winols-gasoline-tuning-training-online-module-3-of-6\/","title":{"rendered":"VTA1033 : Module de r\u00e9glage essence EVC WinOLS 3 sur 6"},"content":{"rendered":"<h2>Cours en ligne EVC WinOLS sur le r\u00e9glage des moteurs \u00e0 essence<\/h2>\n<h3>Formation en ligne EVC WinOLS pour les calculateurs essence : Module 3 sur 6 &#8211; ce module couvre les \u00e9tapes n\u00e9cessaires au d\u00e9marrage et \u00e0 la gestion d&rsquo;un nouveau projet.<\/h3>\n<p>Ce module de formation EVC WinOLS sur le r\u00e9glage et le remappage des v\u00e9hicules \u00e0 essence est la troisi\u00e8me partie de la formation en ligne Viezu Remap101 WinOLS sur le r\u00e9glage des v\u00e9hicules \u00e0 essence.<\/p>\n<p>Les cours de formation en ligne de Viezu Remap101 sont modulaires. Chaque module s&rsquo;appuie sur le module pr\u00e9c\u00e9dent. L&rsquo;ensemble des modules constitue un programme d&rsquo;apprentissage structur\u00e9. D\u00e9veloppez vos connaissances et vos comp\u00e9tences \u00e9tape par \u00e9tape.<\/p>\n<p>Le contenu du cours WinOLS sur le r\u00e9glage des moteurs \u00e0 essence comprend le format des fichiers de r\u00e9glage et des cartes qui sont utilis\u00e9s pour r\u00e9gler et calibrer les calculateurs \u00e0 essence, ainsi que la configuration et les fonctions.<\/p>\n<h3>Les avantages de la formation en ligne avec Viezu<\/h3>\n<p>Une fois achet\u00e9, vous avez acc\u00e8s \u00e0 vie \u00e0 ces modules de formation Viezu Remap101. Vous pouvez regarder les vid\u00e9os de formation un nombre illimit\u00e9 de fois.<\/p>\n<p>L&rsquo;un des principaux avantages de l&rsquo;apprentissage en ligne de Viezu Remap101 est que si vous ne comprenez pas un concept ou une technique d\u00e8s le premier coup d&rsquo;\u0153il, vous pouvez le revoir et le r\u00e9viser. Vous pouvez le faire autant de fois que vous le souhaitez. Apprenez au rythme qui vous convient.<\/p>\n<p>Vous pouvez interrompre et red\u00e9marrer les vid\u00e9os autant que vous le souhaitez. Cela vous permet de faire face aux interruptions ou de faire une pause. Cela vous donne \u00e9galement le temps d&rsquo;essayer une technique ou un processus avant de passer \u00e0 la partie suivante de la vid\u00e9o.<\/p>\n<h3>Logiciel de r\u00e9glage WinOLs<\/h3>\n<p>Vous pouvez suivre tous nos modules de formation WinOls sans le logiciel. Cependant, votre exp\u00e9rience d&rsquo;apprentissage sera bien meilleure si vous avez le logiciel ouvert, en fonctionnement et avec vous, sur votre propre ordinateur.<\/p>\n<p>Le fait de disposer de votre propre logiciel vous permet de mettre en pratique ce que vous avez appris avant de passer \u00e0 la partie suivante de la formation. Renforcez votre apprentissage et renforcez votre confiance dans le logiciel.<\/p>\n<p>Si vous n&rsquo;avez pas encore achet\u00e9 votre logiciel WinOls authentique, vous pouvez le voir et l&rsquo;acheter dans notre boutique en ligne &#8211; <a href=\"https:\/\/www.remap101.co.uk\/product\/winols-5-tuning-software-evc\/\">WinOls Software<\/a>.<\/p>\n<p>&nbsp;<\/p>\n<p>Remappage du calculateur et formation au remappage par l&rsquo;Acad\u00e9mie de formation Viezu et Remap101.<\/p>\n","protected":false},"excerpt":{"rendered":"<p>Formation sur le r\u00e9glage de l\u2019essence EVC WinOLS : Module 3 de 6\u00a0; Cette le\u00e7on couvre les \u00e9tapes n\u00e9cessaires au d\u00e9marrage et \u00e0 l\u2019ouverture d\u2019un projet.<\/p>\n<p>Formation sur le remappage et le remappage de l\u2019ECU de la VIEZU Training Academy<\/p>\n","protected":false},"featured_media":57365,"comment_status":"open","ping_status":"closed","template":"","meta":{"_acf_changed":false},"product_brand":[21146,19675],"product_cat":[24518,24407,24508,24409,24406,24643,24637],"product_tag":[15280,15281,15315,15223],"class_list":{"0":"post-51178","1":"product","2":"type-product","3":"status-publish","4":"has-post-thumbnail","6":"product_brand-evc","7":"product_brand-winols","8":"product_cat-formation-a-la-mise-au-point-des-moteurs-a-essence","9":"product_cat-formation-evc-winols","10":"product_cat-formation-sur-le-reglage-de-la-marque","11":"product_cat-evc-electronique","12":"product_cat-formation-a-la-mise-au-point-de-tous-les-vehicules","13":"product_cat-en-ligne","14":"product_cat-formation-sur-les-logiciels-de-reglage","15":"product_tag-essence","16":"product_tag-essence-fr","17":"product_tag-evc-fr","18":"product_tag-logiciel-de-reglage-winols-5-evc","20":"first","21":"instock","22":"taxable","23":"shipping-taxable","24":"purchasable","25":"product-type-simple"},"acf":[],"_links":{"self":[{"href":"https:\/\/www.remap101.co.uk\/fr\/wp-json\/wp\/v2\/product\/51178","targetHints":{"allow":["GET"]}}],"collection":[{"href":"https:\/\/www.remap101.co.uk\/fr\/wp-json\/wp\/v2\/product"}],"about":[{"href":"https:\/\/www.remap101.co.uk\/fr\/wp-json\/wp\/v2\/types\/product"}],"replies":[{"embeddable":true,"href":"https:\/\/www.remap101.co.uk\/fr\/wp-json\/wp\/v2\/comments?post=51178"}],"wp:featuredmedia":[{"embeddable":true,"href":"https:\/\/www.remap101.co.uk\/fr\/wp-json\/wp\/v2\/media\/57365"}],"wp:attachment":[{"href":"https:\/\/www.remap101.co.uk\/fr\/wp-json\/wp\/v2\/media?parent=51178"}],"wp:term":[{"taxonomy":"product_brand","embeddable":true,"href":"https:\/\/www.remap101.co.uk\/fr\/wp-json\/wp\/v2\/product_brand?post=51178"},{"taxonomy":"product_cat","embeddable":true,"href":"https:\/\/www.remap101.co.uk\/fr\/wp-json\/wp\/v2\/product_cat?post=51178"},{"taxonomy":"product_tag","embeddable":true,"href":"https:\/\/www.remap101.co.uk\/fr\/wp-json\/wp\/v2\/product_tag?post=51178"}],"curies":[{"name":"wp","href":"https:\/\/api.w.org\/{rel}","templated":true}]}}