{"id":51240,"date":"2022-01-21T11:44:19","date_gmt":"2022-01-21T11:44:19","guid":{"rendered":"https:\/\/www.remap101.co.uk\/product\/formation-en-ligne-sur-le-reglage-de-lessence-evc-winols-module-2-sur-6\/"},"modified":"2026-02-19T15:22:59","modified_gmt":"2026-02-19T15:22:59","slug":"evc-winols-gasoline-tuning-module-2-of-6","status":"publish","type":"product","link":"https:\/\/www.remap101.co.uk\/fr\/produit\/evc-winols-gasoline-tuning-module-2-of-6\/","title":{"rendered":"VTA1032 : EVC WinOLS Gasoline Tuning Module 2 de 6"},"content":{"rendered":"<h2>Cours de formation en ligne EVC WinOLS sur le r\u00e9glage du calculateur pour l&rsquo;essence<\/h2>\n<h3>Formation EVC WinOLS pour l&rsquo;essence : Module 2 sur 6 &#8211; ce module explique comment d\u00e9marrer et g\u00e9rer un nouveau projet dans WinOLS.<\/h3>\n<p>Ce module de formation en ligne EVC WinOLS Gasoline tuning est le deuxi\u00e8me module de la formation en ligne Viezu Remap101 pour la mise au point et la calibration du calculateur essence \u00e0 l&rsquo;aide de WinOLS.<\/p>\n<p>Chaque module de formation de nos cours en ligne s&rsquo;appuie sur le module pr\u00e9c\u00e9dent. Les modules se combinent pour vous offrir un programme d&rsquo;apprentissage structur\u00e9 qui renforce votre compr\u00e9hension, vos connaissances et vos comp\u00e9tences pratiques.<\/p>\n<p>La formation en ligne Viezu Remap101 pour WinOLS couvre la configuration et les fonctions du logiciel, et comment cr\u00e9er des fichiers de r\u00e9glage et des cartes pour r\u00e9gler et mettre \u00e0 niveau les calculateurs des moteurs \u00e0 essence.<\/p>\n<p>Dans ce module, un fichier logiciel original de base provenant d&rsquo;un v\u00e9hicule BMW est utilis\u00e9 comme exemple de formation. Les principes de r\u00e9glage abord\u00e9s et la formation aux fonctions et \u00e0 l&rsquo;utilisation du logiciel WinOls sont transf\u00e9rables \u00e0 la plupart des applications de r\u00e9glage des moteurs \u00e0 essence.<\/p>\n<h3>Les avantages de la formation en ligne<\/h3>\n<p>Une fois achet\u00e9, vous avez un acc\u00e8s \u00e0 vie \u00e0 votre module &#8211; vous pouvez le regarder et le r\u00e9viser autant de fois que vous le souhaitez &#8211; il n&rsquo;y a pas de limites.<\/p>\n<p>Vous pouvez \u00e9galement interrompre et red\u00e9marrer la vid\u00e9o de formation &#8211; autant que vous le souhaitez. Cela vous permet de revenir sur des points importants. De m\u00eame, si vous \u00eates interrompu ou si vous souhaitez faire une pause, pas de probl\u00e8me : mettez la vid\u00e9o en pause et reprenez-la plus tard, lorsque vous \u00eates pr\u00eat. Cela vous donne \u00e9galement l&rsquo;occasion de pratiquer par vous-m\u00eame les techniques et les processus pr\u00e9sent\u00e9s dans la vid\u00e9o. Vous contr\u00f4lez le rythme de votre apprentissage.<\/p>\n<h3>Logiciel de r\u00e9glage WinOLs<\/h3>\n<p>Bien que vous puissiez suivre n&rsquo;importe lequel des modules de formation VTA WinOls sans disposer du logiciel, votre exp\u00e9rience d&rsquo;apprentissage sera bien meilleure si vous avez le logiciel ouvert et que vous l&rsquo;avez avec vous pendant que vous suivez la vid\u00e9o de formation. De plus, vous pouvez mettre en pratique ce que vous venez d&rsquo;apprendre, au fur et \u00e0 mesure que vous avancez.<\/p>\n<p>Si vous avez besoin d&rsquo;acheter votre propre logiciel WinOls authentique, vous pouvez l&rsquo;acheter dans notre boutique en ligne &#8211; <a href=\"https:\/\/www.remap101.co.uk\/product\/winols-5-tuning-software-evc\/\">WinOls Software<\/a>.<\/p>\n<p>&nbsp;<\/p>\n<p>&nbsp;<\/p>\n<p>Remappage du calculateur et formation au remappage par Viezu Training Academy et Remap101.<\/p>\n","protected":false},"excerpt":{"rendered":"<p>Formation sur le r\u00e9glage de l\u2019essence EVC WinOLS : Module 2 de 6\u00a0; Cette le\u00e7on couvre les \u00e9tapes n\u00e9cessaires au d\u00e9marrage et \u00e0 l\u2019ouverture d\u2019un projet.<\/p>\n","protected":false},"featured_media":57065,"comment_status":"open","ping_status":"closed","template":"","meta":{"_acf_changed":false},"product_brand":[21146,19675],"product_cat":[24518,24407,24508,24409,24406,24643,24637],"product_tag":[15315,23018,23019],"class_list":{"0":"post-51240","1":"product","2":"type-product","3":"status-publish","4":"has-post-thumbnail","6":"product_brand-evc","7":"product_brand-winols","8":"product_cat-formation-a-la-mise-au-point-des-moteurs-a-essence","9":"product_cat-formation-evc-winols","10":"product_cat-formation-sur-le-reglage-de-la-marque","11":"product_cat-evc-electronique","12":"product_cat-formation-a-la-mise-au-point-de-tous-les-vehicules","13":"product_cat-en-ligne","14":"product_cat-formation-sur-les-logiciels-de-reglage","15":"product_tag-evc-fr","16":"product_tag-gasolina-fr","17":"product_tag-logiciel-dajustement-winols-5-evc","19":"first","20":"instock","21":"taxable","22":"shipping-taxable","23":"purchasable","24":"product-type-simple"},"acf":[],"_links":{"self":[{"href":"https:\/\/www.remap101.co.uk\/fr\/wp-json\/wp\/v2\/product\/51240","targetHints":{"allow":["GET"]}}],"collection":[{"href":"https:\/\/www.remap101.co.uk\/fr\/wp-json\/wp\/v2\/product"}],"about":[{"href":"https:\/\/www.remap101.co.uk\/fr\/wp-json\/wp\/v2\/types\/product"}],"replies":[{"embeddable":true,"href":"https:\/\/www.remap101.co.uk\/fr\/wp-json\/wp\/v2\/comments?post=51240"}],"wp:featuredmedia":[{"embeddable":true,"href":"https:\/\/www.remap101.co.uk\/fr\/wp-json\/wp\/v2\/media\/57065"}],"wp:attachment":[{"href":"https:\/\/www.remap101.co.uk\/fr\/wp-json\/wp\/v2\/media?parent=51240"}],"wp:term":[{"taxonomy":"product_brand","embeddable":true,"href":"https:\/\/www.remap101.co.uk\/fr\/wp-json\/wp\/v2\/product_brand?post=51240"},{"taxonomy":"product_cat","embeddable":true,"href":"https:\/\/www.remap101.co.uk\/fr\/wp-json\/wp\/v2\/product_cat?post=51240"},{"taxonomy":"product_tag","embeddable":true,"href":"https:\/\/www.remap101.co.uk\/fr\/wp-json\/wp\/v2\/product_tag?post=51240"}],"curies":[{"name":"wp","href":"https:\/\/api.w.org\/{rel}","templated":true}]}}