{"id":51247,"date":"2022-01-17T16:07:21","date_gmt":"2022-01-17T16:07:21","guid":{"rendered":"https:\/\/www.remap101.co.uk\/product\/evc-winols-module-de-formation-sur-le-reglage-de-lessence-1-sur-6\/"},"modified":"2026-02-19T15:23:00","modified_gmt":"2026-02-19T15:23:00","slug":"evc-winols-gasoline-tuning-training-module-1-of-6","status":"publish","type":"product","link":"https:\/\/www.remap101.co.uk\/fr\/produit\/evc-winols-gasoline-tuning-training-module-1-of-6\/","title":{"rendered":"VTA1031 : EVC WinOLS Gasoline Tuning Module 1 de 6"},"content":{"rendered":"<h2>Cours de formation EVC WinOLS sur le r\u00e9glage de l&rsquo;essence<\/h2>\n<h3>Formation en ligne EVC WinOLS Gasoline Engine Tuning : Module 1 de 6 &#8211; commencer le travail de t\u00e9l\u00e9chargement, d&rsquo;installation et de configuration d&rsquo;EVC WinOLS 5.<\/h3>\n<p>Il s&rsquo;agit du premier module du cours de formation en ligne Remap101 de la Viezu Training Academy sur la mise au point de moteurs \u00e0 essence et le remappage du calculateur \u00e0 l&rsquo;aide d&rsquo;EVC WinOLS.<\/p>\n<p>Nos cours de formation en ligne sont modulaires. Chaque module s&rsquo;appuie sur le pr\u00e9c\u00e9dent. Ensemble, les modules d&rsquo;un cours constituent un programme d&rsquo;apprentissage structur\u00e9.<\/p>\n<p>Vous tirerez le maximum d&rsquo;avantages et de valeur de la formation si vous suivez les modules dans l&rsquo;ordre correct, \u00e0 la suite les uns des autres.<\/p>\n<p>EVC WinOLS est un puissant logiciel de r\u00e9glage et de remappage. Cependant, il est difficile \u00e0 apprendre pour le nouvel utilisateur. Avec WinOLS, vous travaillez avec des donn\u00e9es brutes. Cela vous donne beaucoup de contr\u00f4le manuel, mais WinOLS ne vous donne pas de points de d\u00e9part conviviaux ou de conseils dans le cadre de son interface utilisateur.<\/p>\n<p>Le cours en ligne Viezu Remap101 pour WinOLS vous guidera pas \u00e0 pas dans l&rsquo;installation, la configuration et l&rsquo;utilisation du logiciel &#8211; de mani\u00e8re structur\u00e9e. Comme WinOLS est complexe, nos cours WinOLS comportent plus de modules que nos cours pour d&rsquo;autres plates-formes logicielles.<\/p>\n<p>En suivant tous les modules de cette formation en ligne, vous aurez une bonne connaissance de WinOLS et de la mani\u00e8re dont il peut \u00eatre utilis\u00e9 pour des applications pratiques dans le domaine de la mise au point, du remappage et de la calibration des calculateurs des moteurs \u00e0 essence.<\/p>\n<p>Ce que couvre ce premier module :<\/p>\n<ol>\n<li>Comment se pr\u00e9parer pour r\u00e9ussir la r\u00e9daction de cartes<\/li>\n<li>Ce que vous devez faire avant de commencer \u00e0 utiliser le logiciel<\/li>\n<li>Organiser et d\u00e9finir les pr\u00e9f\u00e9rences<\/li>\n<li>Recommandations pour les param\u00e8tres<\/li>\n<li>Optimisation des vues et des mises en page<\/li>\n<li>Comment utiliser le logiciel et ce qu&rsquo;il faut \u00e9viter<\/li>\n<\/ol>\n<p>Pr\u00e9voyez une heure pour parcourir ce module et le test\/quiz.<\/p>\n<p>Dans ce premier module EVC WinOLS Gasoline, vous apprendrez \u00e0 t\u00e9l\u00e9charger et \u00e0 installer EVC WinOLS 5. Vous apprendrez \u00e0 configurer le logiciel et vos param\u00e8tres, avant de cr\u00e9er votre premier projet et votre premier fichier de r\u00e9glage.<\/p>\n<p>Dans ce module, un fichier logiciel original de base provenant d&rsquo;un v\u00e9hicule BMW constitue l&rsquo;exemple de formation. Les principes de r\u00e9glage abord\u00e9s et les techniques d&rsquo;utilisation du logiciel WinOls sont transf\u00e9rables \u00e0 la plupart des applications de r\u00e9glage des moteurs \u00e0 essence.<\/p>\n<p>Il n&rsquo;est pas indispensable de poss\u00e9der votre propre logiciel WinOLS pour suivre cette formation. Cependant, votre exp\u00e9rience d&rsquo;apprentissage sera bien meilleure si vous avez le logiciel ouvert et avec vous sur votre propre ordinateur pendant que vous travaillez sur les modules. Vous aurez ainsi l&rsquo;occasion de vous exercer sur le logiciel et d&rsquo;essayer par vous-m\u00eame les processus et les techniques que vous avez appris dans la vid\u00e9o. Cela renforce votre apprentissage.<\/p>\n<p>Si vous n&rsquo;avez pas encore achet\u00e9 votre logiciel WinOLS authentique, vous pouvez le visualiser et l&rsquo;acheter dans notre boutique en ligne &#8211; <a href=\"https:\/\/www.remap101.co.uk\/product\/winols-5-tuning-software-evc\/\">WinOls Software<\/a>.<\/p>\n","protected":false},"excerpt":{"rendered":"<p>EVC WinOLS Gasoline Tuning Module 1 de 6\u00a0; deux le\u00e7ons couvrant le t\u00e9l\u00e9chargement, l\u2019installation et la configuration d\u2019EVC WinOLS5.<\/p>\n<p>Il s\u2019agit d\u2019un module de formation complet, veuillez pr\u00e9voir 1 heure pour suivre ce cours et le test qui y est associ\u00e9<\/p>\n","protected":false},"featured_media":57045,"comment_status":"open","ping_status":"closed","template":"","meta":{"_acf_changed":false},"product_brand":[21146,19675],"product_cat":[24518,24512,24407,24510,24508,24409,24406,24643,24637],"product_tag":[15280,15281,15315,15223],"class_list":{"0":"post-51247","1":"product","2":"type-product","3":"status-publish","4":"has-post-thumbnail","6":"product_brand-evc","7":"product_brand-winols","8":"product_cat-formation-a-la-mise-au-point-des-moteurs-a-essence","9":"product_cat-formation-au-tuning-automobile","10":"product_cat-formation-evc-winols","11":"product_cat-formation-daccordeur-debutant","12":"product_cat-formation-sur-le-reglage-de-la-marque","13":"product_cat-evc-electronique","14":"product_cat-formation-a-la-mise-au-point-de-tous-les-vehicules","15":"product_cat-en-ligne","16":"product_cat-formation-sur-les-logiciels-de-reglage","17":"product_tag-essence","18":"product_tag-essence-fr","19":"product_tag-evc-fr","20":"product_tag-logiciel-de-reglage-winols-5-evc","22":"first","23":"instock","24":"taxable","25":"shipping-taxable","26":"purchasable","27":"product-type-simple"},"acf":[],"_links":{"self":[{"href":"https:\/\/www.remap101.co.uk\/fr\/wp-json\/wp\/v2\/product\/51247","targetHints":{"allow":["GET"]}}],"collection":[{"href":"https:\/\/www.remap101.co.uk\/fr\/wp-json\/wp\/v2\/product"}],"about":[{"href":"https:\/\/www.remap101.co.uk\/fr\/wp-json\/wp\/v2\/types\/product"}],"replies":[{"embeddable":true,"href":"https:\/\/www.remap101.co.uk\/fr\/wp-json\/wp\/v2\/comments?post=51247"}],"wp:featuredmedia":[{"embeddable":true,"href":"https:\/\/www.remap101.co.uk\/fr\/wp-json\/wp\/v2\/media\/57045"}],"wp:attachment":[{"href":"https:\/\/www.remap101.co.uk\/fr\/wp-json\/wp\/v2\/media?parent=51247"}],"wp:term":[{"taxonomy":"product_brand","embeddable":true,"href":"https:\/\/www.remap101.co.uk\/fr\/wp-json\/wp\/v2\/product_brand?post=51247"},{"taxonomy":"product_cat","embeddable":true,"href":"https:\/\/www.remap101.co.uk\/fr\/wp-json\/wp\/v2\/product_cat?post=51247"},{"taxonomy":"product_tag","embeddable":true,"href":"https:\/\/www.remap101.co.uk\/fr\/wp-json\/wp\/v2\/product_tag?post=51247"}],"curies":[{"name":"wp","href":"https:\/\/api.w.org\/{rel}","templated":true}]}}