{"id":51263,"date":"2022-01-14T16:43:03","date_gmt":"2022-01-14T16:43:03","guid":{"rendered":"https:\/\/www.remap101.co.uk\/product\/module-de-reglage-dessence-ecm-titanium-5-sur-6\/"},"modified":"2026-02-19T15:23:01","modified_gmt":"2026-02-19T15:23:01","slug":"ecm-titanium-gasoline-tuning-module-5-of-6","status":"publish","type":"product","link":"https:\/\/www.remap101.co.uk\/fr\/produit\/ecm-titanium-gasoline-tuning-module-5-of-6\/","title":{"rendered":"VTA1029 : ECM Titanium Gasoline Tuning Module 5 de 6"},"content":{"rendered":"<h2>ECM Titane Essence | Formation en ligne sur l\u2019essence Module 5 de 6<\/h2>\n<p>ECM Titane Essence | Formation sur l\u2019essence Cours de formation en ligne ce qui est couvert :<\/p>\n<ul>\n<li>Comprendre les principes de la mise au point des v\u00e9hicules \u00e0 aspiration naturelle (NA) et,<\/li>\n<li>comment aborder le r\u00e9glage \u00e0 l\u2019aide du logiciel Alientech ECM Titanium<\/li>\n<li>Le formateur vous fera d\u00e9couvrir plusieurs types de v\u00e9hicules diff\u00e9rents pour vous aider \u00e0 comparer les donn\u00e9es des cartes.<\/li>\n<li>Pour soutenir le d\u00e9veloppement de vos connaissances et pour rendre le cours aussi interactif que possible pour vous&nbsp;; Le cours contient les fichiers originaux dont vous aurez besoin pour pouvoir suivre le cours aux c\u00f4t\u00e9s du formateur.<\/li>\n<li>L\u2019entra\u00eeneur couvrira les principaux avantages de la mise au point d\u2019un v\u00e9hicule atmosph\u00e9rique et vous montrera les cartes cl\u00e9s qui peuvent \u00eatre ajust\u00e9es pour d\u00e9bloquer l\u2019augmentation des performances de ces v\u00e9hicules<\/li>\n<\/ul>\n<p>Ce module de formation en ligne ECM Titanium Petrol | Gasoline est la 5\u00e8me session d&rsquo;une s\u00e9rie de 6 sessions de formation en ligne Alientech ECM Titanium Gasoline Tuning. Nous vous recommandons de suivre tous les cours dans le bon ordre afin de tirer le meilleur parti de votre investissement dans le d\u00e9veloppement de vos comp\u00e9tences. <\/p>\n<p>En suivant tous les cours de la s\u00e9rie, vous verrez que vos connaissances et vos comp\u00e9tences se d\u00e9velopperont d&rsquo;un module \u00e0 l&rsquo;autre.<\/p>\n<p>Avec la capacit\u00e9 de suivre les exercices pratiques, vous obtiendrez les meilleurs r\u00e9sultats avec le remap one on one &#8211; nous vous guiderons \u00e0 travers les \u00e9tapes cl\u00e9s pour devenir un tuner comp\u00e9tent et m\u00eame si vous utilisez d\u00e9j\u00e0 le logiciel Alientech ECM Titanium, commencez par la le\u00e7on d&rsquo;introduction et suivez confortablement la logique et la structure des le\u00e7ons \u00e9tape par \u00e9tape, one on one.<\/p>\n<p><strong>Mais attendez, \u00e7a s\u2019am\u00e9liore&#8230;.<\/strong><\/p>\n<p>Chaque s\u00e9ance d\u2019entra\u00eenement est disponible autant de fois que vous le souhaitez. En tant que tel, l\u2019un des grands avantages de la formation en ligne est si vous n\u2019avez pas tout \u00e0 fait compris quelque chose. Vous pouvez le regarder encore et encore jusqu\u2019\u00e0 ce que vous le ma\u00eetrisiez. Et vous pouvez \u00e9galement mettre en pause et red\u00e9marrer. Cela vous donne ainsi le temps de prendre des notes, ou m\u00eame de pratiquer ce que vous venez de voir    <\/p>\n<h3><strong>Logiciel de r\u00e9glage ECM Alientech  <\/strong><\/h3>\n<p>En th\u00e9orie, il n&rsquo;est pas n\u00e9cessaire d&rsquo;avoir d\u00e9j\u00e0 achet\u00e9 le logiciel de r\u00e9glage Alientech ECM pour suivre cette formation. Cependant, pour une exp\u00e9rience d&rsquo;apprentissage optimale. Et pour vous assurer de tirer le meilleur parti des cours de formation Remap 101, nous vous conseillons de suivre la formation avec le logiciel en main. Nous vous conseillons vraiment de suivre la formation avec le logiciel en main.   <\/p>\n<p>Si vous disposez du logiciel ECM, vous pourrez suivre activement la formation. Vous pourrez donc participer aux exercices pendant et apr\u00e8s la formation. Nous savons que vous tirerez beaucoup plus de profit de la formation si vous suivez le cours avec le logiciel. C&rsquo;est pourquoi vous devez savoir que Remap 101 stocke, fournit et forme sur pratiquement tous les outils et logiciels de r\u00e9glage. Vous pouvez voir l&rsquo;outil de r\u00e9glage et la boutique de logiciels ici : <a href=\"https:\/\/www.remap101.co.uk\/fr\/categorie-produit\/outils-et-logiciels-de-reglage-professionnels\/\">Boutique<\/a><\/p>\n","protected":false},"excerpt":{"rendered":"<h2>Module de formation en ligne ECM Titanium Gasoline\/Petrol Tuning Module 5 sur 6<\/h2>\n","protected":false},"featured_media":56905,"comment_status":"open","ping_status":"closed","template":"","meta":{"_acf_changed":false},"product_brand":[19674,19679],"product_cat":[24518,24427,24508,24406,24643,24637,24658],"product_tag":[15278,15279,15280,15281],"class_list":{"0":"post-51263","1":"product","2":"type-product","3":"status-publish","4":"has-post-thumbnail","6":"product_brand-alientech","7":"product_brand-ecm-titanium","8":"product_cat-formation-a-la-mise-au-point-des-moteurs-a-essence","9":"product_cat-formation-ecm-titanium","10":"product_cat-formation-sur-le-reglage-de-la-marque","11":"product_cat-formation-a-la-mise-au-point-de-tous-les-vehicules","12":"product_cat-en-ligne","13":"product_cat-formation-sur-les-logiciels-de-reglage","14":"product_cat-alientech-fr","15":"product_tag-ecm-fr","16":"product_tag-ecm-titanium-fr","17":"product_tag-essence","18":"product_tag-essence-fr","20":"first","21":"instock","22":"taxable","23":"shipping-taxable","24":"purchasable","25":"product-type-simple"},"acf":[],"_links":{"self":[{"href":"https:\/\/www.remap101.co.uk\/fr\/wp-json\/wp\/v2\/product\/51263","targetHints":{"allow":["GET"]}}],"collection":[{"href":"https:\/\/www.remap101.co.uk\/fr\/wp-json\/wp\/v2\/product"}],"about":[{"href":"https:\/\/www.remap101.co.uk\/fr\/wp-json\/wp\/v2\/types\/product"}],"replies":[{"embeddable":true,"href":"https:\/\/www.remap101.co.uk\/fr\/wp-json\/wp\/v2\/comments?post=51263"}],"wp:featuredmedia":[{"embeddable":true,"href":"https:\/\/www.remap101.co.uk\/fr\/wp-json\/wp\/v2\/media\/56905"}],"wp:attachment":[{"href":"https:\/\/www.remap101.co.uk\/fr\/wp-json\/wp\/v2\/media?parent=51263"}],"wp:term":[{"taxonomy":"product_brand","embeddable":true,"href":"https:\/\/www.remap101.co.uk\/fr\/wp-json\/wp\/v2\/product_brand?post=51263"},{"taxonomy":"product_cat","embeddable":true,"href":"https:\/\/www.remap101.co.uk\/fr\/wp-json\/wp\/v2\/product_cat?post=51263"},{"taxonomy":"product_tag","embeddable":true,"href":"https:\/\/www.remap101.co.uk\/fr\/wp-json\/wp\/v2\/product_tag?post=51263"}],"curies":[{"name":"wp","href":"https:\/\/api.w.org\/{rel}","templated":true}]}}