{"id":51277,"date":"2021-11-17T14:32:11","date_gmt":"2021-11-17T14:32:11","guid":{"rendered":"https:\/\/www.remap101.co.uk\/product\/evc-winols-diesel-tuning-module-4-de-6a\/"},"modified":"2026-02-19T15:23:11","modified_gmt":"2026-02-19T15:23:11","slug":"evc-winols-diesel-tuning-module-4-of-6a","status":"publish","type":"product","link":"https:\/\/www.remap101.co.uk\/fr\/produit\/evc-winols-diesel-tuning-module-4-of-6a\/","title":{"rendered":"VTA1016 : Module de r\u00e9glage diesel EVC WinOLS 4 sur 6a"},"content":{"rendered":"<h2>VTA1016 : Cours de formation en ligne EVC WinOLS 5 Diesel Vehicle Tuning &#8211; Module 4 de 6a<\/h2>\n<p>&nbsp;<\/p>\n<p>Ceci est la 4\u00e8me section du cours de formation en ligne Viezu Remap101 WinOLS Diesel Tuning.<\/p>\n<p>La quatri\u00e8me section est divis\u00e9e en deux modules, \u00e9num\u00e9r\u00e9s ci-dessous :<\/p>\n<ul>\n<li><span style=\"font-family: var(--global-body-font-family);\"><strong>EVC WinOLS Diesel Tuning Online Module 4 de 6a<\/strong> <strong> (ce module)<\/strong><\/span><\/li>\n<li>EVC WinOLS Diesel Tuning Online Module 4 sur 6b<\/li>\n<\/ul>\n<p>&nbsp;<\/p>\n<p>Vous devez pr\u00e9voir 4 heures pour compl\u00e9ter ces 2 modules.<\/p>\n<p>\u00c0 la fin de cette section du cours, vous saurez ce qu&rsquo;est le d\u00e9veloppement d&rsquo;un Map Pack.<\/p>\n<p>Ces modules comprennent des connaissances d\u00e9taill\u00e9es sur la gestion des donn\u00e9es cartographiques. Vous apprendrez \u00e0 identifier, \u00e9tiqueter et convertir les donn\u00e9es dans des formats adapt\u00e9s \u00e0 une manipulation ult\u00e9rieure dans le cadre de la mise au point du v\u00e9hicule &#8211; essentiellement en transformant les\u00a0\u00bbdonn\u00e9es\u00a0\u00bb en\u00a0\u00bbinformations\u00a0\u00bb. Cela implique un travail quantitatif &#8211; c&rsquo;est pourquoi nous avons fourni des supports de cours suppl\u00e9mentaires pour compl\u00e9ter votre \u00e9tude.<\/p>\n<p>Pour tirer pleinement parti de ces cours en ligne, vous devez suivre les modules les uns apr\u00e8s les autres. Cela vous permettra de d\u00e9velopper vos connaissances et vos comp\u00e9tences d&rsquo;une mani\u00e8re logique et structur\u00e9e. Chaque module s&rsquo;appuie sur les connaissances du module pr\u00e9c\u00e9dent.<\/p>\n<p>Cette formation en ligne Viezu Remap101 comprend 8 modules au total sur l&rsquo;utilisation de WinOLS pour la mise au point et l&rsquo;\u00e9talonnage des calculateurs diesel.<\/p>\n<p>Le logiciel WinOLS est puissant mais peut \u00eatre difficile \u00e0 apprendre &#8211; l&rsquo;interface utilisateur est une \u00ab\u00a0toile blanche\u00a0\u00bb. C&rsquo;est pourquoi nos cours de formation WinOLS comprennent plus de modules que nos cours de formation pour d&rsquo;autres logiciels.<\/p>\n<p>&nbsp;<\/p>\n<p>&nbsp;<\/p>\n<h3>Logiciel EVC WinOLS 5<\/h3>\n<p>Vous b\u00e9n\u00e9ficierez d&rsquo;une meilleure exp\u00e9rience d&rsquo;apprentissage dans ce cours en ligne si le logiciel WinOLS fonctionne sur votre propre PC pendant que vous suivez le cours. Vous pourrez ainsi mettre en pratique ce que vous venez d&rsquo;apprendre dans la vid\u00e9o. Vous pouvez suivre ce que le formateur vous montre au fur et \u00e0 mesure. Il s&rsquo;agit d&rsquo;un apprentissage pratique qui vous donnera plus d&rsquo;assurance dans l&rsquo;utilisation du logiciel.<\/p>\n<p>Si vous n&rsquo;avez pas encore la version compl\u00e8te du logiciel de tuning EVC WinOLS, vous pouvez la voir et l&rsquo;acheter ici dans la boutique de tuning en ligne &#8211; <a href=\"https:\/\/www.remap101.co.uk\/fr\/categorie-produit\/outils-et-logiciels-de-reglage-professionnels\/\">Logiciel de tuning <\/a><\/p>\n<p>&nbsp;<\/p>\n","protected":false},"excerpt":{"rendered":"<p>Nous reprenons maintenant ce que vous avez \u00e9tudi\u00e9 jusqu&rsquo;\u00e0 pr\u00e9sent dans les <strong>modules 1 \u00e0 3 d&rsquo;EVC WinOLS 5 Diesel Tuning<\/strong> et nous allons maintenant approfondir la compr\u00e9hension des donn\u00e9es du calculateur du point de vue du pr\u00e9parateur de v\u00e9hicule qui a besoin d&rsquo;utiliser, de contr\u00f4ler et de manipuler les donn\u00e9es pour atteindre les objectifs de r\u00e9glage. Pour en faire un th\u00e8me, nous nous r\u00e9f\u00e9rerons \u00e0 cette section comme <strong>Transformer les \u00ab\u00a0donn\u00e9es\u00a0\u00bb en \u00ab\u00a0informations\u00a0\u00bb <\/strong>du point de vue du pr\u00e9parateur de v\u00e9hicule utilisant le logiciel EVC WinOLS 5.<\/p>\n<p>Nous poursuivrons le th\u00e8me de la d\u00e9finition des donn\u00e9es cartographiques au cours des 4 prochaines le\u00e7ons. Veuillez vous pr\u00e9parer \u00e0 consacrer au moins 4 heures aux deux parties de ce module, du d\u00e9but \u00e0 la fin de l&rsquo;\u00e9tude, afin de couvrir l&rsquo;\u00e9l\u00e9ment Donn\u00e9es cartographiques de votre formation.<\/p>\n","protected":false},"featured_media":56335,"comment_status":"open","ping_status":"closed","template":"","meta":{"_acf_changed":false},"product_brand":[21146,19675],"product_cat":[24509,24511,24407,24409,20398,24406,24643,24637],"product_tag":[15362,15317],"class_list":{"0":"post-51277","1":"product","2":"type-product","3":"status-publish","4":"has-post-thumbnail","6":"product_brand-evc","7":"product_brand-winols","8":"product_cat-formation-au-tuning-par-niveau","9":"product_cat-formation-au-tuning-par-type-de-vehicule","10":"product_cat-formation-evc-winols","11":"product_cat-evc-electronique","12":"product_cat-modules-de-reglage-des-moteurs-diesel","13":"product_cat-formation-a-la-mise-au-point-de-tous-les-vehicules","14":"product_cat-en-ligne","15":"product_cat-formation-sur-les-logiciels-de-reglage","16":"product_tag-diesel-fr","17":"product_tag-moteur-diesel-evc-winols","19":"first","20":"instock","21":"taxable","22":"shipping-taxable","23":"purchasable","24":"product-type-simple"},"acf":[],"_links":{"self":[{"href":"https:\/\/www.remap101.co.uk\/fr\/wp-json\/wp\/v2\/product\/51277","targetHints":{"allow":["GET"]}}],"collection":[{"href":"https:\/\/www.remap101.co.uk\/fr\/wp-json\/wp\/v2\/product"}],"about":[{"href":"https:\/\/www.remap101.co.uk\/fr\/wp-json\/wp\/v2\/types\/product"}],"replies":[{"embeddable":true,"href":"https:\/\/www.remap101.co.uk\/fr\/wp-json\/wp\/v2\/comments?post=51277"}],"wp:featuredmedia":[{"embeddable":true,"href":"https:\/\/www.remap101.co.uk\/fr\/wp-json\/wp\/v2\/media\/56335"}],"wp:attachment":[{"href":"https:\/\/www.remap101.co.uk\/fr\/wp-json\/wp\/v2\/media?parent=51277"}],"wp:term":[{"taxonomy":"product_brand","embeddable":true,"href":"https:\/\/www.remap101.co.uk\/fr\/wp-json\/wp\/v2\/product_brand?post=51277"},{"taxonomy":"product_cat","embeddable":true,"href":"https:\/\/www.remap101.co.uk\/fr\/wp-json\/wp\/v2\/product_cat?post=51277"},{"taxonomy":"product_tag","embeddable":true,"href":"https:\/\/www.remap101.co.uk\/fr\/wp-json\/wp\/v2\/product_tag?post=51277"}],"curies":[{"name":"wp","href":"https:\/\/api.w.org\/{rel}","templated":true}]}}