{"id":51286,"date":"2021-11-04T14:05:46","date_gmt":"2021-11-04T14:05:46","guid":{"rendered":"https:\/\/www.remap101.co.uk\/product\/evc-winols-diesel-tuning-module-3-de-6\/"},"modified":"2026-02-19T15:23:12","modified_gmt":"2026-02-19T15:23:12","slug":"evc-winols-diesel-tuning-module-3-of-6","status":"publish","type":"product","link":"https:\/\/www.remap101.co.uk\/fr\/produit\/evc-winols-diesel-tuning-module-3-of-6\/","title":{"rendered":"VTA1015 : Module de r\u00e9glage diesel EVC WinOLS 3 sur 6"},"content":{"rendered":"<h2>VTA1015 : Cours de formation en ligne EVC WinOLS Diesel Tuning : Module 3 de 6<\/h2>\n<p>Ce module de formation en ligne WinOLS Diesel Tuning est le 3\u00e8me module de formation de notre cours de formation en ligne Viezu Remap101 WinOLS Diesel Tuning.<\/p>\n<p>Pour tirer pleinement parti de nos cours en ligne, vous devez suivre les modules dans le bon ordre. Cela vous permettra de d\u00e9velopper vos connaissances et vos comp\u00e9tences de mani\u00e8re structur\u00e9e. Vous commencez par apprendre les principes fondamentaux, puis vous progressez logiquement. Chaque module s&rsquo;appuie sur les connaissances acquises dans le module pr\u00e9c\u00e9dent.<\/p>\n<p>Il y a 8 modules au total dans ce cours de formation en ligne Viezu Remap101 sur l&rsquo;utilisation de WinOLS pour la mise au point et l&rsquo;\u00e9talonnage des v\u00e9hicules diesel.<\/p>\n<p>Le logiciel WinOLS est puissant mais peut \u00eatre difficile \u00e0 apprendre &#8211; l&rsquo;interface utilisateur est une \u00ab\u00a0toile blanche\u00a0\u00bb. C&rsquo;est pourquoi nos formations WinOLS comprennent un plus grand nombre de modules que nos formations \u00e0 d&rsquo;autres logiciels.<\/p>\n<p>Dans ce module, vous approfondirez l&rsquo;application pratique et l&rsquo;utilisation d&rsquo;EVC WinOLS 5. Vous d\u00e9couvrirez les types de cartographie les plus courants pour les moteurs diesel et leurs tailles typiques.<\/p>\n<p>Vous aurez besoin d&rsquo;au moins une heure pour regarder le contenu du cours.<\/p>\n<p>Lorsque vous achetez les modules en ligne de Viezu Remap101, vous b\u00e9n\u00e9ficiez d&rsquo;un acc\u00e8s \u00e0 vie &#8211; vous pouvez regarder et r\u00e9viser autant que vous le souhaitez. Cela signifie que vous pouvez revoir des sujets particuliers qui vous int\u00e9ressent et renforcer votre apprentissage.<\/p>\n<p>&nbsp;<\/p>\n<p>&nbsp;<\/p>\n<h3>Logiciel EVC WinOLS 5<\/h3>\n<p>Vous aurez une meilleure exp\u00e9rience d&rsquo;apprentissage avec ce cours en ligne si le logiciel WinOLS fonctionne sur votre propre ordinateur portable ou PC pendant que vous suivez le cours.<\/p>\n<p>Vous pouvez ainsi mettre en pratique ce que vous venez d&rsquo;apprendre dans la vid\u00e9o. Vous pouvez suivre ce que le formateur vous montre au fur et \u00e0 mesure. Il s&rsquo;agit d&rsquo;un apprentissage pratique qui vous donnera plus d&rsquo;assurance pour effectuer vos propres r\u00e9glages et calibrages de moteurs diesel dans le monde r\u00e9el avec WinOLS.<\/p>\n<p>Si vous n&rsquo;avez pas encore la version compl\u00e8te du logiciel de tuning EVC WinOLS, vous pouvez la voir et l&rsquo;acheter ici dans notre boutique de tuning en ligne &#8211; <a href=\"https:\/\/www.remap101.co.uk\/fr\/categorie-produit\/outils-et-logiciels-de-reglage-professionnels\/\">Logiciel de tuning<\/a><\/p>\n","protected":false},"excerpt":{"rendered":"<p>Formation en ligne sur le r\u00e9glage diesel EVC WinOLS : Module 3 sur 6 ; Cette session de formation en ligne sur le r\u00e9glage WinOLS 5 Diesel est le troisi\u00e8me module de formation pour WinOlS 5 Diesel. Il est important que vous ayez d\u00e9j\u00e0 suivi les modules pr\u00e9c\u00e9dents pour comprendre les sujets abord\u00e9s dans cette formation.<\/p>\n","protected":false},"featured_media":56305,"comment_status":"open","ping_status":"closed","template":"","meta":{"_acf_changed":false},"product_brand":[21146,19675],"product_cat":[24509,24511,24407,24409,20398,24406,24643,24637],"product_tag":[],"class_list":{"0":"post-51286","1":"product","2":"type-product","3":"status-publish","4":"has-post-thumbnail","6":"product_brand-evc","7":"product_brand-winols","8":"product_cat-formation-au-tuning-par-niveau","9":"product_cat-formation-au-tuning-par-type-de-vehicule","10":"product_cat-formation-evc-winols","11":"product_cat-evc-electronique","12":"product_cat-modules-de-reglage-des-moteurs-diesel","13":"product_cat-formation-a-la-mise-au-point-de-tous-les-vehicules","14":"product_cat-en-ligne","15":"product_cat-formation-sur-les-logiciels-de-reglage","17":"first","18":"instock","19":"taxable","20":"shipping-taxable","21":"purchasable","22":"product-type-simple"},"acf":[],"_links":{"self":[{"href":"https:\/\/www.remap101.co.uk\/fr\/wp-json\/wp\/v2\/product\/51286","targetHints":{"allow":["GET"]}}],"collection":[{"href":"https:\/\/www.remap101.co.uk\/fr\/wp-json\/wp\/v2\/product"}],"about":[{"href":"https:\/\/www.remap101.co.uk\/fr\/wp-json\/wp\/v2\/types\/product"}],"replies":[{"embeddable":true,"href":"https:\/\/www.remap101.co.uk\/fr\/wp-json\/wp\/v2\/comments?post=51286"}],"wp:featuredmedia":[{"embeddable":true,"href":"https:\/\/www.remap101.co.uk\/fr\/wp-json\/wp\/v2\/media\/56305"}],"wp:attachment":[{"href":"https:\/\/www.remap101.co.uk\/fr\/wp-json\/wp\/v2\/media?parent=51286"}],"wp:term":[{"taxonomy":"product_brand","embeddable":true,"href":"https:\/\/www.remap101.co.uk\/fr\/wp-json\/wp\/v2\/product_brand?post=51286"},{"taxonomy":"product_cat","embeddable":true,"href":"https:\/\/www.remap101.co.uk\/fr\/wp-json\/wp\/v2\/product_cat?post=51286"},{"taxonomy":"product_tag","embeddable":true,"href":"https:\/\/www.remap101.co.uk\/fr\/wp-json\/wp\/v2\/product_tag?post=51286"}],"curies":[{"name":"wp","href":"https:\/\/api.w.org\/{rel}","templated":true}]}}