{"id":51304,"date":"2021-10-29T10:30:51","date_gmt":"2021-10-29T09:30:51","guid":{"rendered":"https:\/\/www.remap101.co.uk\/product\/evc-winols-diesel-tuning-module-2-de-6\/"},"modified":"2026-02-19T15:23:13","modified_gmt":"2026-02-19T15:23:13","slug":"evc-winols-diesel-tuning-module-2-of-6","status":"publish","type":"product","link":"https:\/\/www.remap101.co.uk\/fr\/produit\/evc-winols-diesel-tuning-module-2-of-6\/","title":{"rendered":"VTA1014 : Module de r\u00e9glage diesel EVC WinOLS 2 sur 6"},"content":{"rendered":"<h2>VTA1014 : Cours de formation EVC WinOLS Diesel Tuning : Module 2 de 6<\/h2>\n<p>Ce module de formation WinOLS Diesel Tuning est le deuxi\u00e8me module de formation de notre cours en ligne Viezu Remap101 WinOLS Diesel Tuning.<\/p>\n<p>Pour tirer le meilleur parti de nos cours en ligne, il est pr\u00e9f\u00e9rable de suivre les modules dans le bon ordre. Cela vous permettra de d\u00e9velopper vos connaissances de mani\u00e8re logique. Vous commencez par les principes fondamentaux, puis vous progressez \u00e0 partir de l\u00e0. Chaque module s&rsquo;appuie sur les connaissances du pr\u00e9c\u00e9dent.<\/p>\n<p>Il y a 8 modules au total dans cette formation en ligne Viezu Remap101 sur l&rsquo;utilisation de WinOLS pour la mise au point et l&rsquo;\u00e9talonnage des v\u00e9hicules diesel (certains modules ont 2 parties &#8211; un module de la partie A et un module de la partie B).<\/p>\n<p>Le logiciel WinOLS est puissant mais difficile \u00e0 apprendre &#8211; l&rsquo;interface utilisateur est une \u00ab\u00a0toile blanche\u00a0\u00bb. C&rsquo;est pourquoi nos formations WinOLS comprennent un plus grand nombre de modules que nos formations \u00e0 d&rsquo;autres logiciels.<\/p>\n<p>Dans ce module, vous apprendrez \u00e0 ouvrir correctement un projet dans EVC WinOLS 5. Vous apprendrez la terminologie utilis\u00e9e dans le logiciel. Vous apprendrez \u00e0 naviguer dans vos projets de d\u00e9veloppement et de mise au point de fichiers dans WinOLS.<\/p>\n<p>Vous apprendrez \u00e9galement comment ouvrir un projet existant et les choses \u00e0 \u00e9viter lors de l&rsquo;ouverture d&rsquo;un projet en cours.<\/p>\n<p>Cette formation WinOLS tuning for diesel comprend \u00e9galement un fichier original pour le v\u00e9hicule d&rsquo;exemple de la formation, une BMW E9 320d. Le fichier original est disponible en t\u00e9l\u00e9chargement gratuit afin que vous puissiez suivre et participer activement \u00e0 ce cours avec le formateur.<\/p>\n<p>Vous aurez besoin d&rsquo;au moins une heure pour regarder le contenu du cours. Vous serez alors pr\u00eat \u00e0 passer au module suivant du cours.<\/p>\n<p>Lorsque vous achetez des modules de formation en ligne Viezu Remap101, vous b\u00e9n\u00e9ficiez d&rsquo;un acc\u00e8s \u00e0 vie au module &#8211; vous pouvez le regarder, le revoir et le r\u00e9viser autant que vous le souhaitez. Cela signifie que vous pouvez revoir des sujets particuliers qui vous int\u00e9ressent et renforcer votre apprentissage.<\/p>\n<p>&nbsp;<\/p>\n<p>&nbsp;<\/p>\n<h3>Logiciel EVC WinOLS 5<\/h3>\n<p>Vous aurez une meilleure exp\u00e9rience d&rsquo;apprentissage avec ce cours en ligne si le logiciel WinOLS fonctionne sur votre propre ordinateur portable ou PC pendant que vous suivez le cours.<\/p>\n<p>Vous pouvez ainsi mettre en pratique ce que vous venez d&rsquo;apprendre dans la vid\u00e9o. Vous pouvez suivre ce que le formateur vous montre au fur et \u00e0 mesure. Il s&rsquo;agit d&rsquo;un apprentissage pratique qui vous donnera plus d&rsquo;assurance pour effectuer vos propres r\u00e9glages et calibrages de moteurs diesel dans le monde r\u00e9el avec WinOLS.<\/p>\n<p>Si vous n&rsquo;avez pas encore la version compl\u00e8te du logiciel de tuning EVC WinOLS, vous pouvez la voir et l&rsquo;acheter ici dans notre boutique de tuning en ligne &#8211; <a href=\"https:\/\/www.remap101.co.uk\/fr\/categorie-produit\/outils-et-logiciels-de-reglage-professionnels\/\">Logiciel de tuning<\/a><\/p>\n","protected":false},"excerpt":{"rendered":"<p>Il s\u2019agit de la deuxi\u00e8me installation du module de r\u00e9glage diesel EVC WinOLS. Cette s\u00e9rie comporte six modules &#8211; les modules aident l\u2019apprenant en fournissant des instructions d\u00e9taill\u00e9es sur l\u2019utilisation d\u2019EVC WinOLS depuis le tout d\u00e9but jusqu\u2019aux solutions de r\u00e9glage avanc\u00e9es. Dans ce module, l\u2019accent est mis sur les projets et la terminologie utilis\u00e9e dans le logiciel, de sorte que l\u2019apprenant d\u00e9veloppera une compr\u00e9hension confiante des fonctions, des cl\u00e9s et des caract\u00e9ristiques du logiciel extr\u00eamement excellent &#8211; EVC WinOLS.<\/p>\n","protected":false},"featured_media":56275,"comment_status":"open","ping_status":"closed","template":"","meta":{"_acf_changed":false},"product_brand":[21146,19675],"product_cat":[24509,24511,24407,24409,20398,24406,24643,24637],"product_tag":[15316,15492,15491,23019,15317],"class_list":{"0":"post-51304","1":"product","2":"type-product","3":"status-publish","4":"has-post-thumbnail","6":"product_brand-evc","7":"product_brand-winols","8":"product_cat-formation-au-tuning-par-niveau","9":"product_cat-formation-au-tuning-par-type-de-vehicule","10":"product_cat-formation-evc-winols","11":"product_cat-evc-electronique","12":"product_cat-modules-de-reglage-des-moteurs-diesel","13":"product_cat-formation-a-la-mise-au-point-de-tous-les-vehicules","14":"product_cat-en-ligne","15":"product_cat-formation-sur-les-logiciels-de-reglage","16":"product_tag-evc-winols-fr","17":"product_tag-evc-winols-diesel-tuning-module-2-de-6","18":"product_tag-formation-winols","19":"product_tag-logiciel-dajustement-winols-5-evc","20":"product_tag-moteur-diesel-evc-winols","22":"first","23":"instock","24":"taxable","25":"shipping-taxable","26":"purchasable","27":"product-type-simple"},"acf":[],"_links":{"self":[{"href":"https:\/\/www.remap101.co.uk\/fr\/wp-json\/wp\/v2\/product\/51304","targetHints":{"allow":["GET"]}}],"collection":[{"href":"https:\/\/www.remap101.co.uk\/fr\/wp-json\/wp\/v2\/product"}],"about":[{"href":"https:\/\/www.remap101.co.uk\/fr\/wp-json\/wp\/v2\/types\/product"}],"replies":[{"embeddable":true,"href":"https:\/\/www.remap101.co.uk\/fr\/wp-json\/wp\/v2\/comments?post=51304"}],"wp:featuredmedia":[{"embeddable":true,"href":"https:\/\/www.remap101.co.uk\/fr\/wp-json\/wp\/v2\/media\/56275"}],"wp:attachment":[{"href":"https:\/\/www.remap101.co.uk\/fr\/wp-json\/wp\/v2\/media?parent=51304"}],"wp:term":[{"taxonomy":"product_brand","embeddable":true,"href":"https:\/\/www.remap101.co.uk\/fr\/wp-json\/wp\/v2\/product_brand?post=51304"},{"taxonomy":"product_cat","embeddable":true,"href":"https:\/\/www.remap101.co.uk\/fr\/wp-json\/wp\/v2\/product_cat?post=51304"},{"taxonomy":"product_tag","embeddable":true,"href":"https:\/\/www.remap101.co.uk\/fr\/wp-json\/wp\/v2\/product_tag?post=51304"}],"curies":[{"name":"wp","href":"https:\/\/api.w.org\/{rel}","templated":true}]}}