{"id":51318,"date":"2021-10-28T12:17:09","date_gmt":"2021-10-28T11:17:09","guid":{"rendered":"https:\/\/www.remap101.co.uk\/product\/evc-winols-diesel-tuning-module-1-de-6\/"},"modified":"2026-02-19T15:23:14","modified_gmt":"2026-02-19T15:23:14","slug":"evc-winols-diesel-tuning-module-1-of-6","status":"publish","type":"product","link":"https:\/\/www.remap101.co.uk\/fr\/produit\/evc-winols-diesel-tuning-module-1-of-6\/","title":{"rendered":"VTA1013 :  Module de formation EVC WinOLS Diesel Tuning 1 sur 6"},"content":{"rendered":"<h2>VTA1013 : Cours de formation EVC WinOLS sur le r\u00e9glage des v\u00e9hicules diesel : Module 1 de 6<\/h2>\n<p>Vous \u00eates pr\u00eat \u00e0 vous lancer dans le tuning diesel professionnel ?<\/p>\n<p><strong>Le cours de formation en ligne Viezu Remap101 sur EVC WinOLS Diesel Tuning<\/strong> vous aidera \u00e0 atteindre vos objectifs en mati\u00e8re de tuning et de business. Ce premier module du cours est votre premi\u00e8re \u00e9tape essentielle.<\/p>\n<p>Ce module propose deux le\u00e7ons approfondies qui vous guident dans le t\u00e9l\u00e9chargement, l&rsquo;installation et la configuration correcte du <strong>logiciel de<\/strong> pointe <strong>WinOLS 5<\/strong>, jetant ainsi les bases solides d&rsquo;un apprentissage plus approfondi de ce logiciel et de son utilisation pour le remappage et la mise au point des calculateurs diesel. Vous apprendrez l&rsquo;interface de WinOLS et ses principales fonctionnalit\u00e9s.<\/p>\n<p>Ce cours en ligne sur l&rsquo;utilisation de WinOLS pour la mise au point des moteurs diesel comprend 8 modules au total (certains modules comportent deux parties &#8211; un module de la partie A et un module de la partie B).<\/p>\n<p>Le logiciel WinOLS est difficile \u00e0 apprendre, c&rsquo;est pourquoi nos cours de formation WinOLS comprennent un plus grand nombre de modules que nos cours pour d&rsquo;autres plates-formes logicielles.<\/p>\n<p>Pour tirer pleinement parti de nos cours en ligne, il est pr\u00e9f\u00e9rable de suivre les modules dans le bon ordre. Vous pourrez ainsi d\u00e9velopper vos connaissances de mani\u00e8re structur\u00e9e. Chaque module s&rsquo;appuie sur les connaissances du pr\u00e9c\u00e9dent.<\/p>\n<h2>Apprenez \u00e0 votre rythme &#8211; 100% en ligne<\/h2>\n<p>Dites adieu aux horaires rigides et aux d\u00e9placements co\u00fbteux pour suivre des cours en classe. Nos cours en ligne vous permettent d&rsquo;apprendre \u00e0 tout moment et en tout lieu. Que vous soyez en train d&rsquo;\u00e9tudier tard le soir ou t\u00f4t le matin, vous pouvez faire une pause, revenir en arri\u00e8re et revoir chaque section jusqu&rsquo;\u00e0 ce que vous soyez s\u00fbr de vous et pr\u00eat \u00e0 passer \u00e0 la suite. Prenez des notes, suivez le cours avec votre propre logiciel et contr\u00f4lez totalement votre apprentissage.<\/p>\n<p>Lorsque vous achetez les modules de formation en ligne de Viezu Remap101, vous b\u00e9n\u00e9ficiez d&rsquo;un acc\u00e8s \u00e0 vie &#8211; vous pouvez regarder, revoir et r\u00e9viser autant que vous le souhaitez &#8211; il n&rsquo;y a pas de limites.<\/p>\n<h2>Application en situation r\u00e9elle avec le logiciel BMW ECU<\/h2>\n<p>Ce cours ne se limite pas \u00e0 la th\u00e9orie : vous<strong>travaillerez sur un fichier ECU BMW authentique<\/strong>, ce qui vous permettra d&rsquo;acqu\u00e9rir des comp\u00e9tences pratiques qui se traduiront directement par des r\u00e9glages dans le monde r\u00e9el. Les techniques enseign\u00e9es s&rsquo;appliquent \u00e0 une large gamme de v\u00e9hicules diesel, ce qui rend votre apprentissage transf\u00e9rable et votre expertise commercialisable.<\/p>\n<h2>Renforcez vos comp\u00e9tences avec un certificat de cours<\/h2>\n<p>Compl\u00e9tez avec succ\u00e8s le module et l&rsquo;\u00e9valuation pour obtenir un <strong>certificat de cours reconnu &#8211; un<\/strong>ajout pr\u00e9cieux \u00e0 votre profil professionnel. Montrez \u00e0 vos clients, employeurs ou r\u00e9seaux de tuning que vous \u00eates s\u00e9rieux en mati\u00e8re de tuning diesel et de d\u00e9veloppement technique.<\/p>\n<h2>Une entr\u00e9e abordable dans le remappage professionnel de l&rsquo;ECU<\/h2>\n<p>Ce premier module est un moyen rentable de commencer votre voyage dans le monde de l&rsquo;\u00e9talonnage des calculateurs diesel. Ce cours de formation en ligne vous permet d&rsquo;acqu\u00e9rir les comp\u00e9tences et la confiance dont vous avez besoin pour aller de l&rsquo;avant, sans avoir \u00e0 supporter le co\u00fbt \u00e9lev\u00e9 des ateliers en personne.<\/p>\n<h2>Caract\u00e9ristiques principales :<\/h2>\n<ul>\n<li>2 le\u00e7ons vid\u00e9o en ligne dirig\u00e9es par des experts dans ce module<\/li>\n<li>\u2705 Apprentissage \u00e0 son rythme &#8211; Acc\u00e8s \u00e0 tout moment et en tout lieu<\/li>\n<li>\u2705 Fichier ECU BMW Diesel r\u00e9el inclus<\/li>\n<li>Convient aux d\u00e9butants sans exp\u00e9rience pr\u00e9alable<\/li>\n<li>Certificat de cours \u00e0 l&rsquo;issue de la formation<\/li>\n<li>\u2705 Introduction parfaite au logiciel WinOLS 5 Tuning<\/li>\n<\/ul>\n<h2>\u00c0 qui s&rsquo;adresse ce cours ?<\/h2>\n<p>Ce cours est id\u00e9al pour :<\/p>\n<ul>\n<li>Les aspirants pr\u00e9parateurs de moteurs diesel avec peu ou pas d&rsquo;exp\u00e9rience pr\u00e9alable<\/li>\n<li>Les garagistes qui veulent faire de la mise au point du calculateur une activit\u00e9 interne<\/li>\n<li>Les techniciens passent d&rsquo;outils de r\u00e9glage g\u00e9n\u00e9riques \u00e0 des plates-formes de d\u00e9veloppement professionnel.<\/li>\n<li>Quelqu&rsquo;un veut-il ma\u00eetriser le remapping diesel avec EVC WinOLS ?<\/li>\n<\/ul>\n<p>Inscrivez-vous d\u00e8s aujourd&rsquo;hui au <strong>module 1<\/strong> et ouvrez la porte \u00e0 une carri\u00e8re performante dans la mise au point de calculateurs pour moteurs diesel. C&rsquo;est ici que votre voyage commence.<\/p>\n<p><strong>\u27a1\ufe0f Commencez maintenant et augmentez votre potentiel.<\/strong><\/p>\n<p>&nbsp;<\/p>\n<p>&nbsp;<\/p>\n<h3>Logiciel EVC WinOLS 5<\/h3>\n<p>Vous aurez une meilleure exp\u00e9rience d&rsquo;apprentissage si le logiciel WinOLS fonctionne sur votre propre ordinateur portable pendant que vous suivez le cours.<\/p>\n<p>Cela signifie que vous pouvez mettre en pratique ce que vous venez d&rsquo;apprendre. Vous pouvez suivre ce que le formateur vous montre, au fur et \u00e0 mesure. Cela vous donnera plus d&rsquo;assurance pour effectuer vos propres r\u00e9glages avec WinOLS.<\/p>\n<p>Si vous ne poss\u00e9dez pas encore la version compl\u00e8te du logiciel de tuning EVC WinOLS, vous pouvez l&rsquo;acheter ici dans notre boutique de tuning en ligne &#8211; <a href=\"https:\/\/www.remap101.co.uk\/fr\/categorie-produit\/outils-et-logiciels-de-reglage-professionnels\/\">Logiciel de tuning<\/a><\/p>\n","protected":false},"excerpt":{"rendered":"<p>EVC WinOLS Diesel Tuning Module 1 de 6 ; deux le\u00e7ons couvrant le t\u00e9l\u00e9chargement, l&rsquo;installation et la configuration d&rsquo;EVC WinOLS5.<\/p>\n<p>Chaque s\u00e9ance d\u2019entra\u00eenement peut \u00eatre regard\u00e9e plusieurs fois. En tant que tel, l\u2019un des grands avantages de la formation en ligne est si vous n\u2019avez pas tout \u00e0 fait compris quelque chose. Vous pouvez le regarder encore et encore jusqu\u2019\u00e0 ce que vous le ma\u00eetrisiez. Et vous pouvez \u00e9galement mettre en pause et red\u00e9marrer. Cela vous donne ainsi le temps de prendre des notes, ou m\u00eame de pratiquer ce que vous venez de voir<\/p>\n<p>Il s&rsquo;agit d&rsquo;un module de formation complet. Veuillez pr\u00e9voir une heure pour suivre ce cours et passer le test qui y est associ\u00e9.<\/p>\n","protected":false},"featured_media":77362,"comment_status":"open","ping_status":"closed","template":"","meta":{"_acf_changed":false},"product_brand":[21146,19675],"product_cat":[24509,24511,24407,24409,20398,24406,24643,24637],"product_tag":[15315,15223],"class_list":{"0":"post-51318","1":"product","2":"type-product","3":"status-publish","4":"has-post-thumbnail","6":"product_brand-evc","7":"product_brand-winols","8":"product_cat-formation-au-tuning-par-niveau","9":"product_cat-formation-au-tuning-par-type-de-vehicule","10":"product_cat-formation-evc-winols","11":"product_cat-evc-electronique","12":"product_cat-modules-de-reglage-des-moteurs-diesel","13":"product_cat-formation-a-la-mise-au-point-de-tous-les-vehicules","14":"product_cat-en-ligne","15":"product_cat-formation-sur-les-logiciels-de-reglage","16":"product_tag-evc-fr","17":"product_tag-logiciel-de-reglage-winols-5-evc","19":"first","20":"instock","21":"taxable","22":"shipping-taxable","23":"purchasable","24":"product-type-simple"},"acf":[],"_links":{"self":[{"href":"https:\/\/www.remap101.co.uk\/fr\/wp-json\/wp\/v2\/product\/51318","targetHints":{"allow":["GET"]}}],"collection":[{"href":"https:\/\/www.remap101.co.uk\/fr\/wp-json\/wp\/v2\/product"}],"about":[{"href":"https:\/\/www.remap101.co.uk\/fr\/wp-json\/wp\/v2\/types\/product"}],"replies":[{"embeddable":true,"href":"https:\/\/www.remap101.co.uk\/fr\/wp-json\/wp\/v2\/comments?post=51318"}],"wp:featuredmedia":[{"embeddable":true,"href":"https:\/\/www.remap101.co.uk\/fr\/wp-json\/wp\/v2\/media\/77362"}],"wp:attachment":[{"href":"https:\/\/www.remap101.co.uk\/fr\/wp-json\/wp\/v2\/media?parent=51318"}],"wp:term":[{"taxonomy":"product_brand","embeddable":true,"href":"https:\/\/www.remap101.co.uk\/fr\/wp-json\/wp\/v2\/product_brand?post=51318"},{"taxonomy":"product_cat","embeddable":true,"href":"https:\/\/www.remap101.co.uk\/fr\/wp-json\/wp\/v2\/product_cat?post=51318"},{"taxonomy":"product_tag","embeddable":true,"href":"https:\/\/www.remap101.co.uk\/fr\/wp-json\/wp\/v2\/product_tag?post=51318"}],"curies":[{"name":"wp","href":"https:\/\/api.w.org\/{rel}","templated":true}]}}