{"id":52575,"date":"2022-06-30T17:41:39","date_gmt":"2022-06-30T16:41:39","guid":{"rendered":"https:\/\/www.remap101.co.uk\/product\/formation-kess3-pour-laccreditation-imi-tuning-remap\/"},"modified":"2026-02-19T15:22:48","modified_gmt":"2026-02-19T15:22:48","slug":"how-to-read-and-write-an-ecu-kess3-training-for-imi-accreditation","status":"publish","type":"product","link":"https:\/\/www.remap101.co.uk\/fr\/produit\/how-to-read-and-write-an-ecu-kess3-training-for-imi-accreditation\/","title":{"rendered":"VTA074 : Comment lire et \u00e9crire un calculateur &#8211; KESS3 pour l&rsquo;accr\u00e9ditation IMI"},"content":{"rendered":"<h2><strong>Certificat de r\u00e9ussite professionnelle accr\u00e9dit\u00e9 par l\u2019IMI<\/strong><\/h2>\n<h4><strong>Formation KESS3 pour l\u2019accr\u00e9ditation IMI Tuning Remap &#8211; Qu\u2019est-ce que ce cours ?<\/strong><\/h4>\n<p>Ne vous contentez pas d\u2019apprendre \u00e0 lire et \u00e0 \u00e9crire sur un calculateur, apprenez les m\u00e9thodes correctes et s\u00fbres et les meilleures pratiques pour le faire. Ainsi que d\u2019obtenir un certificat formel IMI &#8211; Institute Of Motor Industry pour le r\u00e9glage et le remappage de l\u2019ECU. <\/p>\n<h4><strong>Comment lire et \u00e9crire l\u2019ECU d\u2019un v\u00e9hicule \u00e0 l\u2019aide du programme Vehicle Tuning Equipment<\/strong><\/h4>\n<p>Viezu vous propose ce cours en ligne pour soutenir tous les apprenants qui souhaitent participer \u00e0 l&rsquo;organisme professionnel pour les personnes travaillant dans l&rsquo;automobile &#8211; <a href=\"https:\/\/tide.theimi.org.uk\/\" target=\"_blank\" rel=\"noopener\">l&rsquo;Institute of the Motor Industry<\/a> (IMI).<\/p>\n<p>Ce cours offre une valeur exceptionnelle \u00e0 ceux qui souhaitent d\u00e9velopper leurs activit\u00e9s et leurs opportunit\u00e9s de carri\u00e8re. Par cons\u00e9quent, pourquoi ne pas vous d\u00e9marquer dans l&rsquo;industrie. <\/p>\n<h4><strong>Pourquoi VIEZU propose-t-il ce cours ?<\/strong><\/h4>\n<p>VIEZU est un centre de formation agr\u00e9\u00e9, qui compl\u00e8te plus de 600 centres offrant des qualifications et des solutions d\u2019apprentissage et de d\u00e9veloppement IMI aux professionnels de l\u2019automobile.<\/p>\n<h4><strong>Obtenir des qualifications professionnelles par l\u2019interm\u00e9diaire de VIEZU, un centre de formation agr\u00e9\u00e9 par l\u2019IMI<\/strong><\/h4>\n<p>D\u00e9veloppez vos connaissances en utilisant nos informations techniques en toute confiance. L&rsquo;IMI garantit les normes les plus \u00e9lev\u00e9es en mati\u00e8re d&rsquo;apprentissage et de d\u00e9veloppement.<\/p>\n<p>Les cours de l&rsquo;IMI sont dispens\u00e9s par des centres agr\u00e9\u00e9s et des partenaires sp\u00e9cialis\u00e9s dans le monde entier. VIEZU offre ce service aux professionnels du tuning depuis 2014. <\/p>\n<p>En cr\u00e9ant ce cours en ligne, nous vous offrons la possibilit\u00e9 de suivre des webinaires et d&rsquo;apprendre en ligne \u00e0 votre rythme.<\/p>\n<h4><strong>\u00c0 qui s\u2019adresse-t-il ?<\/strong><\/h4>\n<p>Cette formation KESS3 pour l&rsquo;accr\u00e9ditation IMI Tuning Remap est destin\u00e9e \u00e0 tous ceux qui souhaitent obtenir une qualification professionnelle dans le domaine du tuning. Vous apprendrez \u00e9galement \u00e0 utiliser les outils de tuning et les m\u00e9thodes de lecture et d&rsquo;\u00e9criture sur l&rsquo;ECU. <\/p>\n<p>Nous avons aid\u00e9 \u00e0 former et \u00e0 soutenir de nombreux professionnels de l&rsquo;industrie automobile pour qu&rsquo;ils atteignent leurs objectifs de carri\u00e8re et de d\u00e9veloppement. Nous formons \u00e9galement aux techniques modernes de r\u00e9glage des v\u00e9hicules, ainsi qu&rsquo;au r\u00e9glage \u00e9lectronique et au remappage des v\u00e9hicules sur le march\u00e9 de l&rsquo;apr\u00e8s-vente. <\/p>\n<h4><strong>Comment se d\u00e9roule le test ?<\/strong><\/h4>\n<p>Vous pouvez maintenant suivre le cours et les tests en ligne<\/p>\n<h4><strong>Qu\u2019est-ce que je re\u00e7ois&nbsp;?<\/strong><\/h4>\n<p>Une fois que vous aurez termin\u00e9 avec succ\u00e8s ce cours et obtenu le grade correspondant, vous recevrez votre certificat de qualification officiel de l&rsquo;IMI.<\/p>\n<p>En outre, si vous recherchez des outils de r\u00e9glage et des logiciels de remappage, vous les trouverez dans la boutique ici : <a href=\"https:\/\/www.remap101.co.uk\/fr\/categorie-produit\/outils-et-logiciels-de-reglage-professionnels\/\">Outils de r\u00e9glage professionnels<\/a><\/p>\n<p>Alientech KESS3 Training for IMI Tuning Remap Accreditation only from Remap101 and VIEZU<\/p>\n","protected":false},"excerpt":{"rendered":"<p>Certificat de r\u00e9ussite professionnelle accr\u00e9dit\u00e9 par l\u2019IMI Formation KESS3 pour l\u2019accr\u00e9ditation IMI Tuning Remap &#8211; Qu\u2019est-ce que ce cours ? Ne vous contentez pas d\u2019apprendre \u00e0 lire et \u00e0 \u00e9crire sur un calculateur, apprenez les m\u00e9thodes correctes et s\u00fbres et les meilleures pratiques pour le faire. Ainsi que d\u2019obtenir un certificat formel IMI &#8211; Institute [&hellip;]<\/p>\n","protected":false},"featured_media":58385,"comment_status":"open","ping_status":"closed","template":"","meta":{"_acf_changed":false},"product_brand":[19674,19681],"product_cat":[24508,24406,24643,14882,24642,24658],"product_tag":[15451,15769,15770,15771,15205,15206],"class_list":{"0":"post-52575","1":"product","2":"type-product","3":"status-publish","4":"has-post-thumbnail","6":"product_brand-alientech","7":"product_brand-kess-3","8":"product_cat-formation-sur-le-reglage-de-la-marque","9":"product_cat-formation-a-la-mise-au-point-de-tous-les-vehicules","10":"product_cat-en-ligne","11":"product_cat-kess3","12":"product_cat-formation-aux-outils-de-reglage-materiel","13":"product_cat-alientech-fr","14":"product_tag-alientech-fr","15":"product_tag-alientech-kess3-fr","16":"product_tag-esclave-kess3","17":"product_tag-etranger","18":"product_tag-kess-fr","19":"product_tag-kess-3-fr","21":"first","22":"instock","23":"taxable","24":"shipping-taxable","25":"purchasable","26":"product-type-simple"},"acf":[],"_links":{"self":[{"href":"https:\/\/www.remap101.co.uk\/fr\/wp-json\/wp\/v2\/product\/52575","targetHints":{"allow":["GET"]}}],"collection":[{"href":"https:\/\/www.remap101.co.uk\/fr\/wp-json\/wp\/v2\/product"}],"about":[{"href":"https:\/\/www.remap101.co.uk\/fr\/wp-json\/wp\/v2\/types\/product"}],"replies":[{"embeddable":true,"href":"https:\/\/www.remap101.co.uk\/fr\/wp-json\/wp\/v2\/comments?post=52575"}],"wp:featuredmedia":[{"embeddable":true,"href":"https:\/\/www.remap101.co.uk\/fr\/wp-json\/wp\/v2\/media\/58385"}],"wp:attachment":[{"href":"https:\/\/www.remap101.co.uk\/fr\/wp-json\/wp\/v2\/media?parent=52575"}],"wp:term":[{"taxonomy":"product_brand","embeddable":true,"href":"https:\/\/www.remap101.co.uk\/fr\/wp-json\/wp\/v2\/product_brand?post=52575"},{"taxonomy":"product_cat","embeddable":true,"href":"https:\/\/www.remap101.co.uk\/fr\/wp-json\/wp\/v2\/product_cat?post=52575"},{"taxonomy":"product_tag","embeddable":true,"href":"https:\/\/www.remap101.co.uk\/fr\/wp-json\/wp\/v2\/product_tag?post=52575"}],"curies":[{"name":"wp","href":"https:\/\/api.w.org\/{rel}","templated":true}]}}