{"id":52591,"date":"2022-06-25T13:17:19","date_gmt":"2022-06-25T12:17:19","guid":{"rendered":"https:\/\/www.remap101.co.uk\/product\/module-de-reglage-dessence-evc-winols-6-sur-6b\/"},"modified":"2026-02-19T15:22:50","modified_gmt":"2026-02-19T15:22:50","slug":"online-evc-winols-gasoline-training-module-6-of-6b","status":"publish","type":"product","link":"https:\/\/www.remap101.co.uk\/fr\/produit\/online-evc-winols-gasoline-training-module-6-of-6b\/","title":{"rendered":"VTA1040 : Module de r\u00e9glage d&rsquo;essence EVC WinOLS 6 sur 6b"},"content":{"rendered":"<h2>Formation en ligne EVC WinOLS Gasoline<\/h2>\n<h3>Module de formation en ligne EVC WinOLS Essence Module 6 de 6b<\/h3>\n<p>Ce module de formation en ligne EVC WinOLS Essence Module 6 de 6b est un programme de formation en deux parties compos\u00e9 de :<\/p>\n<ol>\n<li>Module de r\u00e9glage d&rsquo;essence EVC WinOLS 6 sur 6a &#8211; <a href=\"https:\/\/www.remap101.co.uk\/de\/?post_type=sfwd-courses&amp;p=24664\">S\u00e9lectionnez pour acheter<\/a><\/li>\n<li>Module 6 sur 6b de r\u00e9glage de l&rsquo;essence EVC WinOLS &#8211; Ce cours<\/li>\n<\/ol>\n<p><strong>Ce que vous apprendrez dans la formation en ligne EVC WinOLS Essence : Module 6 sur 6b<\/strong><\/p>\n<ul>\n<li>Comment modifier les donn\u00e9es dans WinOLS<\/li>\n<li>Explorez les diff\u00e9rentes m\u00e9thodes et approches pour modifier les donn\u00e9es dans les cartes<\/li>\n<li>Comment dupliquer les modifications sur des cartes similaires<\/li>\n<li>L&rsquo;importance de l&rsquo;enregistrement des donn\u00e9es et des tests lors du d\u00e9veloppement d&rsquo;un fichier de r\u00e9glage pour la premi\u00e8re fois<\/li>\n<li>Comment enregistrer les modifications sur un fichier pour cr\u00e9er une nouvelle version<\/li>\n<li>R\u00e9alisation d&rsquo;un r\u00e9glage de l&rsquo;\u00e9tape 1 sur le v\u00e9hicule<\/li>\n<li>Comment exporter un fichier depuis WinOLS et plus<\/li>\n<\/ul>\n<p><strong style=\"font-family: var(--global-body-font-family);\">Les avantages de la formation en ligne avec Viezu<\/strong><\/p>\n<p>Une fois achet\u00e9es, ces sessions de formation peuvent \u00eatre visionn\u00e9es plusieurs fois si vous le souhaitez. Vous pouvez \u00e9galement regarder les vid\u00e9os encore et encore, \u00e0 votre convenance, ce qui vous permet de vous immerger totalement dans le sujet.<\/p>\n<p>L&rsquo;un des avantages des sessions de formation en ligne Remap101 EVC WinOLS est que m\u00eame si vous n&rsquo;avez pas tout \u00e0 fait compris quelque chose la premi\u00e8re fois. Vous pouvez revoir les sujets \u00e0 votre rythme. En outre, vous aurez \u00e9galement la possibilit\u00e9 de mettre en pause et de red\u00e9marrer votre formation vid\u00e9o. Vous avez ainsi le temps de prendre des notes et de suivre le cours. Vous aimerez peut-\u00eatre savoir que nous vous fournissons \u00e9galement le fichier original utilis\u00e9 dans le cadre de la formation.<\/p>\n<p>Formation \u00e0 la reprogrammation et \u00e0 la reprogrammation de l&rsquo;ECU de la VIEZU Training Academy<\/p>\n<p>Par cons\u00e9quent, vous pouvez suivre le formateur.<\/p>\n<h3>Logiciel de r\u00e9glage et de reprogrammation de l\u2019ECU EVC WinOLs<\/h3>\n<p>Bien qu&rsquo;il ne soit pas n\u00e9cessaire de poss\u00e9der le logiciel EVC WinOLS pour participer \u00e0 cette formation EVC WinOLS petrol, nous vous le recommandons vivement. Le fait de poss\u00e9der le logiciel EVC WinOLS am\u00e9liorera votre exp\u00e9rience d&rsquo;apprentissage et vous donnera une plus grande confiance lorsque vous aurez le logiciel ouvert et avec vous. Vous pouvez mettre en pratique ce que vous apprenez dans un environnement contextuel r\u00e9el.<\/p>\n<p>Si vous avez besoin d&rsquo;acheter le logiciel EVC WinOls authentique, vous pouvez le voir dans notre boutique <a href=\"https:\/\/www.remap101.co.uk\/product\/winols-5-tuning-software-evc\/\">WinOls Software.<\/a><\/p>\n<p>Formation en ligne sur le r\u00e9glage et la reprogrammation de l\u2019essence EVC WinOLS de Remap101.com<\/p>\n","protected":false},"excerpt":{"rendered":"<p>Formation sur le r\u00e9glage de l\u2019essence EVC WinOLS : Module 6 sur 6b\u00a0; La le\u00e7on couvrira comment<span style=\"font-family: var(--global-body-font-family);\">\u00e9tudier les limites de valeur, les indices pour obtenir plus de puissance, comment identifier les relations entre les cartes et plus encore.<\/span><\/p>\n","protected":false},"featured_media":58205,"comment_status":"open","ping_status":"closed","template":"","meta":{"_acf_changed":false},"product_brand":[21146,19675],"product_cat":[24518,24407,24508,24409,24406,24643,24637],"product_tag":[15800,15280,15281,15802,15803,15315,15799,15223,15801],"class_list":{"0":"post-52591","1":"product","2":"type-product","3":"status-publish","4":"has-post-thumbnail","6":"product_brand-evc","7":"product_brand-winols","8":"product_cat-formation-a-la-mise-au-point-des-moteurs-a-essence","9":"product_cat-formation-evc-winols","10":"product_cat-formation-sur-le-reglage-de-la-marque","11":"product_cat-evc-electronique","12":"product_cat-formation-a-la-mise-au-point-de-tous-les-vehicules","13":"product_cat-en-ligne","14":"product_cat-formation-sur-les-logiciels-de-reglage","15":"product_tag-en-ligne","16":"product_tag-essence","17":"product_tag-essence-fr","18":"product_tag-essence-evc","19":"product_tag-essence-evc-fr","20":"product_tag-evc-fr","21":"product_tag-evc-en-ligne","22":"product_tag-logiciel-de-reglage-winols-5-evc","23":"product_tag-winols-en-ligne","25":"first","26":"instock","27":"taxable","28":"shipping-taxable","29":"purchasable","30":"product-type-simple"},"acf":[],"_links":{"self":[{"href":"https:\/\/www.remap101.co.uk\/fr\/wp-json\/wp\/v2\/product\/52591","targetHints":{"allow":["GET"]}}],"collection":[{"href":"https:\/\/www.remap101.co.uk\/fr\/wp-json\/wp\/v2\/product"}],"about":[{"href":"https:\/\/www.remap101.co.uk\/fr\/wp-json\/wp\/v2\/types\/product"}],"replies":[{"embeddable":true,"href":"https:\/\/www.remap101.co.uk\/fr\/wp-json\/wp\/v2\/comments?post=52591"}],"wp:featuredmedia":[{"embeddable":true,"href":"https:\/\/www.remap101.co.uk\/fr\/wp-json\/wp\/v2\/media\/58205"}],"wp:attachment":[{"href":"https:\/\/www.remap101.co.uk\/fr\/wp-json\/wp\/v2\/media?parent=52591"}],"wp:term":[{"taxonomy":"product_brand","embeddable":true,"href":"https:\/\/www.remap101.co.uk\/fr\/wp-json\/wp\/v2\/product_brand?post=52591"},{"taxonomy":"product_cat","embeddable":true,"href":"https:\/\/www.remap101.co.uk\/fr\/wp-json\/wp\/v2\/product_cat?post=52591"},{"taxonomy":"product_tag","embeddable":true,"href":"https:\/\/www.remap101.co.uk\/fr\/wp-json\/wp\/v2\/product_tag?post=52591"}],"curies":[{"name":"wp","href":"https:\/\/api.w.org\/{rel}","templated":true}]}}