{"id":52599,"date":"2022-06-24T16:29:54","date_gmt":"2022-06-24T15:29:54","guid":{"rendered":"https:\/\/www.remap101.co.uk\/product\/module-de-reglage-dessence-evc-winols-6-sur-6a\/"},"modified":"2026-02-19T15:22:51","modified_gmt":"2026-02-19T15:22:51","slug":"evc-winols-gasoline-tuning-module-6-of-6a","status":"publish","type":"product","link":"https:\/\/www.remap101.co.uk\/fr\/produit\/evc-winols-gasoline-tuning-module-6-of-6a\/","title":{"rendered":"VTA1039 : Module de r\u00e9glage essence EVC WinOLS 6 sur 6a"},"content":{"rendered":"<h2>Formation en ligne EVC WinOLS Gasoline<\/h2>\n<h3>Formation en ligne EVC WinOLS sur le r\u00e9glage des moteurs \u00e0 essence Module 6 de 6a<\/h3>\n<p>Cette formation en ligne EVC WinOLS Gasoline module 6 de 6a est un programme de formation en deux parties comprenant :<\/p>\n<ol>\n<li>Module 6 sur 6a de r\u00e9glage de l&rsquo;essence EVC WinOLS &#8211; Ce cours<\/li>\n<li>EVC WinOLS Gasoline Tuning Module 6 de 6b &#8211; <a href=\"https:\/\/www.remap101.co.uk\/?post_type=product&amp;p=10767&amp;preview=true\">S\u00e9lectionner pour acheter<\/a><\/li>\n<\/ol>\n<p><strong>Ce que vous apprendrez dans la formation en ligne EVC WinOLS Gasoline &#8211; Module 6 de 6a<\/strong><\/p>\n<ul>\n<li>Comment modifier les donn\u00e9es dans WinOLS<\/li>\n<li>Exploration des diff\u00e9rentes m\u00e9thodes et approches de modification des donn\u00e9es dans les cartes<\/li>\n<li>L&rsquo;importance de l&rsquo;enregistrement des donn\u00e9es et des tests lors du d\u00e9veloppement d&rsquo;un fichier de r\u00e9glage pour la premi\u00e8re fois<\/li>\n<li>Comment enregistrer les modifications apport\u00e9es \u00e0 un fichier pour cr\u00e9er une nouvelle version, et plus encore<\/li>\n<\/ul>\n<p><strong>Les avantages de la formation en ligne avec Viezu<\/strong><\/p>\n<p>Une fois achet\u00e9es, ces sessions de formation peuvent \u00eatre visionn\u00e9es plusieurs fois. Vous pouvez regarder les vid\u00e9os encore et encore, \u00e0 votre convenance, n&rsquo;importe quand, n&rsquo;importe o\u00f9.<\/p>\n<p>L&rsquo;un des avantages des sessions de formation en ligne de Remap101 WinOLS est que m\u00eame si vous n&rsquo;avez pas tout \u00e0 fait compris quelque chose la premi\u00e8re fois, vous pouvez revoir les sujets \u00e0 votre propre rythme. Vous pouvez interrompre et reprendre votre formation vid\u00e9o. Vous avez ainsi le temps de prendre des notes. Nous vous fournissons \u00e9galement le fichier original utilis\u00e9 dans la formation.<\/p>\n<p>Remappage du calculateur et formation au remappage par l&rsquo;Acad\u00e9mie de formation VIEZU.<\/p>\n<h3>Logiciel de r\u00e9glage et de remappage EVC WinOLs<\/h3>\n<p>Bien qu&rsquo;il ne soit pas n\u00e9cessaire d&rsquo;avoir le logiciel EVC WinOLS pour suivre cette formation EVC WinOLS petrol, nous vous le recommandons vivement. Le fait d&rsquo;avoir le logiciel WinOLS am\u00e9liorera votre exp\u00e9rience d&rsquo;apprentissage et vous donnera une plus grande confiance lorsque vous aurez le logiciel ouvert et avec vous. Vous pouvez mettre en pratique ce que vous apprenez dans un environnement r\u00e9el.<\/p>\n<p>Si vous avez besoin d&rsquo;acheter un logiciel EVC WinOls authentique, vous pouvez le visualiser et l&rsquo;acheter dans notre boutique : <a href=\"https:\/\/www.remap101.co.uk\/product\/winols-5-tuning-software-evc\/\">Logiciel WinOls<\/a>.<\/p>\n<p>Formation en ligne sur le r\u00e9glage et le remappage de l\u2019essence EVC WinOLS de Remap101.com<\/p>\n","protected":false},"excerpt":{"rendered":"<p>Formation sur le r\u00e9glage de l\u2019essence EVC WinOLS : Module 6 sur 6a\u00a0; La le\u00e7on couvrira comment<span style=\"font-family: var(--global-body-font-family);\">\u00e9tudier les limites de valeur, les indices pour obtenir plus de puissance, comment identifier les relations entre les cartes et plus encore.<\/span><\/p>\n","protected":false},"featured_media":58135,"comment_status":"open","ping_status":"closed","template":"","meta":{"_acf_changed":false},"product_brand":[21146,19675],"product_cat":[24518,24407,24508,24409,24406,24643,24637],"product_tag":[15800,15280,15281,15802,15803,15315,15799,15223,15801],"class_list":{"0":"post-52599","1":"product","2":"type-product","3":"status-publish","4":"has-post-thumbnail","6":"product_brand-evc","7":"product_brand-winols","8":"product_cat-formation-a-la-mise-au-point-des-moteurs-a-essence","9":"product_cat-formation-evc-winols","10":"product_cat-formation-sur-le-reglage-de-la-marque","11":"product_cat-evc-electronique","12":"product_cat-formation-a-la-mise-au-point-de-tous-les-vehicules","13":"product_cat-en-ligne","14":"product_cat-formation-sur-les-logiciels-de-reglage","15":"product_tag-en-ligne","16":"product_tag-essence","17":"product_tag-essence-fr","18":"product_tag-essence-evc","19":"product_tag-essence-evc-fr","20":"product_tag-evc-fr","21":"product_tag-evc-en-ligne","22":"product_tag-logiciel-de-reglage-winols-5-evc","23":"product_tag-winols-en-ligne","25":"first","26":"instock","27":"taxable","28":"shipping-taxable","29":"purchasable","30":"product-type-simple"},"acf":[],"_links":{"self":[{"href":"https:\/\/www.remap101.co.uk\/fr\/wp-json\/wp\/v2\/product\/52599","targetHints":{"allow":["GET"]}}],"collection":[{"href":"https:\/\/www.remap101.co.uk\/fr\/wp-json\/wp\/v2\/product"}],"about":[{"href":"https:\/\/www.remap101.co.uk\/fr\/wp-json\/wp\/v2\/types\/product"}],"replies":[{"embeddable":true,"href":"https:\/\/www.remap101.co.uk\/fr\/wp-json\/wp\/v2\/comments?post=52599"}],"wp:featuredmedia":[{"embeddable":true,"href":"https:\/\/www.remap101.co.uk\/fr\/wp-json\/wp\/v2\/media\/58135"}],"wp:attachment":[{"href":"https:\/\/www.remap101.co.uk\/fr\/wp-json\/wp\/v2\/media?parent=52599"}],"wp:term":[{"taxonomy":"product_brand","embeddable":true,"href":"https:\/\/www.remap101.co.uk\/fr\/wp-json\/wp\/v2\/product_brand?post=52599"},{"taxonomy":"product_cat","embeddable":true,"href":"https:\/\/www.remap101.co.uk\/fr\/wp-json\/wp\/v2\/product_cat?post=52599"},{"taxonomy":"product_tag","embeddable":true,"href":"https:\/\/www.remap101.co.uk\/fr\/wp-json\/wp\/v2\/product_tag?post=52599"}],"curies":[{"name":"wp","href":"https:\/\/api.w.org\/{rel}","templated":true}]}}