{"id":52607,"date":"2022-06-20T16:18:55","date_gmt":"2022-06-20T15:18:55","guid":{"rendered":"https:\/\/www.remap101.co.uk\/product\/reglage-de-lessence-evc-winols-module-5-sur-6\/"},"modified":"2026-02-19T15:22:52","modified_gmt":"2026-02-19T15:22:52","slug":"evc-winols-gasoline-tuning-module-5-of-6","status":"publish","type":"product","link":"https:\/\/www.remap101.co.uk\/fr\/produit\/evc-winols-gasoline-tuning-module-5-of-6\/","title":{"rendered":"VTA1038 : Module de r\u00e9glage essence EVC WinOLS 5 sur 6"},"content":{"rendered":"<h2>Formation en ligne EVC WinOLS Gasoline<\/h2>\n<h3>Formation en ligne EVC WinOLS Essence : Module 5 de 6<\/h3>\n<p><strong>Ce que vous apprendrez dans la formation en ligne WinOLS Gasoline Tuning &#8211; Module 5 sur 6 :<\/strong><\/p>\n<ul>\n<li>Comment comprendre la relation entre les diff\u00e9rents types de cartes<\/li>\n<li>Comprendre les limitations standard du logiciel<\/li>\n<li>Comment explorer o\u00f9 le logiciel standard prend en charge une puissance de sortie plus \u00e9lev\u00e9e &#8211; des indices cach\u00e9s pour d\u00e9bloquer plus de puissance<\/li>\n<li>O\u00f9 s\u00e9lectionner les points de r\u00e9f\u00e9rence cl\u00e9s lors de l\u2019identification des cartes requises pour prendre en charge une puissance de sortie plus \u00e9lev\u00e9e<\/li>\n<li>Combien de valeurs cl\u00e9s suppl\u00e9mentaires peuvent \u00eatre ajout\u00e9es lors de la finalisation des nouvelles valeurs \u00ab r\u00e9gl\u00e9es \u00bb<\/li>\n<\/ul>\n<h3>Les avantages de la formation en ligne avec Viezu<\/h3>\n<p>Une fois achet\u00e9es, ces sessions de formation peuvent \u00eatre visionn\u00e9es plusieurs fois. Vous pouvez regarder les vid\u00e9os encore et encore, \u00e0 votre convenance, ce qui vous permet de vous immerger compl\u00e8tement dans le sujet.<\/p>\n<p>L&rsquo;un des avantages des sessions de formation en ligne Remap101 EVC WinOLS est que m\u00eame si vous n&rsquo;avez pas tout \u00e0 fait compris quelque chose la premi\u00e8re fois, vous pouvez r\u00e9viser et revoir les sujets \u00e0 votre propre rythme. Vous aurez \u00e9galement la possibilit\u00e9 de mettre en pause et de reprendre votre formation vid\u00e9o. Cela vous permet de prendre des notes et de mieux suivre le cours. Nous vous fournissons le fichier original utilis\u00e9 dans la formation.<\/p>\n<p>Remappage du calculateur et formation au remappage par l&rsquo;Acad\u00e9mie de formation VIEZU.<\/p>\n<h3>Logiciel de r\u00e9glage EVC WinOLs<\/h3>\n<p>Bien qu&rsquo;il ne soit pas n\u00e9cessaire de poss\u00e9der le logiciel EVC WinOLS pour participer \u00e0 cette formation EVC WinOLS petrol, nous vous le recommandons vivement. Le fait d&rsquo;avoir le logiciel WinOLS am\u00e9liorera votre exp\u00e9rience d&rsquo;apprentissage et vous donnera une plus grande confiance lorsque vous aurez le logiciel ouvert et avec vous. Vous pouvez mettre en pratique ce que vous apprenez dans un environnement r\u00e9el.<\/p>\n<p>Si vous avez besoin d&rsquo;acheter un logiciel EVC WinOls authentique, vous pouvez le voir et l&rsquo;acheter dans notre boutique : <a href=\"https:\/\/www.remap101.co.uk\/product\/winols-5-tuning-software-evc\/\">Logiciel WinOls<\/a>.<\/p>\n<p>Formation en ligne EVC WinOLS Gasoline de Remap101.com<\/p>\n","protected":false},"excerpt":{"rendered":"<p>Formation sur le r\u00e9glage de l\u2019essence EVC WinOLS : Module 5 de 6\u00a0; La le\u00e7on couvrira comment<span style=\"font-family: var(--global-body-font-family);\">\u00e9tudier les limites de valeur, les indices pour obtenir plus de puissance, comment identifier les relations entre les cartes et plus encore.<\/span><\/p>\n","protected":false},"featured_media":58065,"comment_status":"open","ping_status":"closed","template":"","meta":{"_acf_changed":false},"product_brand":[21146,19675],"product_cat":[24518,24407,24508,24409,24406,24643,24637],"product_tag":[15280,15281,15315,15223],"class_list":{"0":"post-52607","1":"product","2":"type-product","3":"status-publish","4":"has-post-thumbnail","6":"product_brand-evc","7":"product_brand-winols","8":"product_cat-formation-a-la-mise-au-point-des-moteurs-a-essence","9":"product_cat-formation-evc-winols","10":"product_cat-formation-sur-le-reglage-de-la-marque","11":"product_cat-evc-electronique","12":"product_cat-formation-a-la-mise-au-point-de-tous-les-vehicules","13":"product_cat-en-ligne","14":"product_cat-formation-sur-les-logiciels-de-reglage","15":"product_tag-essence","16":"product_tag-essence-fr","17":"product_tag-evc-fr","18":"product_tag-logiciel-de-reglage-winols-5-evc","20":"first","21":"instock","22":"taxable","23":"shipping-taxable","24":"purchasable","25":"product-type-simple"},"acf":[],"_links":{"self":[{"href":"https:\/\/www.remap101.co.uk\/fr\/wp-json\/wp\/v2\/product\/52607","targetHints":{"allow":["GET"]}}],"collection":[{"href":"https:\/\/www.remap101.co.uk\/fr\/wp-json\/wp\/v2\/product"}],"about":[{"href":"https:\/\/www.remap101.co.uk\/fr\/wp-json\/wp\/v2\/types\/product"}],"replies":[{"embeddable":true,"href":"https:\/\/www.remap101.co.uk\/fr\/wp-json\/wp\/v2\/comments?post=52607"}],"wp:featuredmedia":[{"embeddable":true,"href":"https:\/\/www.remap101.co.uk\/fr\/wp-json\/wp\/v2\/media\/58065"}],"wp:attachment":[{"href":"https:\/\/www.remap101.co.uk\/fr\/wp-json\/wp\/v2\/media?parent=52607"}],"wp:term":[{"taxonomy":"product_brand","embeddable":true,"href":"https:\/\/www.remap101.co.uk\/fr\/wp-json\/wp\/v2\/product_brand?post=52607"},{"taxonomy":"product_cat","embeddable":true,"href":"https:\/\/www.remap101.co.uk\/fr\/wp-json\/wp\/v2\/product_cat?post=52607"},{"taxonomy":"product_tag","embeddable":true,"href":"https:\/\/www.remap101.co.uk\/fr\/wp-json\/wp\/v2\/product_tag?post=52607"}],"curies":[{"name":"wp","href":"https:\/\/api.w.org\/{rel}","templated":true}]}}