{"id":52771,"date":"2022-03-15T14:54:25","date_gmt":"2022-03-15T14:54:25","guid":{"rendered":"https:\/\/www.remap101.co.uk\/product\/evc-winols-essence-module-de-formation-en-ligne-4-sur-6c\/"},"modified":"2026-02-19T15:22:55","modified_gmt":"2026-02-19T15:22:55","slug":"evc-winols-gasoline-online-training-module-4-of-6c","status":"publish","type":"product","link":"https:\/\/www.remap101.co.uk\/fr\/produit\/evc-winols-gasoline-online-training-module-4-of-6c\/","title":{"rendered":"VTA1036 : EVC WinOLS Formation \u00e0 l&rsquo;essence Module 4 de 6c"},"content":{"rendered":"<h2>Cours de formation en ligne EVC WinOLS sur le r\u00e9glage des moteurs \u00e0 essence<\/h2>\n<h3>Formation EVC WinOLS \u00e0 la mise au point des v\u00e9hicules \u00e0 essence : Module 4 de 6c<\/h3>\n<p>Ce module de formation WinOLS Gasoline Tuning fait partie de la 4\u00e8me section du cours en ligne Viezu Remap101 couvrant la mise au point des moteurs essence et le remappage du calculateur \u00e0 l&rsquo;aide de WinOLS.<\/p>\n<p>Chaque module s&rsquo;appuie sur le pr\u00e9c\u00e9dent ; ils se rejoignent pour vous emmener sur la voie du d\u00e9veloppement des comp\u00e9tences avec le logiciel de r\u00e9glage WinOls. Les sujets abord\u00e9s comprennent le format des fichiers de r\u00e9glage et des cartes utilis\u00e9es pour r\u00e9gler et calibrer le logiciel ECU, ainsi que sa configuration et ses fonctions.<\/p>\n<p>Dans cette section de la formation WinOLS essence, nous approfondissons les Map packs, l&rsquo;identification et l&rsquo;\u00e9tiquetage des donn\u00e9es, la compr\u00e9hension de la taille des donn\u00e9es et bien d&rsquo;autres choses encore.<\/p>\n<p>WinOLS est un logiciel puissant, mais c&rsquo;est une \u00ab\u00a0toile blanche\u00a0\u00bb, avec peu de rep\u00e8res et de guides pour l&rsquo;utilisateur. C&rsquo;est pourquoi la formation Viezu Remap101 WinOLS comprend plus de modules que certaines de nos autres formations couvrant d&rsquo;autres plateformes logicielles.<\/p>\n<p>Cette quatri\u00e8me section de notre cours WinOLS est divis\u00e9e en 4 modules, afin de rendre l&rsquo;apprentissage plus digeste. Les modules sont \u00e9num\u00e9r\u00e9s ci-dessous. Essayez de suivre les modules dans le bon ordre &#8211; cela vous aidera certainement \u00e0 apprendre et \u00e0 comprendre.<\/p>\n<ol>\n<li><a href=\"https:\/\/www.remap101.co.uk\/fr\/produit\/evc-winols-gasoline-tuning-training-online-module-4-of-6a\/?preview_id=9492&amp;preview_nonce=dd2e67b2f7&amp;_thumbnail_id=9185&amp;preview=true\">Formation en ligne sur l\u2019essence EVC WinOLS : Module 4 sur 6a &#8211; cliquez pour acheter cette le\u00e7on<\/a><\/li>\n<li><a href=\"https:\/\/www.remap101.co.uk\/fr\/produit\/evc-winols-gasoline-tuning-training-online-module-4-of-6b\/\">Formation en ligne sur l\u2019essence EVC WinOLS : Module 4 sur 6b \u2013 cliquez pour acheter cette le\u00e7on<\/a><\/li>\n<li><strong>Formation en ligne WinOLS Essence : Module 4 de 6c &#8211; ce module<\/strong><\/li>\n<li><a href=\"https:\/\/www.remap101.co.uk\/fr\/produit\/evc-winols-gasoline-tuning-training-online-module-4-of-6d\/?preview_id=9496&amp;preview_nonce=86e4c91d22&amp;_thumbnail_id=9185&amp;preview=true\">Formation en ligne sur l\u2019essence EVC WinOLS : Module 4 sur 6d \u2013 cliquez pour acheter cette le\u00e7on<\/a><\/li>\n<\/ol>\n<h3>Les avantages de la formation en ligne avec Viezu<\/h3>\n<p>Une fois achet\u00e9e, chacune de ces sessions de formation peut \u00eatre visionn\u00e9e plusieurs fois &#8211; il n&rsquo;y a pas de limite &#8211; vous y avez acc\u00e8s \u00e0 vie. Vous pouvez regarder les vid\u00e9os et les revoir plus tard, \u00e0 votre convenance. Si vous avez du mal \u00e0 comprendre certains points, vous pouvez les revoir \u00e0 votre guise. Vous apprenez ainsi \u00e0 votre rythme.<\/p>\n<p>Vous avez la possibilit\u00e9 de mettre en pause et de red\u00e9marrer les vid\u00e9os. Cela vous permet de prendre des notes. Vous pouvez suivre le cours tout en vous exer\u00e7ant &#8211; nous fournissons un fichier original pour l&rsquo;exercice. Vous pouvez suivre exactement ce que fait le formateur.<\/p>\n<h3>Logiciel de r\u00e9glage EVC WinOLs<\/h3>\n<p>Bien qu&rsquo;il ne soit pas indispensable d&rsquo;avoir le logiciel EVC WinOLS pour suivre ce cours en ligne WinOLS sur l&rsquo;essence, nous vous le recommandons vivement. Le fait d&rsquo;avoir le logiciel WinOLS am\u00e9liorera votre exp\u00e9rience d&rsquo;apprentissage &#8211; vous pouvez avoir le logiciel ouvert et travailler pendant que vous suivez le cours.<\/p>\n<p>Si vous souhaitez acheter le logiciel de r\u00e9glage et de remappage EVC WinOls, vous le trouverez dans notre boutique en ligne &#8211; <a href=\"https:\/\/www.remap101.co.uk\/product\/winols-5-tuning-software-evc\/\">WinOls Software<\/a>.<\/p>\n<p>Remappage du calculateur et formation au remappage par l&rsquo;Acad\u00e9mie de formation Viezu et Remap101.<\/p>\n","protected":false},"excerpt":{"rendered":"<p>Formation sur le r\u00e9glage de l\u2019essence EVC WinOLS : Module 4 de 6c\u00a0; Cette le\u00e7on couvre comment<span style=\"font-family: var(--global-body-font-family);\">importer un &lsquo;pack de cartes&rsquo;, <\/span>cr\u00e9er un profil pour le type ECU et plus encore.<\/p>\n","protected":false},"featured_media":57525,"comment_status":"open","ping_status":"closed","template":"","meta":{"_acf_changed":false},"product_brand":[21146,19675],"product_cat":[24518,24407,24508,24409,24406,24643,24637],"product_tag":[15315,23018,23019],"class_list":{"0":"post-52771","1":"product","2":"type-product","3":"status-publish","4":"has-post-thumbnail","6":"product_brand-evc","7":"product_brand-winols","8":"product_cat-formation-a-la-mise-au-point-des-moteurs-a-essence","9":"product_cat-formation-evc-winols","10":"product_cat-formation-sur-le-reglage-de-la-marque","11":"product_cat-evc-electronique","12":"product_cat-formation-a-la-mise-au-point-de-tous-les-vehicules","13":"product_cat-en-ligne","14":"product_cat-formation-sur-les-logiciels-de-reglage","15":"product_tag-evc-fr","16":"product_tag-gasolina-fr","17":"product_tag-logiciel-dajustement-winols-5-evc","19":"first","20":"instock","21":"taxable","22":"shipping-taxable","23":"purchasable","24":"product-type-simple"},"acf":[],"_links":{"self":[{"href":"https:\/\/www.remap101.co.uk\/fr\/wp-json\/wp\/v2\/product\/52771","targetHints":{"allow":["GET"]}}],"collection":[{"href":"https:\/\/www.remap101.co.uk\/fr\/wp-json\/wp\/v2\/product"}],"about":[{"href":"https:\/\/www.remap101.co.uk\/fr\/wp-json\/wp\/v2\/types\/product"}],"replies":[{"embeddable":true,"href":"https:\/\/www.remap101.co.uk\/fr\/wp-json\/wp\/v2\/comments?post=52771"}],"wp:featuredmedia":[{"embeddable":true,"href":"https:\/\/www.remap101.co.uk\/fr\/wp-json\/wp\/v2\/media\/57525"}],"wp:attachment":[{"href":"https:\/\/www.remap101.co.uk\/fr\/wp-json\/wp\/v2\/media?parent=52771"}],"wp:term":[{"taxonomy":"product_brand","embeddable":true,"href":"https:\/\/www.remap101.co.uk\/fr\/wp-json\/wp\/v2\/product_brand?post=52771"},{"taxonomy":"product_cat","embeddable":true,"href":"https:\/\/www.remap101.co.uk\/fr\/wp-json\/wp\/v2\/product_cat?post=52771"},{"taxonomy":"product_tag","embeddable":true,"href":"https:\/\/www.remap101.co.uk\/fr\/wp-json\/wp\/v2\/product_tag?post=52771"}],"curies":[{"name":"wp","href":"https:\/\/api.w.org\/{rel}","templated":true}]}}