{"id":85196,"date":"2025-11-24T14:49:36","date_gmt":"2025-11-24T14:49:36","guid":{"rendered":"https:\/\/www.remap101.co.uk\/?post_type=product&#038;p=85196"},"modified":"2026-02-19T16:09:09","modified_gmt":"2026-02-19T16:09:09","slug":"cours-de-formation-evc-winols-3-jours-sema-usa-diesel-2025-copy-copy-copy","status":"publish","type":"product","link":"https:\/\/www.remap101.co.uk\/fr\/produit\/cours-de-formation-evc-winols-3-jours-sema-usa-diesel-2025-copy-copy-copy\/","title":{"rendered":"Formation WinOLS &amp; StageX sur le r\u00e9glage des calculateurs diesel &#8211; Austin, Texas, USA"},"content":{"rendered":"<h2 data-start=\"319\" data-end=\"411\">Utiliser WinOLS et StageX ensemble pour la mise au point d&rsquo;un calculateur diesel &#8211; Magic Motorsport USA HQ, Austin, Texas &#8211; d\u00e9tail de la formation<\/h2>\n<p><strong data-start=\"82\" data-end=\"94\">Lieu<\/strong>: Magicmotorsport USA HQ, Pflugerville, Austin, Texas, US (25 minutes de l&rsquo;a\u00e9roport international d&rsquo;Austin-Bergstrom)<br \/>\n<strong data-start=\"113\" data-end=\"122\">Dates<\/strong>: 19 &#8211; 21 f\u00e9vrier 2026<br data-start=\"170\" data-end=\"173\" \/><strong data-start=\"173\" data-end=\"185\">Langue<\/strong>: Le cours sera dispens\u00e9 en anglais<br data-start=\"222\" data-end=\"225\" \/><strong data-start=\"225\" data-end=\"234\">Niveau<\/strong>: D\u00e9butant-Interm\u00e9diaire<br data-start=\"244\" data-end=\"247\" \/><strong data-start=\"247\" data-end=\"266\">Type de carburant Focus<\/strong>: Diesel uniquement<br data-start=\"281\" data-end=\"284\" \/><strong data-start=\"284\" data-end=\"302\">Zoom sur les logiciels<\/strong>: WinOLS et StageX<\/p>\n<p class=\"\" data-start=\"413\" data-end=\"751\">Viezu Technologies et Viezu Technical Academy, en partenariat avec Magicmotorsport, proposent cette formation distinctive qui vous montre comment utiliser Magic StageX pour vous donner des points de d\u00e9part conviviaux et des m\u00e9thodes de validation pour une mise au point plus rapide et plus facile des moteurs diesel avec WinOLS.<\/p>\n<p class=\"\" data-start=\"413\" data-end=\"751\">Si vous \u00eates aux Etats-Unis, c&rsquo;est l&rsquo;occasion d&rsquo;obtenir une formation sp\u00e9cialis\u00e9e en personne sur le r\u00e9glage de l&rsquo;ECU diesel WinOLS et StageX par les meilleurs experts europ\u00e9ens et les experts de Magic Motorsport.<\/p>\n<p class=\"\" data-start=\"413\" data-end=\"751\">Vous passerez du temps sur le banc d&rsquo;essai dans l&rsquo;atelier enti\u00e8rement \u00e9quip\u00e9 de Magic \u00e0 Austin, au Texas.<\/p>\n<p class=\"\" data-start=\"413\" data-end=\"751\">Le formateur principal de cet \u00e9v\u00e9nement sur le r\u00e9glage des moteurs diesel est le <a href=\"https:\/\/www.remap101.co.uk\/fr\/simon-white\/\">c\u00e9l\u00e8bre pr\u00e9parateur et formateur britannique Simon White<\/a>, directeur technique et directeur g\u00e9n\u00e9ral de Viezu Technologies. Une formation pratique et experte dispens\u00e9e par des pr\u00e9parateurs du monde r\u00e9el.<\/p>\n<p class=\"\" data-start=\"1153\" data-end=\"1593\">Ce cours est de niveau d\u00e9butant-interm\u00e9diaire. Il vous permettra d&rsquo;acqu\u00e9rir une compr\u00e9hension structur\u00e9e des concepts fondamentaux et des proc\u00e9dures de WinOLS et de StageX. Vous apprendrez comment utiliser ces plateformes logicielles ensemble de mani\u00e8re intelligente &#8211; StageX peut \u00eatre d&rsquo;une grande aide dans l&rsquo;identification et la validation des cartes dans ce qui peut \u00eatre une interface difficile dans WinOLS.<\/p>\n<p data-start=\"1153\" data-end=\"1593\">La taille des groupes est r\u00e9duite, ce qui nous permet d&rsquo;adapter le contenu \u00e0 vos besoins. Nous vous encourageons \u00e0 contacter le formateur principal Simon White \u00e0 l&rsquo;avance pour discuter de tout sujet de formation sp\u00e9cifique que vous souhaiteriez aborder. Par exemple, si vous travaillez avec des v\u00e9hicules ou des moteurs particuliers, nous pouvons les inclure dans nos exemples de projets pendant la formation.<\/p>\n<p data-start=\"1153\" data-end=\"1593\"><b><span data-contrast=\"auto\">Aper\u00e7u d\u00e9taill\u00e9 du cours<\/span><\/b><\/p>\n<p data-start=\"1153\" data-end=\"1593\"><span class=\"TextRun SCXW20164725 BCX8\" lang=\"EN-GB\" xml:lang=\"EN-GB\" data-contrast=\"auto\"><span class=\"NormalTextRun SCXW20164725 BCX8\">Ce cours intensif de 3 jours est con\u00e7u pour permettre aux tuners existants de passer de l&rsquo;\u00e9dition de cartes de base \u00e0 une calibration diesel de niveau professionnel en toute confiance en utilisant <\/span><\/span><span class=\"TextRun SCXW20164725 BCX8\" lang=\"EN-GB\" xml:lang=\"EN-GB\" data-contrast=\"auto\"><span class=\"NormalTextRun SpellingErrorV2Themed SCXW20164725 BCX8\">WinOLS<\/span><\/span><span class=\"TextRun SCXW20164725 BCX8\" lang=\"EN-GB\" xml:lang=\"EN-GB\" data-contrast=\"auto\"><span class=\"NormalTextRun SCXW20164725 BCX8\">avec l&rsquo;aide de l&rsquo;intelligence cartographique et de l&rsquo;assistance au flux de travail. <\/span><span class=\"NormalTextRun SCXW20164725 BCX8\">l&rsquo;assistance<\/span><span class=\"NormalTextRun SCXW20164725 BCX8\"> de <\/span><\/span><span class=\"TextRun SCXW20164725 BCX8\" lang=\"EN-GB\" xml:lang=\"EN-GB\" data-contrast=\"auto\"><span class=\"NormalTextRun SpellingErrorV2Themed SCXW20164725 BCX8\">StageX<\/span><\/span><span class=\"TextRun SCXW20164725 BCX8\" lang=\"EN-GB\" xml:lang=\"EN-GB\" data-contrast=\"auto\"><span class=\"NormalTextRun SCXW20164725 BCX8\">.<\/span><\/span><\/p>\n<p data-start=\"1153\" data-end=\"1593\"><span class=\"TextRun SCXW20164725 BCX8\" lang=\"EN-GB\" xml:lang=\"EN-GB\" data-contrast=\"auto\"><span class=\"NormalTextRun SCXW20164725 BCX8\">Dispens\u00e9 sous forme de pr\u00e9sentations dirig\u00e9es par un tuteur et de sessions d&rsquo;atelier structur\u00e9es et pratiques, le cours se concentre sur les strat\u00e9gies diesel du monde r\u00e9el, les pratiques de r\u00e9glage s\u00fbres et les flux de travail reproductibles utilis\u00e9s par les \u00e9talonneurs professionnels.<\/span><\/span><\/p>\n<p>&nbsp;<\/p>\n<p><b><span data-contrast=\"auto\">Jour 1 &#8211; Strat\u00e9gies diesel, structure de l&rsquo;ECU et identification des cartes<\/span><\/b><\/p>\n<p><strong>Ce qui est couvert :<\/strong><\/p>\n<p><span data-contrast=\"auto\">Les \u00e9l\u00e8ves commencent par ma\u00eetriser les d\u00e9cisions prises par les calculateurs diesel : couple \u2192 carburant \u2192 suralimentation \u2192 rail \u2192 fum\u00e9e \u2192 protections.<\/span><br \/>\n<span data-contrast=\"auto\">Vous apprendrez comment les diff\u00e9rentes familles de calculateurs (EDC16, EDC17, Delphi, Siemens) structurent leurs cartes et comment WinOLS interpr\u00e8te ces strat\u00e9gies.<\/span><\/p>\n<p><span data-contrast=\"auto\">\u00c0 l&rsquo;aide de StageX et d&rsquo;une v\u00e9rification manuelle, les \u00e9tudiants identifieront toutes les cartographies diesel de base, construiront des mappacks propres, comprendront les interactions entre les limiteurs et apprendront \u00e0 importer et \u00e0 adapter les donn\u00e9es d&rsquo;\u00e9talonnage existantes \u00e0 l&rsquo;aide des outils de comparaison et d&rsquo;importation de WinOLS.<\/span><\/p>\n<p>&nbsp;<\/p>\n<p><b><span data-contrast=\"auto\">Jour 2 &#8211; Survoltage, pression dans le rail, gestion du couple et motricit\u00e9<\/span><\/b><\/p>\n<p><strong>Ce qui est couvert :<\/strong><\/p>\n<p><span data-contrast=\"auto\">Le deuxi\u00e8me jour se concentre sur les \u00e9l\u00e9ments cl\u00e9s n\u00e9cessaires \u00e0 une calibration s\u00fbre et efficace des moteurs diesel sur du mat\u00e9riel de s\u00e9rie. Les \u00e9tudiants apprendront \u00e0 r\u00e9gler : <\/span><\/p>\n<ul>\n<li><span data-contrast=\"auto\">Contr\u00f4le du boost (strat\u00e9gies VNT et WG)<\/span><\/li>\n<li><span data-contrast=\"auto\">Objectifs de pression ferroviaire et m\u00e9canismes de protection<\/span><\/li>\n<li><span data-contrast=\"auto\">Limiteurs de couple, structures IQ et mod\u00e9lisation du couple<\/span><\/li>\n<li><span data-contrast=\"auto\">Limitation des fum\u00e9es et \u00e9quilibrage air-carburant<\/span><\/li>\n<li><span data-contrast=\"auto\">R\u00e9ponse de la p\u00e9dale et raffinement de la conduite<\/span><\/li>\n<\/ul>\n<p><span data-contrast=\"auto\">Gr\u00e2ce \u00e0 des ateliers structur\u00e9s, les participants produisent des \u00e9talonnages propres et bien \u00e9quilibr\u00e9s qui am\u00e9liorent les performances tout en maintenant une conduite souple et un comportement contr\u00f4l\u00e9 en mati\u00e8re d&rsquo;\u00e9missions.<\/span><\/p>\n<p>&nbsp;<\/p>\n<p><b><span data-contrast=\"auto\">Jour 3 &#8211; Processus d&rsquo;\u00e9talonnage complet, int\u00e9gration des importations et perfectionnement pratique<\/span><\/b><\/p>\n<p><strong>Ce qui est couvert :<\/strong><\/p>\n<p><span data-contrast=\"auto\">Le dernier jour est consacr\u00e9 \u00e0 la consolidation de toutes les comp\u00e9tences dans un flux de travail de calibration complet. Les \u00e9tudiants construisent un r\u00e9glage diesel complet \u00e0 partir d&rsquo;un fichier de base, y compris : <\/span><\/p>\n<ul>\n<li><span data-contrast=\"auto\">Planification de projet et r\u00e9alisation de mappack<\/span><\/li>\n<li><span data-contrast=\"auto\">Int\u00e9gration des \u00e9talonnages de la base de donn\u00e9es dans les nouvelles versions du logiciel<\/span><\/li>\n<li><span data-contrast=\"auto\">Validation et v\u00e9rification de la couverture cartographique par StageX<\/span><\/li>\n<li><span data-contrast=\"auto\">Raffinement it\u00e9ratif (v1 \u2192 v2) \u00e0 l&rsquo;aide d&rsquo;un exemple de retour d&rsquo;information sur le banc d&rsquo;essai ou le journal de bord.<\/span><\/li>\n<li><span data-contrast=\"auto\">Exportation d&rsquo;un paquet d&rsquo;\u00e9talonnage professionnel enti\u00e8rement document\u00e9<\/span><\/li>\n<\/ul>\n<p><span data-contrast=\"auto\">\u00c0 la fin de la troisi\u00e8me journ\u00e9e, les participants auront cr\u00e9\u00e9 un r\u00e9glage diesel complet en utilisant les processus standard de l&rsquo;industrie.<\/span><\/p>\n<p>&nbsp;<\/p>\n<p><strong>R\u00e9sultats de l&rsquo;apprentissage du cours <\/strong><\/p>\n<p><strong>\u00c0 la fin de cet atelier de trois jours, vous serez en mesure de : <\/strong><\/p>\n<ul>\n<li><span data-contrast=\"auto\">Comprendre et naviguer dans les strat\u00e9gies complexes des calculateurs diesel<\/span><\/li>\n<li><span data-contrast=\"auto\">Identifier, v\u00e9rifier et structurer les cartes diesel essentielles dans WinOLS<\/span><\/li>\n<li><span data-contrast=\"auto\">Utilisez StageX pour une d\u00e9couverte plus rapide et plus pr\u00e9cise des cartes.<\/span><\/li>\n<li><span data-contrast=\"auto\">Construire des mappacks de qualit\u00e9 professionnelle et des structures de projet organis\u00e9es<\/span><\/li>\n<li><span data-contrast=\"auto\">R\u00e9glez en toute s\u00e9curit\u00e9 le couple, la suralimentation, la pression du rail, l&rsquo;alimentation et les limiteurs de fum\u00e9e.<\/span><\/li>\n<li><span data-contrast=\"auto\">Importer et adapter les \u00e9talonnages de la base de donn\u00e9es d&rsquo;une version \u00e0 l&rsquo;autre du logiciel<\/span><\/li>\n<li><span data-contrast=\"auto\">Produire des fichiers d&rsquo;\u00e9talonnage propres, coh\u00e9rents, pr\u00eats \u00e0 \u00eatre utilis\u00e9s par le client et accompagn\u00e9s de la documentation n\u00e9cessaire.<\/span><\/li>\n<\/ul>\n<p>&nbsp;<\/p>\n<p>&nbsp;<\/p>\n<p><strong>A qui s&rsquo;adresse ce cours ?<\/strong><\/p>\n<p><b><span data-contrast=\"auto\">Les tuners existants qui souhaitent passer d&rsquo;un tuning diesel de base \u00e0 un tuning interm\u00e9diaire, y compris ceux qui.. :<\/span><\/b><\/p>\n<ul>\n<li><span data-contrast=\"auto\">Vous utilisez d\u00e9j\u00e0 WinOLS \u00e0 un niveau d\u00e9butant<\/span><\/li>\n<li><span data-contrast=\"auto\">Vous pouvez identifier les cartes de base, mais vous voulez comprendre la strat\u00e9gie compl\u00e8te du calculateur.<\/span><\/li>\n<li><span data-contrast=\"auto\">Vous souhaitez apprendre des flux de travail structur\u00e9s et s\u00fbrs pour la mise au point des moteurs diesel.<\/span><\/li>\n<li><span data-contrast=\"auto\">Vous souhaitez int\u00e9grer StageX dans le d\u00e9veloppement quotidien de vos dossiers<\/span><\/li>\n<li><span data-contrast=\"auto\">Vous passez de l'\u00a0\u00bb\u00e9dition de cartes\u00a0\u00bb \u00e0 un v\u00e9ritable r\u00e9glage bas\u00e9 sur l&rsquo;\u00e9talonnage.<\/span><\/li>\n<li><span data-contrast=\"auto\">Besoin d&rsquo;une compr\u00e9hension plus approfondie des syst\u00e8mes diesel bas\u00e9s sur le couple<\/span><\/li>\n<\/ul>\n<p><b><span data-contrast=\"auto\">Parfait pour :<\/span><\/b><\/p>\n<ul>\n<li><span data-contrast=\"auto\">Entreprises de remappage du calculateur<\/span><\/li>\n<li><span data-contrast=\"auto\">Techniciens d&rsquo;atelier entrant dans le tuning<\/span><\/li>\n<li><span data-contrast=\"auto\">Les cartographes souhaitant d\u00e9velopper des comp\u00e9tences professionnelles en mati\u00e8re d&rsquo;\u00e9talonnage<\/span><\/li>\n<li><span data-contrast=\"auto\">Les pr\u00e9parateurs passent de l&rsquo;essence au diesel<\/span><\/li>\n<li><span data-contrast=\"auto\">Toute personne s&rsquo;appr\u00eatant \u00e0 constituer des fichiers diesel internes fiables<\/span><\/li>\n<\/ul>\n<p>&nbsp;<\/p>\n<p>&nbsp;<\/p>\n<div>\n<div>\n<p><strong>Conditions pr\u00e9alables et ce que vous devez apporter avec vous<\/strong><\/p>\n<\/div>\n<div>\n<p>Vous devez apporter un ordinateur portable sur lequel les logiciels EVC WinOLS et StageX sont install\u00e9s et fonctionnent correctement. Vous aurez besoin de la version compl\u00e8te de WinOLS &#8211; la version de d\u00e9monstration ne dispose pas de toutes les fonctionnalit\u00e9s n\u00e9cessaires \u00e0 la formation.<\/p>\n<\/div>\n<\/div>\n<p>Vous pouvez <a href=\"https:\/\/www.remap101.co.uk\/fr\/?post_type=product&#038;p=85688\">acheter la version compl\u00e8te du logiciel WinOLs<\/a> et <a href=\"https:\/\/www.remap101.co.uk\/fr\/?post_type=product&#038;p=85681\">acheter le logiciel StageX<\/a> ici sur le site Remap101.<\/p>\n<p>Pour profiter pleinement de ce cours en personne, vous devez avoir une connaissance pratique du logiciel. Pour vous pr\u00e9parer \u00e0 ce cours, nous vous recommandons vivement de suivre nos <a href=\"https:\/\/www.remap101.co.uk\/fr\/liste-des-cours\/\">modules de formation en ligne Vizeu Remap101<\/a> &#8211; les modules WinOLS (les 3 premiers modules WinOLS diesel) et nos modules en ligne StageX (les 2 premiers modules diesel).<\/p>\n<p>&nbsp;<\/p>\n<p>&nbsp;<\/p>\n<p>&nbsp;<\/p>\n<p class=\"\" data-start=\"2934\" data-end=\"3166\">Nous sommes toujours heureux de discuter avec vous de vos besoins individuels en mati\u00e8re de formation, afin de vous aider \u00e0 d\u00e9velopper vos comp\u00e9tences en mati\u00e8re de r\u00e9glage et \u00e0 faire prosp\u00e9rer votre entreprise de r\u00e9glage et d&rsquo;\u00e9talonnage :<\/p>\n<p class=\"\" data-start=\"3168\" data-end=\"3326\">\ud83d\udcde <strong data-start=\"3171\" data-end=\"3180\">Phone<\/strong>: +44 (0)1789 774444<br data-start=\"3200\" data-end=\"3203\" \/>\ud83d\udce7 <strong data-start=\"3206\" data-end=\"3215\">Courriel<\/strong>: <a class=\"cursor-pointer\" href=\"mailto:info@viezu.com\" rel=\"noopener\" data-start=\"3217\" data-end=\"3231\">info@viezu.com<\/a><\/p>\n<h6 data-start=\"3168\" data-end=\"3326\"><\/h6>\n<h6 data-start=\"3168\" data-end=\"3326\"><\/h6>\n","protected":false},"excerpt":{"rendered":"<div>\n<p>Formation \u00e0 la mise au point des moteurs diesel WinOLS et StageX par des experts, y compris sur le banc d&rsquo;essai, au si\u00e8ge de Magic Motorsport USA \u00e0 Austin, Texas, \u00c9tats-Unis. Du 19 au 21 f\u00e9vrier 2026. R\u00e9servez votre place ci-dessous.<\/p>\n<\/div>\n<p><strong>RABAIS POUR R\u00c9SERVATION ANTI<\/strong> CIP\u00c9E &#8211; le prix normal pour cet \u00e9v\u00e9nement est de 2250GBP. R\u00e9servez et payez int\u00e9gralement avant 30 jours avant la date de d\u00e9but de l&rsquo;\u00e9v\u00e9nement pour b\u00e9n\u00e9ficier d&rsquo;un prix sp\u00e9cial de r\u00e9servation anticip\u00e9e de 1850GBP par personne. Vous pouvez garantir votre place en versant un acompte de 500GBP. Payez le solde avant 30 jours avant la date de d\u00e9but de l&rsquo;\u00e9v\u00e9nement pour b\u00e9n\u00e9ficier de la r\u00e9duction pour r\u00e9servation anticip\u00e9e. Le prix normal s&rsquo;applique si le paiement du solde est effectu\u00e9 apr\u00e8s cette date. [Voir les <a href=\"https:\/\/www.remap101.co.uk\/fr\/terms\/\">conditions g\u00e9n\u00e9rales<\/a>].<\/p>\n<p><strong>AVANTAGES UNIQUES DE LA FORMATION VIEZU :<\/strong> apr\u00e8s la formation, nous continuons \u00e0 vous aider \u00e0 d\u00e9velopper votre activit\u00e9 de tuning :<\/p>\n<ul>\n<li>le soutien continu de l&rsquo;\u00e9quipe technique de Viezu<\/li>\n<li>l&rsquo;acc\u00e8s \u00e0 des supports de formation actualis\u00e9s et \u00e0 des mappacks avanc\u00e9s<\/li>\n<li>un soutien sur mesure \u00e0 prix r\u00e9duit de la part du r\u00e9seau Viezu<\/li>\n<\/ul>\n<div>\n<div>\n<hr \/>\n<div>\n<div>\n<p><strong>Talk tuning : rejoignez notre communaut\u00e9 en ligne<\/strong><\/p>\n<\/div>\n<p>N&rsquo;attendez pas pour commencer \u00e0 partager vos connaissances. Parlez tuning, remapping, calibration &#8211; rejoignez notre communaut\u00e9 de tuners professionnels sur notre groupe Facebook &#8211; la<strong> <a href=\"https:\/\/www.facebook.com\/groups\/guildoftuners\">Guilde des pr\u00e9parateurs<\/a><\/strong><\/p>\n<ul>\n<li>Webinaires gratuits et classes de ma\u00eetre en ligne<\/li>\n<li>Aper\u00e7u de l&rsquo;\u00e9tat de l&rsquo;art en mati\u00e8re de technologie de r\u00e9glage<\/li>\n<li>Restez \u00e0 jour &#8211; derni\u00e8res mises \u00e0 jour des experts en outils et en logiciels<\/li>\n<\/ul>\n<\/div>\n<\/div>\n<\/div>\n","protected":false},"featured_media":85215,"comment_status":"open","ping_status":"closed","template":"","meta":{"_acf_changed":false},"product_brand":[19675,19676,21147,19682],"product_cat":[24408,24407,22190,24409,24406],"product_tag":[22201,22509,15362,22422,22515,22423,22507,22424,22198,15491,22192,22518,22420,22512,20505,20506,22425],"class_list":{"0":"post-85196","1":"product","2":"type-product","3":"status-publish","4":"has-post-thumbnail","6":"product_brand-winols","7":"product_brand-magic","8":"product_brand-magic-motorsport","9":"product_brand-stage-x","10":"product_cat-cours-de-formation-tuning-en-personne","11":"product_cat-formation-evc-winols","12":"product_cat-magic-motorsport-flex-formation-aux-outils-de-reglage-materiel","13":"product_cat-evc-electronique","14":"product_cat-formation-a-la-mise-au-point-de-tous-les-vehicules","15":"product_tag-apprendre-stagex","16":"product_tag-austin-fr","17":"product_tag-diesel-fr","18":"product_tag-formation-au-chip-tuning","19":"product_tag-formation-au-reglage-du-diesel","20":"product_tag-formation-au-reglage-en-salle-de-classe","21":"product_tag-formation-au-tuning-us","22":"product_tag-formation-remap","23":"product_tag-formation-stagex","24":"product_tag-formation-winols","25":"product_tag-magic-motorsport-fr","26":"product_tag-remappage-du-calculateur-diesel","27":"product_tag-salle-de-classe-winols-de-levc","28":"product_tag-texas-fr","29":"product_tag-usa-fr","30":"product_tag-winols-fr","31":"product_tag-winols5-fr","32":"product_shipping_class-aucune-expedition-requise","34":"first","35":"outofstock","36":"taxable","37":"shipping-taxable","38":"purchasable","39":"product-type-variable","40":"has-default-attributes"},"acf":[],"_links":{"self":[{"href":"https:\/\/www.remap101.co.uk\/fr\/wp-json\/wp\/v2\/product\/85196","targetHints":{"allow":["GET"]}}],"collection":[{"href":"https:\/\/www.remap101.co.uk\/fr\/wp-json\/wp\/v2\/product"}],"about":[{"href":"https:\/\/www.remap101.co.uk\/fr\/wp-json\/wp\/v2\/types\/product"}],"replies":[{"embeddable":true,"href":"https:\/\/www.remap101.co.uk\/fr\/wp-json\/wp\/v2\/comments?post=85196"}],"wp:featuredmedia":[{"embeddable":true,"href":"https:\/\/www.remap101.co.uk\/fr\/wp-json\/wp\/v2\/media\/85215"}],"wp:attachment":[{"href":"https:\/\/www.remap101.co.uk\/fr\/wp-json\/wp\/v2\/media?parent=85196"}],"wp:term":[{"taxonomy":"product_brand","embeddable":true,"href":"https:\/\/www.remap101.co.uk\/fr\/wp-json\/wp\/v2\/product_brand?post=85196"},{"taxonomy":"product_cat","embeddable":true,"href":"https:\/\/www.remap101.co.uk\/fr\/wp-json\/wp\/v2\/product_cat?post=85196"},{"taxonomy":"product_tag","embeddable":true,"href":"https:\/\/www.remap101.co.uk\/fr\/wp-json\/wp\/v2\/product_tag?post=85196"}],"curies":[{"name":"wp","href":"https:\/\/api.w.org\/{rel}","templated":true}]}}