{"id":85622,"date":"2025-10-17T12:12:14","date_gmt":"2025-10-17T11:12:14","guid":{"rendered":"https:\/\/www.remap101.co.uk\/product\/vta1085-alientech-ecm-titanium-3-0-cours-en-ligne-sur-le-reglage-de-lessence-module-3-de-4\/"},"modified":"2026-03-17T13:40:29","modified_gmt":"2026-03-17T13:40:29","slug":"vta1085-alientech-ecm-titanium-3-0-cours-en-ligne-sur-le-reglage-de-lessence-module-3-de-4","status":"publish","type":"product","link":"https:\/\/www.remap101.co.uk\/fr\/produit\/vta1085-alientech-ecm-titanium-3-0-cours-en-ligne-sur-le-reglage-de-lessence-module-3-de-4\/","title":{"rendered":"VTA1085 : Alientech ECM Titanium 3.0 : Cours en ligne sur le r\u00e9glage de l&rsquo;essence &#8211; Module 3 de 4"},"content":{"rendered":"<h3 data-start=\"876\" data-end=\"969\"><strong data-start=\"880\" data-end=\"967\">VTA1085 &#8211; Alientech ECM Titanium 3.0 Gasoline Tuning Online Course &#8211; Module 3 de 4  <\/strong><\/h3>\n<p data-start=\"971\" data-end=\"1141\">Passez \u00e0 l&rsquo;\u00e9tape suivante de votre <strong data-start=\"998\" data-end=\"1032\">parcours de remappage du calculateur d&rsquo;essence<\/strong> avec ce module de formation en ligne avanc\u00e9, con\u00e7u par les instructeurs professionnels de <strong data-start=\"1126\" data-end=\"1138\">Remap101<\/strong>.<\/p>\n<p data-start=\"1143\" data-end=\"1541\">Ce cours se concentre sur la <strong data-start=\"1170\" data-end=\"1192\">strat\u00e9gie bas\u00e9e sur l&rsquo;air<\/strong> dans Alientech ECM Titanium 3.0 et enseigne comment effectuer un <strong data-start=\"1254\" data-end=\"1299\">r\u00e9glage de performance de niveau 1 s\u00fbr et fiable<\/strong> pour les moteurs turbocompress\u00e9s \u00e0 essence. Chaque le\u00e7on est structur\u00e9e de mani\u00e8re \u00e0 vous aider \u00e0 comprendre la logique qui sous-tend le contr\u00f4le de la suralimentation, de l&rsquo;alimentation et de la pression du rail, ce qui vous permet de produire des remaps efficaces et optimis\u00e9s en termes de puissance, sans compromettre la s\u00e9curit\u00e9 du moteur. <\/p>\n<h3 data-start=\"1548\" data-end=\"1576\"><\/h3>\n<h3 data-start=\"1548\" data-end=\"1576\">\ud83d\ude80 <strong data-start=\"1555\" data-end=\"1576\">Ce que vous apprendrez<\/strong><\/h3>\n<ul data-start=\"1577\" data-end=\"2123\">\n<li data-start=\"1577\" data-end=\"1632\">\n<p data-start=\"1579\" data-end=\"1632\">O\u00f9 commencer la mise au point d&rsquo;un <strong data-start=\"1604\" data-end=\"1630\">calculateur strat\u00e9gique \u00e0 air comprim\u00e9<\/strong>?<\/p>\n<\/li>\n<li data-start=\"1633\" data-end=\"1724\">\n<p data-start=\"1635\" data-end=\"1724\">Comment <strong data-start=\"1642\" data-end=\"1698\">convertir les pourcentages d&rsquo;air de remplissage des bouteilles en millibars<\/strong> pour des r\u00e9glages pr\u00e9cis ?<\/p>\n<\/li>\n<li data-start=\"1725\" data-end=\"1813\">\n<p data-start=\"1727\" data-end=\"1813\">La diff\u00e9rence entre des <strong data-start=\"1750\" data-end=\"1777\">changements de pourcentage uniformes<\/strong> et des <strong data-start=\"1782\" data-end=\"1811\">\u00e9ditions interpol\u00e9es lisses<\/strong><\/p>\n<\/li>\n<li data-start=\"1814\" data-end=\"1871\">\n<p data-start=\"1816\" data-end=\"1871\"><strong data-start=\"1816\" data-end=\"1845\">R\u00e9glage s\u00fbr du limiteur de suralimentation<\/strong> pour les performances de la phase 1<\/p>\n<\/li>\n<li data-start=\"1872\" data-end=\"1954\">\n<p data-start=\"1874\" data-end=\"1954\">Comment modifier en toute s\u00e9curit\u00e9 <strong data-start=\"1895\" data-end=\"1917\">les cartes de contr\u00f4le du turbo<\/strong> pour obtenir un rendement constant et fiable ?<\/p>\n<\/li>\n<li data-start=\"1955\" data-end=\"2033\">\n<p data-start=\"1957\" data-end=\"2033\">R\u00e9glage correct du <strong data-start=\"1981\" data-end=\"2000\">syst\u00e8me d&rsquo;alimentation en carburant<\/strong> en fonction des variations d&rsquo;air et de pression.<\/p>\n<\/li>\n<li data-start=\"2034\" data-end=\"2123\">\n<p data-start=\"2036\" data-end=\"2123\"><strong data-start=\"2036\" data-end=\"2069\">Optimisation des cartes de pression des rails<\/strong> pour une alimentation en \u00e9nergie sans \u00e0-coups et une fiabilit\u00e9 \u00e0 long terme<\/p>\n<\/li>\n<\/ul>\n<h3 data-start=\"2130\" data-end=\"2156\"><\/h3>\n<h3 data-start=\"2130\" data-end=\"2156\">\ud83c\udf93 <strong data-start=\"2137\" data-end=\"2156\">Caract\u00e9ristiques du cours<\/strong><\/h3>\n<ul data-start=\"2157\" data-end=\"2516\">\n<li data-start=\"2157\" data-end=\"2211\">\n<p data-start=\"2159\" data-end=\"2211\"><strong data-start=\"2164\" data-end=\"2183\">Apprentissage<\/strong> 100 % <strong data-start=\"2164\" data-end=\"2183\">en ligne<\/strong> &#8211; \u00e9tudiez \u00e0 tout moment et en tout lieu<\/p>\n<\/li>\n<li data-start=\"2212\" data-end=\"2281\">\n<p data-start=\"2214\" data-end=\"2281\"><strong data-start=\"2214\" data-end=\"2246\">Tutoriels vid\u00e9o pas \u00e0 pas sur<\/strong> l&rsquo;utilisation d&rsquo;Alientech ECM Titanium 3.0<\/p>\n<\/li>\n<li data-start=\"2282\" data-end=\"2340\">\n<p data-start=\"2284\" data-end=\"2340\"><strong data-start=\"2284\" data-end=\"2320\">Documents de r\u00e9f\u00e9rence<\/strong> et exemples de donn\u00e9es <strong data-start=\"2284\" data-end=\"2320\">t\u00e9l\u00e9chargeables<\/strong> <\/p>\n<\/li>\n<li data-start=\"2341\" data-end=\"2395\">\n<p data-start=\"2343\" data-end=\"2395\"><strong data-start=\"2343\" data-end=\"2366\">Des quiz interactifs<\/strong> pour tester votre compr\u00e9hension<\/p>\n<\/li>\n<li data-start=\"2396\" data-end=\"2462\">\n<p data-start=\"2398\" data-end=\"2462\"><strong data-start=\"2398\" data-end=\"2427\">Certificat d&rsquo;ach\u00e8vement<\/strong> d\u00e9livr\u00e9 \u00e0 l&rsquo;issue du module<\/p>\n<\/li>\n<li data-start=\"2463\" data-end=\"2516\">\n<p data-start=\"2465\" data-end=\"2516\"><strong data-start=\"2465\" data-end=\"2484\">Acc\u00e8s \u00e0 vie<\/strong> &#8211; revisitez le contenu \u00e0 tout moment<\/p>\n<\/li>\n<\/ul>\n<h3 data-start=\"2523\" data-end=\"2559\"><\/h3>\n<h3 data-start=\"2523\" data-end=\"2559\">\ud83d\udc68\u200d\ud83d\udd27 <strong data-start=\"2533\" data-end=\"2559\">A qui s&rsquo;adresse ce cours ?<\/strong><\/h3>\n<ul data-start=\"2560\" data-end=\"2836\">\n<li data-start=\"2560\" data-end=\"2604\">\n<p data-start=\"2562\" data-end=\"2604\"><strong data-start=\"2562\" data-end=\"2602\">Nouveaux pr\u00e9parateurs de calculateurs pour l&rsquo;essence et ceux qui aspirent \u00e0 le devenir<\/strong><\/p>\n<\/li>\n<li data-start=\"2605\" data-end=\"2667\">\n<p data-start=\"2607\" data-end=\"2667\"><strong data-start=\"2607\" data-end=\"2644\">Professionnels des ateliers automobiles<\/strong> et remapeurs mobiles<\/p>\n<\/li>\n<li data-start=\"2668\" data-end=\"2758\">\n<p data-start=\"2670\" data-end=\"2758\"><strong data-start=\"2670\" data-end=\"2711\">Utilisateurs actuels d&rsquo;Alientech ECM Titanium<\/strong> \u00e0 la recherche de connaissances structur\u00e9es en mati\u00e8re de r\u00e9glage de l&rsquo;essence.<\/p>\n<\/li>\n<li data-start=\"2759\" data-end=\"2836\">\n<p data-start=\"2761\" data-end=\"2836\">Toute personne souhaitant <strong data-start=\"2779\" data-end=\"2834\">\u00e9largir son expertise en mati\u00e8re de r\u00e9glage des performances de l&rsquo;essence.<\/strong><\/p>\n<\/li>\n<\/ul>\n<p data-start=\"3210\" data-end=\"3368\">Affinez votre pr\u00e9cision de r\u00e9glage et ma\u00eetrisez la cartographie de performance s\u00fbre de l&rsquo;\u00e9tape 1 avec le module 3 du cours en ligne <strong data-start=\"3304\" data-end=\"3365\">Alientech ECM Titanium 3.0 : Gasoline Tuning Online Course<\/strong>.<\/p>\n<p data-start=\"3370\" data-end=\"3526\">\u2705 Apprenez des techniques pratiques et professionnelles<br data-start=\"3412\" data-end=\"3415\">\u2705 D\u00e9veloppez votre confiance dans les applications de r\u00e9glage du monde r\u00e9el<br data-start=\"3467\" data-end=\"3470\">\u2705 Obtenez un certificat d&rsquo;ach\u00e8vement et un acc\u00e8s \u00e0 vie.<\/p>\n<p data-start=\"3528\" data-end=\"3602\"><strong data-start=\"3528\" data-end=\"3602\">Rejoignez-nous d\u00e8s aujourd&rsquo;hui et faites passer vos comp\u00e9tences en mati\u00e8re de r\u00e9glage du calculateur d&rsquo;essence au niveau sup\u00e9rieur.<\/strong><\/p>\n","protected":false},"excerpt":{"rendered":"<p data-start=\"258\" data-end=\"639\">Am\u00e9liorez vos comp\u00e9tences en mati\u00e8re de r\u00e9glage avec le <strong data-start=\"290\" data-end=\"360\">module 3 du cours Alientech ECM Titanium 3.0 : Gasoline Tuning Course<\/strong>. Apprenez \u00e0 effectuer des <strong data-start=\"402\" data-end=\"432\">r\u00e9glages de performance de niveau 1<\/strong> s\u00fbrs et efficaces sur les moteurs \u00e0 essence turbocompress\u00e9s. Ma\u00eetrisez les r\u00e9glages du limiteur de suralimentation, l&rsquo;optimisation du contr\u00f4le du turbo, les corrections de l&rsquo;alimentation et l&rsquo;affinement de la pression du rail, le tout gr\u00e2ce \u00e0 une formation structur\u00e9e et pratique sur l&rsquo;ECM Titanium.  <\/p>\n<p data-start=\"641\" data-end=\"796\">Parfait pour les <strong data-start=\"653\" data-end=\"739\">d\u00e9butants en tuning ECU, les professionnels de l&rsquo;automobile et les utilisateurs exp\u00e9riment\u00e9s d&rsquo;ECM Titanium<\/strong> qui souhaitent renforcer leurs connaissances en mati\u00e8re de tuning essence.<\/p>\n","protected":false},"featured_media":77352,"comment_status":"closed","ping_status":"closed","template":"","meta":{"_acf_changed":false},"product_brand":[19674,19679],"product_cat":[24518,24427,24508,24406,24643,24637,24658],"product_tag":[],"class_list":{"0":"post-85622","1":"product","2":"type-product","3":"status-publish","4":"has-post-thumbnail","6":"product_brand-alientech","7":"product_brand-ecm-titanium","8":"product_cat-formation-a-la-mise-au-point-des-moteurs-a-essence","9":"product_cat-formation-ecm-titanium","10":"product_cat-formation-sur-le-reglage-de-la-marque","11":"product_cat-formation-a-la-mise-au-point-de-tous-les-vehicules","12":"product_cat-en-ligne","13":"product_cat-formation-sur-les-logiciels-de-reglage","14":"product_cat-alientech-fr","16":"first","17":"instock","18":"taxable","19":"shipping-taxable","20":"purchasable","21":"product-type-simple"},"acf":[],"_links":{"self":[{"href":"https:\/\/www.remap101.co.uk\/fr\/wp-json\/wp\/v2\/product\/85622","targetHints":{"allow":["GET"]}}],"collection":[{"href":"https:\/\/www.remap101.co.uk\/fr\/wp-json\/wp\/v2\/product"}],"about":[{"href":"https:\/\/www.remap101.co.uk\/fr\/wp-json\/wp\/v2\/types\/product"}],"replies":[{"embeddable":true,"href":"https:\/\/www.remap101.co.uk\/fr\/wp-json\/wp\/v2\/comments?post=85622"}],"wp:featuredmedia":[{"embeddable":true,"href":"https:\/\/www.remap101.co.uk\/fr\/wp-json\/wp\/v2\/media\/77352"}],"wp:attachment":[{"href":"https:\/\/www.remap101.co.uk\/fr\/wp-json\/wp\/v2\/media?parent=85622"}],"wp:term":[{"taxonomy":"product_brand","embeddable":true,"href":"https:\/\/www.remap101.co.uk\/fr\/wp-json\/wp\/v2\/product_brand?post=85622"},{"taxonomy":"product_cat","embeddable":true,"href":"https:\/\/www.remap101.co.uk\/fr\/wp-json\/wp\/v2\/product_cat?post=85622"},{"taxonomy":"product_tag","embeddable":true,"href":"https:\/\/www.remap101.co.uk\/fr\/wp-json\/wp\/v2\/product_tag?post=85622"}],"curies":[{"name":"wp","href":"https:\/\/api.w.org\/{rel}","templated":true}]}}