{"id":85710,"date":"2025-09-22T12:09:37","date_gmt":"2025-09-22T11:09:37","guid":{"rendered":"https:\/\/www.remap101.co.uk\/product\/vta1084-alientech-ecm-titanium-3-0-cours-en-ligne-sur-le-reglage-de-lessence-module-2-de-4\/"},"modified":"2026-03-16T13:38:07","modified_gmt":"2026-03-16T13:38:07","slug":"vta1084-alientech-ecm-titanium-3-0-cours-en-ligne-sur-le-reglage-de-lessence-module-2-de-4","status":"publish","type":"product","link":"https:\/\/www.remap101.co.uk\/fr\/produit\/vta1084-alientech-ecm-titanium-3-0-cours-en-ligne-sur-le-reglage-de-lessence-module-2-de-4\/","title":{"rendered":"VTA1084 : Alientech ECM Titanium 3.0 : Cours en ligne sur le r\u00e9glage de l&rsquo;essence &#8211; Module 2 de 4"},"content":{"rendered":"<h2 data-start=\"332\" data-end=\"394\">Alientech ECM Titanium 3.0 : Cours en ligne sur le r\u00e9glage de l&rsquo;essence &#8211; Module 2 de 4<\/h2>\n<p data-start=\"396\" data-end=\"767\">Ma\u00eetrisez l&rsquo;art du remappage du calculateur d&rsquo;essence &#8211; 100 % en ligne et con\u00e7u pour s&rsquo;adapter \u00e0 votre emploi du temps.<br data-start=\"485\" data-end=\"488\" \/>Cette formation se concentre sur le logiciel ECM Titanium 3.0 d&rsquo;Alientech et fournit une voie claire pour les d\u00e9butants comme pour les professionnels exp\u00e9riment\u00e9s. En commen\u00e7ant par les concepts fondamentaux, vous progresserez vers des comp\u00e9tences avanc\u00e9es qui peuvent \u00eatre appliqu\u00e9es directement \u00e0 des projets de tuning r\u00e9els.<\/p>\n<p data-start=\"774\" data-end=\"799\">\u2705 <strong data-start=\"776\" data-end=\"797\">Ce que vous apprendrez<\/strong><\/p>\n<ul data-start=\"879\" data-end=\"1195\">\n<li>Comprendre la strat\u00e9gie a\u00e9rienne<\/li>\n<li>Identification des valeurs de r\u00e9f\u00e9rence pour l&rsquo;\u00e9tape 1 de l&rsquo;optimisation des performances<\/li>\n<li>Comment la strat\u00e9gie de l&rsquo;air limite la pression du turbo<\/li>\n<li>Utiliser le couple maximal comme point de r\u00e9f\u00e9rence<\/li>\n<li>Introduction de mesures suppl\u00e9mentaires de la pression atmosph\u00e9rique<\/li>\n<li>\u00c0 quoi servent les cartes d&rsquo;avance \u00e0 l&rsquo;allumage minimale, de base et optimale ?<\/li>\n<li>Comment les cartes d&rsquo;avance \u00e0 l&rsquo;allumage permettent-elles de r\u00e9aliser un r\u00e9glage de performance de niveau 1 ?<\/li>\n<li>Comprendre la logique de l&rsquo;axe de pression ferroviaire<\/li>\n<li>L&rsquo;objectif de la coupure de carburant des cartes<\/li>\n<li>Comment la cartographie du VVT contribue au r\u00e9glage des performances de l&rsquo;\u00e9tape 1<\/li>\n<\/ul>\n<p data-start=\"854\" data-end=\"878\">\ud83d\udcd8 <strong data-start=\"857\" data-end=\"876\">Caract\u00e9ristiques du cours<\/strong><\/p>\n<ul data-start=\"879\" data-end=\"1195\">\n<li data-start=\"879\" data-end=\"949\">\n<p data-start=\"881\" data-end=\"949\">Des tutoriels vid\u00e9o \u00e9tape par \u00e9tape avec des documents de r\u00e9f\u00e9rence t\u00e9l\u00e9chargeables<\/p>\n<\/li>\n<li data-start=\"950\" data-end=\"1018\">\n<p data-start=\"952\" data-end=\"1018\">Une progression structur\u00e9e pour renforcer la confiance et les capacit\u00e9s pratiques<\/p>\n<\/li>\n<li data-start=\"1019\" data-end=\"1076\">\n<p data-start=\"1021\" data-end=\"1076\">Quiz interactif pour tester et renforcer vos connaissances<\/p>\n<\/li>\n<li data-start=\"1077\" data-end=\"1131\">\n<p data-start=\"1079\" data-end=\"1131\">Certificat d&rsquo;ach\u00e8vement inclus dans le cours<\/p>\n<\/li>\n<li data-start=\"1132\" data-end=\"1195\">\n<p data-start=\"1134\" data-end=\"1195\">Acc\u00e8s \u00e0 vie &#8211; \u00e9tudiez \u00e0 tout moment, n&rsquo;importe o\u00f9, \u00e0 votre propre rythme<\/p>\n<\/li>\n<\/ul>\n<p data-start=\"1202\" data-end=\"1225\">\ud83d\udc68\u200d\ud83d\udd27 <strong data-start=\"1208\" data-end=\"1223\">Parfait pour<\/strong><\/p>\n<ul data-start=\"1226\" data-end=\"1465\">\n<li data-start=\"1226\" data-end=\"1265\">\n<p data-start=\"1228\" data-end=\"1265\">Accordeurs de calculateurs pour l&rsquo;essence, nouveaux ou en devenir<\/p>\n<\/li>\n<li data-start=\"1266\" data-end=\"1324\">\n<p data-start=\"1268\" data-end=\"1324\">Professionnels des ateliers automobiles et remapeurs mobiles<\/p>\n<\/li>\n<li data-start=\"1325\" data-end=\"1393\">\n<p data-start=\"1327\" data-end=\"1393\">Utilisateurs existants d&rsquo;ECM Titanium souhaitant une formation structur\u00e9e sur l&rsquo;essence<\/p>\n<\/li>\n<li data-start=\"1394\" data-end=\"1465\">\n<p data-start=\"1396\" data-end=\"1465\">Toute personne souhaitant d\u00e9velopper son expertise dans le domaine de la mise au point des performances de l&rsquo;essence<\/p>\n<\/li>\n<\/ul>\n<p data-start=\"1472\" data-end=\"1563\"><strong data-start=\"1475\" data-end=\"1561\">\ud83c\udf93 Commencez d\u00e8s aujourd&rsquo;hui et acqu\u00e9rez les comp\u00e9tences n\u00e9cessaires pour r\u00e9gler les calculateurs d&rsquo;essence avec clart\u00e9 et confiance.<\/strong><\/p>\n<p data-start=\"1565\" data-end=\"1811\">Apprenez \u00e0 remapper les moteurs \u00e0 essence en utilisant Alientech ECM Titanium 3.0 dans ce cours en ligne d\u00e9taill\u00e9. Avec des le\u00e7ons guid\u00e9es, un quiz pratique et un certificat d&rsquo;ach\u00e8vement, vous d\u00e9velopperez des connaissances \u00e9tape par \u00e9tape, pr\u00eates \u00e0 \u00eatre appliqu\u00e9es dans le monde r\u00e9el.<\/p>\n","protected":false},"excerpt":{"rendered":"<p>Apprenez le remappage du calculateur d&rsquo;essence avec ECM Titanium 3.0. Formation en ligne avec des le\u00e7ons \u00e9tape par \u00e9tape, un acc\u00e8s \u00e0 vie et un certificat d&rsquo;ach\u00e8vement.<\/p>\n","protected":false},"featured_media":77352,"comment_status":"closed","ping_status":"closed","template":"","meta":{"_acf_changed":false},"product_brand":[19674,19679],"product_cat":[24518,24427,24508,24406,24643,24637,24658],"product_tag":[22939,22940,22941,22933,22931,22938,22929,22935,22936,22937],"class_list":{"0":"post-85710","1":"product","2":"type-product","3":"status-publish","4":"has-post-thumbnail","6":"product_brand-alientech","7":"product_brand-ecm-titanium","8":"product_cat-formation-a-la-mise-au-point-des-moteurs-a-essence","9":"product_cat-formation-ecm-titanium","10":"product_cat-formation-sur-le-reglage-de-la-marque","11":"product_cat-formation-a-la-mise-au-point-de-tous-les-vehicules","12":"product_cat-en-ligne","13":"product_cat-formation-sur-les-logiciels-de-reglage","14":"product_cat-alientech-fr","15":"product_tag-apprendre-le-reglage-de-lessence-avec-lecm","16":"product_tag-comment-regler-lessence-avec-lecm","17":"product_tag-cours-dessence-alientech","18":"product_tag-cours-de-formation-ecm-sur-le-gaz","19":"product_tag-cours-de-formation-ecm-titanium-gasoline","20":"product_tag-cours-en-ligne-sur-lecm","21":"product_tag-ecm-titanium-gasoline-tuning-fr","22":"product_tag-ecm-tuning-essence","23":"product_tag-ecm-tuning-petrol-fr","24":"product_tag-reglage-de-lecm-pour-lessence","26":"first","27":"instock","28":"taxable","29":"shipping-taxable","30":"purchasable","31":"product-type-simple"},"acf":[],"_links":{"self":[{"href":"https:\/\/www.remap101.co.uk\/fr\/wp-json\/wp\/v2\/product\/85710","targetHints":{"allow":["GET"]}}],"collection":[{"href":"https:\/\/www.remap101.co.uk\/fr\/wp-json\/wp\/v2\/product"}],"about":[{"href":"https:\/\/www.remap101.co.uk\/fr\/wp-json\/wp\/v2\/types\/product"}],"replies":[{"embeddable":true,"href":"https:\/\/www.remap101.co.uk\/fr\/wp-json\/wp\/v2\/comments?post=85710"}],"wp:featuredmedia":[{"embeddable":true,"href":"https:\/\/www.remap101.co.uk\/fr\/wp-json\/wp\/v2\/media\/77352"}],"wp:attachment":[{"href":"https:\/\/www.remap101.co.uk\/fr\/wp-json\/wp\/v2\/media?parent=85710"}],"wp:term":[{"taxonomy":"product_brand","embeddable":true,"href":"https:\/\/www.remap101.co.uk\/fr\/wp-json\/wp\/v2\/product_brand?post=85710"},{"taxonomy":"product_cat","embeddable":true,"href":"https:\/\/www.remap101.co.uk\/fr\/wp-json\/wp\/v2\/product_cat?post=85710"},{"taxonomy":"product_tag","embeddable":true,"href":"https:\/\/www.remap101.co.uk\/fr\/wp-json\/wp\/v2\/product_tag?post=85710"}],"curies":[{"name":"wp","href":"https:\/\/api.w.org\/{rel}","templated":true}]}}