{"id":109887,"date":"2026-02-12T10:42:28","date_gmt":"2026-02-12T10:42:28","guid":{"rendered":"https:\/\/www.remap101.co.uk\/?post_type=product&#038;p=109887"},"modified":"2026-02-13T12:00:37","modified_gmt":"2026-02-13T12:00:37","slug":"curso-de-treinamento-em-sala-de-aula-dimsport-race-evo-copy","status":"publish","type":"product","link":"https:\/\/www.remap101.co.uk\/pt-br\/produto\/curso-de-treinamento-em-sala-de-aula-dimsport-race-evo-copy\/","title":{"rendered":"Curso de treinamento em sala de aula Dimsport Race Evo (Copy)"},"content":{"rendered":"<h2>Cursos de treinamento em sala de aula Dimsport Race Evo &#8211; Diesel, gasolina e combinados<\/h2>\n<p>Domine a edi\u00e7\u00e3o profissional de arquivos e a recalibra\u00e7\u00e3o da ECU usando o software de ajuste &#8211; Cursos de treinamento em sala de aula Race Evo da Dimsport.<\/p>\n<p>O Race Evo da Dimsport (\u00e0s vezes ainda chamado de Race2000 em conte\u00fados mais antigos) continua sendo uma das plataformas de software de ajuste mais confi\u00e1veis e estruturadas do mercado. Criado com base em interfaces gr\u00e1ficas limpas e em uma biblioteca de ECUs compat\u00edveis, o Race Evo ajuda os sintonizadores a identificar, editar e personalizar rapidamente os principais mapas de calibra\u00e7\u00e3o, com uma base t\u00e9cnica s\u00f3lida e precis\u00e3o visual. <\/p>\n<p>Mas, como qualquer ferramenta s\u00e9ria, a forma como voc\u00ea a utiliza faz toda a diferen\u00e7a.<\/p>\n<p>Nossos cursos de treinamento em sala de aula Race Evo da Dimsport s\u00e3o ministrados em ingl\u00eas e projetados para dar suporte aos afinadores que trabalham com diesel, gasolina ou ambos os tipos de combust\u00edvel, quer voc\u00ea esteja apenas come\u00e7ando ou j\u00e1 esteja afinando com o Race Evo e queira ir al\u00e9m. Este \u00e9 um treinamento pr\u00e1tico, orientado por um tutor, projetado para ajudar voc\u00ea a fazer o ajuste com clareza, confian\u00e7a e total consci\u00eancia comercial. <\/p>\n<h2>N\u00edveis de cursos dispon\u00edveis<\/h2>\n<p>Cada n\u00edvel do curso de treinamento em sala de aula Dimsport Race Evo se baseia no anterior, garantindo que voc\u00ea desenvolva suas habilidades t\u00e9cnicas e comerciais em conjunto:<\/p>\n<h3>Cursos de treinamento Dimsport Race Evo para iniciantes<\/h3>\n<p>Ideal se voc\u00ea for iniciante no ajuste ou no Race Evo. Voc\u00ea aprender\u00e1: <\/p>\n<ul>\n<li>Como voc\u00ea pode usar a interface do software Race Evo com confian\u00e7a<\/li>\n<li>Estrutura do arquivo, reconhecimento da ECU e ajuste seguro do mapa<\/li>\n<li>L\u00f3gica de ajuste do est\u00e1gio 1 para ve\u00edculos a diesel ou a gasolina<\/li>\n<li>Como trabalhar com a estrutura de mapas guiados do Race Evo e usar os arquivos de suporte integrados<\/li>\n<\/ul>\n<h3>Curso de treinamento em sala de aula Dimsport Race Evo intermedi\u00e1rio<\/h3>\n<p>Perfeito se voc\u00ea j\u00e1 fez o ajuste usando o Race Evo e deseja melhorar o controle de arquivos. Voc\u00ea aprender\u00e1: <\/p>\n<ul>\n<li>Dimensionamento de mapas, alinhamento de eixos e edi\u00e7\u00e3o manual<\/li>\n<li>Ajuste de recursos como pops e bangs ou limitadores de pipoca<\/li>\n<li>Suporte para ve\u00edculos levemente modificados<\/li>\n<li>Solu\u00e7\u00e3o de problemas no mundo real e refinamento da l\u00f3gica em v\u00e1rias ECUs<\/li>\n<\/ul>\n<h3>Curso de treinamento avan\u00e7ado Dimsport Race Evo em sala de aula<\/h3>\n<p>Criado para usu\u00e1rios experientes que oferecem suporte a ve\u00edculos modificados ou estrat\u00e9gias personalizadas. Voc\u00ea aprender\u00e1: <\/p>\n<ul>\n<li>Edi\u00e7\u00e3o avan\u00e7ada de modelos de torque e fluxo de ar<\/li>\n<li>Dimensionamento do injetor, l\u00f3gica do turbo e suporte ao sistema de combust\u00edvel<\/li>\n<li>Reestrutura\u00e7\u00e3o da l\u00f3gica para ECUs complexas ou sem suporte<\/li>\n<li>Estrat\u00e9gias de ajuste comercial e manuseio de emiss\u00f5es off-road\/motorsport<\/li>\n<\/ul>\n<h2>Por que treinar com o Remap 101 no Dimsport Race Evo?<\/h2>\n<ul>\n<li>Tutores reais. Ajuste real. Aprenda com profissionais que criam arquivos todos os dias  <\/li>\n<li>Aprendizagem em sala de aula, em pequenos grupos, para um envolvimento e feedback reais<\/li>\n<li>Foco pr\u00e1tico: crie e teste arquivos durante o treinamento, n\u00e3o apenas a teoria<\/li>\n<li>Cursos dispon\u00edveis para diesel, gasolina e combinados<\/li>\n<li>Certificado emitido para cada n\u00edvel conclu\u00eddo<\/li>\n<li>Com o respaldo da VIEZU Technologies, uma autoridade global em remapeamento de ECU e educa\u00e7\u00e3o em tuning<\/li>\n<\/ul>\n<h2>Como se inscrever em nosso curso de treinamento em sala de aula Dimsport Race Evo:<\/h2>\n<h3>Escolha o tipo de combust\u00edvel que voc\u00ea deseja usar:<\/h3>\n<ul>\n<li>Diesel<\/li>\n<li>Gasolina<\/li>\n<li>Combina\u00e7\u00e3o de diesel e gasolina<\/li>\n<\/ul>\n<h3>Escolha seu n\u00edvel:<\/h3>\n<ul>\n<li>Iniciante<\/li>\n<li>Intermedi\u00e1rio<\/li>\n<li>Avan\u00e7ado<\/li>\n<\/ul>\n<h3>Escolha sua data:<\/h3>\n<p>Encontre os pr\u00f3ximos  <a href=\"https:\/\/www.remap101.co.uk\/pt-br\/event-software\/corrida-evo\/\">Cursos Dimsport Race Evo<\/a><\/p>\n<p>Reserve on-line nosso curso de treinamento em sala de aula Dimsport Race Evo ou entre em contato conosco para conversarmos sobre o curso ideal para voc\u00ea<\/p>\n<h2>N\u00e3o tem certeza de qual curso de treinamento em Tuning \u00e9 o ideal para voc\u00ea?<\/h2>\n<p>N\u00e3o se preocupe &#8211; j\u00e1 ajudamos milhares de afinadores a come\u00e7ar e sabemos como \u00e9 f\u00e1cil superestimar ou subestimar o ponto em que voc\u00ea realmente se encontra. Basta entrar em contato e n\u00f3s ajudaremos voc\u00ea a descobrir o melhor ponto de partida para seus objetivos e n\u00edvel de experi\u00eancia. <\/p>\n<p><strong>Telefone:<\/strong> <a href=\"tel:+44%20(0)1789%20774444\">+44 (0)1789 774444<\/a><\/p>\n<p><strong>E-mail:<\/strong> <a href=\"mailto:info@viezu.com\">info@viezu.com<\/a><\/p>\n","protected":false},"excerpt":{"rendered":"<p>Crie arquivos de gasolina de alto desempenho usando o Dimsport Race Evo. Comece seu curso de treinamento em sala de aula do Dimsport Race Evo hoje mesmo! <\/p>\n","protected":false},"featured_media":109953,"comment_status":"closed","ping_status":"closed","template":"","meta":{"_acf_changed":false},"product_brand":[21155],"product_cat":[24581,24432,24588,24586,24591,24592,24589,24421,24587,24584],"product_tag":[22990,22991],"class_list":{"0":"post-109887","1":"product","2":"type-product","3":"status-publish","4":"has-post-thumbnail","6":"product_brand-dimsport","7":"product_cat-cursos-de-treinamento-em-tuning-no-reino-unido","8":"product_cat-cursos-presenciais-de-treinamento-em-tuning","9":"product_cat-treinamento-de-ajuste-de-barcos","10":"product_cat-treinamento-de-ajuste-de-carros","11":"product_cat-treinamento-de-ajuste-de-diesel","12":"product_cat-treinamento-de-ajuste-de-gasolina","13":"product_cat-treinamento-de-ajuste-de-motocicletas","14":"product_cat-treinamento-de-ajuste-de-todos-os-veiculos","15":"product_cat-treinamento-de-ajuste-de-trator","16":"product_cat-treinamento-de-ajuste-para-iniciantes","17":"product_tag-dimsport-race-evo-pt-br","18":"product_tag-sala-de-aula-dimsport-race-evo-pt-br","19":"product_shipping_class-nao-e-necessario-envio-pt-br","21":"first","22":"instock","23":"purchasable","24":"product-type-variable","25":"has-default-attributes"},"acf":[],"_links":{"self":[{"href":"https:\/\/www.remap101.co.uk\/pt-br\/wp-json\/wp\/v2\/product\/109887","targetHints":{"allow":["GET"]}}],"collection":[{"href":"https:\/\/www.remap101.co.uk\/pt-br\/wp-json\/wp\/v2\/product"}],"about":[{"href":"https:\/\/www.remap101.co.uk\/pt-br\/wp-json\/wp\/v2\/types\/product"}],"replies":[{"embeddable":true,"href":"https:\/\/www.remap101.co.uk\/pt-br\/wp-json\/wp\/v2\/comments?post=109887"}],"wp:featuredmedia":[{"embeddable":true,"href":"https:\/\/www.remap101.co.uk\/pt-br\/wp-json\/wp\/v2\/media\/109953"}],"wp:attachment":[{"href":"https:\/\/www.remap101.co.uk\/pt-br\/wp-json\/wp\/v2\/media?parent=109887"}],"wp:term":[{"taxonomy":"product_brand","embeddable":true,"href":"https:\/\/www.remap101.co.uk\/pt-br\/wp-json\/wp\/v2\/product_brand?post=109887"},{"taxonomy":"product_cat","embeddable":true,"href":"https:\/\/www.remap101.co.uk\/pt-br\/wp-json\/wp\/v2\/product_cat?post=109887"},{"taxonomy":"product_tag","embeddable":true,"href":"https:\/\/www.remap101.co.uk\/pt-br\/wp-json\/wp\/v2\/product_tag?post=109887"}],"curies":[{"name":"wp","href":"https:\/\/api.w.org\/{rel}","templated":true}]}}