{"id":110184,"date":"2026-03-06T15:53:38","date_gmt":"2026-03-06T15:53:38","guid":{"rendered":"https:\/\/www.remap101.co.uk\/?post_type=product&#038;p=110184"},"modified":"2026-03-31T10:31:54","modified_gmt":"2026-03-31T09:31:54","slug":"vta1041-solucoes-bosch-edc17-dpf-com-evc-winols-copy","status":"publish","type":"product","link":"https:\/\/www.remap101.co.uk\/pt-br\/produto\/vta1041-solucoes-bosch-edc17-dpf-com-evc-winols-copy\/","title":{"rendered":"VTA1089: Pops e Bangs usando o EVC WinOLS"},"content":{"rendered":"<h2>Ajuste avan\u00e7ado para obter pops, bangs, burbles e outros efeitos, usando o EVC WinOLS5<\/h2>\n<p>Solu\u00e7\u00f5es avan\u00e7adas de pops e bangs com o software EVC WinOLS5. Este \u00e9 um curso de treinamento on-line exclusivo, e seu instrutor especializado \u00e9 o diretor t\u00e9cnico e diretor administrativo da VIEZU, Simon White. <\/p>\n<p><strong>** Ao adquirir este curso de treinamento por \u00a3199+IVA, voc\u00ea obt\u00e9m acesso ao Super Mappacks no valor de \u00a3400! **<\/strong><\/p>\n<p>Este \u00e9 um pacote de valor fant\u00e1stico &#8211; um curso avan\u00e7ado de treinamento especializado, com um conjunto abrangente de Super Map Packs para download, para que voc\u00ea tenha um pacote de trabalho completo por apenas \u00a3199 + IVA.<\/p>\n<h2 data-start=\"1018\" data-end=\"1040\"><\/h2>\n<h2 data-start=\"1018\" data-end=\"1040\">Vis\u00e3o geral do curso<\/h2>\n<p data-start=\"1042\" data-end=\"1744\">Este curso on-line intensivo desmistifica o ajuste de pops e bangs, concentrando-se em dois motores a gasolina populares: o MED 9.1.2 do Audi TTRS e o MG1CS024 do BMW X3M. Trabalhando no WinOLS, voc\u00ea aprender\u00e1 a localizar e analisar os mapas principais que controlam o corte de combust\u00edvel, a l\u00f3gica do modo de acionamento e o tempo de igni\u00e7\u00e3o. Voc\u00ea ver\u00e1 como personalizar o atraso de over-run para manter o fluxo de combust\u00edvel para um crepitar controlado e como ajustar os mapas de igni\u00e7\u00e3o b\u00e1sico, \u00f3timo e m\u00ednimo para que a combust\u00e3o se desloque com seguran\u00e7a para o escapamento. O curso tamb\u00e9m apresenta os limitadores de dura\u00e7\u00e3o do som e de temperatura do catalisador espec\u00edficos do MG1, dando a voc\u00ea as ferramentas para criar uma ac\u00fastica esportiva de sobrealimenta\u00e7\u00e3o sem comprometer a confiabilidade ou a conformidade com as emiss\u00f5es.   <\/p>\n<h4 data-start=\"1746\" data-end=\"1770\">O que voc\u00ea aprender\u00e1<\/h4>\n<ul data-start=\"1772\" data-end=\"3169\">\n<li data-section-id=\"7012dd\" data-start=\"1772\" data-end=\"1997\">\n<p data-start=\"1774\" data-end=\"1997\"><strong data-start=\"1774\" data-end=\"1809\">Identifica\u00e7\u00e3o e an\u00e1lise de mapas<\/strong> &#8211; Use as fun\u00e7\u00f5es de mapeamento e pesquisa no WinOLS para encontrar tabelas de atraso de corte de combust\u00edvel, mapas de sincroniza\u00e7\u00e3o de igni\u00e7\u00e3o (base, ideal e m\u00ednimo) e mapas de ajuste de som MG1CS024.<\/p>\n<\/li>\n<li data-section-id=\"1ovx0k6\" data-start=\"1998\" data-end=\"2242\">\n<p data-start=\"2000\" data-end=\"2242\"><strong data-start=\"2000\" data-end=\"2037\">Amplia\u00e7\u00e3o do atraso do corte de combust\u00edvel em excesso<\/strong> &#8211; Modifique os tempos de atraso no MED 9.1.2 para manter os injetores ativos durante a desacelera\u00e7\u00e3o e gerar estalos, e aplique ajustes semelhantes aos mapas de atraso do modo de acionamento MG1CS024 para ativar os pops somente no modo esportivo.<\/p>\n<\/li>\n<li data-section-id=\"1h433cs\" data-start=\"2243\" data-end=\"2442\">\n<p data-start=\"2245\" data-end=\"2442\"><strong data-start=\"2245\" data-end=\"2281\">Zonas de ativa\u00e7\u00e3o e modos de condu\u00e7\u00e3o<\/strong> &#8211; Defina janelas espec\u00edficas de RPM\/carga para estalos e estrondos e aproveite os mapas de comuta\u00e7\u00e3o do modo de condu\u00e7\u00e3o para ativar ou desativar o ajuste do som, dependendo da sele\u00e7\u00e3o do motorista.<\/p>\n<\/li>\n<li data-section-id=\"1sapvx7\" data-start=\"2443\" data-end=\"2642\">\n<p data-start=\"2445\" data-end=\"2642\"><strong data-start=\"2445\" data-end=\"2475\">Estrat\u00e9gias de tempo de igni\u00e7\u00e3o<\/strong> &#8211; Retarde o tempo de forma consistente nos mapas b\u00e1sico, \u00f3timo e m\u00ednimo em 10 a 30 graus para transferir a combust\u00e3o para o escapamento e controlar o volume e a frequ\u00eancia dos estouros.<\/p>\n<\/li>\n<li data-section-id=\"1jzaiqb\" data-start=\"2643\" data-end=\"2959\">\n<p data-start=\"2645\" data-end=\"2959\"><strong data-start=\"2645\" data-end=\"2691\">Seguran\u00e7a e prote\u00e7\u00e3o da temperatura do catalisador<\/strong> &#8211; Entenda a fun\u00e7\u00e3o dos limitadores de temperatura do catalisador no MG1CS024 e saiba por que esses limites devem permanecer inalterados. Voc\u00ea tamb\u00e9m explorar\u00e1 como manter o efeito confinado a faixas seguras de RPM para evitar sobrecarregar o turbocompressor, as v\u00e1lvulas de escape e os catalisadores. <\/p>\n<\/li>\n<li data-section-id=\"1t3364o\" data-start=\"2960\" data-end=\"3169\">\n<p data-start=\"2962\" data-end=\"3169\"><strong data-start=\"2962\" data-end=\"2994\">Fluxo de trabalho pr\u00e1tico no WinOLS<\/strong> &#8211; Acompanhe as demonstra\u00e7\u00f5es gravadas na tela para cada etapa, desde o carregamento de arquivos originais e a compara\u00e7\u00e3o de linhas de base at\u00e9 o salvamento de projetos modificados e a verifica\u00e7\u00e3o das altera\u00e7\u00f5es.<\/p>\n<\/li>\n<\/ul>\n<h4 data-start=\"3171\" data-end=\"3193\">Caracter\u00edsticas do curso<\/h4>\n<ul data-start=\"3195\" data-end=\"3778\">\n<li data-section-id=\"14n9ezt\" data-start=\"3195\" data-end=\"3305\">\n<p data-start=\"3197\" data-end=\"3305\"><strong data-start=\"3197\" data-end=\"3229\">Tutoriais em v\u00eddeo passo a passo<\/strong> com narra\u00e7\u00e3o clara e destaques na tela mostrando como editar cada mapa.<\/p>\n<\/li>\n<li data-section-id=\"v9bvqv\" data-start=\"3306\" data-end=\"3451\">\n<p data-start=\"3308\" data-end=\"3451\"><strong data-start=\"3308\" data-end=\"3334\">Progress\u00e3o estruturada<\/strong> em quatro li\u00e7\u00f5es, come\u00e7ando com a descoberta de mapas no MED 9.1.2 e culminando no trabalho avan\u00e7ado de igni\u00e7\u00e3o no MG1CS024.<\/p>\n<\/li>\n<li><strong>Os Super Mappacks <\/strong>est\u00e3o inclu\u00eddos nos materiais do curso para ambas as ECUs abordadas neste curso. Isso fornece a voc\u00ea dois supermapas completos para n\u00e3o apenas acompanhar este curso de treinamento, mas tamb\u00e9m para explorar e compreender as estrat\u00e9gias mais profundas e as estruturas de mapas nessas ECUs. <\/li>\n<li data-section-id=\"gg8bnx\" data-start=\"3452\" data-end=\"3554\">\n<p data-start=\"3454\" data-end=\"3554\"><strong data-start=\"3454\" data-end=\"3474\">Question\u00e1rio interativo<\/strong> no final do curso para refor\u00e7ar os principais conceitos e testar sua compreens\u00e3o.<\/p>\n<\/li>\n<li data-section-id=\"1roafd0\" data-start=\"3555\" data-end=\"3648\">\n<p data-start=\"3557\" data-end=\"3648\"><strong data-start=\"3557\" data-end=\"3586\">Certificado de conclus\u00e3o<\/strong> para validar suas habilidades de ajuste de pops-and-bangs rec\u00e9m-adquiridas.<\/p>\n<\/li>\n<li data-section-id=\"72jxye\" data-start=\"3649\" data-end=\"3778\">\n<p data-start=\"3651\" data-end=\"3778\"><strong data-start=\"3651\" data-end=\"3670\">Acesso vital\u00edcio<\/strong> &#8211; estude no seu pr\u00f3prio ritmo, reveja as demonstra\u00e7\u00f5es sempre que necess\u00e1rio e guarde o curso para refer\u00eancia futura.<\/p>\n<\/li>\n<\/ul>\n<h4 data-start=\"3780\" data-end=\"3798\">Perfeito para<\/h4>\n<ul data-start=\"3800\" data-end=\"4248\">\n<li data-section-id=\"14rd4a5\" data-start=\"3800\" data-end=\"3882\">\n<p data-start=\"3802\" data-end=\"3882\">Usu\u00e1rios experientes do WinOLS que desejam adicionar o ajuste de pops-and-bangs \u00e0 sua caixa de ferramentas.<\/p>\n<\/li>\n<li data-section-id=\"zbw7ex\" data-start=\"3883\" data-end=\"3991\">\n<p data-start=\"3885\" data-end=\"3991\">Remanejadores profissionais de ECU e engenheiros de calibra\u00e7\u00e3o que buscam criar estrat\u00e9gias de som de ultrapassagem personalizadas.<\/p>\n<\/li>\n<li data-section-id=\"s7aabw\" data-start=\"3992\" data-end=\"4124\">\n<p data-start=\"3994\" data-end=\"4124\">Autores de arquivos que trabalham com unidades de controle de motores a gasolina modernos e que precisam de uma metodologia confi\u00e1vel para melodias seguras de estalos \/ ru\u00eddos \/ pop e bang.<\/p>\n<\/li>\n<li data-section-id=\"1005i0t\" data-start=\"4125\" data-end=\"4248\">\n<p data-start=\"4127\" data-end=\"4248\">Qualquer pessoa que queira elevar sua compreens\u00e3o do ajuste do tempo de igni\u00e7\u00e3o e da l\u00f3gica de ajuste de som al\u00e9m do n\u00edvel de iniciante.<\/p>\n<\/li>\n<\/ul>\n<p data-start=\"4250\" data-end=\"4393\" data-is-last-node=\"\" data-is-only-node=\"\">Comece hoje mesmo e ganhe confian\u00e7a para produzir estalos e batidas controladas que impressionam os clientes, preservando a integridade do motor e do catalisador.<\/p>\n<h2><\/h2>\n<h2><strong>Crescimento pessoal e oportunidades de neg\u00f3cios <\/strong><span style=\"font-size: 26px;\"><b><\/b><\/span><\/h2>\n<p>\u00c9 um prazer apoiar voc\u00ea em sua jornada de desenvolvimento de conhecimento e aprimoramento de habilidades. Nossos instrutores se dedicam a elevar os padr\u00f5es do setor de tuning e a criar um espa\u00e7o para que voc\u00ea aprenda e cres\u00e7a. Queremos que voc\u00ea aproveite ao m\u00e1ximo esta sess\u00e3o de treinamento on-line do EVC WinOLS Tuning. Por isso, sugerimos que voc\u00ea considere fazer nossos outros cursos e m\u00f3dulos de ajuste on-line.   <\/p>\n<p><strong>Mas espere, fica melhor&#8230;.<\/strong><\/p>\n<p>Cada sess\u00e3o de treinamento pode ser assistida v\u00e1rias vezes e o melhor do treinamento on-line \u00e9 que, se voc\u00ea n\u00e3o tiver entendido algo, poder\u00e1 assisti-lo v\u00e1rias vezes at\u00e9 domin\u00e1-lo. E voc\u00ea tamb\u00e9m pode pausar e reiniciar. Assim, voc\u00ea tem tempo para fazer anota\u00e7\u00f5es ou at\u00e9 mesmo praticar o que acabou de ver.  <\/p>\n<h3><\/h3>\n<h3><strong>Software de ajuste EVC WinOLS<\/strong><\/h3>\n<p>Voc\u00ea n\u00e3o precisa ter <a href=\"https:\/\/www.remap101.co.uk\/pt-br\/?post_type=product&#038;p=85673\">o software EVC WinOLS<\/a> para concluir esses cursos, mas n\u00e3o \u00e9 o ideal.<\/p>\n<p>Queremos que voc\u00ea tenha a melhor experi\u00eancia de treinamento; considere a possibilidade de adquirir o software para participar ativamente do treinamento e poder praticar o que aprendeu antes de avan\u00e7ar para outras sess\u00f5es. Se voc\u00ea ainda n\u00e3o tiver uma vers\u00e3o completa do software de ajuste EVC WinOLs, poder\u00e1 v\u00ea-la aqui na loja de ajuste Remap 101 <a href=\"https:\/\/www.remap101.co.uk\/pt-br\/categoria-produto\/ferramentas-e-software-de-ajuste-profissional\/\">Software de ajuste <\/a>  <\/p>\n<p>&nbsp;<\/p>\n<h3><strong>Ajustando arquivos  <\/strong><\/h3>\n<p>Enquanto voc\u00ea aprende e desenvolve suas t\u00e9cnicas de pops e bangs com o EVC WinOLS, talvez queira saber que a VIEZU tamb\u00e9m oferece arquivos e software de remapeamento prontos para uso e carregamento para a maioria dos ve\u00edculos. Se voc\u00ea precisar de um servi\u00e7o de arquivos de ajuste, que \u00e9 r\u00e1pido e funciona 7 dias por semana, envie um e-mail para a equipe de suporte em <a href=\"mailto:info@viezu.com\">info@viezu.com<\/a> <\/p>\n<p>&nbsp;<\/p>\n","protected":false},"excerpt":{"rendered":"<h2>Ajuste avan\u00e7ado para obter pops, bangs, burbles e outros efeitos, usando o EVC WinOLS5<\/h2>\n<p>Refine seus conhecimentos de ajuste com este curso especializado em pops-and-bangs para o EVC WinOLS. Em quatro li\u00e7\u00f5es avan\u00e7adas, voc\u00ea aprender\u00e1 a identificar, modificar e sincronizar os principais mapas que controlam o atraso no corte de combust\u00edvel e o tempo de igni\u00e7\u00e3o em duas plataformas: Bosch MED 9.1.2 (Audi TTRS) e Bosch MG1CS024 (BMW X3M). Por meio de tutoriais em v\u00eddeo passo a passo, voc\u00ea descobrir\u00e1 como ativar os estalos sob demanda usando os controles do modo de condu\u00e7\u00e3o, estender o atraso do corte de combust\u00edvel sem alterar os AFRs e aplicar um retardo de igni\u00e7\u00e3o consistente, respeitando os limites de temperatura do catalisador. Um question\u00e1rio e um certificado de conclus\u00e3o est\u00e3o inclu\u00eddos, e voc\u00ea pode estudar a qualquer momento com acesso vital\u00edcio.   <\/p>\n<p><strong>** Ao adquirir este curso de treinamento por \u00a3199+IVA, voc\u00ea recebe Super Mappacks para download no valor de \u00a3400! **  <\/strong><\/p>\n<p>Este curso inclui question\u00e1rios para testar seus conhecimentos, e voc\u00ea receber\u00e1 um certificado de conclus\u00e3o da VIEZU se for aprovado nos testes.<\/p>\n<p>O tutor que apresenta o curso usa o software EVC WinOLS h\u00e1 mais de 15 anos e j\u00e1 ministrou cursos de elabora\u00e7\u00e3o de mapas do Master Tuning e sess\u00f5es de treinamento em todo o mundo, inclusive no Reino Unido, nos EUA e na China. Al\u00e9m do Oriente M\u00e9dio, \u00c1frica do Sul e outros locais internacionais com grande sucesso. Agora voc\u00ea pode participar desses cursos de treinamento de ajuste e remapeamento conforme sua conveni\u00eancia. E em um ritmo que se adapte a voc\u00ea e em sua pr\u00f3pria casa ou oficina. Aprenda em primeira m\u00e3o com os especialistas e aumente e fortale\u00e7a suas habilidades de ajuste, desenvolvimento pessoal e conhecimento de remapeamento.    <\/p>\n<h2><\/h2>\n","protected":false},"featured_media":110194,"comment_status":"open","ping_status":"closed","template":"","meta":{"_acf_changed":false},"product_brand":[21146,19675],"product_cat":[24690,24736,24586,24592,24582,24421,24433,24735,24585,24583,24431],"product_tag":[24742,24741,24738,24737,15312,15313,24739,24740,22460],"class_list":{"0":"post-110184","1":"product","2":"type-product","3":"status-publish","4":"has-post-thumbnail","6":"product_brand-evc","7":"product_brand-winols","8":"product_cat-cursos-de-treinamento-on-line-sobre-tuning","9":"product_cat-treinamento-avancado-em-tuning","10":"product_cat-treinamento-de-ajuste-de-carros","11":"product_cat-treinamento-de-ajuste-de-gasolina","12":"product_cat-treinamento-de-ajuste-de-marca","13":"product_cat-treinamento-de-ajuste-de-todos-os-veiculos","14":"product_cat-treinamento-de-ajuste-eletronico-evc","15":"product_cat-treinamento-de-ajuste-intermediario","16":"product_cat-treinamento-de-ajuste-por-tipo-de-veiculo","17":"product_cat-treinamento-em-tuning-por-nivel","18":"product_cat-treinamento-evc-winols-pt-br-3","19":"product_tag-ajuste-de-som","20":"product_tag-crepitacoes","21":"product_tag-estalos","22":"product_tag-estampas-e-franjas","23":"product_tag-evc-pt-br","24":"product_tag-evc-winols-pt-br","25":"product_tag-franja","26":"product_tag-turvacao","27":"product_tag-winols5-pt-br","29":"first","30":"instock","31":"taxable","32":"shipping-taxable","33":"purchasable","34":"product-type-simple"},"acf":[],"_links":{"self":[{"href":"https:\/\/www.remap101.co.uk\/pt-br\/wp-json\/wp\/v2\/product\/110184","targetHints":{"allow":["GET"]}}],"collection":[{"href":"https:\/\/www.remap101.co.uk\/pt-br\/wp-json\/wp\/v2\/product"}],"about":[{"href":"https:\/\/www.remap101.co.uk\/pt-br\/wp-json\/wp\/v2\/types\/product"}],"replies":[{"embeddable":true,"href":"https:\/\/www.remap101.co.uk\/pt-br\/wp-json\/wp\/v2\/comments?post=110184"}],"wp:featuredmedia":[{"embeddable":true,"href":"https:\/\/www.remap101.co.uk\/pt-br\/wp-json\/wp\/v2\/media\/110194"}],"wp:attachment":[{"href":"https:\/\/www.remap101.co.uk\/pt-br\/wp-json\/wp\/v2\/media?parent=110184"}],"wp:term":[{"taxonomy":"product_brand","embeddable":true,"href":"https:\/\/www.remap101.co.uk\/pt-br\/wp-json\/wp\/v2\/product_brand?post=110184"},{"taxonomy":"product_cat","embeddable":true,"href":"https:\/\/www.remap101.co.uk\/pt-br\/wp-json\/wp\/v2\/product_cat?post=110184"},{"taxonomy":"product_tag","embeddable":true,"href":"https:\/\/www.remap101.co.uk\/pt-br\/wp-json\/wp\/v2\/product_tag?post=110184"}],"curies":[{"name":"wp","href":"https:\/\/api.w.org\/{rel}","templated":true}]}}