{"id":51033,"date":"2021-09-30T14:46:38","date_gmt":"2021-09-30T13:46:38","guid":{"rendered":"https:\/\/www.remap101.co.uk\/product\/versao-de-credito-do-software-alientech-ecm-titanium-3-0\/"},"modified":"2026-01-28T09:17:55","modified_gmt":"2026-01-28T09:17:55","slug":"alientech-ecm-titanium-software-credit-version","status":"publish","type":"product","link":"https:\/\/www.remap101.co.uk\/pt-br\/produto\/alientech-ecm-titanium-software-credit-version\/","title":{"rendered":"Vers\u00e3o de cr\u00e9dito do software Alientech ECM Titanium 3.0"},"content":{"rendered":"<p>Vers\u00e3o de cr\u00e9dito do software Alientech ECM Titanium. Uma vers\u00e3o de cr\u00e9dito genu\u00edna do software de remapeamento de ECU Alientech ECM Titanium 3.0. O ECM Credit costuma ser o primeiro software com o qual os afinadores come\u00e7am. Ele \u00e9 agrad\u00e1vel e f\u00e1cil de usar, mas, por ser a vers\u00e3o de cr\u00e9dito, tamb\u00e9m \u00e9 muito mais barato. Portanto, \u00e9 um software inicial muito bom.    <\/p>\n<h2>Software Alientech ECM Titanium 3.0 &#8211; Cr\u00e9dito<\/h2>\n<h3>Qual \u00e9 a diferen\u00e7a entre o software ECM completo e a vers\u00e3o de cr\u00e9dito do software Alientech ECM Titanium 3.0?<\/h3>\n<p data-start=\"395\" data-end=\"685\">A principal diferen\u00e7a est\u00e1 na forma como voc\u00ea acessa os recursos de ajuste. A vers\u00e3o de cr\u00e9dito do ECM Titanium \u00e9 um software de ajuste de ECU pago conforme voc\u00ea usa, ideal para iniciantes ou ajustadores que n\u00e3o fazem ajustes com frequ\u00eancia. Ele tem um custo inicial mais baixo, mas voc\u00ea precisar\u00e1 comprar drivers e pacotes de mapas \u00e0 medida que avan\u00e7a.  <\/p>\n<p data-start=\"687\" data-end=\"882\">Por outro lado, a vers\u00e3o completa do ECM Titanium vem totalmente carregada com todos os drivers e pacotes de mapas inclu\u00eddos, permitindo que voc\u00ea ajuste um n\u00famero ilimitado de ve\u00edculos sem custos adicionais ap\u00f3s a ativa\u00e7\u00e3o.<\/p>\n<p data-start=\"884\" data-end=\"1082\">Voc\u00ea <strong data-start=\"887\" data-end=\"932\">est\u00e1 apenas come\u00e7ando ou faz ajustes ocasionais?<\/strong> A vers\u00e3o de cr\u00e9dito pode ser o ponto de partida perfeito.<br data-start=\"985\" data-end=\"988\">\ud83d\udc49 <strong data-start=\"991\" data-end=\"1030\">Voc\u00ea faz ajustes regularmente ou profissionalmente?<\/strong> Voc\u00ea pode optar pela vers\u00e3o completa ou promocional para obter o valor m\u00e1ximo.<\/p>\n<div id=\"attachment_36117\" style=\"width: 310px\" class=\"wp-caption aligncenter\"><img decoding=\"async\" aria-describedby=\"caption-attachment-36117\" class=\"wp-image-6027 size-medium\" src=\"https:\/\/www.remap101.co.uk\/wp-content\/uploads\/2021\/09\/alientech-ecm-software.jpg\" alt=\"Software Alientech ECM Titanium - Cr\u00e9dito\" width=\"300\" height=\"225\"><p id=\"caption-attachment-36117\" class=\"wp-caption-text\">Alientech ECM Software Dongle<\/p><\/div>\n<h2>Suporte ao treinamento<\/h2>\n<p>A academia de treinamento mant\u00e9m todas as vers\u00f5es do software ECM em estoque. Voc\u00ea pode participar de sess\u00f5es de treinamento e demonstra\u00e7\u00e3o. Se voc\u00ea precisar de ajuda para escolher o software certo, entre em contato conosco. A equipe de suporte t\u00e9cnico ter\u00e1 prazer em ajudar voc\u00ea com suas d\u00favidas   <\/p>\n<p>O software de ajuste ECM Titanium \u00e9 muito f\u00e1cil de usar e aprender. E a academia de treinamento tem uma gama completa de cursos de treinamento de ECM da Alientech. Abrangendo o ajuste de motores a gasolina e a diesel. E todos os aspectos do uso do software para ajuste e remapeamento da ECU. Incluindo ajuste de caixa de c\u00e2mbio, clonagem e servi\u00e7os de ajuste de desempenho e economia de combust\u00edvel.    <\/p>\n<h2>Por que escolher a Academia T\u00e9cnica VIEZU?<\/h2>\n<p><span style=\"font-size: 16px;\">A VIEZU Technical Academy a est\u00e1 \u00e0 disposi\u00e7\u00e3o para ajudar voc\u00ea com todos os treinamentos de ajuste de carro e remapeamento de ecu, ferramentas de ajuste e requisitos de software.<\/span><\/p>\n<p>Confira nossas <a href=\"https:\/\/www.remap101.co.uk\/pt-br\/?post_type=sfwd-courses&#038;p=41835\">sess\u00f5es gratuitas de treinamento introdut\u00f3rio em ECM<\/a>, v\u00eddeos on-line de apresenta\u00e7\u00e3o e tour &#8211; estamos aqui para ajudar.<\/p>\n<p>E veja a lista completa de cursos de treinamento da Alientech, tanto em sala de aula quanto on-line, aqui: <a href=\"https:\/\/www.remap101.co.uk\/alientech-training\/learn-ecm-titanum\/\">Treinamento VIEZU ECM<\/a><\/p>\n<div>\n<div>\n<h2>Participe de nossa comunidade | <a href=\"https:\/\/www.facebook.com\/groups\/guildoftuners\" target=\"_blank\" rel=\"noopener\">Guild of Tuners<\/a><\/h2>\n<\/div>\n<ul>\n<li>Webinars gratuitos incr\u00edveis!<\/li>\n<li>Tecnologia de ponta em tuning<\/li>\n<li>Not\u00edcias frescas da Tool &amp; Software Wizards<\/li>\n<\/ul>\n<\/div>\n<p>&nbsp;<\/p>\n","protected":false},"excerpt":{"rendered":"<p>Vers\u00e3o de cr\u00e9dito do software Alientech ECM Titanium. Uma vers\u00e3o de cr\u00e9dito genu\u00edna do software de remapeamento de ecu Alientech ECM Titanium 3.0. O ECM Credit costuma ser o primeiro software com o qual os afinadores come\u00e7am. Ele \u00e9 agrad\u00e1vel e f\u00e1cil de usar, mas, por ser a vers\u00e3o de cr\u00e9dito, tamb\u00e9m \u00e9 muito mais barato. Portanto, \u00e9 um software inicial muito bom.     <span style=\"font-family: var(--global-body-font-family); font-size: 16px;\">Veja mais abaixo.<\/span><\/p>\n","protected":false},"featured_media":54606,"comment_status":"open","ping_status":"closed","template":"","meta":{"_acf_changed":false},"product_brand":[],"product_cat":[15056,22111,15052,24626],"product_tag":[15251,23159,23163,23161],"class_list":{"0":"post-51033","1":"product","2":"type-product","3":"status-publish","4":"has-post-thumbnail","6":"product_cat-alientech-pt-br-2","7":"product_cat-ecm-titanium-pt-br-2","8":"product_cat-ferramentas-e-software-de-ajuste-profissional","9":"product_cat-loja","10":"product_tag-alientech-ecm-titanium-software-pt-br","11":"product_tag-versao-de-credito-pt-br","12":"product_tag-versao-de-credito-do-software-alientech-ecm-titanium-3-0","13":"product_tag-versao-de-credito-ecm-pt-br","15":"first","16":"instock","17":"taxable","18":"shipping-taxable","19":"purchasable","20":"product-type-simple"},"acf":[],"_links":{"self":[{"href":"https:\/\/www.remap101.co.uk\/pt-br\/wp-json\/wp\/v2\/product\/51033","targetHints":{"allow":["GET"]}}],"collection":[{"href":"https:\/\/www.remap101.co.uk\/pt-br\/wp-json\/wp\/v2\/product"}],"about":[{"href":"https:\/\/www.remap101.co.uk\/pt-br\/wp-json\/wp\/v2\/types\/product"}],"replies":[{"embeddable":true,"href":"https:\/\/www.remap101.co.uk\/pt-br\/wp-json\/wp\/v2\/comments?post=51033"}],"wp:featuredmedia":[{"embeddable":true,"href":"https:\/\/www.remap101.co.uk\/pt-br\/wp-json\/wp\/v2\/media\/54606"}],"wp:attachment":[{"href":"https:\/\/www.remap101.co.uk\/pt-br\/wp-json\/wp\/v2\/media?parent=51033"}],"wp:term":[{"taxonomy":"product_brand","embeddable":true,"href":"https:\/\/www.remap101.co.uk\/pt-br\/wp-json\/wp\/v2\/product_brand?post=51033"},{"taxonomy":"product_cat","embeddable":true,"href":"https:\/\/www.remap101.co.uk\/pt-br\/wp-json\/wp\/v2\/product_cat?post=51033"},{"taxonomy":"product_tag","embeddable":true,"href":"https:\/\/www.remap101.co.uk\/pt-br\/wp-json\/wp\/v2\/product_tag?post=51033"}],"curies":[{"name":"wp","href":"https:\/\/api.w.org\/{rel}","templated":true}]}}