{"id":51059,"date":"2022-01-06T15:07:08","date_gmt":"2022-01-06T15:07:08","guid":{"rendered":"https:\/\/www.remap101.co.uk\/product\/modulo-de-ajuste-de-gasolina-de-titanio-ecm-4-de-6\/"},"modified":"2026-01-07T12:27:38","modified_gmt":"2026-01-07T12:27:38","slug":"ecm-titanium-gasoline-tuning-module-4-of-6","status":"publish","type":"product","link":"https:\/\/www.remap101.co.uk\/pt-br\/produto\/ecm-titanium-gasoline-tuning-module-4-of-6\/","title":{"rendered":"VTA1026: M\u00f3dulo de treinamento ECM Titanium Gasolina 4 de 6"},"content":{"rendered":"<h2>ECM Tit\u00e2nio Gasolina | Treinamento Online de Gasolina M\u00f3dulo 4 de 6<\/h2>\n<p>ECM Tit\u00e2nio Gasolina | Treinamento em gasolina Curso de treinamento on-line o que \u00e9 abordado:<\/p>\n<ul>\n<li>Saiba mais sobre o Lambda no contexto do remapeamento da ECU e como fazer altera\u00e7\u00f5es\n<ul>\n<li>O que \u00e9 e, como, fazer altera\u00e7\u00f5es no Wastegate\n<ul>\n<li>Saiba por que e como a v\u00e1lvula de descarga precisa ser alterada<\/li>\n<\/ul>\n<\/li>\n<li>Como ajustar os mapas Spark em um motor turbo a gasolina\n<ul>\n<li>E assim, explore os mapas do Spark, aprenda como modific\u00e1-los corretamente<\/li>\n<\/ul>\n<\/li>\n<li>Levando a subestimar os mapas dispon\u00edveis para modifica\u00e7\u00e3o em ve\u00edculos a gasolina \/ gasolina. Aprender a l\u00f3gica e a estrat\u00e9gia em torno do motivo pelo qual os modificar\u00edamos <\/li>\n<\/ul>\n<\/li>\n<\/ul>\n<p>Este m\u00f3dulo de treinamento on-line do ECM Titanium Gasolina \u00e9 a quarta sess\u00e3o de uma s\u00e9rie de 6 sess\u00f5es de treinamento on-line de ajuste do ECM Titanium Gasolina da Alientech. Por isso, \u00e9 recomend\u00e1vel que esses cursos sejam realizados em ordem consecutiva para que voc\u00ea se beneficie ao m\u00e1ximo da ampla transfer\u00eancia de conhecimento. <\/p>\n<p>O Trainer, por defini\u00e7\u00e3o, baseia-se no conhecimento que voc\u00ea tem de um m\u00f3dulo para o outro. Por isso, os exerc\u00edcios pr\u00e1ticos que voc\u00ea realizar\u00e1 no curso anterior o conduzir\u00e3o pelas etapas fundamentais para se tornar um afinador competente. Portanto, mesmo que voc\u00ea j\u00e1 esteja usando o software Alientech ECM Titanium, comece com a li\u00e7\u00e3o introdut\u00f3ria. Isso garantir\u00e1 que voc\u00ea possa seguir confortavelmente a l\u00f3gica e a estrutura das li\u00e7\u00f5es, passo a passo.   <\/p>\n<h3><strong>Software de ajuste de ECM da Alientech  <\/strong><\/h3>\n<p>Em teoria, voc\u00ea n\u00e3o precisa ter comprado o software de ajuste de ECM da Alientech para fazer este curso de treinamento. Entretanto, para obter a melhor experi\u00eancia de aprendizado e garantir que voc\u00ea obtenha o melhor impacto dos cursos de treinamento Remap 101. Realmente recomendamos que voc\u00ea fa\u00e7a o treinamento com o software em m\u00e3os.  <\/p>\n<p>Se voc\u00ea tiver o software ECM, isso significa que poder\u00e1 acompanhar ativamente o treinamento. Portanto, voc\u00ea poder\u00e1 participar dos exerc\u00edcios durante e ap\u00f3s o treinamento. Sabemos que voc\u00ea aproveitar\u00e1 muito mais o treinamento se fizer o curso com o software. Por isso, voc\u00ea deve gostar de saber que a Remap 101 tem em estoque, fornece e treina praticamente todas as ferramentas e softwares de ajuste. Voc\u00ea pode ver a loja de ferramentas e softwares de ajuste aqui: <a href=\"https:\/\/www.remap101.co.uk\/pt-br\/categoria-produto\/ferramentas-e-software-de-ajuste-profissional\/\">Loja<\/a>    <\/p>\n","protected":false},"excerpt":{"rendered":"<h2>ECM Titanium Gasolina \/ Gasolina Tuning M\u00f3dulo de Treinamento Online 4 de 6<\/h2>\n","protected":false},"featured_media":56738,"comment_status":"open","ping_status":"closed","template":"","meta":{"_acf_changed":false},"product_brand":[19674,19679],"product_cat":[24690,24592,24582,24421,24425,14858],"product_tag":[15269,15271,15273,15274],"class_list":{"0":"post-51059","1":"product","2":"type-product","3":"status-publish","4":"has-post-thumbnail","6":"product_brand-alientech","7":"product_brand-ecm-titanium","8":"product_cat-cursos-de-treinamento-on-line-sobre-tuning","9":"product_cat-treinamento-de-ajuste-de-gasolina","10":"product_cat-treinamento-de-ajuste-de-marca","11":"product_cat-treinamento-de-ajuste-de-todos-os-veiculos","12":"product_cat-treinamento-em-ecm-titanium-pt-br","13":"product_cat-alientech-pt-br","14":"product_tag-ecm-pt-br","15":"product_tag-ecm-titanium-pt-br","16":"product_tag-gasolina","17":"product_tag-gasolina-pt-br","19":"first","20":"instock","21":"taxable","22":"shipping-taxable","23":"purchasable","24":"product-type-simple"},"acf":[],"_links":{"self":[{"href":"https:\/\/www.remap101.co.uk\/pt-br\/wp-json\/wp\/v2\/product\/51059","targetHints":{"allow":["GET"]}}],"collection":[{"href":"https:\/\/www.remap101.co.uk\/pt-br\/wp-json\/wp\/v2\/product"}],"about":[{"href":"https:\/\/www.remap101.co.uk\/pt-br\/wp-json\/wp\/v2\/types\/product"}],"replies":[{"embeddable":true,"href":"https:\/\/www.remap101.co.uk\/pt-br\/wp-json\/wp\/v2\/comments?post=51059"}],"wp:featuredmedia":[{"embeddable":true,"href":"https:\/\/www.remap101.co.uk\/pt-br\/wp-json\/wp\/v2\/media\/56738"}],"wp:attachment":[{"href":"https:\/\/www.remap101.co.uk\/pt-br\/wp-json\/wp\/v2\/media?parent=51059"}],"wp:term":[{"taxonomy":"product_brand","embeddable":true,"href":"https:\/\/www.remap101.co.uk\/pt-br\/wp-json\/wp\/v2\/product_brand?post=51059"},{"taxonomy":"product_cat","embeddable":true,"href":"https:\/\/www.remap101.co.uk\/pt-br\/wp-json\/wp\/v2\/product_cat?post=51059"},{"taxonomy":"product_tag","embeddable":true,"href":"https:\/\/www.remap101.co.uk\/pt-br\/wp-json\/wp\/v2\/product_tag?post=51059"}],"curies":[{"name":"wp","href":"https:\/\/api.w.org\/{rel}","templated":true}]}}