{"id":51070,"date":"2022-01-10T18:38:55","date_gmt":"2022-01-10T18:38:55","guid":{"rendered":"https:\/\/www.remap101.co.uk\/product\/modulo-de-ajuste-diesel-evc-winols-6-de-6a\/"},"modified":"2026-01-30T13:49:29","modified_gmt":"2026-01-30T13:49:29","slug":"evc-winols-diesel-tuning-module-6-of-6a","status":"publish","type":"product","link":"https:\/\/www.remap101.co.uk\/pt-br\/produto\/evc-winols-diesel-tuning-module-6-of-6a\/","title":{"rendered":"VTA1027: M\u00f3dulo de ajuste de diesel do EVC WinOLS 6 de 6a"},"content":{"rendered":"<h2>VTA1027: Treinamento on-line de ajuste de motor diesel EVC WinOLS M\u00f3dulo 6 de 6a<\/h2>\n<p>Esta \u00e9 a 6\u00aa se\u00e7\u00e3o do curso de treinamento on-line Viezu Remap101 em ajuste e calibra\u00e7\u00e3o de diesel usando o EVC WinOLS.<\/p>\n<p>A 6\u00aa se\u00e7\u00e3o \u00e9 dividida em 2 m\u00f3dulos &#8211; listados abaixo:<\/p>\n<ul>\n<li><strong>EVC WinOLS Diesel Tuning Training Module 6 of 6a (este m\u00f3dulo)<\/strong><\/li>\n<li>EVC WinOLS Diesel Tuning Training Module 6 of 6b (o m\u00f3dulo final deste curso on-line)<\/li>\n<\/ul>\n<p>O WinOLS \u00e9 um software complexo que pode ser dif\u00edcil de aprender para o novo usu\u00e1rio. Por isso, os cursos on-line da Viezu Remap101 no WinOLS incluem mais m\u00f3dulos do que os nossos cursos em outras plataformas de software.<\/p>\n<p>No total, h\u00e1 8 m\u00f3dulos nesse curso on-line sobre ajuste de diesel usando o WinOLS.<\/p>\n<p>Para obter todos os benef\u00edcios e o valor total deste curso on-line, voc\u00ea deve fazer os m\u00f3dulos na ordem correta, em sequ\u00eancia. Isso permite que voc\u00ea desenvolva seus conhecimentos e habilidades de forma estruturada.<\/p>\n<p>Portanto, voc\u00ea se beneficiar\u00e1 se fizer os m\u00f3dulos anteriores deste curso antes de tentar este m\u00f3dulo.<\/p>\n<h3><strong>O que \u00e9 abordado no EVC WinOLS Diesel Tuning Module 6 de 6a:<\/strong><\/h3>\n<ol>\n<li>Como come\u00e7ar a fazer modifica\u00e7\u00f5es no arquivo original<\/li>\n<li>Como desfazer ou reverter modifica\u00e7\u00f5es de volta ao estado original do arquivo<\/li>\n<li>O m\u00e9todo <strong>ABC<\/strong> para fazer altera\u00e7\u00f5es<\/li>\n<li>&#8220;Torque de pico&#8221; vs. &#8220;Torque ideal<\/li>\n<li>Modifica\u00e7\u00e3o dos limitadores de torque<\/li>\n<li>Salvando uma vers\u00e3o com notas<\/li>\n<\/ol>\n<p>O instrutor desse m\u00f3dulo de treinamento faz ajustes e remapeamentos com WinOLs h\u00e1 mais de 15 anos e j\u00e1 ministrou cursos e sess\u00f5es de treinamento de escrita de mapas de ajuste mestre nos EUA, na China, no Oriente M\u00e9dio, na \u00c1frica do Sul e em outros pa\u00edses do mundo. Agora, em sua pr\u00f3pria casa ou empresa, voc\u00ea tamb\u00e9m pode aprender em primeira m\u00e3o o conhecimento interno de master tuning.<\/p>\n<h3><strong>Acesso vital\u00edcio a cada m\u00f3dulo<\/strong><\/h3>\n<p>Ao adquirir um m\u00f3dulo, voc\u00ea tem acesso vital\u00edcio a ele. Voc\u00ea pode assisti-lo e analis\u00e1-lo quantas vezes quiser.<\/p>\n<p>Voc\u00ea pode pausar e reiniciar os v\u00eddeos de treinamento. Se voc\u00ea precisar fazer uma pausa ou se for interrompido, n\u00e3o h\u00e1 problema &#8211; pause o v\u00eddeo e reinicie quando estiver pronto. Isso tamb\u00e9m \u00e9 bom para fazer anota\u00e7\u00f5es e praticar por conta pr\u00f3pria, para praticar o que voc\u00ea acabou de ver.<\/p>\n<h3><strong>O software WinOLS<\/strong><\/h3>\n<p>Voc\u00ea n\u00e3o precisa ter o software WinOLS da EVC para concluir esses cursos de treinamento on-line do WinOLS; no entanto, \u00e9 melhor ter o software em seu pr\u00f3prio computador. Isso significa que voc\u00ea pode acompanhar o instrutor no v\u00eddeo e praticar as t\u00e9cnicas e os procedimentos que lhe s\u00e3o mostrados.<\/p>\n<p>Se voc\u00ea ainda n\u00e3o tiver uma vers\u00e3o completa do software de ajuste EVC WinOLS, poder\u00e1 v\u00ea-la e compr\u00e1-la aqui na loja de ajuste Remap 101 &#8211; <a href=\"https:\/\/www.remap101.co.uk\/pt-br\/categoria-produto\/ferramentas-e-software-de-ajuste-profissional\/\">Software de ajuste.<\/a><\/p>\n","protected":false},"excerpt":{"rendered":"<p>VTA1027: Treinamento on-line de ajuste de motor diesel EVC WinOLS M\u00f3dulo 6 de 6a Esta \u00e9 a 6\u00aa se\u00e7\u00e3o do curso de treinamento on-line Viezu Remap101 em ajuste e calibra\u00e7\u00e3o de diesel usando o EVC WinOLS. A 6\u00aa se\u00e7\u00e3o \u00e9 dividida em 2 m\u00f3dulos &#8211; listados abaixo: EVC WinOLS Diesel Tuning Training Module 6 of [&hellip;]<\/p>\n","protected":false},"featured_media":56808,"comment_status":"open","ping_status":"closed","template":"","meta":{"_acf_changed":false},"product_brand":[21146,19675],"product_cat":[24690,24591,24421,24433,24585,24583,24431],"product_tag":[15312,15313,15314],"class_list":{"0":"post-51070","1":"product","2":"type-product","3":"status-publish","4":"has-post-thumbnail","6":"product_brand-evc","7":"product_brand-winols","8":"product_cat-cursos-de-treinamento-on-line-sobre-tuning","9":"product_cat-treinamento-de-ajuste-de-diesel","10":"product_cat-treinamento-de-ajuste-de-todos-os-veiculos","11":"product_cat-treinamento-de-ajuste-eletronico-evc","12":"product_cat-treinamento-de-ajuste-por-tipo-de-veiculo","13":"product_cat-treinamento-em-tuning-por-nivel","14":"product_cat-treinamento-evc-winols-pt-br-3","15":"product_tag-evc-pt-br","16":"product_tag-evc-winols-pt-br","17":"product_tag-evc-winols-diesel-pt-br","19":"first","20":"instock","21":"taxable","22":"shipping-taxable","23":"purchasable","24":"product-type-simple"},"acf":[],"_links":{"self":[{"href":"https:\/\/www.remap101.co.uk\/pt-br\/wp-json\/wp\/v2\/product\/51070","targetHints":{"allow":["GET"]}}],"collection":[{"href":"https:\/\/www.remap101.co.uk\/pt-br\/wp-json\/wp\/v2\/product"}],"about":[{"href":"https:\/\/www.remap101.co.uk\/pt-br\/wp-json\/wp\/v2\/types\/product"}],"replies":[{"embeddable":true,"href":"https:\/\/www.remap101.co.uk\/pt-br\/wp-json\/wp\/v2\/comments?post=51070"}],"wp:featuredmedia":[{"embeddable":true,"href":"https:\/\/www.remap101.co.uk\/pt-br\/wp-json\/wp\/v2\/media\/56808"}],"wp:attachment":[{"href":"https:\/\/www.remap101.co.uk\/pt-br\/wp-json\/wp\/v2\/media?parent=51070"}],"wp:term":[{"taxonomy":"product_brand","embeddable":true,"href":"https:\/\/www.remap101.co.uk\/pt-br\/wp-json\/wp\/v2\/product_brand?post=51070"},{"taxonomy":"product_cat","embeddable":true,"href":"https:\/\/www.remap101.co.uk\/pt-br\/wp-json\/wp\/v2\/product_cat?post=51070"},{"taxonomy":"product_tag","embeddable":true,"href":"https:\/\/www.remap101.co.uk\/pt-br\/wp-json\/wp\/v2\/product_tag?post=51070"}],"curies":[{"name":"wp","href":"https:\/\/api.w.org\/{rel}","templated":true}]}}