{"id":51087,"date":"2022-01-05T13:49:41","date_gmt":"2022-01-05T13:49:41","guid":{"rendered":"https:\/\/www.remap101.co.uk\/product\/modulo-de-treinamento-de-ajuste-de-gasolina-de-titanio-ecm-3-de-6\/"},"modified":"2026-01-07T12:29:59","modified_gmt":"2026-01-07T12:29:59","slug":"ecm-titanium-gasoline-tuning-training-module-3-of-6","status":"publish","type":"product","link":"https:\/\/www.remap101.co.uk\/pt-br\/produto\/ecm-titanium-gasoline-tuning-training-module-3-of-6\/","title":{"rendered":"VTA1025: Alientech ECM Titanium Gasolina &#8211; M\u00f3dulo 3 de 6"},"content":{"rendered":"<h2>Alientech ECM Titanium Gasolina &#8211; M\u00f3dulo 3 de 6<\/h2>\n<p>Treinamento de ajuste de gasolina de tit\u00e2nio ECM o que \u00e9 coberto:<\/p>\n<ul>\n<li><span style=\"font-family: var(--global-body-font-family);\">Como abordar o ajuste de gasolina em diferentes tipos de ve\u00edculos e como transferir a l\u00f3gica das li\u00e7\u00f5es anteriores e aplic\u00e1-la a esta li\u00e7\u00e3o.<\/span><\/li>\n<li style=\"list-style-type: none;\">\n<ul>\n<li>\n<ul>\n<li>Qual configura\u00e7\u00e3o o fabricante do ve\u00edculo aplica para o ve\u00edculo a gasolina<\/li>\n<\/ul>\n<\/li>\n<li>Investiga\u00e7\u00e3o de arquivos\n<ul>\n<li>Quais mapas de teclas verificar<\/li>\n<li>O que esses mapas principais fazem e que efeito eles t\u00eam no ve\u00edculo<\/li>\n<li>Os benef\u00edcios de entender esses mapas principais e,<\/li>\n<li>As melhorias potenciais dispon\u00edveis<\/li>\n<li>Como identificar um aumento seguro e confi\u00e1vel para ve\u00edculos turbo a gasolina<\/li>\n<\/ul>\n<\/li>\n<li>E, portanto, seguindo a investiga\u00e7\u00e3o, fazendo as altera\u00e7\u00f5es nos limitadores Request e Turbo para desbloquear o impulso extra que o ve\u00edculo pode fazer com seguran\u00e7a.<\/li>\n<\/ul>\n<\/li>\n<\/ul>\n<p>Este m\u00f3dulo \u00e9 a 3\u00aa sess\u00e3o de uma s\u00e9rie de 6 sess\u00f5es online de treinamento de ajuste de gasolina Alientech ECM Titanium. Por causa disso, os 6 M\u00f3dulos devem ser feitos em ordem consecutiva para que voc\u00ea obtenha o m\u00e1ximo de benef\u00edcio e conhecimento. Portanto, cada sess\u00e3o de treinamento se basear\u00e1 no seu conhecimento do curso anterior. Como tal, mesmo, se voc\u00ea j\u00e1 estiver usando o software Alientech ECM Titanium. Sugerimos come\u00e7ar com a aula introdut\u00f3ria para garantir que voc\u00ea possa seguir confortavelmente a l\u00f3gica e a estrutura das aulas.    <\/p>\n<h3><strong>Software de ajuste de ECM da Alientech  <\/strong><\/h3>\n<p>Em teoria, voc\u00ea n\u00e3o precisa ter comprado o software de ajuste de ECM da Alientech para fazer este curso de treinamento. Entretanto, para obter a melhor experi\u00eancia de aprendizado e garantir que voc\u00ea obtenha o melhor impacto dos cursos de treinamento Remap 101. Realmente recomendamos que voc\u00ea fa\u00e7a o treinamento com o software em m\u00e3os.  <\/p>\n<p>Se voc\u00ea tiver o software ECM, isso significa que poder\u00e1 acompanhar ativamente o treinamento. E, portanto, participe dos exerc\u00edcios durante e ap\u00f3s o treinamento. Em nossa experi\u00eancia, o treinamento refor\u00e7a e cria uma base de conhecimento muito melhor com o software usado em conjunto com o curso. <\/p>\n<p>A Remap 101 estoca, fornece e treina praticamente todas as ferramentas e softwares de ajuste. Voc\u00ea pode ver a ferramenta de ajuste e a loja de software aqui: <a href=\"https:\/\/www.remap101.co.uk\/pt-br\/categoria-produto\/ferramentas-e-software-de-ajuste-profissional\/\">Shop<\/a><\/p>\n","protected":false},"excerpt":{"rendered":"<h2>Alientech ECM Titanium Gasolina &#8211; M\u00f3dulo 3 de 6<\/h2>\n","protected":false},"featured_media":56668,"comment_status":"open","ping_status":"closed","template":"","meta":{"_acf_changed":false},"product_brand":[19674,19679],"product_cat":[24690,24592,24582,24421,24425,14858],"product_tag":[15269,15271,15273,15274],"class_list":{"0":"post-51087","1":"product","2":"type-product","3":"status-publish","4":"has-post-thumbnail","6":"product_brand-alientech","7":"product_brand-ecm-titanium","8":"product_cat-cursos-de-treinamento-on-line-sobre-tuning","9":"product_cat-treinamento-de-ajuste-de-gasolina","10":"product_cat-treinamento-de-ajuste-de-marca","11":"product_cat-treinamento-de-ajuste-de-todos-os-veiculos","12":"product_cat-treinamento-em-ecm-titanium-pt-br","13":"product_cat-alientech-pt-br","14":"product_tag-ecm-pt-br","15":"product_tag-ecm-titanium-pt-br","16":"product_tag-gasolina","17":"product_tag-gasolina-pt-br","19":"first","20":"instock","21":"taxable","22":"shipping-taxable","23":"product-type-simple"},"acf":[],"_links":{"self":[{"href":"https:\/\/www.remap101.co.uk\/pt-br\/wp-json\/wp\/v2\/product\/51087","targetHints":{"allow":["GET"]}}],"collection":[{"href":"https:\/\/www.remap101.co.uk\/pt-br\/wp-json\/wp\/v2\/product"}],"about":[{"href":"https:\/\/www.remap101.co.uk\/pt-br\/wp-json\/wp\/v2\/types\/product"}],"replies":[{"embeddable":true,"href":"https:\/\/www.remap101.co.uk\/pt-br\/wp-json\/wp\/v2\/comments?post=51087"}],"wp:featuredmedia":[{"embeddable":true,"href":"https:\/\/www.remap101.co.uk\/pt-br\/wp-json\/wp\/v2\/media\/56668"}],"wp:attachment":[{"href":"https:\/\/www.remap101.co.uk\/pt-br\/wp-json\/wp\/v2\/media?parent=51087"}],"wp:term":[{"taxonomy":"product_brand","embeddable":true,"href":"https:\/\/www.remap101.co.uk\/pt-br\/wp-json\/wp\/v2\/product_brand?post=51087"},{"taxonomy":"product_cat","embeddable":true,"href":"https:\/\/www.remap101.co.uk\/pt-br\/wp-json\/wp\/v2\/product_cat?post=51087"},{"taxonomy":"product_tag","embeddable":true,"href":"https:\/\/www.remap101.co.uk\/pt-br\/wp-json\/wp\/v2\/product_tag?post=51087"}],"curies":[{"name":"wp","href":"https:\/\/api.w.org\/{rel}","templated":true}]}}