{"id":51094,"date":"2021-12-24T11:44:37","date_gmt":"2021-12-24T11:44:37","guid":{"rendered":"https:\/\/www.remap101.co.uk\/product\/modulo-de-treinamento-de-ajuste-de-gasolina-de-titanio-ecm-2-de-6\/"},"modified":"2025-12-08T06:41:15","modified_gmt":"2025-12-08T06:41:15","slug":"ecm-titanium-gasoline-tuning-module-2-of-6","status":"publish","type":"product","link":"https:\/\/www.remap101.co.uk\/pt-br\/produto\/ecm-titanium-gasoline-tuning-module-2-of-6\/","title":{"rendered":"VTA1024: ECM Titanium Gasoline Tuning Module 2 de 6"},"content":{"rendered":"<h2>M\u00f3dulo de treinamento on-line de ajuste de gasolina de tit\u00e2nio ECM 2 de 6<\/h2>\n<p>Treinamento on-line de ajuste de gasolina de tit\u00e2nio ECM o que \u00e9 abordado:<\/p>\n<ul>\n<li>Ap\u00f3s a investiga\u00e7\u00e3o, fazendo as altera\u00e7\u00f5es na solicita\u00e7\u00e3o e nos Limitadores Turbo para desbloquear a press\u00e3o de refor\u00e7o extra<\/li>\n<li>O que \u00e9 Lambda e como fazer altera\u00e7\u00f5es e converter o valor do Lambda em AFR<\/li>\n<li>O que \u00e9 Wastegate e como fazer altera\u00e7\u00f5es nele<\/li>\n<li>Ajustando mapas de fa\u00edsca em um turbo a gasolina<\/li>\n<\/ul>\n<p>Este m\u00f3dulo na 2\u00aa sess\u00e3o de uma s\u00e9rie de 6 sess\u00f5es online de treinamento de ajuste de gasolina Alientech ECM Titanium. Este conjunto de 6 cursos de treinamento introdut\u00f3rios realmente deve ser feito na sequ\u00eancia pretendida pelo instrutor, ou seja, de 1 a 6. Como cada sess\u00e3o de treinamento se basear\u00e1 no treinamento e nos t\u00f3picos do curso anterior; como tal, mesmo se voc\u00ea j\u00e1 estiver usando o software Alientech ECM. Sugerimos come\u00e7ar com a aula de introdu\u00e7\u00e3o. Dessa forma, n\u00e3o h\u00e1 lacunas em seu conhecimento e, portanto, os cursos a seguir fluem juntos e fazem sentido.    <\/p>\n<h3><strong>Software de ajuste de ECM da Alientech  <\/strong><\/h3>\n<p>Voc\u00ea n\u00e3o precisa ter o software de ajuste de ECM da Alientech para fazer os cursos de treinamento. Entretanto, para obter a melhor experi\u00eancia de aprendizado e tamb\u00e9m para garantir que voc\u00ea obtenha o melhor impacto dos cursos de treinamento Remap 101. Realmente recomendamos que voc\u00ea fa\u00e7a o treinamento com o software ECM.  <\/p>\n<p>Se voc\u00ea tiver o software ECM, isso significa que poder\u00e1 acompanhar ativamente o treinamento e participar dos exerc\u00edcios durante e ap\u00f3s o treinamento. Em nossa experi\u00eancia, o treinamento \u00e9 refor\u00e7ado e cria uma base de conhecimento muito melhor se o software for usado em conjunto com o curso de treinamento. <\/p>\n<p>A Remap 101 tem estoque, fornece e treina praticamente todas as ferramentas e softwares de ajuste &#8211; voc\u00ea pode ver a loja de ferramentas e softwares de ajuste aqui: <a href=\"https:\/\/www.remap101.co.uk\/pt-br\/categoria-produto\/ferramentas-e-software-de-ajuste-profissional\/\">Shop <\/a> <\/p>\n<p>E se voc\u00ea n\u00e3o tiver certeza de quais ferramentas ou softwares precisa, a equipe de suporte t\u00e9cnico ter\u00e1 prazer em aconselh\u00e1-lo.<\/p>\n","protected":false},"excerpt":{"rendered":"<h2>ECM Titanium Gasolina \/ Gasolina Tuning M\u00f3dulo de Treinamento Online 2 de 6<\/h2>\n<p>Treinamento de ajuste de gasolina de tit\u00e2nio ECM o que \u00e9 coberto:<\/p>\n<ul>\n<li>Na sequ\u00eancia da investiga\u00e7\u00e3o, fazer as altera\u00e7\u00f5es na solicita\u00e7\u00e3o e nos Limitadores Turbo para desbloquear o impulso extra que o ve\u00edculo pode fazer com seguran\u00e7a<\/li>\n<li>O que \u00e9 Lambda e como fazer altera\u00e7\u00f5es e converter o valor do Lambda em AFR<\/li>\n<li>O que \u00e9 Wastegate e como fazer altera\u00e7\u00f5es nele<\/li>\n<li>Ajustando mapas de fa\u00edsca em um turbo a gasolina<\/li>\n<\/ul>\n","protected":false},"featured_media":36979,"comment_status":"open","ping_status":"closed","template":"","meta":{"_acf_changed":false},"product_brand":[19674,19679],"product_cat":[24690,24592,24582,24421,24425,14858],"product_tag":[15269,15271,15273,15274],"class_list":{"0":"post-51094","1":"product","2":"type-product","3":"status-publish","4":"has-post-thumbnail","6":"product_brand-alientech","7":"product_brand-ecm-titanium","8":"product_cat-cursos-de-treinamento-on-line-sobre-tuning","9":"product_cat-treinamento-de-ajuste-de-gasolina","10":"product_cat-treinamento-de-ajuste-de-marca","11":"product_cat-treinamento-de-ajuste-de-todos-os-veiculos","12":"product_cat-treinamento-em-ecm-titanium-pt-br","13":"product_cat-alientech-pt-br","14":"product_tag-ecm-pt-br","15":"product_tag-ecm-titanium-pt-br","16":"product_tag-gasolina","17":"product_tag-gasolina-pt-br","19":"first","20":"instock","21":"taxable","22":"shipping-taxable","23":"purchasable","24":"product-type-simple"},"acf":[],"_links":{"self":[{"href":"https:\/\/www.remap101.co.uk\/pt-br\/wp-json\/wp\/v2\/product\/51094","targetHints":{"allow":["GET"]}}],"collection":[{"href":"https:\/\/www.remap101.co.uk\/pt-br\/wp-json\/wp\/v2\/product"}],"about":[{"href":"https:\/\/www.remap101.co.uk\/pt-br\/wp-json\/wp\/v2\/types\/product"}],"replies":[{"embeddable":true,"href":"https:\/\/www.remap101.co.uk\/pt-br\/wp-json\/wp\/v2\/comments?post=51094"}],"wp:featuredmedia":[{"embeddable":true,"href":"https:\/\/www.remap101.co.uk\/pt-br\/wp-json\/wp\/v2\/media\/36979"}],"wp:attachment":[{"href":"https:\/\/www.remap101.co.uk\/pt-br\/wp-json\/wp\/v2\/media?parent=51094"}],"wp:term":[{"taxonomy":"product_brand","embeddable":true,"href":"https:\/\/www.remap101.co.uk\/pt-br\/wp-json\/wp\/v2\/product_brand?post=51094"},{"taxonomy":"product_cat","embeddable":true,"href":"https:\/\/www.remap101.co.uk\/pt-br\/wp-json\/wp\/v2\/product_cat?post=51094"},{"taxonomy":"product_tag","embeddable":true,"href":"https:\/\/www.remap101.co.uk\/pt-br\/wp-json\/wp\/v2\/product_tag?post=51094"}],"curies":[{"name":"wp","href":"https:\/\/api.w.org\/{rel}","templated":true}]}}