{"id":51102,"date":"2021-12-22T13:30:09","date_gmt":"2021-12-22T13:30:09","guid":{"rendered":"https:\/\/www.remap101.co.uk\/product\/modulo-de-treinamento-de-ajuste-de-gasolina-de-titanio-ecm-1-de-6\/"},"modified":"2025-12-08T06:41:05","modified_gmt":"2025-12-08T06:41:05","slug":"ecm-titanium-gasoline-tuning-training-module-1-of-6","status":"publish","type":"product","link":"https:\/\/www.remap101.co.uk\/pt-br\/produto\/ecm-titanium-gasoline-tuning-training-module-1-of-6\/","title":{"rendered":"VTA1023: Alientech ECM Titanium Gasolina &#8211; M\u00f3dulo 1 de 6"},"content":{"rendered":"<h3><strong>M\u00f3dulo Online de Ajuste de Gasolina de Tit\u00e2nio Alientech ECM 1 de 6<\/strong><\/h3>\n<p>Treinamento de ajuste de gasolina do ECM Titanium, este \u00e9 o primeiro de seis cursos de treinamento on-line de ECM da Alientech. Nessa sess\u00e3o, apresentaremos a voc\u00ea o software ECM para ajuste de gasolina e gasolina. <\/p>\n<p>Os instrutores apresentados neste curso on-line de treinamento de ajuste de gasolina ECM Titanium da Alientech v\u00eam fazendo ajustes h\u00e1 muitos anos. Oferecem suporte a tuners em todo o mundo com grandes redes de revendedores e instala\u00e7\u00f5es. Al\u00e9m disso, voc\u00ea pode participar de semin\u00e1rios presenciais de treinamento de ajuste em todo o mundo. Aprenda com esses afinadores muito experientes, que oferecem dicas de neg\u00f3cios que somente os especialistas conhecem e poucos compartilham.   <\/p>\n<p>Este \u00e9 um m\u00f3dulo de treinamento completo. Aguarde 1 hora para fazer este curso e o teste associado a ele.<\/p>\n<p>Por meio da s\u00e9rie de 6 cursos de ajuste on-line, voc\u00ea aprender\u00e1 a carregar arquivos de software originais, identificar os mapas. E como fazer altera\u00e7\u00f5es no arquivo de software para que voc\u00ea obtenha excelentes resultados de ajuste. Fornecendo pot\u00eancia, desempenho e arquivos de ajuste personalizados.  <\/p>\n<p>As sess\u00f5es de treinamento on-line do Alientech ECM Titanium Gasoline Tuning Training devem ser feitas em ordem, do 1 ao 6. Cada m\u00f3dulo de treinamento se baseia no conhecimento do \u00faltimo curso. Portanto, mesmo que voc\u00ea j\u00e1 tenha usado o software de ajuste do ECM no passado. \u00c9 recomend\u00e1vel que voc\u00ea comece com a primeira sess\u00e3o, para que n\u00e3o haja lacunas em seu treinamento. E cada curso faz sentido quando faz refer\u00eancia \u00e0s informa\u00e7\u00f5es das sess\u00f5es de treinamento anteriores.    <\/p>\n<h3><strong>Mas espere, fica melhor&#8230;.<\/strong><\/h3>\n<p>Cada sess\u00e3o de treinamento pode ser assistida v\u00e1rias vezes. Como tal, uma das grandes coisas sobre o treinamento online \u00e9 se voc\u00ea n\u00e3o entendeu muito bem alguma coisa. Voc\u00ea pode assisti-lo de novo e de novo e de novo at\u00e9 domin\u00e1-lo. E voc\u00ea tamb\u00e9m pode pausar e reiniciar. Da\u00ed dar-lhe tempo para fazer anota\u00e7\u00f5es, ou at\u00e9 mesmo praticar o que acabou de ver    <\/p>\n<h3><strong>Software de ajuste de ECM da Alientech  <\/strong><\/h3>\n<p>N\u00e3o \u00e9 necess\u00e1rio que voc\u00ea opere ou possua o software de ajuste de ECM da Alientech para participar desses cursos de treinamento on-line de ECM. Entretanto, queremos que voc\u00ea tenha a melhor experi\u00eancia de aprendizado poss\u00edvel. E tamb\u00e9m que voc\u00ea aproveite ao m\u00e1ximo o treinamento. Para isso, voc\u00ea realmente precisa ter o software aberto e instalado com voc\u00ea. Isso n\u00e3o s\u00f3 garantir\u00e1 que voc\u00ea possa acompanhar o curso, mas tamb\u00e9m, e muito importante, praticar o que viu e aprendeu. E, dessa forma, voc\u00ea refor\u00e7ar\u00e1 o aprendizado enquanto ele ainda est\u00e1 fresco.     <\/p>\n<p>A Remap 101 tem estoque, fornece e treina praticamente todas as ferramentas e softwares de ajuste &#8211; voc\u00ea pode ver a loja de ferramentas e softwares aqui: <a href=\"https:\/\/www.remap101.co.uk\/pt-br\/categoria-produto\/ferramentas-e-software-de-ajuste-profissional\/\">Shop<\/a><\/p>\n","protected":false},"excerpt":{"rendered":"<h3><strong>M\u00f3dulo Online de Ajuste de Gasolina de Tit\u00e2nio Alientech ECM 1 de 6<\/strong><\/h3>\n<p>Treinamento de ajuste de gasolina do ECM Titanium, este \u00e9 o primeiro de seis cursos de treinamento on-line de ECM da Alientech. Nessa sess\u00e3o, apresentaremos a voc\u00ea o software ECM para ajuste de gasolina e gasolina. <\/p>\n<p>Por meio da s\u00e9rie de 6 cursos de ajuste on-line, voc\u00ea aprender\u00e1 a carregar arquivos de software originais, identificar os mapas. E como fazer altera\u00e7\u00f5es no arquivo de software para que voc\u00ea obtenha excelentes resultados de ajuste. Fornecendo pot\u00eancia, desempenho e arquivos de ajuste personalizados.  <\/p>\n","protected":false},"featured_media":56608,"comment_status":"open","ping_status":"closed","template":"","meta":{"_acf_changed":false},"product_brand":[19674,19679],"product_cat":[24690,24592,24582,24421,24425,14858],"product_tag":[15342,15251,15269,15271,15341],"class_list":{"0":"post-51102","1":"product","2":"type-product","3":"status-publish","4":"has-post-thumbnail","6":"product_brand-alientech","7":"product_brand-ecm-titanium","8":"product_cat-cursos-de-treinamento-on-line-sobre-tuning","9":"product_cat-treinamento-de-ajuste-de-gasolina","10":"product_cat-treinamento-de-ajuste-de-marca","11":"product_cat-treinamento-de-ajuste-de-todos-os-veiculos","12":"product_cat-treinamento-em-ecm-titanium-pt-br","13":"product_cat-alientech-pt-br","14":"product_tag-alient-pt-br","15":"product_tag-alientech-ecm-titanium-software-pt-br","16":"product_tag-ecm-pt-br","17":"product_tag-ecm-titanium-pt-br","18":"product_tag-treinamento-alientech-ecm-titanium-pt-br","20":"first","21":"instock","22":"taxable","23":"shipping-taxable","24":"purchasable","25":"product-type-simple"},"acf":[],"_links":{"self":[{"href":"https:\/\/www.remap101.co.uk\/pt-br\/wp-json\/wp\/v2\/product\/51102","targetHints":{"allow":["GET"]}}],"collection":[{"href":"https:\/\/www.remap101.co.uk\/pt-br\/wp-json\/wp\/v2\/product"}],"about":[{"href":"https:\/\/www.remap101.co.uk\/pt-br\/wp-json\/wp\/v2\/types\/product"}],"replies":[{"embeddable":true,"href":"https:\/\/www.remap101.co.uk\/pt-br\/wp-json\/wp\/v2\/comments?post=51102"}],"wp:featuredmedia":[{"embeddable":true,"href":"https:\/\/www.remap101.co.uk\/pt-br\/wp-json\/wp\/v2\/media\/56608"}],"wp:attachment":[{"href":"https:\/\/www.remap101.co.uk\/pt-br\/wp-json\/wp\/v2\/media?parent=51102"}],"wp:term":[{"taxonomy":"product_brand","embeddable":true,"href":"https:\/\/www.remap101.co.uk\/pt-br\/wp-json\/wp\/v2\/product_brand?post=51102"},{"taxonomy":"product_cat","embeddable":true,"href":"https:\/\/www.remap101.co.uk\/pt-br\/wp-json\/wp\/v2\/product_cat?post=51102"},{"taxonomy":"product_tag","embeddable":true,"href":"https:\/\/www.remap101.co.uk\/pt-br\/wp-json\/wp\/v2\/product_tag?post=51102"}],"curies":[{"name":"wp","href":"https:\/\/api.w.org\/{rel}","templated":true}]}}