{"id":51111,"date":"2021-12-17T13:29:59","date_gmt":"2021-12-17T13:29:59","guid":{"rendered":"https:\/\/www.remap101.co.uk\/product\/modulo-de-treinamento-de-ajuste-a-diesel-evc-winols-5-de-6\/"},"modified":"2026-01-30T13:35:50","modified_gmt":"2026-01-30T13:35:50","slug":"evc-winols-diesel-tuning-module-5-of-6","status":"publish","type":"product","link":"https:\/\/www.remap101.co.uk\/pt-br\/produto\/evc-winols-diesel-tuning-module-5-of-6\/","title":{"rendered":"VTA1022: M\u00f3dulo 5 de 6 do treinamento de ajuste de diesel do EVC WinOLS"},"content":{"rendered":"<h2>VTA1022: Treinamento on-line de ajuste de diesel EVC WinOLS M\u00f3dulo 5 de 6<\/h2>\n<p>WinOLS Diesel Tuning Training Online m\u00f3dulo 5 de 6. Neste curso de treinamento on-line, voc\u00ea aprender\u00e1:<\/p>\n<ul>\n<li>Entendendo as rela\u00e7\u00f5es de dados entre diferentes tipos de mapa na ECU<\/li>\n<li>Como construir uma compreens\u00e3o dos valores atuais do estoque e das limita\u00e7\u00f5es na ECU<\/li>\n<li>Descobrindo pistas escondidas dentro das mesas e do eixo para desbloquear mais poder<\/li>\n<li>Al\u00e9m de selecionar pontos de refer\u00eancia comuns em mapas<\/li>\n<li>Aumento do torque acima dos valores de estoque<\/li>\n<\/ul>\n<p>O tutor deste curso tem feito ajustes com o software ECV WinOLs h\u00e1 mais de 15 anos. Ele participou de cursos de elabora\u00e7\u00e3o de mapas de ajuste mestre e de sess\u00f5es de treinamento em todo o mundo. Portanto, agora voc\u00ea tamb\u00e9m pode aprender em primeira m\u00e3o o conhecimento interno de ajuste mestre, tudo no conforto de sua pr\u00f3pria casa.<\/p>\n<p>\u00c9 importante que voc\u00ea tire o m\u00e1ximo proveito dessa sess\u00e3o de treinamento on-line do EVC WinOLS Diesel Tuning. Por isso, sugerimos que voc\u00ea fa\u00e7a os m\u00f3dulos anteriores da s\u00e9rie. Isso ajudar\u00e1 voc\u00ea a compreender totalmente a l\u00f3gica e o fluxo dos cursos. Esse curso de treinamento on-line \u00e9 o quinto da s\u00e9rie de cursos de treinamento de ajuste do WinOls Diesel.<\/p>\n<h3>O software de ajuste EVC WinOLS<\/h3>\n<p>Em teoria, voc\u00ea pode assistir a esse curso de treinamento on-line do WinOls sem ter o software WinOls da EVC. No entanto, isso n\u00e3o \u00e9 o ideal. Queremos que voc\u00ea tenha a melhor experi\u00eancia de treinamento. E que voc\u00ea tenha a melhor rela\u00e7\u00e3o custo-benef\u00edcio. Por isso, voc\u00ea realmente precisa ter o software com voc\u00ea para poder participar ativamente do treinamento. E continuar praticando o que voc\u00ea viu. Antes de voc\u00ea passar para a pr\u00f3xima sess\u00e3o. Se voc\u00ea ainda n\u00e3o tiver uma vers\u00e3o completa do software de ajuste EVC WinOls, poder\u00e1 v\u00ea-la aqui na loja de ajuste Remap 101 <a href=\"https:\/\/www.remap101.co.uk\/pt-br\/categoria-produto\/ferramentas-e-software-de-ajuste-profissional\/\">Software de ajuste <\/a><\/p>\n","protected":false},"excerpt":{"rendered":"<p>VTA1022: Treinamento on-line de ajuste de diesel EVC WinOLS M\u00f3dulo 5 de 6 WinOLS Diesel Tuning Training Online m\u00f3dulo 5 de 6. Neste curso de treinamento on-line, voc\u00ea aprender\u00e1: Entendendo as rela\u00e7\u00f5es de dados entre diferentes tipos de mapa na ECU Como construir uma compreens\u00e3o dos valores atuais do estoque e das limita\u00e7\u00f5es na ECU [&hellip;]<\/p>\n","protected":false},"featured_media":56558,"comment_status":"open","ping_status":"closed","template":"","meta":{"_acf_changed":false},"product_brand":[21146,19675],"product_cat":[24690,24591,24421,24433,24585,24583,24431],"product_tag":[15312,15313,15314],"class_list":{"0":"post-51111","1":"product","2":"type-product","3":"status-publish","4":"has-post-thumbnail","6":"product_brand-evc","7":"product_brand-winols","8":"product_cat-cursos-de-treinamento-on-line-sobre-tuning","9":"product_cat-treinamento-de-ajuste-de-diesel","10":"product_cat-treinamento-de-ajuste-de-todos-os-veiculos","11":"product_cat-treinamento-de-ajuste-eletronico-evc","12":"product_cat-treinamento-de-ajuste-por-tipo-de-veiculo","13":"product_cat-treinamento-em-tuning-por-nivel","14":"product_cat-treinamento-evc-winols-pt-br-3","15":"product_tag-evc-pt-br","16":"product_tag-evc-winols-pt-br","17":"product_tag-evc-winols-diesel-pt-br","19":"first","20":"instock","21":"taxable","22":"shipping-taxable","23":"purchasable","24":"product-type-simple"},"acf":[],"_links":{"self":[{"href":"https:\/\/www.remap101.co.uk\/pt-br\/wp-json\/wp\/v2\/product\/51111","targetHints":{"allow":["GET"]}}],"collection":[{"href":"https:\/\/www.remap101.co.uk\/pt-br\/wp-json\/wp\/v2\/product"}],"about":[{"href":"https:\/\/www.remap101.co.uk\/pt-br\/wp-json\/wp\/v2\/types\/product"}],"replies":[{"embeddable":true,"href":"https:\/\/www.remap101.co.uk\/pt-br\/wp-json\/wp\/v2\/comments?post=51111"}],"wp:featuredmedia":[{"embeddable":true,"href":"https:\/\/www.remap101.co.uk\/pt-br\/wp-json\/wp\/v2\/media\/56558"}],"wp:attachment":[{"href":"https:\/\/www.remap101.co.uk\/pt-br\/wp-json\/wp\/v2\/media?parent=51111"}],"wp:term":[{"taxonomy":"product_brand","embeddable":true,"href":"https:\/\/www.remap101.co.uk\/pt-br\/wp-json\/wp\/v2\/product_brand?post=51111"},{"taxonomy":"product_cat","embeddable":true,"href":"https:\/\/www.remap101.co.uk\/pt-br\/wp-json\/wp\/v2\/product_cat?post=51111"},{"taxonomy":"product_tag","embeddable":true,"href":"https:\/\/www.remap101.co.uk\/pt-br\/wp-json\/wp\/v2\/product_tag?post=51111"}],"curies":[{"name":"wp","href":"https:\/\/api.w.org\/{rel}","templated":true}]}}