{"id":51142,"date":"2021-12-13T14:39:42","date_gmt":"2021-12-13T14:39:42","guid":{"rendered":"https:\/\/www.remap101.co.uk\/product\/treinamento-alientech-ecm-titanium-diesel-modulo-1-de-4\/"},"modified":"2025-12-08T06:40:13","modified_gmt":"2025-12-08T06:40:13","slug":"alientech-ecm-titanium-diesel-training-module-1-of-4","status":"publish","type":"product","link":"https:\/\/www.remap101.co.uk\/pt-br\/produto\/alientech-ecm-titanium-diesel-training-module-1-of-4\/","title":{"rendered":"VTA1018: Alientech E CM Titanium Diesel &#8211; M\u00f3dulo 1 de 4"},"content":{"rendered":"<h3><strong>M\u00f3dulo de treinamento Alientech ECM Titanium Diesel 1 de 4<\/strong><\/h3>\n<p>Alientech ECM Titanium Diesel Training parte 1 de 4 cursos do software ECM Titanium focados no ajuste de motores a diesel. Este \u00e9 o primeiro de 4 cursos de treinamento de ajuste de motores a diesel. Voc\u00ea aprender\u00e1 passo a passo a usar o software ECM para criar arquivos de ajuste de remapeamento personalizados e sob medida. Aprenda a encontrar e identificar mapas de ajuste, usar e reutilizar arquivos de ajuste que voc\u00ea criou. O que voc\u00ea deve alterar e em que quantidade dentro do software para desenvolver arquivos de ajuste e software que forne\u00e7am arquivos de ajuste fortes e confi\u00e1veis.    <\/p>\n<p>Este \u00e9 um m\u00f3dulo de treinamento completo. Aguarde 1 hora para fazer este curso e o teste associado a ele<\/p>\n<p>Os principais t\u00f3picos incluem como abordar o ajuste de motores a diesel, como identificar mapas de torque e limitadores. Voc\u00ea tamb\u00e9m aprender\u00e1 a import\u00e2ncia deles e como abordar seu projeto de ajuste. <\/p>\n<p>Este curso cont\u00e9m 4 li\u00e7\u00f5es, materiais adicionais do curso e um teste de conhecimento no final de cada li\u00e7\u00e3o. Com a nota de aprova\u00e7\u00e3o adequada, voc\u00ea pode fazer o download do seu Certificado de Conclus\u00e3o bem-sucedida. <\/p>\n<p>Aprenda diretamente com um profissional de ajuste que passou 15 anos trabalhando com o software ECM. E ajustando carros com as m\u00e3os e dando suporte a muitas centenas de clientes comerciais em todo o mundo. A Viezu realiza treinamentos internacionais e semin\u00e1rios de ajuste em locais importantes do mundo. E agora voc\u00ea pode, de acordo com sua conveni\u00eancia e pela primeira vez, acessar esse conhecimento interno no conforto de sua pr\u00f3pria casa.   <\/p>\n<p>Saiba mais sobre as vers\u00f5es do ECM Titanium e obtenha conhecimento para determinar qual \u00e9 a melhor vers\u00e3o para voc\u00ea e suas necessidades comerciais. Assim, voc\u00ea pode entrar em detalhes sobre como instalar e registrar o seu Alientech ECM Titanium Software. Al\u00e9m disso, voc\u00ea aprender\u00e1 sobre os IDs da Alientech e como acessar o banco de dados da Alientech com seu software ECM Titanium genu\u00edno.  <\/p>\n<h3><strong>Mas espere, fica melhor&#8230;.<\/strong><\/h3>\n<p>Cada sess\u00e3o de treinamento pode ser assistida v\u00e1rias vezes. Como tal, uma das grandes coisas sobre o treinamento online \u00e9 se voc\u00ea n\u00e3o entendeu muito bem alguma coisa. Voc\u00ea pode assisti-lo de novo e de novo e de novo at\u00e9 domin\u00e1-lo. E voc\u00ea tamb\u00e9m pode pausar e reiniciar. Da\u00ed dar-lhe tempo para fazer anota\u00e7\u00f5es, ou at\u00e9 mesmo praticar o que acabou de ver    <\/p>\n<h3><strong>Alientech ECM Titanium Software<\/strong><\/h3>\n<p>Este curso de treinamento \u00e9 melhor realizado com o software Alientech ECM aberto e instalado em seu PC. Se voc\u00ea j\u00e1 possui o software, poder\u00e1 n\u00e3o apenas acompanhar o treinamento. Mas tamb\u00e9m participe ativamente e pratique o que aprendeu durante e ap\u00f3s a sess\u00e3o de treinamento. Por isso, se voc\u00ea ainda n\u00e3o possui seu software Alientech ECM, pode encontrar as 3 vers\u00f5es e op\u00e7\u00f5es diferentes aqui em nossa loja: <a href=\"https:\/\/www.remap101.co.uk\/pt-br\/categoria-produto\/ferramentas-e-software-de-ajuste-profissional\/\">Alientech ECM<\/a>   <\/p>\n","protected":false},"excerpt":{"rendered":"<p>Este \u00e9 o primeiro de 4 cursos de treinamento de tuning Diesel. Levando voc\u00ea passo a passo atrav\u00e9s do uso do software ECM para criar arquivos de ajuste de remapeamento personalizados e sob medida. Aprenda como encontrar e identificar mapas de ajuste, usar e reutilizar arquivos de ajuste que voc\u00ea criou. O que mudar e por quanto dentro do software para desenvolver arquivos de ajuste e software que fornecem arquivos de ajuste fortes e confi\u00e1veis.   <\/p>\n","protected":false},"featured_media":56418,"comment_status":"open","ping_status":"closed","template":"","meta":{"_acf_changed":false},"product_brand":[19674],"product_cat":[24690,24591,24582,24421,24425,14858],"product_tag":[15360,15353,15341],"class_list":{"0":"post-51142","1":"product","2":"type-product","3":"status-publish","4":"has-post-thumbnail","6":"product_brand-alientech","7":"product_cat-cursos-de-treinamento-on-line-sobre-tuning","8":"product_cat-treinamento-de-ajuste-de-diesel","9":"product_cat-treinamento-de-ajuste-de-marca","10":"product_cat-treinamento-de-ajuste-de-todos-os-veiculos","11":"product_cat-treinamento-em-ecm-titanium-pt-br","12":"product_cat-alientech-pt-br","13":"product_tag-diesel-pt-br","14":"product_tag-ecm-diesel-pt-br","15":"product_tag-treinamento-alientech-ecm-titanium-pt-br","17":"first","18":"instock","19":"taxable","20":"shipping-taxable","21":"purchasable","22":"product-type-course"},"acf":[],"_links":{"self":[{"href":"https:\/\/www.remap101.co.uk\/pt-br\/wp-json\/wp\/v2\/product\/51142","targetHints":{"allow":["GET"]}}],"collection":[{"href":"https:\/\/www.remap101.co.uk\/pt-br\/wp-json\/wp\/v2\/product"}],"about":[{"href":"https:\/\/www.remap101.co.uk\/pt-br\/wp-json\/wp\/v2\/types\/product"}],"replies":[{"embeddable":true,"href":"https:\/\/www.remap101.co.uk\/pt-br\/wp-json\/wp\/v2\/comments?post=51142"}],"wp:featuredmedia":[{"embeddable":true,"href":"https:\/\/www.remap101.co.uk\/pt-br\/wp-json\/wp\/v2\/media\/56418"}],"wp:attachment":[{"href":"https:\/\/www.remap101.co.uk\/pt-br\/wp-json\/wp\/v2\/media?parent=51142"}],"wp:term":[{"taxonomy":"product_brand","embeddable":true,"href":"https:\/\/www.remap101.co.uk\/pt-br\/wp-json\/wp\/v2\/product_brand?post=51142"},{"taxonomy":"product_cat","embeddable":true,"href":"https:\/\/www.remap101.co.uk\/pt-br\/wp-json\/wp\/v2\/product_cat?post=51142"},{"taxonomy":"product_tag","embeddable":true,"href":"https:\/\/www.remap101.co.uk\/pt-br\/wp-json\/wp\/v2\/product_tag?post=51142"}],"curies":[{"name":"wp","href":"https:\/\/api.w.org\/{rel}","templated":true}]}}