{"id":51150,"date":"2021-11-20T13:44:01","date_gmt":"2021-11-20T13:44:01","guid":{"rendered":"https:\/\/www.remap101.co.uk\/product\/evc-winols-diesel-tuning-modulo-online-4-de-6b\/"},"modified":"2026-01-30T13:15:11","modified_gmt":"2026-01-30T13:15:11","slug":"evc-winols-diesel-tuning-online-module-4-of-6b","status":"publish","type":"product","link":"https:\/\/www.remap101.co.uk\/pt-br\/produto\/evc-winols-diesel-tuning-online-module-4-of-6b\/","title":{"rendered":"VTA1017: M\u00f3dulo de ajuste diesel EVC WinOLS 4 de 6b"},"content":{"rendered":"<h2>VTA1017: Curso on-line de ajuste de ECU de diesel EVC WinOLS &#8211; M\u00f3dulo 4 de 6b<\/h2>\n<p>Esta \u00e9 a quarta se\u00e7\u00e3o do curso de treinamento on-line Viezu Remap101 WinOLS Diesel Tuning.<\/p>\n<p>A 4\u00aa se\u00e7\u00e3o \u00e9 dividida em 2 m\u00f3dulos, listados abaixo:<\/p>\n<ul>\n<li><span style=\"font-family: var(--global-body-font-family);\">EVC WinOLS Diesel Tuning M\u00f3dulo Online 4 de 6a<\/span><\/li>\n<li><strong>EVC WinOLS Diesel Tuning Online Module 4 of 6b (este m\u00f3dulo)<\/strong><\/li>\n<\/ul>\n<p>&nbsp;<\/p>\n<p>Voc\u00ea deve reservar 4 horas para concluir esses 2 m\u00f3dulos.<\/p>\n<p>Ao final desta se\u00e7\u00e3o do curso, voc\u00ea saber\u00e1 sobre o desenvolvimento do Map Pack.<\/p>\n<p>Esses m\u00f3dulos incluem conhecimentos detalhados sobre o gerenciamento de dados de mapas. Voc\u00ea aprender\u00e1 a identificar, rotular e converter dados em formatos adequados para manipula\u00e7\u00e3o posterior no ajuste de ve\u00edculos &#8211; essencialmente transformando&#8221;dados&#8221; em&#8221;informa\u00e7\u00f5es&#8221;. Isso envolver\u00e1 algum trabalho quantitativo &#8211; portanto, fornecemos materiais de curso adicionais para complementar seu estudo.<\/p>\n<p>Para obter todos os benef\u00edcios e o valor total desses cursos on-line, voc\u00ea deve fazer os m\u00f3dulos em sequ\u00eancia. Isso permitir\u00e1 que voc\u00ea desenvolva seus conhecimentos e habilidades de forma l\u00f3gica e estruturada. Cada m\u00f3dulo se baseia no conhecimento do m\u00f3dulo anterior.<\/p>\n<p>No total, s\u00e3o 8 m\u00f3dulos neste curso de treinamento on-line Viezu Remap101 sobre o uso do WinOLS para ajuste e calibra\u00e7\u00e3o de ECUs a diesel.<\/p>\n<p>O software WinOLS \u00e9 poderoso, mas pode ser dif\u00edcil de aprender &#8211; a interface do usu\u00e1rio \u00e9 uma &#8220;tela em branco&#8221;. Por isso, nossos cursos de treinamento em WinOLS incluem mais m\u00f3dulos do que nossos cursos de treinamento em outros pacotes de software.<\/p>\n<p>&nbsp;<\/p>\n<h3>Software EVC WinOLS 5<\/h3>\n<p>Voc\u00ea ter\u00e1 uma melhor experi\u00eancia de aprendizado neste curso on-line se tiver o software WinOLS em execu\u00e7\u00e3o no seu pr\u00f3prio PC enquanto acompanha o curso. Dessa forma, voc\u00ea poder\u00e1 praticar o que acabou de aprender no v\u00eddeo. Voc\u00ea pode acompanhar o que o instrutor est\u00e1 mostrando, \u00e0 medida que avan\u00e7a. Esse \u00e9 um aprendizado pr\u00e1tico que dar\u00e1 a voc\u00ea mais confian\u00e7a no uso do software.<\/p>\n<p>Se voc\u00ea ainda n\u00e3o tiver uma vers\u00e3o completa do software de ajuste EVC WinOLS, poder\u00e1 v\u00ea-la e compr\u00e1-la aqui na loja on-line de ajuste &#8211; <a href=\"https:\/\/www.remap101.co.uk\/pt-br\/categoria-produto\/ferramentas-e-software-de-ajuste-profissional\/\">Software de ajuste <\/a><\/p>\n","protected":false},"excerpt":{"rendered":"<p>Agora estamos pegando o que voc\u00ea estudou at\u00e9 agora nos <strong>m\u00f3dulos 1 a 3 do EVC WinOLS 5 Diesel Tuning<\/strong> e nos aprofundando na compreens\u00e3o dos dados da ECU do ponto de vista do sintonizador de ve\u00edculos que precisa usar, controlar e manipular os dados para atingir as metas de sintonia. Para criar um tema sobre isso, vamos nos referir a esta se\u00e7\u00e3o como <strong>Transformar &#8220;dados&#8221; em &#8220;informa\u00e7\u00f5es&#8221; <\/strong>do ponto de vista do sintonizador de ve\u00edculos usando o software EVC WinOLS 5.<\/p>\n<p>Continuaremos com o tema Defini\u00e7\u00e3o de dados de mapas nas pr\u00f3ximas quatro li\u00e7\u00f5es. Prepare-se para ter pelo menos 4 horas de estudo de ponta a ponta em ambas as partes deste m\u00f3dulo para cobrir esse elemento de dados de mapas do seu treinamento.<\/p>\n","protected":false},"featured_media":56378,"comment_status":"open","ping_status":"closed","template":"","meta":{"_acf_changed":false},"product_brand":[21146,19675],"product_cat":[24690,24591,24421,24433,24585,24583,24431],"product_tag":[15360,15312,15314],"class_list":{"0":"post-51150","1":"product","2":"type-product","3":"status-publish","4":"has-post-thumbnail","6":"product_brand-evc","7":"product_brand-winols","8":"product_cat-cursos-de-treinamento-on-line-sobre-tuning","9":"product_cat-treinamento-de-ajuste-de-diesel","10":"product_cat-treinamento-de-ajuste-de-todos-os-veiculos","11":"product_cat-treinamento-de-ajuste-eletronico-evc","12":"product_cat-treinamento-de-ajuste-por-tipo-de-veiculo","13":"product_cat-treinamento-em-tuning-por-nivel","14":"product_cat-treinamento-evc-winols-pt-br-3","15":"product_tag-diesel-pt-br","16":"product_tag-evc-pt-br","17":"product_tag-evc-winols-diesel-pt-br","19":"first","20":"instock","21":"taxable","22":"shipping-taxable","23":"purchasable","24":"product-type-simple"},"acf":[],"_links":{"self":[{"href":"https:\/\/www.remap101.co.uk\/pt-br\/wp-json\/wp\/v2\/product\/51150","targetHints":{"allow":["GET"]}}],"collection":[{"href":"https:\/\/www.remap101.co.uk\/pt-br\/wp-json\/wp\/v2\/product"}],"about":[{"href":"https:\/\/www.remap101.co.uk\/pt-br\/wp-json\/wp\/v2\/types\/product"}],"replies":[{"embeddable":true,"href":"https:\/\/www.remap101.co.uk\/pt-br\/wp-json\/wp\/v2\/comments?post=51150"}],"wp:featuredmedia":[{"embeddable":true,"href":"https:\/\/www.remap101.co.uk\/pt-br\/wp-json\/wp\/v2\/media\/56378"}],"wp:attachment":[{"href":"https:\/\/www.remap101.co.uk\/pt-br\/wp-json\/wp\/v2\/media?parent=51150"}],"wp:term":[{"taxonomy":"product_brand","embeddable":true,"href":"https:\/\/www.remap101.co.uk\/pt-br\/wp-json\/wp\/v2\/product_brand?post=51150"},{"taxonomy":"product_cat","embeddable":true,"href":"https:\/\/www.remap101.co.uk\/pt-br\/wp-json\/wp\/v2\/product_cat?post=51150"},{"taxonomy":"product_tag","embeddable":true,"href":"https:\/\/www.remap101.co.uk\/pt-br\/wp-json\/wp\/v2\/product_tag?post=51150"}],"curies":[{"name":"wp","href":"https:\/\/api.w.org\/{rel}","templated":true}]}}