{"id":51160,"date":"2022-03-10T15:52:25","date_gmt":"2022-03-10T15:52:25","guid":{"rendered":"https:\/\/www.remap101.co.uk\/product\/evc-winols-gasoline-tuning-training-online-modulo-4-de-6b\/"},"modified":"2026-01-16T11:18:59","modified_gmt":"2026-01-16T11:18:59","slug":"evc-winols-gasoline-tuning-training-online-module-4-of-6b","status":"publish","type":"product","link":"https:\/\/www.remap101.co.uk\/pt-br\/produto\/evc-winols-gasoline-tuning-training-online-module-4-of-6b\/","title":{"rendered":"VTA1035: M\u00f3dulo 4 de 6b do Treino de Gasolina do EVC WinOLS: Li\u00e7\u00e3o Dois"},"content":{"rendered":"<h2><strong>Treinamento on-line de ajuste de ve\u00edculos a gasolina do EVC WinOLS<\/strong><\/h2>\n<h3>EVC WinOLS Training Online Gasoline Engines (Motores a gasolina): M\u00f3dulo 4 de 6b<\/h3>\n<p>Este m\u00f3dulo on-line de treinamento de ajuste de gasolina WinOLS faz parte da 4\u00aa se\u00e7\u00e3o do curso on-line Viezu Remap101 sobre ajuste de motores a gasolina e remapeamento de ECU usando o WinOLS.<\/p>\n<p>Cada m\u00f3dulo se baseia no anterior. Voc\u00ea desenvolver\u00e1 seus conhecimentos e habilidades no WinOLS m\u00f3dulo por m\u00f3dulo, de forma estruturada. Voc\u00ea aprender\u00e1 sobre o formato dos arquivos de ajuste e os mapas usados para ajustar e calibrar a ECU do motor a gasolina.<\/p>\n<p>Neste m\u00f3dulo, abordamos pacotes de mapas, identifica\u00e7\u00e3o e rotulagem de dados, compreens\u00e3o do tamanho dos dados e muito mais.<\/p>\n<p>O WinOLS \u00e9 um software poderoso, mas pode ser dif\u00edcil de aprender. O WinOLS n\u00e3o oferece muita orienta\u00e7\u00e3o ao usu\u00e1rio. O usu\u00e1rio deve ser capaz de trabalhar com dados em forma bruta. Por isso, os cursos de treinamento on-line Viezu Remap101 para WinOLS consistem em mais m\u00f3dulos do que nossos outros cursos on-line para outros softwares.<\/p>\n<p>Esta 4\u00aa se\u00e7\u00e3o do nosso curso de gasolina WinOLS inclui 4 m\u00f3dulos &#8211; a, b, c, d. Os m\u00f3dulos est\u00e3o listados abaixo.<\/p>\n<p>Esses 4 m\u00f3dulos juntos representam cerca de 5 horas de aprendizado. Cada m\u00f3dulo tem cerca de uma hora de aprendizado.<\/p>\n<p>H\u00e1 question\u00e1rios em cada m\u00f3dulo, para que voc\u00ea possa testar seu aprendizado.<\/p>\n<ol>\n<li><a href=\"https:\/\/www.remap101.co.uk\/pt-br\/produto\/evc-winols-gasoline-tuning-training-online-module-4-of-6a\/?preview_id=9492&amp;preview_nonce=dd2e67b2f7&amp;_thumbnail_id=9185&amp;preview=true\">EVC WinOLS Gasoline Training Online: M\u00f3dulo 4 de 6a &#8211; clique para comprar esta li\u00e7\u00e3o<\/a><\/li>\n<li><strong>Treinamento on-line do EVC WinOLS Gasoline: M\u00f3dulo 4 de 6b &#8211; esta li\u00e7\u00e3o<\/strong><\/li>\n<li><a href=\"https:\/\/www.remap101.co.uk\/pt-br\/?post_type=sfwd-courses&amp;p=64436\">Treinamento EVC WinOLS Gasoline Online: M\u00f3dulo 4 de 6c &#8211; clique para comprar esta li\u00e7\u00e3o<\/a><\/li>\n<li><a href=\"https:\/\/www.remap101.co.uk\/pt-br\/produto\/evc-winols-gasoline-tuning-training-online-module-4-of-6d\/?preview_id=9496&amp;preview_nonce=86e4c91d22&amp;_thumbnail_id=9185&amp;preview=true\">EVC WinOLS Gasoline Training Online: M\u00f3dulo 4 de 6d \u2013 clique para comprar esta li\u00e7\u00e3o<\/a><\/li>\n<\/ol>\n<h3>Os benef\u00edcios do treinamento online com a Viezu<\/h3>\n<p>Uma vez adquiridas, cada uma dessas sess\u00f5es de treinamento pode ser assistida v\u00e1rias vezes &#8211; voc\u00ea tem acesso vital\u00edcio. Assista e reveja os v\u00eddeos v\u00e1rias vezes, conforme voc\u00ea desejar. Revise t\u00f3picos espec\u00edficos e reforce seu aprendizado.<\/p>\n<p>Uma das principais vantagens do aprendizado on-line do Viezu Remap101 EVC WinOLS \u00e9 que voc\u00ea pode aprender no seu pr\u00f3prio ritmo.<\/p>\n<p>Voc\u00ea tem a op\u00e7\u00e3o de pausar e reiniciar v\u00eddeos. Isso significa que, se voc\u00ea for interrompido, n\u00e3o importa &#8211; basta pausar e reiniciar mais tarde, quando estiver pronto.<\/p>\n<p>Fornecemos um arquivo original que voc\u00ea pode usar para praticar. Voc\u00ea pode acompanhar exatamente o que o instrutor est\u00e1 fazendo, em tempo real.<\/p>\n<h3>Software de ajuste EVC WinOLs<\/h3>\n<p>N\u00e3o \u00e9 essencial que voc\u00ea tenha o software WinOLS da EVC para usar este curso de treinamento WinOLS, mas recomendamos enfaticamente que o tenha. Se voc\u00ea tiver o software WinOLS aberto e funcionando, melhorar\u00e1 sua experi\u00eancia de aprendizado. Voc\u00ea pode praticar o que est\u00e1 aprendendo \u00e0 medida que avan\u00e7a.<\/p>\n<p>Se precisar comprar o software genu\u00edno EVC WinOls, voc\u00ea pode v\u00ea-lo e compr\u00e1-lo em nossa loja: <a href=\"https:\/\/www.remap101.co.uk\/product\/winols-5-tuning-software-evc\/\">Software WinOls<\/a>.<\/p>\n","protected":false},"excerpt":{"rendered":"<p>Treinamento Online EVC WinOLS Gasoline: M\u00f3dulo 4 de 6b.<\/p>\n","protected":false},"featured_media":57468,"comment_status":"open","ping_status":"closed","template":"","meta":{"_acf_changed":false},"product_brand":[21146,19675],"product_cat":[24690,24592,24582,24421,24433,24431],"product_tag":[15312,15273,15274,15219],"class_list":{"0":"post-51160","1":"product","2":"type-product","3":"status-publish","4":"has-post-thumbnail","6":"product_brand-evc","7":"product_brand-winols","8":"product_cat-cursos-de-treinamento-on-line-sobre-tuning","9":"product_cat-treinamento-de-ajuste-de-gasolina","10":"product_cat-treinamento-de-ajuste-de-marca","11":"product_cat-treinamento-de-ajuste-de-todos-os-veiculos","12":"product_cat-treinamento-de-ajuste-eletronico-evc","13":"product_cat-treinamento-evc-winols-pt-br-3","14":"product_tag-evc-pt-br","15":"product_tag-gasolina","16":"product_tag-gasolina-pt-br","17":"product_tag-software-de-ajuste-winols-5-evc-pt-br","19":"first","20":"instock","21":"taxable","22":"shipping-taxable","23":"purchasable","24":"product-type-simple"},"acf":[],"_links":{"self":[{"href":"https:\/\/www.remap101.co.uk\/pt-br\/wp-json\/wp\/v2\/product\/51160","targetHints":{"allow":["GET"]}}],"collection":[{"href":"https:\/\/www.remap101.co.uk\/pt-br\/wp-json\/wp\/v2\/product"}],"about":[{"href":"https:\/\/www.remap101.co.uk\/pt-br\/wp-json\/wp\/v2\/types\/product"}],"replies":[{"embeddable":true,"href":"https:\/\/www.remap101.co.uk\/pt-br\/wp-json\/wp\/v2\/comments?post=51160"}],"wp:featuredmedia":[{"embeddable":true,"href":"https:\/\/www.remap101.co.uk\/pt-br\/wp-json\/wp\/v2\/media\/57468"}],"wp:attachment":[{"href":"https:\/\/www.remap101.co.uk\/pt-br\/wp-json\/wp\/v2\/media?parent=51160"}],"wp:term":[{"taxonomy":"product_brand","embeddable":true,"href":"https:\/\/www.remap101.co.uk\/pt-br\/wp-json\/wp\/v2\/product_brand?post=51160"},{"taxonomy":"product_cat","embeddable":true,"href":"https:\/\/www.remap101.co.uk\/pt-br\/wp-json\/wp\/v2\/product_cat?post=51160"},{"taxonomy":"product_tag","embeddable":true,"href":"https:\/\/www.remap101.co.uk\/pt-br\/wp-json\/wp\/v2\/product_tag?post=51160"}],"curies":[{"name":"wp","href":"https:\/\/api.w.org\/{rel}","templated":true}]}}