{"id":51186,"date":"2022-02-23T16:48:18","date_gmt":"2022-02-23T16:48:18","guid":{"rendered":"https:\/\/www.remap101.co.uk\/product\/evc-winols-gasoline-tuning-training-online-modulo-3-de-6\/"},"modified":"2026-01-16T10:10:27","modified_gmt":"2026-01-16T10:10:27","slug":"evc-winols-gasoline-tuning-training-online-module-3-of-6","status":"publish","type":"product","link":"https:\/\/www.remap101.co.uk\/pt-br\/produto\/evc-winols-gasoline-tuning-training-online-module-3-of-6\/","title":{"rendered":"VTA1033: EVC WinOLS Gasoline Tuning Module 3 de 6"},"content":{"rendered":"<h2>Curso on-line de treinamento de ajuste de motores a gasolina EVC WinOLS<\/h2>\n<h3>Treinamento on-line do EVC WinOLS para ECUs a gasolina: M\u00f3dulo 3 de 6 &#8211; este m\u00f3dulo aborda as etapas necess\u00e1rias para iniciar e gerenciar um novo projeto.<\/h3>\n<p>Este m\u00f3dulo de treinamento de ajuste e remapeamento de ve\u00edculos a gasolina EVC WinOLS \u00e9 a terceira parte do curso de treinamento on-line Viezu Remap101 WinOLS para ajuste de ve\u00edculos a gasolina.<\/p>\n<p>Os cursos de treinamento on-line Remap101 da Viezu s\u00e3o modulares. Cada m\u00f3dulo se baseia no m\u00f3dulo anterior. Os m\u00f3dulos juntos formam um programa estruturado de aprendizado. Voc\u00ea pode desenvolver seus conhecimentos e habilidades passo a passo.<\/p>\n<p>O conte\u00fado do curso de ajuste de gasolina do WinOLS inclui o formato dos arquivos e mapas de ajuste que s\u00e3o usados para ajustar e calibrar ECUs de gasolina, al\u00e9m de configura\u00e7\u00e3o e fun\u00e7\u00f5es.<\/p>\n<h3>Os benef\u00edcios do treinamento online com a Viezu<\/h3>\n<p>Ap\u00f3s a compra, voc\u00ea tem acesso vital\u00edcio a esses m\u00f3dulos de treinamento do Viezu Remap101. Voc\u00ea pode assistir aos v\u00eddeos de treinamento ilimitadas vezes.<\/p>\n<p>Um dos principais benef\u00edcios do aprendizado on-line do Viezu Remap101 \u00e9 que, se voc\u00ea n\u00e3o entender um conceito ou uma t\u00e9cnica na primeira visualiza\u00e7\u00e3o, poder\u00e1 revisar e rever. Voc\u00ea pode fazer isso quantas vezes quiser. Aprenda no ritmo que for melhor para voc\u00ea.<\/p>\n<p>Voc\u00ea pode pausar e reiniciar os v\u00eddeos quantas vezes quiser. Isso permite que voc\u00ea lide com interrup\u00e7\u00f5es ou fa\u00e7a uma pausa. Tamb\u00e9m d\u00e1 a voc\u00ea tempo para experimentar uma t\u00e9cnica ou um processo antes de passar para a pr\u00f3xima parte do v\u00eddeo.<\/p>\n<h3>Software de ajuste WinOLs<\/h3>\n<p>Voc\u00ea pode fazer qualquer um dos nossos m\u00f3dulos de treinamento do WinOls sem o software. No entanto, sua experi\u00eancia de aprendizado ser\u00e1 muito melhor se voc\u00ea tiver o software aberto, funcionando e com voc\u00ea, em seu pr\u00f3prio computador.<\/p>\n<p>Ter seu pr\u00f3prio software significa que voc\u00ea pode praticar o que aprendeu antes de passar para a pr\u00f3xima parte do curso de treinamento. Voc\u00ea pode refor\u00e7ar seu aprendizado e aumentar sua confian\u00e7a no software.<\/p>\n<p>Se voc\u00ea ainda n\u00e3o comprou seu software WinOls genu\u00edno, poder\u00e1 v\u00ea-lo e compr\u00e1-lo em nossa loja on-line &#8211; <a href=\"https:\/\/www.remap101.co.uk\/product\/winols-5-tuning-software-evc\/\">WinOls Software<\/a>.<\/p>\n<p>&nbsp;<\/p>\n<p>Treinamento de remapeamento de ECU e remapeamento da Viezu Training Academy e Remap101.<\/p>\n","protected":false},"excerpt":{"rendered":"<p>Treinamento de Ajuste de Gasolina EVC WinOLS: M\u00f3dulo 3 de 6; Esta li\u00e7\u00e3o aborda as etapas necess\u00e1rias para iniciar um novo projeto e abrir um projeto.<\/p>\n<p>Treinamento de remapeamento e remapeamento de ECU da VIEZU Training Academy<\/p>\n","protected":false},"featured_media":57368,"comment_status":"open","ping_status":"closed","template":"","meta":{"_acf_changed":false},"product_brand":[21146,19675],"product_cat":[24690,24592,24582,24421,24433,24431],"product_tag":[15312,15273,15274,15219],"class_list":{"0":"post-51186","1":"product","2":"type-product","3":"status-publish","4":"has-post-thumbnail","6":"product_brand-evc","7":"product_brand-winols","8":"product_cat-cursos-de-treinamento-on-line-sobre-tuning","9":"product_cat-treinamento-de-ajuste-de-gasolina","10":"product_cat-treinamento-de-ajuste-de-marca","11":"product_cat-treinamento-de-ajuste-de-todos-os-veiculos","12":"product_cat-treinamento-de-ajuste-eletronico-evc","13":"product_cat-treinamento-evc-winols-pt-br-3","14":"product_tag-evc-pt-br","15":"product_tag-gasolina","16":"product_tag-gasolina-pt-br","17":"product_tag-software-de-ajuste-winols-5-evc-pt-br","19":"first","20":"instock","21":"taxable","22":"shipping-taxable","23":"purchasable","24":"product-type-simple"},"acf":[],"_links":{"self":[{"href":"https:\/\/www.remap101.co.uk\/pt-br\/wp-json\/wp\/v2\/product\/51186","targetHints":{"allow":["GET"]}}],"collection":[{"href":"https:\/\/www.remap101.co.uk\/pt-br\/wp-json\/wp\/v2\/product"}],"about":[{"href":"https:\/\/www.remap101.co.uk\/pt-br\/wp-json\/wp\/v2\/types\/product"}],"replies":[{"embeddable":true,"href":"https:\/\/www.remap101.co.uk\/pt-br\/wp-json\/wp\/v2\/comments?post=51186"}],"wp:featuredmedia":[{"embeddable":true,"href":"https:\/\/www.remap101.co.uk\/pt-br\/wp-json\/wp\/v2\/media\/57368"}],"wp:attachment":[{"href":"https:\/\/www.remap101.co.uk\/pt-br\/wp-json\/wp\/v2\/media?parent=51186"}],"wp:term":[{"taxonomy":"product_brand","embeddable":true,"href":"https:\/\/www.remap101.co.uk\/pt-br\/wp-json\/wp\/v2\/product_brand?post=51186"},{"taxonomy":"product_cat","embeddable":true,"href":"https:\/\/www.remap101.co.uk\/pt-br\/wp-json\/wp\/v2\/product_cat?post=51186"},{"taxonomy":"product_tag","embeddable":true,"href":"https:\/\/www.remap101.co.uk\/pt-br\/wp-json\/wp\/v2\/product_tag?post=51186"}],"curies":[{"name":"wp","href":"https:\/\/api.w.org\/{rel}","templated":true}]}}