{"id":51238,"date":"2022-01-21T11:44:19","date_gmt":"2022-01-21T11:44:19","guid":{"rendered":"https:\/\/www.remap101.co.uk\/product\/evc-winols-gasoline-tuning-training-online-modulo-2-de-6\/"},"modified":"2026-01-06T14:06:14","modified_gmt":"2026-01-06T14:06:14","slug":"evc-winols-gasoline-tuning-module-2-of-6","status":"publish","type":"product","link":"https:\/\/www.remap101.co.uk\/pt-br\/produto\/evc-winols-gasoline-tuning-module-2-of-6\/","title":{"rendered":"VTA1032: EVC WinOLS Gasoline Tuning Module 2 de 6"},"content":{"rendered":"<h2>Curso on-line de treinamento de ajuste de ECU a gasolina do EVC WinOLS<\/h2>\n<h3>Treinamento do EVC WinOLS para gasolina \/ gasolina: M\u00f3dulo 2 de 6 &#8211; este m\u00f3dulo aborda como iniciar e gerenciar um novo projeto no WinOLS.<\/h3>\n<p>Este m\u00f3dulo de treinamento on-line do EVC WinOLS Gasoline tuning \u00e9 o segundo m\u00f3dulo do curso de treinamento on-line Viezu Remap101 para o ajuste e a calibra\u00e7\u00e3o da ECU a gasolina usando o WinOLS.<\/p>\n<p>Cada m\u00f3dulo de treinamento em nossos cursos on-line se baseia no m\u00f3dulo anterior. Os m\u00f3dulos se combinam para oferecer a voc\u00ea um programa estruturado de aprendizado que aumenta sua compreens\u00e3o, seu conhecimento e suas habilidades pr\u00e1ticas.<\/p>\n<p>O curso de treinamento on-line Remap101 da Viezu para WinOLS abrange a configura\u00e7\u00e3o e as fun\u00e7\u00f5es do software e como criar arquivos de ajuste e mapas para ajustar e atualizar ECUs de motores a gasolina.<\/p>\n<p>Neste m\u00f3dulo, um arquivo de software original b\u00e1sico de um ve\u00edculo BMW \u00e9 usado como exemplo de treinamento. Os princ\u00edpios de ajuste abordados e o treinamento sobre as fun\u00e7\u00f5es e o uso do software WinOls s\u00e3o transfer\u00edveis para a maioria das aplica\u00e7\u00f5es de ajuste de motores a gasolina.<\/p>\n<h3>Os benef\u00edcios do treinamento on-line<\/h3>\n<p>Uma vez adquirido, voc\u00ea tem acesso vital\u00edcio ao seu m\u00f3dulo &#8211; voc\u00ea pode assistir e revisar quantas vezes quiser &#8211; n\u00e3o h\u00e1 limites.<\/p>\n<p>Voc\u00ea tamb\u00e9m pode pausar e reiniciar o v\u00eddeo de treinamento, quantas vezes quiser. Isso permite que voc\u00ea repasse pontos importantes. Al\u00e9m disso, se voc\u00ea for interrompido ou quiser fazer uma pausa, n\u00e3o h\u00e1 problema: basta pausar e reiniciar o v\u00eddeo mais tarde, quando estiver pronto. Isso tamb\u00e9m d\u00e1 a voc\u00ea a oportunidade de praticar por conta pr\u00f3pria as t\u00e9cnicas e os processos do v\u00eddeo. Voc\u00ea controla o ritmo do seu pr\u00f3prio aprendizado.<\/p>\n<h3>Software de ajuste WinOLs<\/h3>\n<p>Embora voc\u00ea possa fazer qualquer um dos m\u00f3dulos de treinamento do VTA WinOls sem ter o software, sua experi\u00eancia de aprendizado ser\u00e1 muito maior se voc\u00ea tiver o software aberto e com voc\u00ea enquanto assiste ao v\u00eddeo de treinamento. Al\u00e9m disso, voc\u00ea pode praticar o que acabou de aprender \u00e0 medida que avan\u00e7a.<\/p>\n<p>Se precisar comprar seu pr\u00f3prio software WinOls genu\u00edno, voc\u00ea pode compr\u00e1-lo em nossa loja on-line &#8211; <a href=\"https:\/\/www.remap101.co.uk\/product\/winols-5-tuning-software-evc\/\">WinOls Software<\/a>.<\/p>\n<p>&nbsp;<\/p>\n<p>&nbsp;<\/p>\n<p>Treinamento de remapeamento de ECU e remapeamento da Viezu Training Academy e Remap101.<\/p>\n","protected":false},"excerpt":{"rendered":"<p>Treinamento de Ajuste de Gasolina EVC WinOLS: M\u00f3dulo 2 de 6; Esta li\u00e7\u00e3o aborda as etapas necess\u00e1rias para iniciar um novo projeto e abrir um projeto.<\/p>\n","protected":false},"featured_media":57068,"comment_status":"open","ping_status":"closed","template":"","meta":{"_acf_changed":false},"product_brand":[21146,19675],"product_cat":[24690,24592,24582,24421,24433,24431],"product_tag":[15312,23012,23013],"class_list":{"0":"post-51238","1":"product","2":"type-product","3":"status-publish","4":"has-post-thumbnail","6":"product_brand-evc","7":"product_brand-winols","8":"product_cat-cursos-de-treinamento-on-line-sobre-tuning","9":"product_cat-treinamento-de-ajuste-de-gasolina","10":"product_cat-treinamento-de-ajuste-de-marca","11":"product_cat-treinamento-de-ajuste-de-todos-os-veiculos","12":"product_cat-treinamento-de-ajuste-eletronico-evc","13":"product_cat-treinamento-evc-winols-pt-br-3","14":"product_tag-evc-pt-br","15":"product_tag-gasolina-pt-br-2","16":"product_tag-software-de-ajuste-winols-5-evc-pt-br-2","18":"first","19":"instock","20":"taxable","21":"shipping-taxable","22":"purchasable","23":"product-type-simple"},"acf":[],"_links":{"self":[{"href":"https:\/\/www.remap101.co.uk\/pt-br\/wp-json\/wp\/v2\/product\/51238","targetHints":{"allow":["GET"]}}],"collection":[{"href":"https:\/\/www.remap101.co.uk\/pt-br\/wp-json\/wp\/v2\/product"}],"about":[{"href":"https:\/\/www.remap101.co.uk\/pt-br\/wp-json\/wp\/v2\/types\/product"}],"replies":[{"embeddable":true,"href":"https:\/\/www.remap101.co.uk\/pt-br\/wp-json\/wp\/v2\/comments?post=51238"}],"wp:featuredmedia":[{"embeddable":true,"href":"https:\/\/www.remap101.co.uk\/pt-br\/wp-json\/wp\/v2\/media\/57068"}],"wp:attachment":[{"href":"https:\/\/www.remap101.co.uk\/pt-br\/wp-json\/wp\/v2\/media?parent=51238"}],"wp:term":[{"taxonomy":"product_brand","embeddable":true,"href":"https:\/\/www.remap101.co.uk\/pt-br\/wp-json\/wp\/v2\/product_brand?post=51238"},{"taxonomy":"product_cat","embeddable":true,"href":"https:\/\/www.remap101.co.uk\/pt-br\/wp-json\/wp\/v2\/product_cat?post=51238"},{"taxonomy":"product_tag","embeddable":true,"href":"https:\/\/www.remap101.co.uk\/pt-br\/wp-json\/wp\/v2\/product_tag?post=51238"}],"curies":[{"name":"wp","href":"https:\/\/api.w.org\/{rel}","templated":true}]}}