{"id":51245,"date":"2022-01-17T16:07:21","date_gmt":"2022-01-17T16:07:21","guid":{"rendered":"https:\/\/www.remap101.co.uk\/product\/modulo-de-treinamento-de-ajuste-de-gasolina-evc-winols-1-de-6\/"},"modified":"2026-01-05T17:35:46","modified_gmt":"2026-01-05T17:35:46","slug":"evc-winols-gasoline-tuning-training-module-1-of-6","status":"publish","type":"product","link":"https:\/\/www.remap101.co.uk\/pt-br\/produto\/evc-winols-gasoline-tuning-training-module-1-of-6\/","title":{"rendered":"VTA1031: M\u00f3dulo de ajuste de gasolina do EVC WinOLS 1 de 6"},"content":{"rendered":"<h2>Curso de treinamento de ajuste de gasolina do EVC WinOLS<\/h2>\n<h3>Treinamento on-line de ajuste de motores a gasolina do EVC WinOLS: M\u00f3dulo 1 de 6 &#8211; in\u00edcio do trabalho de download, instala\u00e7\u00e3o e configura\u00e7\u00e3o do EVC WinOLS 5.<\/h3>\n<p>Este \u00e9 o primeiro m\u00f3dulo do curso de treinamento on-line Remap101 da Viezu Training Academy em ajuste de motores a gasolina e remapeamento de ECU usando o EVC WinOLS.<\/p>\n<p>Nossos cursos de treinamento on-line s\u00e3o modulares. Cada m\u00f3dulo se baseia no anterior. Juntos, os m\u00f3dulos de um curso formam um programa estruturado de aprendizado.<\/p>\n<p>Voc\u00ea obter\u00e1 o m\u00e1ximo de benef\u00edcios e valor total do curso se fizer os m\u00f3dulos na ordem correta, em sequ\u00eancia.<\/p>\n<p>O EVC WinOLS \u00e9 um poderoso software de ajuste e remapeamento. No entanto, \u00e9 dif\u00edcil de aprender para o novo usu\u00e1rio. Com o WinOLS, voc\u00ea est\u00e1 trabalhando com dados brutos. Isso lhe d\u00e1 muito controle manual, mas o WinOLS n\u00e3o oferece pontos de partida ou orienta\u00e7\u00f5es f\u00e1ceis de usar como parte de sua interface de usu\u00e1rio.<\/p>\n<p>O curso on-line Viezu Remap101 para WinOLS conduzir\u00e1 voc\u00ea passo a passo pela instala\u00e7\u00e3o, configura\u00e7\u00e3o e uso do software &#8211; de forma estruturada. Como o WinOLS \u00e9 complexo, h\u00e1 mais m\u00f3dulos em nossos cursos para WinOLS do que em nossos cursos para outras plataformas de software.<\/p>\n<p>Ao concluir todos os m\u00f3dulos deste curso de treinamento on-line, voc\u00ea ter\u00e1 uma boa no\u00e7\u00e3o do WinOLS e de como ele pode ser usado para aplica\u00e7\u00f5es pr\u00e1ticas no ajuste, remapeamento e calibra\u00e7\u00e3o de ECUs de motores a gasolina.<\/p>\n<p>O que este primeiro m\u00f3dulo aborda:<\/p>\n<ol>\n<li>Como se preparar para o sucesso na escrita de mapas<\/li>\n<li>O que voc\u00ea deve fazer antes de come\u00e7ar a usar o software<\/li>\n<li>Organiza\u00e7\u00e3o e defini\u00e7\u00e3o de prefer\u00eancias<\/li>\n<li>Recomenda\u00e7\u00f5es para configura\u00e7\u00f5es<\/li>\n<li>Otimiza\u00e7\u00e3o de visualiza\u00e7\u00f5es e layouts<\/li>\n<li>Como usar o software e o que evitar<\/li>\n<\/ol>\n<p>Voc\u00ea ter\u00e1 1 hora para fazer este m\u00f3dulo e o teste\/question\u00e1rio.<\/p>\n<p>Neste primeiro m\u00f3dulo do EVC WinOLS Gasoline, voc\u00ea aprender\u00e1 a fazer o download e instalar o EVC WinOLS 5. Voc\u00ea aprender\u00e1 a configurar o software e a definir suas configura\u00e7\u00f5es, antes de criar seu primeiro projeto e arquivo de ajuste.<\/p>\n<p>Neste m\u00f3dulo, um arquivo de software original b\u00e1sico de um ve\u00edculo BMW \u00e9 o exemplo de treinamento. Os princ\u00edpios de ajuste abordados e as t\u00e9cnicas de uso do software WinOls podem ser transferidos para a maioria das aplica\u00e7\u00f5es de ajuste de motores a gasolina.<\/p>\n<p>N\u00e3o \u00e9 essencial que voc\u00ea tenha seu pr\u00f3prio software WinOLS para fazer este curso de treinamento. No entanto, sua experi\u00eancia de aprendizado ser\u00e1 muito melhor se voc\u00ea tiver o software aberto e com voc\u00ea em seu pr\u00f3prio computador enquanto trabalha nos m\u00f3dulos. Isso lhe dar\u00e1 a oportunidade de praticar no software e experimentar por si mesmo os processos e as t\u00e9cnicas que voc\u00ea aprendeu no v\u00eddeo. Isso refor\u00e7a o que voc\u00ea aprendeu.<\/p>\n<p>Se voc\u00ea ainda n\u00e3o comprou o software WinOLS genu\u00edno, poder\u00e1 visualiz\u00e1-lo e compr\u00e1-lo em nossa loja on-line &#8211; <a href=\"https:\/\/www.remap101.co.uk\/product\/winols-5-tuning-software-evc\/\">WinOls Software<\/a>.<\/p>\n","protected":false},"excerpt":{"rendered":"<p>M\u00f3dulo de ajuste de gasolina EVC WinOLS 1 de 6; duas li\u00e7\u00f5es que abrangem download, instala\u00e7\u00e3o e configura\u00e7\u00e3o do EVC WinOLS5.<\/p>\n<p>Este \u00e9 um m\u00f3dulo de treinamento completo, aguarde 1 hora para fazer este curso e o teste associado a ele<\/p>\n","protected":false},"featured_media":57048,"comment_status":"open","ping_status":"closed","template":"","meta":{"_acf_changed":false},"product_brand":[21146,19675],"product_cat":[24690,24586,24592,24582,24421,24433,24584,24431],"product_tag":[15312,15273,15274,15219],"class_list":{"0":"post-51245","1":"product","2":"type-product","3":"status-publish","4":"has-post-thumbnail","6":"product_brand-evc","7":"product_brand-winols","8":"product_cat-cursos-de-treinamento-on-line-sobre-tuning","9":"product_cat-treinamento-de-ajuste-de-carros","10":"product_cat-treinamento-de-ajuste-de-gasolina","11":"product_cat-treinamento-de-ajuste-de-marca","12":"product_cat-treinamento-de-ajuste-de-todos-os-veiculos","13":"product_cat-treinamento-de-ajuste-eletronico-evc","14":"product_cat-treinamento-de-ajuste-para-iniciantes","15":"product_cat-treinamento-evc-winols-pt-br-3","16":"product_tag-evc-pt-br","17":"product_tag-gasolina","18":"product_tag-gasolina-pt-br","19":"product_tag-software-de-ajuste-winols-5-evc-pt-br","21":"first","22":"instock","23":"taxable","24":"shipping-taxable","25":"purchasable","26":"product-type-simple"},"acf":[],"_links":{"self":[{"href":"https:\/\/www.remap101.co.uk\/pt-br\/wp-json\/wp\/v2\/product\/51245","targetHints":{"allow":["GET"]}}],"collection":[{"href":"https:\/\/www.remap101.co.uk\/pt-br\/wp-json\/wp\/v2\/product"}],"about":[{"href":"https:\/\/www.remap101.co.uk\/pt-br\/wp-json\/wp\/v2\/types\/product"}],"replies":[{"embeddable":true,"href":"https:\/\/www.remap101.co.uk\/pt-br\/wp-json\/wp\/v2\/comments?post=51245"}],"wp:featuredmedia":[{"embeddable":true,"href":"https:\/\/www.remap101.co.uk\/pt-br\/wp-json\/wp\/v2\/media\/57048"}],"wp:attachment":[{"href":"https:\/\/www.remap101.co.uk\/pt-br\/wp-json\/wp\/v2\/media?parent=51245"}],"wp:term":[{"taxonomy":"product_brand","embeddable":true,"href":"https:\/\/www.remap101.co.uk\/pt-br\/wp-json\/wp\/v2\/product_brand?post=51245"},{"taxonomy":"product_cat","embeddable":true,"href":"https:\/\/www.remap101.co.uk\/pt-br\/wp-json\/wp\/v2\/product_cat?post=51245"},{"taxonomy":"product_tag","embeddable":true,"href":"https:\/\/www.remap101.co.uk\/pt-br\/wp-json\/wp\/v2\/product_tag?post=51245"}],"curies":[{"name":"wp","href":"https:\/\/api.w.org\/{rel}","templated":true}]}}