{"id":51253,"date":"2022-01-14T16:47:28","date_gmt":"2022-01-14T16:47:28","guid":{"rendered":"https:\/\/www.remap101.co.uk\/product\/modulo-de-ajuste-de-gasolina-de-titanio-ecm-6-de-6\/"},"modified":"2026-01-07T12:30:05","modified_gmt":"2026-01-07T12:30:05","slug":"ecm-titanium-gasoline-tuning-module-6-of-6","status":"publish","type":"product","link":"https:\/\/www.remap101.co.uk\/pt-br\/produto\/ecm-titanium-gasoline-tuning-module-6-of-6\/","title":{"rendered":"VTA1030: M\u00f3dulo de ajuste de gasolina ECM Titanium 6 de 6"},"content":{"rendered":"<h2>ECM Titanium Gasoline Tuning Module Online 6 de 6<\/h2>\n<p>ECM Titanium Petrol I Gasoline Training : Este curso \u00e9 uma continua\u00e7\u00e3o direta do ECM Titanium Gasoline Tuning Module 5 de 6: Li\u00e7\u00e3o Um. Volte e conclua o M\u00f3dulo de Ajuste de Gasolina de Tit\u00e2nio ECM 5 de 6: Li\u00e7\u00e3o Um, se ainda n\u00e3o o fez. Neste curso, a li\u00e7\u00e3o continua com a compara\u00e7\u00e3o de diferentes tipos de mapas de ve\u00edculos a gasolina. Observe que os arquivos de estoque dos quatro ve\u00edculos est\u00e3o inclu\u00eddos nesta li\u00e7\u00e3o para permitir que voc\u00ea explore a l\u00f3gica em seu pr\u00f3prio tempo e em seu pr\u00f3prio ritmo preferido de aprendizado.   <\/p>\n<h3><strong>Neste curso, nos concentramos nos seguintes t\u00f3picos:<\/strong><\/h3>\n<ol>\n<li>Ajuste do mapa base do Spark Advance<\/li>\n<li>O que \u00e9 o Spark Advance at Full Load e como fazer as modifica\u00e7\u00f5es necess\u00e1rias<\/li>\n<li>Explorando modifica\u00e7\u00f5es complementares em ve\u00edculos naturalmente aspirados (NA)<\/li>\n<li>Comparando diferentes ve\u00edculos NA e seus arquivos de estoque para entender melhor a l\u00f3gica das modifica\u00e7\u00f5es aplicadas<\/li>\n<\/ol>\n<p>Este m\u00f3dulo de treinamento on-line do ECM Titanium Petrol I Gasoline \u00e9 a sexta sess\u00e3o de uma s\u00e9rie de seis sess\u00f5es de treinamento on-line do Alientech ECM Titanium Gasoline Tuning. Recomendamos que voc\u00ea fa\u00e7a todos os cursos na ordem correta para obter o m\u00e1ximo benef\u00edcio do seu investimento no desenvolvimento de suas habilidades. Ao acompanhar todos os cursos da s\u00e9rie, voc\u00ea ver\u00e1 que seus conhecimentos e habilidades est\u00e3o sendo desenvolvidos de um m\u00f3dulo para o outro.  <\/p>\n<p>Com a capacidade de acompanhar os exerc\u00edcios pr\u00e1ticos, voc\u00ea obter\u00e1 os melhores resultados com o remapeamento um a um &#8211; n\u00f3s o conduziremos pelas etapas fundamentais para se tornar um sintonizador competente e, mesmo que voc\u00ea j\u00e1 esteja usando o software Alientech ECM Titanium, comece com a li\u00e7\u00e3o introdut\u00f3ria e siga confortavelmente a l\u00f3gica e a estrutura das li\u00e7\u00f5es passo a passo, um a um.<\/p>\n<p><strong>Mas espere, fica melhor&#8230;.<\/strong><\/p>\n<p>Cada sess\u00e3o de treinamento pode ser feita v\u00e1rias vezes. Como tal, uma das grandes coisas sobre o treinamento online \u00e9 se voc\u00ea n\u00e3o entendeu muito bem alguma coisa. Voc\u00ea pode assisti-lo de novo e de novo e de novo at\u00e9 domin\u00e1-lo. E voc\u00ea tamb\u00e9m pode pausar e reiniciar. Da\u00ed dar-lhe tempo para fazer anota\u00e7\u00f5es, ou at\u00e9 mesmo praticar o que acabou de ver    <\/p>\n<h3><strong>Software de ajuste de ECM da Alientech  <\/strong><\/h3>\n<p>Em teoria, voc\u00ea n\u00e3o precisa ter comprado o software de ajuste de ECM da Alientech para fazer este curso de treinamento. Entretanto, para que voc\u00ea tenha a melhor experi\u00eancia de aprendizado poss\u00edvel. E para garantir que voc\u00ea obtenha o melhor impacto dos cursos de treinamento Remap 101. Realmente recomendamos que voc\u00ea fa\u00e7a o treinamento com o software em m\u00e3os.   <\/p>\n<p>Se voc\u00ea tiver o software ECM, isso significa que poder\u00e1 acompanhar ativamente o treinamento. Portanto, voc\u00ea poder\u00e1 participar dos exerc\u00edcios durante e ap\u00f3s o treinamento. Sabemos que voc\u00ea aproveitar\u00e1 muito mais o treinamento se fizer o curso com o software. Por isso, talvez voc\u00ea queira conhecer o estoque e o fornecimento da Remap 101. Al\u00e9m de treinar praticamente todas as ferramentas e softwares de ajuste. Voc\u00ea pode ver a ferramenta de ajuste e a loja de software aqui: <a href=\"https:\/\/www.remap101.co.uk\/pt-br\/categoria-produto\/ferramentas-e-software-de-ajuste-profissional\/\">Shop<\/a><\/p>\n","protected":false},"excerpt":{"rendered":"<h2>Gasolina de tit\u00e2nio ECM | M\u00f3dulo de Treinamento Online de Ajuste de Gasolina 6 de 6<\/h2>\n","protected":false},"featured_media":56978,"comment_status":"open","ping_status":"closed","template":"","meta":{"_acf_changed":false},"product_brand":[19674,19679],"product_cat":[24690,24592,24582,24421,24425,14858],"product_tag":[15269,15271,15273,15274,15341],"class_list":{"0":"post-51253","1":"product","2":"type-product","3":"status-publish","4":"has-post-thumbnail","6":"product_brand-alientech","7":"product_brand-ecm-titanium","8":"product_cat-cursos-de-treinamento-on-line-sobre-tuning","9":"product_cat-treinamento-de-ajuste-de-gasolina","10":"product_cat-treinamento-de-ajuste-de-marca","11":"product_cat-treinamento-de-ajuste-de-todos-os-veiculos","12":"product_cat-treinamento-em-ecm-titanium-pt-br","13":"product_cat-alientech-pt-br","14":"product_tag-ecm-pt-br","15":"product_tag-ecm-titanium-pt-br","16":"product_tag-gasolina","17":"product_tag-gasolina-pt-br","18":"product_tag-treinamento-alientech-ecm-titanium-pt-br","20":"first","21":"instock","22":"taxable","23":"shipping-taxable","24":"purchasable","25":"product-type-simple"},"acf":[],"_links":{"self":[{"href":"https:\/\/www.remap101.co.uk\/pt-br\/wp-json\/wp\/v2\/product\/51253","targetHints":{"allow":["GET"]}}],"collection":[{"href":"https:\/\/www.remap101.co.uk\/pt-br\/wp-json\/wp\/v2\/product"}],"about":[{"href":"https:\/\/www.remap101.co.uk\/pt-br\/wp-json\/wp\/v2\/types\/product"}],"replies":[{"embeddable":true,"href":"https:\/\/www.remap101.co.uk\/pt-br\/wp-json\/wp\/v2\/comments?post=51253"}],"wp:featuredmedia":[{"embeddable":true,"href":"https:\/\/www.remap101.co.uk\/pt-br\/wp-json\/wp\/v2\/media\/56978"}],"wp:attachment":[{"href":"https:\/\/www.remap101.co.uk\/pt-br\/wp-json\/wp\/v2\/media?parent=51253"}],"wp:term":[{"taxonomy":"product_brand","embeddable":true,"href":"https:\/\/www.remap101.co.uk\/pt-br\/wp-json\/wp\/v2\/product_brand?post=51253"},{"taxonomy":"product_cat","embeddable":true,"href":"https:\/\/www.remap101.co.uk\/pt-br\/wp-json\/wp\/v2\/product_cat?post=51253"},{"taxonomy":"product_tag","embeddable":true,"href":"https:\/\/www.remap101.co.uk\/pt-br\/wp-json\/wp\/v2\/product_tag?post=51253"}],"curies":[{"name":"wp","href":"https:\/\/api.w.org\/{rel}","templated":true}]}}