{"id":51261,"date":"2022-01-14T16:43:03","date_gmt":"2022-01-14T16:43:03","guid":{"rendered":"https:\/\/www.remap101.co.uk\/product\/modulo-de-ajuste-de-gasolina-de-titanio-ecm-5-de-6\/"},"modified":"2026-01-07T12:52:41","modified_gmt":"2026-01-07T12:52:41","slug":"ecm-titanium-gasoline-tuning-module-5-of-6","status":"publish","type":"product","link":"https:\/\/www.remap101.co.uk\/pt-br\/produto\/ecm-titanium-gasoline-tuning-module-5-of-6\/","title":{"rendered":"VTA1029: M\u00f3dulo de ajuste de gasolina ECM Titanium 5 de 6"},"content":{"rendered":"<h2>ECM Tit\u00e2nio Gasolina | Treinamento Online de Gasolina M\u00f3dulo 5 de 6<\/h2>\n<p>ECM Tit\u00e2nio Gasolina | Treinamento em gasolina Curso de treinamento on-line o que \u00e9 abordado:<\/p>\n<ul>\n<li>Compreender os princ\u00edpios de ajuste de ve\u00edculos naturalmente aspirados (NA) e,<\/li>\n<li>como abordar a afina\u00e7\u00e3o usando o software Alientech ECM Titanium<\/li>\n<li>O Trainer ir\u00e1 gui\u00e1-lo atrav\u00e9s de v\u00e1rios tipos diferentes de ve\u00edculos para ajud\u00e1-lo a comparar os dados nos mapas.<\/li>\n<li>Para apoiar o desenvolvimento do seu conhecimento e tornar o curso o mais interativo poss\u00edvel para voc\u00ea; O curso cont\u00e9m os arquivos originais que voc\u00ea precisar\u00e1 para poder acompanhar o curso junto com o instrutor.<\/li>\n<li>O treinador abordar\u00e1 os principais benef\u00edcios de ajustar um ve\u00edculo naturalmente aspirado e mostrar\u00e1 os principais mapas que podem ser ajustados para desbloquear os aumentos de desempenho nesses ve\u00edculos<\/li>\n<\/ul>\n<p>Este m\u00f3dulo de treinamento on-line do ECM Titanium Gasolina \u00e9 a quinta sess\u00e3o de uma s\u00e9rie de seis sess\u00f5es de treinamento on-line de ajuste do ECM Titanium Gasolina da Alientech. Recomendamos que voc\u00ea fa\u00e7a todos os cursos na ordem correta para obter o m\u00e1ximo benef\u00edcio do seu investimento no desenvolvimento de suas habilidades. <\/p>\n<p>Ao acompanhar todos os cursos da s\u00e9rie, voc\u00ea ver\u00e1 que seu conhecimento e suas habilidades se desenvolver\u00e3o de um m\u00f3dulo para o outro.<\/p>\n<p>Com a capacidade de acompanhar os exerc\u00edcios pr\u00e1ticos, voc\u00ea obter\u00e1 os melhores resultados com o remapeamento um a um &#8211; n\u00f3s o conduziremos pelas etapas fundamentais para se tornar um afinador competente e, mesmo que voc\u00ea j\u00e1 esteja usando o software Alientech ECM Titanium, comece com a li\u00e7\u00e3o introdut\u00f3ria e siga confortavelmente a l\u00f3gica e a estrutura das li\u00e7\u00f5es passo a passo, um a um.<\/p>\n<p><strong>Mas espere, fica melhor&#8230;.<\/strong><\/p>\n<p>Cada sess\u00e3o de treinamento est\u00e1 dispon\u00edvel quantas vezes voc\u00ea precisar. Como tal, uma das grandes coisas sobre o treinamento online \u00e9 se voc\u00ea n\u00e3o entendeu muito bem alguma coisa. Voc\u00ea pode assisti-lo de novo e de novo e de novo at\u00e9 domin\u00e1-lo. E voc\u00ea tamb\u00e9m pode pausar e reiniciar. Da\u00ed dar-lhe tempo para fazer anota\u00e7\u00f5es, ou at\u00e9 mesmo praticar o que acabou de ver    <\/p>\n<h3><strong>Software de ajuste de ECM da Alientech  <\/strong><\/h3>\n<p>Em teoria, voc\u00ea n\u00e3o precisa ter comprado o software de ajuste de ECM da Alientech para fazer este curso de treinamento. Entretanto, para que voc\u00ea tenha a melhor experi\u00eancia de aprendizado poss\u00edvel. E para garantir que voc\u00ea obtenha o melhor impacto dos cursos de treinamento Remap 101. Realmente recomendamos que voc\u00ea fa\u00e7a o treinamento com o software em m\u00e3os.   <\/p>\n<p>Se voc\u00ea tiver o software ECM, isso significa que poder\u00e1 acompanhar ativamente o treinamento. Portanto, voc\u00ea poder\u00e1 participar dos exerc\u00edcios durante e ap\u00f3s o treinamento. Sabemos que voc\u00ea aproveitar\u00e1 muito mais o treinamento se fizer o curso com o software. Por isso, voc\u00ea deve gostar de saber que a Remap 101 tem em estoque, fornece e treina praticamente todas as ferramentas e softwares de ajuste. Voc\u00ea pode ver a ferramenta de ajuste e a loja de software aqui: <a href=\"https:\/\/www.remap101.co.uk\/pt-br\/categoria-produto\/ferramentas-e-software-de-ajuste-profissional\/\">Shop<\/a><\/p>\n","protected":false},"excerpt":{"rendered":"<h2>ECM Titanium Gasolina \/ Gasolina Tuning M\u00f3dulo de Treinamento Online 5 de 6<\/h2>\n","protected":false},"featured_media":56908,"comment_status":"open","ping_status":"closed","template":"","meta":{"_acf_changed":false},"product_brand":[19674,19679],"product_cat":[24690,24592,24582,24421,24425,14858],"product_tag":[15269,15271,15273,15274],"class_list":{"0":"post-51261","1":"product","2":"type-product","3":"status-publish","4":"has-post-thumbnail","6":"product_brand-alientech","7":"product_brand-ecm-titanium","8":"product_cat-cursos-de-treinamento-on-line-sobre-tuning","9":"product_cat-treinamento-de-ajuste-de-gasolina","10":"product_cat-treinamento-de-ajuste-de-marca","11":"product_cat-treinamento-de-ajuste-de-todos-os-veiculos","12":"product_cat-treinamento-em-ecm-titanium-pt-br","13":"product_cat-alientech-pt-br","14":"product_tag-ecm-pt-br","15":"product_tag-ecm-titanium-pt-br","16":"product_tag-gasolina","17":"product_tag-gasolina-pt-br","19":"first","20":"instock","21":"taxable","22":"shipping-taxable","23":"purchasable","24":"product-type-simple"},"acf":[],"_links":{"self":[{"href":"https:\/\/www.remap101.co.uk\/pt-br\/wp-json\/wp\/v2\/product\/51261","targetHints":{"allow":["GET"]}}],"collection":[{"href":"https:\/\/www.remap101.co.uk\/pt-br\/wp-json\/wp\/v2\/product"}],"about":[{"href":"https:\/\/www.remap101.co.uk\/pt-br\/wp-json\/wp\/v2\/types\/product"}],"replies":[{"embeddable":true,"href":"https:\/\/www.remap101.co.uk\/pt-br\/wp-json\/wp\/v2\/comments?post=51261"}],"wp:featuredmedia":[{"embeddable":true,"href":"https:\/\/www.remap101.co.uk\/pt-br\/wp-json\/wp\/v2\/media\/56908"}],"wp:attachment":[{"href":"https:\/\/www.remap101.co.uk\/pt-br\/wp-json\/wp\/v2\/media?parent=51261"}],"wp:term":[{"taxonomy":"product_brand","embeddable":true,"href":"https:\/\/www.remap101.co.uk\/pt-br\/wp-json\/wp\/v2\/product_brand?post=51261"},{"taxonomy":"product_cat","embeddable":true,"href":"https:\/\/www.remap101.co.uk\/pt-br\/wp-json\/wp\/v2\/product_cat?post=51261"},{"taxonomy":"product_tag","embeddable":true,"href":"https:\/\/www.remap101.co.uk\/pt-br\/wp-json\/wp\/v2\/product_tag?post=51261"}],"curies":[{"name":"wp","href":"https:\/\/api.w.org\/{rel}","templated":true}]}}